{"id":9009,"date":"2025-07-21T13:51:49","date_gmt":"2025-07-21T13:51:49","guid":{"rendered":"https:\/\/imagebank.staging.mediasignal.dev\/?page_id=9009"},"modified":"2025-09-02T09:45:22","modified_gmt":"2025-09-02T09:45:22","slug":"imagebank-x-nyhetsbrev","status":"publish","type":"page","link":"https:\/\/imagebank.staging.mediasignal.dev\/sv\/imagebank-x-nyhetsbrev\/","title":{"rendered":"ImageBank X nyhetsbrev"},"content":{"rendered":"<div \n    class=\"relative flex flex-col xs:flex-row py-14\">\n        <div\n        class=\"-z-50 pointer-events-none absolute left-1\/2 w-screen -translate-x-1\/2  bg-gradient-to-t from-white to-tetriary -top-14 bottom-0\">\n    <\/div>\n    <div class=\"relative z-10 md:mt-10 lg:mt-20 xs:w-3\/5\">\n                <div class=\"border border-white text-white rounded-full w-fit px-4 py-2 mb-4\">\n            ImageBank X nyhetsbrev\n        <\/div>\n                <h1 class=\"z-10 mb-8 font-extrabold text-4xl sm:text-5xl md:text-7xl xl:text-8xl text-primary\">\n            Bli b\u00e4ttre p\u00e5 hantering av digitala tillg\u00e5ngar \u2013 Rakt in i din inkorg\n        <\/h1>\n                <p class=\"mb-6\">\n            F\u00e5 praktiska tips, verkliga exempel och insikter fr\u00e5n DAM-experter. Vi skickar dig uppdateringar d\u00e5 och d\u00e5 som\n            <span class=\"font-bold text-transparent bg-gradient-to-r from-primary to-secondary bg-clip-text\">\n                hj\u00e4lper dig att h\u00e5lla ordning, spara tid och beh\u00e5lla ett konsekvent varum\u00e4rke.\n            <\/span>\n        <\/p>\n                    <\/div>\n        <div class=\"hidden xs:block relative -z-10 w-2\/5 -my-12\">\n        <img class=\"absolute bottom-0 left-0 -top-8 min-w-full max-w-none h-full object-contain\"\n            srcset=\"https:\/\/imagebank.staging.mediasignal.dev\/wp-content\/uploads\/2025\/03\/Hero-5-245x300.webp 245w, https:\/\/imagebank.staging.mediasignal.dev\/wp-content\/uploads\/2025\/03\/Hero-5-836x1024.webp 836w, https:\/\/imagebank.staging.mediasignal.dev\/wp-content\/uploads\/2025\/03\/Hero-5-768x941.webp 768w, https:\/\/imagebank.staging.mediasignal.dev\/wp-content\/uploads\/2025\/03\/Hero-5.webp 997w\" alt=\"Team collaborate on brand digital assets using ImageBank X DAM software\" \/>\n    <\/div>\n    <div class=\"block xs:hidden\">\n        <img srcset=\"https:\/\/imagebank.staging.mediasignal.dev\/wp-content\/uploads\/2025\/03\/Hero-5-245x300.webp 245w, https:\/\/imagebank.staging.mediasignal.dev\/wp-content\/uploads\/2025\/03\/Hero-5-836x1024.webp 836w, https:\/\/imagebank.staging.mediasignal.dev\/wp-content\/uploads\/2025\/03\/Hero-5-768x941.webp 768w, https:\/\/imagebank.staging.mediasignal.dev\/wp-content\/uploads\/2025\/03\/Hero-5.webp 997w\" alt=\"Team collaborate on brand digital assets using ImageBank X DAM software\" \/>\n    <\/div>\n    <\/div>\n\n<div style=\"height: 4rem;\"><\/div>\n\n\n<section id=\"Section\" class=\"content-wrap \">\n    \n\n<h2 class=\"wp-block-heading has-text-align-center\"><strong>Prenumerera p\u00e5 nyhetsbrevet fr\u00e5n ImageBank X<\/strong><\/h2>\n\n\n<div style=\"height: 4rem;\"><\/div>\n\n\n\n<script src=\"https:\/\/js.hsforms.net\/forms\/embed\/20093147.js\" defer><\/script>\n<div class=\"hs-form-frame\" data-region=\"na1\" data-form-id=\"9aeb572e-f25f-4a04-aa24-cea9a8b5ee23\" data-portal-id=\"20093147\"><\/div>\n\n\n<\/section>\n\n<div style=\"height: 4rem;\"><\/div>\n\n\n<section \n    class=\"relative py-14\">\n            <div class=\"flex gap-6 justify-between flex-col md:flex-row bg-black text-white rounded-xl p-6 md:py-12 md:px-10\">\n        <div>\n            <h3 class=\"font-bold\">F\u00f6r m\u00e5nga kanaler, f\u00f6r lite tid \u2013 Hur hanterar man inneh\u00e5llskaos?<\/h3>\n                        <div class=\"flex\">\n                <span class=\"min-w-5 min-h-5 mr-2 mt-1\">\n                    <svg xmlns=\"http:\/\/www.w3.org\/2000\/svg\" fill=\"none\" viewBox=\"0 0 24 24\" stroke-width=\"1.5\" stroke=\"currentColor\" class=\"size-6\">\n  <path stroke-linecap=\"round\" stroke-linejoin=\"round\" d=\"m4.5 12.75 6 6 9-13.5\" \/>\n<\/svg>\n\n                <\/span>\n                <p class=\"m-0\">Har \u00e4ven er organisation f\u00f6r m\u00e5nga kanaler men f\u00f6r lite tid, och skapar inneh\u00e5llshanteringen flaskhalsar f\u00f6r marknadsf\u00f6ring eller kommunikation? Se v\u00e5r webbinarieinspelning d\u00e4r vi g\u00e5r igenom de vanligaste problemen inom inneh\u00e5llshantering och hur man l\u00f6ser dem.<\/p>\n            <\/div>\n                    <\/div>\n        <a href=\"https:\/\/imagebank.staging.mediasignal.dev\/sv\/delta-i-vart-webbinarium\/\" target=\"\"\n            class=\"flex font-bold self-center h-fit w-fit p-4 rounded-lg bg-gradient-to-r from-primary to-secondary transition ease-in-out hover:scale-105 duration-300\">\n            Ladda ner inspelningen\n        <\/a>\n    <\/div>\n    <\/section>\n\n\n\n<div style=\"height: 4rem;\"><\/div>\n\n\n<section id=\"Section\" class=\"content-wrap \">\n    \n\n<h2 class=\"wp-block-heading has-text-align-center\"><strong>L\u00e4s de senaste experttipsen i v\u00e5r blogg<\/strong><\/h2>\n\n\n\n<p class=\"has-text-align-center\">Fr\u00e5n smarta arbetsfl\u00f6den till varum\u00e4rkeskonsistens \u2013 v\u00e5r blogg \u00e4r full av praktiska r\u00e5d f\u00f6r moderna team.<\/p>\n\n\n<\/section>\n\n<div style=\"height: 4rem;\"><\/div>\n\n\n\n<section class=\"relative\" >\n        <div\n        class=\"-z-50 pointer-events-none absolute left-1\/2 w-screen -translate-x-1\/2 bg-gradient-to-b from-white to-tetriary top-0 bottom-0\">\n    <\/div>\n    <div class=\"flex flex-wrap gap-4 pt-12 pb-20\">\n        \n        <div class=\"flex-1 min-w-64 transition ease-in-out hover:scale-102 duration-300\">\n            <a href=\"https:\/\/imagebank.staging.mediasignal.dev\/sv\/blogg\/hur-man-utnyttjar-artificiell-intelligens-ai-i-mediabank\/\" aria-label=\"Hur man utnyttjar artificiell intelligens (AI) i mediabank\">\n                <img decoding=\"async\" class=\"h-60 w-full object-cover\" src=\"https:\/\/imagebank.staging.mediasignal.dev\/wp-content\/uploads\/2025\/05\/pexels-divinetechygirl-1181248-scaled.jpg\"\n                    alt=\"\" \/>\n                <div class=\"bg-white p-8 rounded-b-xl text-center\">\n                    <p class=\"text-black text-lg font-bold mb-12\">Hur man utnyttjar artificiell intelligens (AI) i mediabank<\/p>\n                    <p class=\"text-lg underline mb-0\">L\u00e4s mer<\/p>\n                <\/div>\n            <\/a>\n        <\/div>\n        \n        <div class=\"flex-1 min-w-64 transition ease-in-out hover:scale-102 duration-300\">\n            <a href=\"https:\/\/imagebank.staging.mediasignal.dev\/sv\/blogg\/2025-ars-viktigaste-trender-inom-digital-asset-management-dam\/\" aria-label=\"2025 \u00e5rs viktigaste trender inom Digital Asset Management (DAM)\">\n                <img decoding=\"async\" class=\"h-60 w-full object-cover\" src=\"https:\/\/imagebank.staging.mediasignal.dev\/wp-content\/uploads\/2025\/03\/2025-DAM-trends.webp\"\n                    alt=\"\" \/>\n                <div class=\"bg-white p-8 rounded-b-xl text-center\">\n                    <p class=\"text-black text-lg font-bold mb-12\">2025 \u00e5rs viktigaste trender inom Digital Asset Management (DAM)<\/p>\n                    <p class=\"text-lg underline mb-0\">L\u00e4s mer<\/p>\n                <\/div>\n            <\/a>\n        <\/div>\n        \n        <div class=\"flex-1 min-w-64 transition ease-in-out hover:scale-102 duration-300\">\n            <a href=\"https:\/\/imagebank.staging.mediasignal.dev\/sv\/blogg\/smidig-videohantering-med-imagebank-x-dam\/\" aria-label=\"Smidig videohantering med ImageBank X DAM\">\n                <img decoding=\"async\" class=\"h-60 w-full object-cover\" src=\"https:\/\/imagebank.staging.mediasignal.dev\/wp-content\/uploads\/2025\/04\/videoeditor-dam-e1743775598805.avif\"\n                    alt=\"\" \/>\n                <div class=\"bg-white p-8 rounded-b-xl text-center\">\n                    <p class=\"text-black text-lg font-bold mb-12\">Smidig videohantering med ImageBank X DAM<\/p>\n                    <p class=\"text-lg underline mb-0\">L\u00e4s mer<\/p>\n                <\/div>\n            <\/a>\n        <\/div>\n        \n        <div class=\"flex-1 min-w-64 transition ease-in-out hover:scale-102 duration-300\">\n            <a href=\"https:\/\/imagebank.staging.mediasignal.dev\/sv\/blogg\/en-snabbguide-till-mediabank-vad-mediabank-gor-och-varfor-du-behover-ett\/\" aria-label=\"En snabbguide till mediabank (DAM) - Vad mediabank g\u00f6r och varf\u00f6r du beh\u00f6ver ett\">\n                <img decoding=\"async\" class=\"h-60 w-full object-cover\" src=\"https:\/\/imagebank.staging.mediasignal.dev\/wp-content\/uploads\/2025\/03\/what-is-dam-system-and-why-you-need-one.webp\"\n                    alt=\"\" \/>\n                <div class=\"bg-white p-8 rounded-b-xl text-center\">\n                    <p class=\"text-black text-lg font-bold mb-12\">En snabbguide till mediabank (DAM) &#8211; Vad mediabank g\u00f6r och varf\u00f6r du beh\u00f6ver ett<\/p>\n                    <p class=\"text-lg underline mb-0\">L\u00e4s mer<\/p>\n                <\/div>\n            <\/a>\n        <\/div>\n            <\/div>\n<\/section>\n\n<div style=\"height: 4rem;\"><\/div>\n\n\n\n<p><\/p>\n","protected":false},"excerpt":{"rendered":"","protected":false},"author":1,"featured_media":6091,"parent":0,"menu_order":0,"comment_status":"closed","ping_status":"closed","template":"","meta":{"_acf_changed":false,"_improvement_type_select":"improve_an_existing","_thumb_yes_seoaic":false,"_frame_yes_seoaic":false,"seoaic_generate_description":"","seoaic_improve_instructions_prompt":"","seoaic_rollback_content_improvement":"","seoaic_idea_thumbnail_generator":"","thumbnail_generated":false,"thumbnail_generate_prompt":"","seoaic_article_description":"","footnotes":""},"class_list":["post-9009","page","type-page","status-publish","has-post-thumbnail","hentry"],"acf":[],"yoast_head":"<!-- This site is optimized with the Yoast SEO plugin v25.2 - https:\/\/yoast.com\/wordpress\/plugins\/seo\/ -->\n<title>Prenumerera p\u00e5 nyhetsbrev I Bli b\u00e4ttre p\u00e5 hantering av digitala tillg\u00e5ngar<\/title>\n<meta name=\"description\" content=\"Prenumerera p\u00e5 nyhetsbrev och F\u00e5 praktiska tips, verkliga exempel och insikter fr\u00e5n DAM-experter. Vi skickar dig uppdateringar d\u00e5.\" \/>\n<meta name=\"robots\" content=\"index, follow, max-snippet:-1, max-image-preview:large, max-video-preview:-1\" \/>\n<link rel=\"canonical\" href=\"https:\/\/imagebank.staging.mediasignal.dev\/sv\/imagebank-x-nyhetsbrev\/\" \/>\n<meta property=\"og:locale\" content=\"sv_SE\" \/>\n<meta property=\"og:type\" content=\"article\" \/>\n<meta property=\"og:title\" content=\"Prenumerera p\u00e5 nyhetsbrev I Bli b\u00e4ttre p\u00e5 hantering av digitala tillg\u00e5ngar\" \/>\n<meta property=\"og:description\" content=\"Prenumerera p\u00e5 nyhetsbrev och F\u00e5 praktiska tips, verkliga exempel och insikter fr\u00e5n DAM-experter. Vi skickar dig uppdateringar d\u00e5.\" \/>\n<meta property=\"og:url\" content=\"https:\/\/imagebank.staging.mediasignal.dev\/sv\/imagebank-x-nyhetsbrev\/\" \/>\n<meta property=\"og:site_name\" content=\"ImageBank X DAM\" \/>\n<meta property=\"article:modified_time\" content=\"2025-09-02T09:45:22+00:00\" \/>\n<meta property=\"og:image\" content=\"https:\/\/imagebank.staging.mediasignal.dev\/app\/uploads\/2025\/03\/Why-is-it-important-to-use-metadata-in-ImageBank.webp\" \/>\n\t<meta property=\"og:image:width\" content=\"2000\" \/>\n\t<meta property=\"og:image:height\" content=\"1125\" \/>\n\t<meta property=\"og:image:type\" content=\"image\/webp\" \/>\n<meta name=\"twitter:card\" content=\"summary_large_image\" \/>\n<meta name=\"twitter:label1\" content=\"Est. reading time\" \/>\n\t<meta name=\"twitter:data1\" content=\"1 minute\" \/>\n<script type=\"application\/ld+json\" class=\"yoast-schema-graph\">{\"@context\":\"https:\/\/schema.org\",\"@graph\":[{\"@type\":\"WebPage\",\"@id\":\"https:\/\/imagebank.staging.mediasignal.dev\/sv\/imagebank-x-nyhetsbrev\/\",\"url\":\"https:\/\/imagebank.staging.mediasignal.dev\/sv\/imagebank-x-nyhetsbrev\/\",\"name\":\"Prenumerera p\u00e5 nyhetsbrev I Bli b\u00e4ttre p\u00e5 hantering av digitala tillg\u00e5ngar\",\"isPartOf\":{\"@id\":\"https:\/\/imagebank.staging.mediasignal.dev\/sv\/#website\"},\"primaryImageOfPage\":{\"@id\":\"https:\/\/imagebank.staging.mediasignal.dev\/sv\/imagebank-x-nyhetsbrev\/#primaryimage\"},\"image\":{\"@id\":\"https:\/\/imagebank.staging.mediasignal.dev\/sv\/imagebank-x-nyhetsbrev\/#primaryimage\"},\"thumbnailUrl\":\"https:\/\/imagebank.staging.mediasignal.dev\/wp-content\/uploads\/2025\/03\/Why-is-it-important-to-use-metadata-in-ImageBank.webp\",\"datePublished\":\"2025-07-21T13:51:49+00:00\",\"dateModified\":\"2025-09-02T09:45:22+00:00\",\"description\":\"Prenumerera p\u00e5 nyhetsbrev och F\u00e5 praktiska tips, verkliga exempel och insikter fr\u00e5n DAM-experter. Vi skickar dig uppdateringar d\u00e5.\",\"breadcrumb\":{\"@id\":\"https:\/\/imagebank.staging.mediasignal.dev\/sv\/imagebank-x-nyhetsbrev\/#breadcrumb\"},\"inLanguage\":\"sv-SE\",\"potentialAction\":[{\"@type\":\"ReadAction\",\"target\":[\"https:\/\/imagebank.staging.mediasignal.dev\/sv\/imagebank-x-nyhetsbrev\/\"]}]},{\"@type\":\"ImageObject\",\"inLanguage\":\"sv-SE\",\"@id\":\"https:\/\/imagebank.staging.mediasignal.dev\/sv\/imagebank-x-nyhetsbrev\/#primaryimage\",\"url\":\"https:\/\/imagebank.staging.mediasignal.dev\/wp-content\/uploads\/2025\/03\/Why-is-it-important-to-use-metadata-in-ImageBank.webp\",\"contentUrl\":\"https:\/\/imagebank.staging.mediasignal.dev\/wp-content\/uploads\/2025\/03\/Why-is-it-important-to-use-metadata-in-ImageBank.webp\",\"width\":2000,\"height\":1125},{\"@type\":\"BreadcrumbList\",\"@id\":\"https:\/\/imagebank.staging.mediasignal.dev\/sv\/imagebank-x-nyhetsbrev\/#breadcrumb\",\"itemListElement\":[{\"@type\":\"ListItem\",\"position\":1,\"name\":\"Home\",\"item\":\"https:\/\/imagebank.staging.mediasignal.dev\/sv\/\"},{\"@type\":\"ListItem\",\"position\":2,\"name\":\"ImageBank X nyhetsbrev\"}]},{\"@type\":\"WebSite\",\"@id\":\"https:\/\/imagebank.staging.mediasignal.dev\/sv\/#website\",\"url\":\"https:\/\/imagebank.staging.mediasignal.dev\/sv\/\",\"name\":\"ImageBank X\",\"description\":\"\",\"publisher\":{\"@id\":\"https:\/\/imagebank.staging.mediasignal.dev\/sv\/#organization\"},\"potentialAction\":[{\"@type\":\"SearchAction\",\"target\":{\"@type\":\"EntryPoint\",\"urlTemplate\":\"https:\/\/imagebank.staging.mediasignal.dev\/sv\/?s={search_term_string}\"},\"query-input\":{\"@type\":\"PropertyValueSpecification\",\"valueRequired\":true,\"valueName\":\"search_term_string\"}}],\"inLanguage\":\"sv-SE\"},{\"@type\":\"Organization\",\"@id\":\"https:\/\/imagebank.staging.mediasignal.dev\/sv\/#organization\",\"name\":\"ImageBank X\",\"url\":\"https:\/\/imagebank.staging.mediasignal.dev\/sv\/\",\"logo\":{\"@type\":\"ImageObject\",\"inLanguage\":\"sv-SE\",\"@id\":\"https:\/\/imagebank.staging.mediasignal.dev\/sv\/#\/schema\/logo\/image\/\",\"url\":\"https:\/\/imagebank.staging.mediasignal.dev\/app\/uploads\/2025\/03\/cropped-favicon.png\",\"contentUrl\":\"https:\/\/imagebank.staging.mediasignal.dev\/app\/uploads\/2025\/03\/cropped-favicon.png\",\"width\":512,\"height\":512,\"caption\":\"ImageBank X\"},\"image\":{\"@id\":\"https:\/\/imagebank.staging.mediasignal.dev\/sv\/#\/schema\/logo\/image\/\"},\"sameAs\":[\"https:\/\/linkedin.com\/imagebank-independent\"]}]}<\/script>\n<!-- \/ Yoast SEO plugin. -->","yoast_head_json":{"title":"Prenumerera p\u00e5 nyhetsbrev I Bli b\u00e4ttre p\u00e5 hantering av digitala tillg\u00e5ngar","description":"Prenumerera p\u00e5 nyhetsbrev och F\u00e5 praktiska tips, verkliga exempel och insikter fr\u00e5n DAM-experter. Vi skickar dig uppdateringar d\u00e5.","robots":{"index":"index","follow":"follow","max-snippet":"max-snippet:-1","max-image-preview":"max-image-preview:large","max-video-preview":"max-video-preview:-1"},"canonical":"https:\/\/imagebank.staging.mediasignal.dev\/sv\/imagebank-x-nyhetsbrev\/","og_locale":"sv_SE","og_type":"article","og_title":"Prenumerera p\u00e5 nyhetsbrev I Bli b\u00e4ttre p\u00e5 hantering av digitala tillg\u00e5ngar","og_description":"Prenumerera p\u00e5 nyhetsbrev och F\u00e5 praktiska tips, verkliga exempel och insikter fr\u00e5n DAM-experter. Vi skickar dig uppdateringar d\u00e5.","og_url":"https:\/\/imagebank.staging.mediasignal.dev\/sv\/imagebank-x-nyhetsbrev\/","og_site_name":"ImageBank X DAM","article_modified_time":"2025-09-02T09:45:22+00:00","og_image":[{"width":2000,"height":1125,"url":"https:\/\/imagebank.staging.mediasignal.dev\/app\/uploads\/2025\/03\/Why-is-it-important-to-use-metadata-in-ImageBank.webp","type":"image\/webp"}],"twitter_card":"summary_large_image","twitter_misc":{"Est. reading time":"1 minute"},"schema":{"@context":"https:\/\/schema.org","@graph":[{"@type":"WebPage","@id":"https:\/\/imagebank.staging.mediasignal.dev\/sv\/imagebank-x-nyhetsbrev\/","url":"https:\/\/imagebank.staging.mediasignal.dev\/sv\/imagebank-x-nyhetsbrev\/","name":"Prenumerera p\u00e5 nyhetsbrev I Bli b\u00e4ttre p\u00e5 hantering av digitala tillg\u00e5ngar","isPartOf":{"@id":"https:\/\/imagebank.staging.mediasignal.dev\/sv\/#website"},"primaryImageOfPage":{"@id":"https:\/\/imagebank.staging.mediasignal.dev\/sv\/imagebank-x-nyhetsbrev\/#primaryimage"},"image":{"@id":"https:\/\/imagebank.staging.mediasignal.dev\/sv\/imagebank-x-nyhetsbrev\/#primaryimage"},"thumbnailUrl":"https:\/\/imagebank.staging.mediasignal.dev\/wp-content\/uploads\/2025\/03\/Why-is-it-important-to-use-metadata-in-ImageBank.webp","datePublished":"2025-07-21T13:51:49+00:00","dateModified":"2025-09-02T09:45:22+00:00","description":"Prenumerera p\u00e5 nyhetsbrev och F\u00e5 praktiska tips, verkliga exempel och insikter fr\u00e5n DAM-experter. Vi skickar dig uppdateringar d\u00e5.","breadcrumb":{"@id":"https:\/\/imagebank.staging.mediasignal.dev\/sv\/imagebank-x-nyhetsbrev\/#breadcrumb"},"inLanguage":"sv-SE","potentialAction":[{"@type":"ReadAction","target":["https:\/\/imagebank.staging.mediasignal.dev\/sv\/imagebank-x-nyhetsbrev\/"]}]},{"@type":"ImageObject","inLanguage":"sv-SE","@id":"https:\/\/imagebank.staging.mediasignal.dev\/sv\/imagebank-x-nyhetsbrev\/#primaryimage","url":"https:\/\/imagebank.staging.mediasignal.dev\/wp-content\/uploads\/2025\/03\/Why-is-it-important-to-use-metadata-in-ImageBank.webp","contentUrl":"https:\/\/imagebank.staging.mediasignal.dev\/wp-content\/uploads\/2025\/03\/Why-is-it-important-to-use-metadata-in-ImageBank.webp","width":2000,"height":1125},{"@type":"BreadcrumbList","@id":"https:\/\/imagebank.staging.mediasignal.dev\/sv\/imagebank-x-nyhetsbrev\/#breadcrumb","itemListElement":[{"@type":"ListItem","position":1,"name":"Home","item":"https:\/\/imagebank.staging.mediasignal.dev\/sv\/"},{"@type":"ListItem","position":2,"name":"ImageBank X nyhetsbrev"}]},{"@type":"WebSite","@id":"https:\/\/imagebank.staging.mediasignal.dev\/sv\/#website","url":"https:\/\/imagebank.staging.mediasignal.dev\/sv\/","name":"ImageBank X","description":"","publisher":{"@id":"https:\/\/imagebank.staging.mediasignal.dev\/sv\/#organization"},"potentialAction":[{"@type":"SearchAction","target":{"@type":"EntryPoint","urlTemplate":"https:\/\/imagebank.staging.mediasignal.dev\/sv\/?s={search_term_string}"},"query-input":{"@type":"PropertyValueSpecification","valueRequired":true,"valueName":"search_term_string"}}],"inLanguage":"sv-SE"},{"@type":"Organization","@id":"https:\/\/imagebank.staging.mediasignal.dev\/sv\/#organization","name":"ImageBank X","url":"https:\/\/imagebank.staging.mediasignal.dev\/sv\/","logo":{"@type":"ImageObject","inLanguage":"sv-SE","@id":"https:\/\/imagebank.staging.mediasignal.dev\/sv\/#\/schema\/logo\/image\/","url":"https:\/\/imagebank.staging.mediasignal.dev\/app\/uploads\/2025\/03\/cropped-favicon.png","contentUrl":"https:\/\/imagebank.staging.mediasignal.dev\/app\/uploads\/2025\/03\/cropped-favicon.png","width":512,"height":512,"caption":"ImageBank X"},"image":{"@id":"https:\/\/imagebank.staging.mediasignal.dev\/sv\/#\/schema\/logo\/image\/"},"sameAs":["https:\/\/linkedin.com\/imagebank-independent"]}]}},"_links":{"self":[{"href":"https:\/\/imagebank.staging.mediasignal.dev\/sv\/wp-json\/wp\/v2\/pages\/9009","targetHints":{"allow":["GET"]}}],"collection":[{"href":"https:\/\/imagebank.staging.mediasignal.dev\/sv\/wp-json\/wp\/v2\/pages"}],"about":[{"href":"https:\/\/imagebank.staging.mediasignal.dev\/sv\/wp-json\/wp\/v2\/types\/page"}],"author":[{"embeddable":true,"href":"https:\/\/imagebank.staging.mediasignal.dev\/sv\/wp-json\/wp\/v2\/users\/1"}],"replies":[{"embeddable":true,"href":"https:\/\/imagebank.staging.mediasignal.dev\/sv\/wp-json\/wp\/v2\/comments?post=9009"}],"version-history":[{"count":3,"href":"https:\/\/imagebank.staging.mediasignal.dev\/sv\/wp-json\/wp\/v2\/pages\/9009\/revisions"}],"predecessor-version":[{"id":9519,"href":"https:\/\/imagebank.staging.mediasignal.dev\/sv\/wp-json\/wp\/v2\/pages\/9009\/revisions\/9519"}],"wp:featuredmedia":[{"embeddable":true,"href":"https:\/\/imagebank.staging.mediasignal.dev\/sv\/wp-json\/wp\/v2\/media\/6091"}],"wp:attachment":[{"href":"https:\/\/imagebank.staging.mediasignal.dev\/sv\/wp-json\/wp\/v2\/media?parent=9009"}],"curies":[{"name":"wp","href":"https:\/\/api.w.org\/{rel}","templated":true}]}}