{"id":6185,"date":"2025-03-06T12:58:56","date_gmt":"2025-03-06T12:58:56","guid":{"rendered":"https:\/\/imagebank.staging.mediasignal.dev\/get-a-quote\/"},"modified":"2025-05-16T12:49:55","modified_gmt":"2025-05-16T12:49:55","slug":"be-om-offert","status":"publish","type":"page","link":"https:\/\/imagebank.staging.mediasignal.dev\/sv\/be-om-offert\/","title":{"rendered":"Be om offert"},"content":{"rendered":"<div \n    class=\"relative flex flex-col md:flex-row gap-12 py-14\">\n        <div\n        class=\"-z-50 pointer-events-none absolute left-1\/2 w-screen -translate-x-1\/2  bg-gradient-to-t from-white to-tetriary -top-14 bottom-0\">\n    <\/div>\n    <div class=\"relative z-10 md:mt-10 lg:mt-20 md:w-3\/5\">\n                <h1 class=\"z-10 mb-8 font-extrabold text-4xl sm:text-5xl md:text-7xl xl:text-8xl text-primary\">\n            Be om offert\n        <\/h1>\n                <p class=\"mb-6\">\n            Ange din e-postadress s\u00e5 skickar vi dig en mer exakt offert. Du f\u00e5r \u00e4ven ett demokonto som l\u00e5ter dig testa tj\u00e4nsten i din egen takt.\n            <span class=\"font-bold text-transparent bg-gradient-to-r from-primary to-secondary bg-clip-text\">\n                \n            <\/span>\n        <\/p>\n                    <\/div>\n        <div class=\"hidden md:block relative w-2\/5 content-center\">\n        \n    <\/div>\n    <div class=\"block md:hidden\">\n        \n    <\/div>\n    <\/div>\n\n<div style=\"height: 4rem;\"><\/div>\n\n\n<section id=\"Section\" class=\"content-wrap \">\n    \n\n<script charset=\"utf-8\" type=\"text\/javascript\" src=\"\/\/js.hsforms.net\/forms\/embed\/v2.js\"><\/script>\n<script>\n  hbspt.forms.create({\n    portalId: \"20093147\",\n    formId: \"d65b18a4-332b-4369-aac2-cb9fe61e4712\",\n    region: \"na1\"\n  });\n<\/script>\n\n\n<\/section>\n\n<div style=\"height: 4rem;\"><\/div>\n\n\n\n<h2 class=\"wp-block-heading has-text-align-center\"><strong>Vad s\u00e4ger v\u00e5ra kunder om ImageBank X?<\/strong><\/h2>\n\n\n\n<section class=\"py-12\" >\n    <div class=\"relative swiper h-fit\">\n        <div\n            class=\"absolute pointer-events-none z-10 inset-0 bg-gradient-to-r from-white via-transparent to-white opacity-80 opacity\">\n        <\/div>\n        <div class=\"swiper-wrapper !h-[unset]\">\n                        <div class=\"swiper-slide !flex justify-center\">\n                                <a class=\"block w-fit\" href=\"https:\/\/imagebank.staging.mediasignal.dev\/sv\/referenser\/levi-hotel-spa\/\"\n                    aria-label=\"L\u00e4s mer om referens Levi Hotel Spa &#8211; perfekt plats f\u00f6r att varva ner och ladda batterierna, med en lyxig spaupplevelse och sp\u00e4nnande aktiviteter i Lapplands fantastiska omgivningar\">\n                    <img decoding=\"async\" class=\"h-10 w-full max-w-52 object-contain\" src=\"https:\/\/imagebank.staging.mediasignal.dev\/wp-content\/uploads\/2025\/03\/Logo-Levi-Hotel-Spa.webp\"\n                        alt=\"Logo-Levi-Hotel-Spa\" \/>\n                <\/a>\n                            <\/div>\n                        <div class=\"swiper-slide !flex justify-center\">\n                                <a class=\"block w-fit\" href=\"https:\/\/imagebank.staging.mediasignal.dev\/sv\/referenser\/katepal\/\"\n                    aria-label=\"L\u00e4s mer om referens Katepal &#8211; tillverkare av bitumin\u00f6sa takmaterial och bitumenprodukter\">\n                    <img decoding=\"async\" class=\"h-10 w-full max-w-52 object-contain\" src=\"https:\/\/imagebank.staging.mediasignal.dev\/wp-content\/uploads\/2025\/03\/Logo-Katepal.webp\"\n                        alt=\"Logo-Katepal\" \/>\n                <\/a>\n                            <\/div>\n                        <div class=\"swiper-slide !flex justify-center\">\n                                <a class=\"block w-fit\" href=\"https:\/\/imagebank.staging.mediasignal.dev\/sv\/referenser\/molok\/\"\n                    aria-label=\"L\u00e4s mer om referens Molok djup insamling av avfall\">\n                    <img decoding=\"async\" class=\"h-10 w-full max-w-52 object-contain\" src=\"https:\/\/imagebank.staging.mediasignal.dev\/wp-content\/uploads\/2025\/03\/Logo-Molok.webp\"\n                        alt=\"\" \/>\n                <\/a>\n                            <\/div>\n                        <div class=\"swiper-slide !flex justify-center\">\n                                <a class=\"block w-fit\" href=\"https:\/\/imagebank.staging.mediasignal.dev\/sv\/referenser\/oras\/\"\n                    aria-label=\"L\u00e4s mer om referens Oras &#8211; h\u00f6gkvalitativa och innovativa sanitetsarmaturer f\u00f6r b\u00e5de privat och offentlig anv\u00e4ndning\">\n                    <img decoding=\"async\" class=\"h-10 w-full max-w-52 object-contain\" src=\"https:\/\/imagebank.staging.mediasignal.dev\/wp-content\/uploads\/2025\/03\/Logo-Oras.webp\"\n                        alt=\"\" \/>\n                <\/a>\n                            <\/div>\n                        <div class=\"swiper-slide !flex justify-center\">\n                                <a class=\"block w-fit\" href=\"https:\/\/imagebank.staging.mediasignal.dev\/sv\/referenser\/nilorn\/\"\n                    aria-label=\"L\u00e4s mer om referens Nil\u00f6rn &#8211; ett unikt globalt f\u00f6retag med expertis inom att skapa merv\u00e4rde f\u00f6r varum\u00e4rken inom etiketter, f\u00f6rpackningar och tillbeh\u00f6r.\">\n                    <img decoding=\"async\" class=\"h-10 w-full max-w-52 object-contain\" src=\"https:\/\/imagebank.staging.mediasignal.dev\/wp-content\/uploads\/2025\/03\/Logo_Nilorn.webp\"\n                        alt=\"Logo_Nilorn\" \/>\n                <\/a>\n                            <\/div>\n                        <div class=\"swiper-slide !flex justify-center\">\n                                <a class=\"block w-fit\" href=\"https:\/\/imagebank.staging.mediasignal.dev\/sv\/referenser\/helvar\/\"\n                    aria-label=\"L\u00e4s mer om referens Helvar skapar innovativa energibesparande belysningsl\u00f6sningar och datadriven intelligens\">\n                    <img decoding=\"async\" class=\"h-10 w-full max-w-52 object-contain\" src=\"https:\/\/imagebank.staging.mediasignal.dev\/wp-content\/uploads\/2025\/02\/Helvar-logo-1.webp\"\n                        alt=\"Helvar-logo\" \/>\n                <\/a>\n                            <\/div>\n                        <div class=\"swiper-slide !flex justify-center\">\n                                <a class=\"block w-fit\" href=\"https:\/\/imagebank.staging.mediasignal.dev\/sv\/referenser\/vitamin-well\/\"\n                    aria-label=\"L\u00e4s mer om referens Vitamin Well erbjuder ett sortiment av vitaminberikade drycker och proteinprodukter p\u00e5 mer \u00e4n 40 marknader\">\n                    <img decoding=\"async\" class=\"h-10 w-full max-w-52 object-contain\" src=\"https:\/\/imagebank.staging.mediasignal.dev\/wp-content\/uploads\/2025\/03\/VitaminWell-logo-2.webp\"\n                        alt=\"VitaminWell-logo-2\" \/>\n                <\/a>\n                            <\/div>\n                        <div class=\"swiper-slide !flex justify-center\">\n                                <a class=\"block w-fit\" href=\"https:\/\/imagebank.staging.mediasignal.dev\/sv\/referenser\/suunto\/\"\n                    aria-label=\"L\u00e4s mer om referens Suunto &#8211; design och innovation i framkant f\u00f6r sportklockor, dykdatorer och instrument\">\n                    <img decoding=\"async\" class=\"h-10 w-full max-w-52 object-contain\" src=\"https:\/\/imagebank.staging.mediasignal.dev\/wp-content\/uploads\/2025\/02\/Suunto-Logo.webp\"\n                        alt=\"Suunto-Logo\" \/>\n                <\/a>\n                            <\/div>\n                    <\/div>\n    <\/div>\n<\/section>\n\n\n<section >\n    <div class=\"grid grid-cols-1 sm:grid-cols-2 lg:grid-cols-3 py-12 gap-4 sm:gap-6 xl:gap-10\">\n                <div\n            class=\"flex flex-col justify-between px-4 py-6 sm:px-8 sm:py-10 rounded-xl shadow-lg shadow-gray border border-gray transition ease-in-out hover:scale-102 duration-300\">\n            <p class=\"text-sm\">\n                &#8220;Den st\u00f6rsta utmaningen med det gamla systemet var det f\u00f6r\u00e5ldrade och klumpiga gr\u00e4nssnittet, samt kundsupporten. Nu, med implementeringen av ImageBank X, \u00e4r anv\u00e4ndarupplevelsen verkligen smidig. Den webbl\u00e4sarbaserade hanteringen \u00e4r flexibel och enkel. Kundtj\u00e4nsten \u00e4r utm\u00e4rkt: supportf\u00f6rfr\u00e5gningar besvaras snabbt, problem l\u00f6ses och \u00e4ven under onboardingfasen var samarbetet s\u00e4rskilt smidigt och enkelt!&#8221;\n            <\/p>\n            <div class=\"flex flex-col lg:flex-row lg:items-center gap-4 mt-6\">\n                <img decoding=\"async\" class=\"h-6 max-w-32 w-fit object-contain\" src=\"https:\/\/imagebank.staging.mediasignal.dev\/wp-content\/uploads\/2025\/02\/Helvar-logo-1.webp\"\n                    alt=\"Helvar-logo\" \/>\n                <div>\n                    <p class=\"text-xs m-0\">Toni Ajo<\/p>\n                    <p class=\"text-xs m-0\">Teknisk produkt- och marknadschef<\/p>\n                <\/div>\n            <\/div>\n        <\/div>\n                <div\n            class=\"flex flex-col justify-between px-4 py-6 sm:px-8 sm:py-10 rounded-xl shadow-lg shadow-gray border border-gray transition ease-in-out hover:scale-102 duration-300\">\n            <p class=\"text-sm\">\n                \u201dImageBank X har visat sig vara ett mycket effektivt och anv\u00e4ndarv\u00e4nligt verktyg f\u00f6r marknadsf\u00f6ringsst\u00f6d. Plattformens tydliga och enkla struktur g\u00f6r det enkelt och smidigt att hantera och dela bilder, till exempel med \u00e5terf\u00f6rs\u00e4ljare. De tre spr\u00e5kalternativen \u00e4r en stor f\u00f6rdel f\u00f6r oss, eftersom vi har kunder \u00f6ver hela v\u00e4rlden. Vi uppskattar hur enkelt det \u00e4r f\u00f6r anv\u00e4ndarna att hitta det material de beh\u00f6ver, vilket sparar tid och effektiviserar v\u00e5rt dagliga arbete p\u00e5 Kesla och hos v\u00e5ra kunder.\u201d\n            <\/p>\n            <div class=\"flex flex-col lg:flex-row lg:items-center gap-4 mt-6\">\n                <img decoding=\"async\" class=\"h-6 max-w-32 w-fit object-contain\" src=\"https:\/\/imagebank.staging.mediasignal.dev\/wp-content\/uploads\/2025\/03\/Logo-Kesla.webp\"\n                    alt=\"Logo-Kesla\" \/>\n                <div>\n                    <p class=\"text-xs m-0\">Aleksandra Ihno<\/p>\n                    <p class=\"text-xs m-0\">Marknadsf\u00f6ringsspecialist<\/p>\n                <\/div>\n            <\/div>\n        <\/div>\n                <div\n            class=\"flex flex-col justify-between px-4 py-6 sm:px-8 sm:py-10 rounded-xl shadow-lg shadow-gray border border-gray transition ease-in-out hover:scale-102 duration-300\">\n            <p class=\"text-sm\">\n                \u201dKultakeskus har flera varum\u00e4rken vars bilder, videor och annat material m\u00e5ste hanteras och distribueras till olika intressenter. Imagebank \u00e4r ett viktigt verktyg f\u00f6r oss, genom vilket vi delar marknadsf\u00f6ringsmaterial som str\u00e4cker sig fr\u00e5n enskilda smyckesbilder till reklamfilmer f\u00f6r internationella klockm\u00e4rken. ImageBank X har visat sig vara ett l\u00e4mpligt, l\u00e4ttanv\u00e4nt och modernt verktyg f\u00f6r v\u00e5ra behov, och vi anv\u00e4nder det dagligen i v\u00e5r marknadsf\u00f6ring. Ett stort plus f\u00f6r att det \u00e4r en finsk produkt!\u201d\n            <\/p>\n            <div class=\"flex flex-col lg:flex-row lg:items-center gap-4 mt-6\">\n                <img decoding=\"async\" class=\"h-6 max-w-32 w-fit object-contain\" src=\"https:\/\/imagebank.staging.mediasignal.dev\/wp-content\/uploads\/2025\/03\/Logo-Kultakeskus.webp\"\n                    alt=\"Logo-Kultakeskus\" \/>\n                <div>\n                    <p class=\"text-xs m-0\">Riikka Eerola<\/p>\n                    <p class=\"text-xs m-0\">Marknadsf\u00f6ringskoordinator<\/p>\n                <\/div>\n            <\/div>\n        <\/div>\n            <\/div>\n<\/section>\n\n\n<div style=\"height: 4rem;\"><\/div>\n\n\n\n<h2 class=\"wp-block-heading has-text-align-center\"><strong>ImageBank X &#8211; Din allt-i-ett DAM-l\u00f6sning<\/strong><\/h2>\n\n\n\n<p class=\"has-text-align-center\">ImageBank X \u00e4r en modern DAM-l\u00f6sning (Digital Asset Management) som hj\u00e4lper organisationer att lagra, hantera och dela sina filer &#8211; allt fr\u00e5n en s\u00e4ker och l\u00e4ttanv\u00e4nd plattform. Titta p\u00e5 videon f\u00f6r att se hur ImageBank X effektiviserar arbetsfl\u00f6dena f\u00f6r marknadsf\u00f6ring och kommunikation, \u00f6kar varum\u00e4rkeskonsistensen och sparar v\u00e4rdefull tid f\u00f6r team av alla storlekar. <\/p>\n\n\n\n<p class=\"has-text-align-center\"><a href=\"https:\/\/imagebank.staging.mediasignal.dev\/sv\/mediabank\/overview-of-imagebank-x-dam\/\">Uppt\u00e4ck mer!<\/a><\/p>\n\n\n\n<div style=\"position: relative; overflow: hidden; padding-top: 56.25%;\"><iframe src=\"https:\/\/share.synthesia.io\/embeds\/videos\/6a995e74-0638-445b-a9a4-50ca3bff6bd7\" loading=\"lazy\" title=\"Synthesia videospelare - ImageBank X Demo 2025\" allowfullscreen=\"\" allow=\"encrypted-media; fullscreen;\" style=\"position: absolute; width: 100%; height: 100%; top: 0; left: 0; border: none; padding: 0; margin: 0; overflow:hidden;\"><\/iframe><\/div>\n\n\n<div style=\"height: 4rem;\"><\/div>\n\n\n<section \n    class=\"relative pt-20 md:pt-32 pb-12 md:pb-20\">\n            <div\n        class=\"-z-50 pointer-events-none absolute left-1\/2 w-screen -translate-x-1\/2 bg-gradient-to-b from-white to-tetriary top-0 bottom-0\">\n    <\/div>\n            <div class=\"content-wrap\">\n        <h2 class=\"h1 font-bold text-center\">Kontakta oss!<\/h2>\n        <p class=\"text-center md:text-xl\">Om du \u00e4r redo att ta din digitala tillg\u00e5ngshantering till n\u00e4sta niv\u00e5, finns v\u00e5rt team h\u00e4r f\u00f6r att hj\u00e4lpa dig.<\/p>\n        <a href=\"https:\/\/imagebank.staging.mediasignal.dev\/sv\/kontakta-oss\/\" target=\"\"\n            class=\"flex text-white font-bold h-fit w-fit p-4 rounded-lg bg-gradient-to-r from-primary to-secondary transition ease-in-out hover:scale-105 duration-300 mx-auto\">\n            Kontakta oss\n        <\/a>\n        <img decoding=\"async\" class=\"hidden md:block absolute max-w-96 top-0 -left-60 bottom-0 max-h-full\"\n            src=\"\/wp-content\/themes\/imagebank\/assets\/images\/muoto.webp\" alt=\"Purple twisting shape\" \/>\n    <\/div>\n    <\/section>\n\n","protected":false},"excerpt":{"rendered":"<p>Vad s\u00e4ger v\u00e5ra kunder om ImageBank X? ImageBank X &#8211; Din allt-i-ett DAM-l\u00f6sning ImageBank X \u00e4r en modern DAM-l\u00f6sning (Digital Asset Management) som hj\u00e4lper organisationer att lagra, hantera och dela sina filer &#8211; allt fr\u00e5n en s\u00e4ker och l\u00e4ttanv\u00e4nd plattform. Titta p\u00e5 videon f\u00f6r att se hur ImageBank X effektiviserar arbetsfl\u00f6dena f\u00f6r marknadsf\u00f6ring och kommunikation, [&hellip;]<\/p>\n","protected":false},"author":1,"featured_media":6186,"parent":0,"menu_order":0,"comment_status":"closed","ping_status":"closed","template":"","meta":{"_acf_changed":false,"_improvement_type_select":"improve_an_existing","_thumb_yes_seoaic":false,"_frame_yes_seoaic":false,"seoaic_generate_description":"","seoaic_improve_instructions_prompt":"","seoaic_rollback_content_improvement":"","seoaic_idea_thumbnail_generator":"","thumbnail_generated":false,"thumbnail_generate_prompt":"","seoaic_article_description":"","footnotes":""},"class_list":["post-6185","page","type-page","status-publish","has-post-thumbnail","hentry"],"acf":[],"yoast_head":"<!-- This site is optimized with the Yoast SEO plugin v25.2 - https:\/\/yoast.com\/wordpress\/plugins\/seo\/ -->\n<title>F\u00e5 en offert - Hitta r\u00e4tt DAM-l\u00f6sning f\u00f6r dina behov<\/title>\n<meta name=\"description\" content=\"F\u00e5 en personlig offert f\u00f6r ImageBank X DAM-l\u00f6sning. Fyll i din e-postadress f\u00f6r att f\u00e5 prisinformation och ett demokonto f\u00f6r att testa plattformen.\" \/>\n<meta name=\"robots\" content=\"index, follow, max-snippet:-1, max-image-preview:large, max-video-preview:-1\" \/>\n<link rel=\"canonical\" href=\"https:\/\/imagebank.staging.mediasignal.dev\/sv\/be-om-offert\/\" \/>\n<meta property=\"og:locale\" content=\"sv_SE\" \/>\n<meta property=\"og:type\" content=\"article\" \/>\n<meta property=\"og:title\" content=\"F\u00e5 en offert - Hitta r\u00e4tt DAM-l\u00f6sning f\u00f6r dina behov\" \/>\n<meta property=\"og:description\" content=\"F\u00e5 en personlig offert f\u00f6r ImageBank X DAM-l\u00f6sning. Fyll i din e-postadress f\u00f6r att f\u00e5 prisinformation och ett demokonto f\u00f6r att testa plattformen.\" \/>\n<meta property=\"og:url\" content=\"https:\/\/imagebank.staging.mediasignal.dev\/sv\/be-om-offert\/\" \/>\n<meta property=\"og:site_name\" content=\"ImageBank X DAM\" \/>\n<meta property=\"article:modified_time\" content=\"2025-05-16T12:49:55+00:00\" \/>\n<meta property=\"og:image\" content=\"https:\/\/imagebank.staging.mediasignal.dev\/app\/uploads\/2025\/03\/Woman-with-laptop-1-6.webp\" \/>\n\t<meta property=\"og:image:width\" content=\"1119\" \/>\n\t<meta property=\"og:image:height\" content=\"1382\" \/>\n\t<meta property=\"og:image:type\" content=\"image\/webp\" \/>\n<meta name=\"twitter:card\" content=\"summary_large_image\" \/>\n<meta name=\"twitter:label1\" content=\"Est. reading time\" \/>\n\t<meta name=\"twitter:data1\" content=\"1 minute\" \/>\n<script type=\"application\/ld+json\" class=\"yoast-schema-graph\">{\"@context\":\"https:\/\/schema.org\",\"@graph\":[{\"@type\":\"WebPage\",\"@id\":\"https:\/\/imagebank.staging.mediasignal.dev\/sv\/be-om-offert\/\",\"url\":\"https:\/\/imagebank.staging.mediasignal.dev\/sv\/be-om-offert\/\",\"name\":\"F\u00e5 en offert - Hitta r\u00e4tt DAM-l\u00f6sning f\u00f6r dina behov\",\"isPartOf\":{\"@id\":\"https:\/\/imagebank.staging.mediasignal.dev\/sv\/#website\"},\"primaryImageOfPage\":{\"@id\":\"https:\/\/imagebank.staging.mediasignal.dev\/sv\/be-om-offert\/#primaryimage\"},\"image\":{\"@id\":\"https:\/\/imagebank.staging.mediasignal.dev\/sv\/be-om-offert\/#primaryimage\"},\"thumbnailUrl\":\"https:\/\/imagebank.staging.mediasignal.dev\/wp-content\/uploads\/2025\/03\/Woman-with-laptop-1-6.webp\",\"datePublished\":\"2025-03-06T12:58:56+00:00\",\"dateModified\":\"2025-05-16T12:49:55+00:00\",\"description\":\"F\u00e5 en personlig offert f\u00f6r ImageBank X DAM-l\u00f6sning. Fyll i din e-postadress f\u00f6r att f\u00e5 prisinformation och ett demokonto f\u00f6r att testa plattformen.\",\"breadcrumb\":{\"@id\":\"https:\/\/imagebank.staging.mediasignal.dev\/sv\/be-om-offert\/#breadcrumb\"},\"inLanguage\":\"sv-SE\",\"potentialAction\":[{\"@type\":\"ReadAction\",\"target\":[\"https:\/\/imagebank.staging.mediasignal.dev\/sv\/be-om-offert\/\"]}]},{\"@type\":\"ImageObject\",\"inLanguage\":\"sv-SE\",\"@id\":\"https:\/\/imagebank.staging.mediasignal.dev\/sv\/be-om-offert\/#primaryimage\",\"url\":\"https:\/\/imagebank.staging.mediasignal.dev\/wp-content\/uploads\/2025\/03\/Woman-with-laptop-1-6.webp\",\"contentUrl\":\"https:\/\/imagebank.staging.mediasignal.dev\/wp-content\/uploads\/2025\/03\/Woman-with-laptop-1-6.webp\",\"width\":1119,\"height\":1382,\"caption\":\"Enter your email to get a tailored quote and access to a free ImageBank X demo environment.\"},{\"@type\":\"BreadcrumbList\",\"@id\":\"https:\/\/imagebank.staging.mediasignal.dev\/sv\/be-om-offert\/#breadcrumb\",\"itemListElement\":[{\"@type\":\"ListItem\",\"position\":1,\"name\":\"Home\",\"item\":\"https:\/\/imagebank.staging.mediasignal.dev\/sv\/\"},{\"@type\":\"ListItem\",\"position\":2,\"name\":\"Be om offert\"}]},{\"@type\":\"WebSite\",\"@id\":\"https:\/\/imagebank.staging.mediasignal.dev\/sv\/#website\",\"url\":\"https:\/\/imagebank.staging.mediasignal.dev\/sv\/\",\"name\":\"ImageBank X\",\"description\":\"\",\"publisher\":{\"@id\":\"https:\/\/imagebank.staging.mediasignal.dev\/sv\/#organization\"},\"potentialAction\":[{\"@type\":\"SearchAction\",\"target\":{\"@type\":\"EntryPoint\",\"urlTemplate\":\"https:\/\/imagebank.staging.mediasignal.dev\/sv\/?s={search_term_string}\"},\"query-input\":{\"@type\":\"PropertyValueSpecification\",\"valueRequired\":true,\"valueName\":\"search_term_string\"}}],\"inLanguage\":\"sv-SE\"},{\"@type\":\"Organization\",\"@id\":\"https:\/\/imagebank.staging.mediasignal.dev\/sv\/#organization\",\"name\":\"ImageBank X\",\"url\":\"https:\/\/imagebank.staging.mediasignal.dev\/sv\/\",\"logo\":{\"@type\":\"ImageObject\",\"inLanguage\":\"sv-SE\",\"@id\":\"https:\/\/imagebank.staging.mediasignal.dev\/sv\/#\/schema\/logo\/image\/\",\"url\":\"https:\/\/imagebank.staging.mediasignal.dev\/app\/uploads\/2025\/03\/cropped-favicon.png\",\"contentUrl\":\"https:\/\/imagebank.staging.mediasignal.dev\/app\/uploads\/2025\/03\/cropped-favicon.png\",\"width\":512,\"height\":512,\"caption\":\"ImageBank X\"},\"image\":{\"@id\":\"https:\/\/imagebank.staging.mediasignal.dev\/sv\/#\/schema\/logo\/image\/\"},\"sameAs\":[\"https:\/\/linkedin.com\/imagebank-independent\"]}]}<\/script>\n<!-- \/ Yoast SEO plugin. -->","yoast_head_json":{"title":"F\u00e5 en offert - Hitta r\u00e4tt DAM-l\u00f6sning f\u00f6r dina behov","description":"F\u00e5 en personlig offert f\u00f6r ImageBank X DAM-l\u00f6sning. Fyll i din e-postadress f\u00f6r att f\u00e5 prisinformation och ett demokonto f\u00f6r att testa plattformen.","robots":{"index":"index","follow":"follow","max-snippet":"max-snippet:-1","max-image-preview":"max-image-preview:large","max-video-preview":"max-video-preview:-1"},"canonical":"https:\/\/imagebank.staging.mediasignal.dev\/sv\/be-om-offert\/","og_locale":"sv_SE","og_type":"article","og_title":"F\u00e5 en offert - Hitta r\u00e4tt DAM-l\u00f6sning f\u00f6r dina behov","og_description":"F\u00e5 en personlig offert f\u00f6r ImageBank X DAM-l\u00f6sning. Fyll i din e-postadress f\u00f6r att f\u00e5 prisinformation och ett demokonto f\u00f6r att testa plattformen.","og_url":"https:\/\/imagebank.staging.mediasignal.dev\/sv\/be-om-offert\/","og_site_name":"ImageBank X DAM","article_modified_time":"2025-05-16T12:49:55+00:00","og_image":[{"width":1119,"height":1382,"url":"https:\/\/imagebank.staging.mediasignal.dev\/app\/uploads\/2025\/03\/Woman-with-laptop-1-6.webp","type":"image\/webp"}],"twitter_card":"summary_large_image","twitter_misc":{"Est. reading time":"1 minute"},"schema":{"@context":"https:\/\/schema.org","@graph":[{"@type":"WebPage","@id":"https:\/\/imagebank.staging.mediasignal.dev\/sv\/be-om-offert\/","url":"https:\/\/imagebank.staging.mediasignal.dev\/sv\/be-om-offert\/","name":"F\u00e5 en offert - Hitta r\u00e4tt DAM-l\u00f6sning f\u00f6r dina behov","isPartOf":{"@id":"https:\/\/imagebank.staging.mediasignal.dev\/sv\/#website"},"primaryImageOfPage":{"@id":"https:\/\/imagebank.staging.mediasignal.dev\/sv\/be-om-offert\/#primaryimage"},"image":{"@id":"https:\/\/imagebank.staging.mediasignal.dev\/sv\/be-om-offert\/#primaryimage"},"thumbnailUrl":"https:\/\/imagebank.staging.mediasignal.dev\/wp-content\/uploads\/2025\/03\/Woman-with-laptop-1-6.webp","datePublished":"2025-03-06T12:58:56+00:00","dateModified":"2025-05-16T12:49:55+00:00","description":"F\u00e5 en personlig offert f\u00f6r ImageBank X DAM-l\u00f6sning. Fyll i din e-postadress f\u00f6r att f\u00e5 prisinformation och ett demokonto f\u00f6r att testa plattformen.","breadcrumb":{"@id":"https:\/\/imagebank.staging.mediasignal.dev\/sv\/be-om-offert\/#breadcrumb"},"inLanguage":"sv-SE","potentialAction":[{"@type":"ReadAction","target":["https:\/\/imagebank.staging.mediasignal.dev\/sv\/be-om-offert\/"]}]},{"@type":"ImageObject","inLanguage":"sv-SE","@id":"https:\/\/imagebank.staging.mediasignal.dev\/sv\/be-om-offert\/#primaryimage","url":"https:\/\/imagebank.staging.mediasignal.dev\/wp-content\/uploads\/2025\/03\/Woman-with-laptop-1-6.webp","contentUrl":"https:\/\/imagebank.staging.mediasignal.dev\/wp-content\/uploads\/2025\/03\/Woman-with-laptop-1-6.webp","width":1119,"height":1382,"caption":"Enter your email to get a tailored quote and access to a free ImageBank X demo environment."},{"@type":"BreadcrumbList","@id":"https:\/\/imagebank.staging.mediasignal.dev\/sv\/be-om-offert\/#breadcrumb","itemListElement":[{"@type":"ListItem","position":1,"name":"Home","item":"https:\/\/imagebank.staging.mediasignal.dev\/sv\/"},{"@type":"ListItem","position":2,"name":"Be om offert"}]},{"@type":"WebSite","@id":"https:\/\/imagebank.staging.mediasignal.dev\/sv\/#website","url":"https:\/\/imagebank.staging.mediasignal.dev\/sv\/","name":"ImageBank X","description":"","publisher":{"@id":"https:\/\/imagebank.staging.mediasignal.dev\/sv\/#organization"},"potentialAction":[{"@type":"SearchAction","target":{"@type":"EntryPoint","urlTemplate":"https:\/\/imagebank.staging.mediasignal.dev\/sv\/?s={search_term_string}"},"query-input":{"@type":"PropertyValueSpecification","valueRequired":true,"valueName":"search_term_string"}}],"inLanguage":"sv-SE"},{"@type":"Organization","@id":"https:\/\/imagebank.staging.mediasignal.dev\/sv\/#organization","name":"ImageBank X","url":"https:\/\/imagebank.staging.mediasignal.dev\/sv\/","logo":{"@type":"ImageObject","inLanguage":"sv-SE","@id":"https:\/\/imagebank.staging.mediasignal.dev\/sv\/#\/schema\/logo\/image\/","url":"https:\/\/imagebank.staging.mediasignal.dev\/app\/uploads\/2025\/03\/cropped-favicon.png","contentUrl":"https:\/\/imagebank.staging.mediasignal.dev\/app\/uploads\/2025\/03\/cropped-favicon.png","width":512,"height":512,"caption":"ImageBank X"},"image":{"@id":"https:\/\/imagebank.staging.mediasignal.dev\/sv\/#\/schema\/logo\/image\/"},"sameAs":["https:\/\/linkedin.com\/imagebank-independent"]}]}},"_links":{"self":[{"href":"https:\/\/imagebank.staging.mediasignal.dev\/sv\/wp-json\/wp\/v2\/pages\/6185","targetHints":{"allow":["GET"]}}],"collection":[{"href":"https:\/\/imagebank.staging.mediasignal.dev\/sv\/wp-json\/wp\/v2\/pages"}],"about":[{"href":"https:\/\/imagebank.staging.mediasignal.dev\/sv\/wp-json\/wp\/v2\/types\/page"}],"author":[{"embeddable":true,"href":"https:\/\/imagebank.staging.mediasignal.dev\/sv\/wp-json\/wp\/v2\/users\/1"}],"replies":[{"embeddable":true,"href":"https:\/\/imagebank.staging.mediasignal.dev\/sv\/wp-json\/wp\/v2\/comments?post=6185"}],"version-history":[{"count":5,"href":"https:\/\/imagebank.staging.mediasignal.dev\/sv\/wp-json\/wp\/v2\/pages\/6185\/revisions"}],"predecessor-version":[{"id":6857,"href":"https:\/\/imagebank.staging.mediasignal.dev\/sv\/wp-json\/wp\/v2\/pages\/6185\/revisions\/6857"}],"wp:featuredmedia":[{"embeddable":true,"href":"https:\/\/imagebank.staging.mediasignal.dev\/sv\/wp-json\/wp\/v2\/media\/6186"}],"wp:attachment":[{"href":"https:\/\/imagebank.staging.mediasignal.dev\/sv\/wp-json\/wp\/v2\/media?parent=6185"}],"curies":[{"name":"wp","href":"https:\/\/api.w.org\/{rel}","templated":true}]}}