{"id":6176,"date":"2025-03-06T14:57:57","date_gmt":"2025-03-06T14:57:57","guid":{"rendered":"https:\/\/imagebank.staging.mediasignal.dev\/resources\/developers\/"},"modified":"2025-05-22T09:46:28","modified_gmt":"2025-05-22T09:46:28","slug":"utvecklare","status":"publish","type":"page","link":"https:\/\/imagebank.staging.mediasignal.dev\/sv\/resurser\/utvecklare\/","title":{"rendered":"Utvecklare"},"content":{"rendered":"<div \n    class=\"relative flex flex-col md:flex-row gap-12 py-14\">\n        <div\n        class=\"-z-50 pointer-events-none absolute left-1\/2 w-screen -translate-x-1\/2  bg-gradient-to-t from-white to-tetriary -top-14 bottom-0\">\n    <\/div>\n    <div class=\"relative z-10 md:mt-10 lg:mt-20 md:w-3\/5\">\n                <div class=\"border border-white text-white rounded-full w-fit px-4 py-2 mb-4\">\n            Utvecklare\n        <\/div>\n                <h1 class=\"z-10 mb-8 font-extrabold text-4xl sm:text-5xl md:text-7xl xl:text-8xl text-primary\">\n            Ett modernt REST API byggt f\u00f6r utvecklare\n        <\/h1>\n                    <\/div>\n        <div class=\"hidden md:block relative w-2\/5 content-center\">\n        \n    <\/div>\n    <div class=\"block md:hidden\">\n        \n    <\/div>\n    <\/div>\n\n<div style=\"height: 2rem;\"><\/div>\n\n\n<section id=\"Section\" class=\"content-wrap loose\">\n    \n\n<p>Lagra, organisera och leverera digitala tillg\u00e5ngar p\u00e5 ett enkelt s\u00e4tt med ett <strong>REST API<\/strong> som \u00e4r utformat f\u00f6r snabbhet, flexibilitet och automatisering. Oavsett om du hanterar media f\u00f6r ett <strong>CMS, en e-handelsplattform eller interna verktyg<\/strong> ger v\u00e5rt API dig <strong>full kontroll \u00f6ver dina tillg\u00e5ngar.<\/strong><\/p>\n\n\n\n<p><a href=\"https:\/\/documenter.getpostman.com\/view\/5121256\/UzBiPoSL#intro\" target=\"_blank\" rel=\"noreferrer noopener\">Utforska API-dokumentationen h\u00e4r<\/a><br><a data-type=\"page\" data-id=\"879\" href=\"https:\/\/imagebank.staging.mediasignal.dev\/sv\/kontakta-oss\/\">Kontakta f\u00f6rs\u00e4ljning<\/a><\/p>\n\n\n<\/section>\n\n<div style=\"height: 5rem;\"><\/div>\n\n\n<section \n    class=\"relative pt-20 md:pt-32 pb-12 md:pb-20\">\n            <div\n        class=\"-z-50 pointer-events-none absolute left-1\/2 w-screen -translate-x-1\/2 bg-gradient-to-b from-white to-tetriary top-0 bottom-0\">\n    <\/div>\n            <div class=\"content-wrap\">\n        <h2 class=\"h1 font-bold text-center\">Kom ig\u00e5ng idag<\/h2>\n        <p class=\"text-center md:text-xl\">Om du \u00e4r redo att ta din digitala tillg\u00e5ngshantering till n\u00e4sta niv\u00e5, finns v\u00e5rt team h\u00e4r f\u00f6r att hj\u00e4lpa dig.<\/p>\n        <a href=\"https:\/\/imagebank.staging.mediasignal.dev\/sv\/boka-en-kostnadsfri-demo\/\" target=\"\"\n            class=\"flex text-white font-bold h-fit w-fit p-4 rounded-lg bg-gradient-to-r from-primary to-secondary transition ease-in-out hover:scale-105 duration-300 mx-auto\">\n            Boka en gratis demo\n        <\/a>\n        <img decoding=\"async\" class=\"hidden md:block absolute max-w-96 top-0 -left-60 bottom-0 max-h-full\"\n            src=\"\/wp-content\/themes\/imagebank\/assets\/images\/muoto.webp\" alt=\"Purple twisting shape\" \/>\n    <\/div>\n    <\/section>\n\n","protected":false},"excerpt":{"rendered":"","protected":false},"author":1,"featured_media":0,"parent":6117,"menu_order":0,"comment_status":"closed","ping_status":"closed","template":"","meta":{"_acf_changed":false,"_improvement_type_select":"improve_an_existing","_thumb_yes_seoaic":false,"_frame_yes_seoaic":false,"seoaic_generate_description":"","seoaic_improve_instructions_prompt":"","seoaic_rollback_content_improvement":"","seoaic_idea_thumbnail_generator":"","thumbnail_generated":false,"thumbnail_generate_prompt":"","seoaic_article_description":"","footnotes":""},"class_list":["post-6176","page","type-page","status-publish","hentry"],"acf":[],"yoast_head":"<!-- This site is optimized with the Yoast SEO plugin v25.2 - https:\/\/yoast.com\/wordpress\/plugins\/seo\/ -->\n<title>REST API f\u00f6r utvecklare - Integrera ImageBank X DAM<\/title>\n<meta name=\"description\" content=\"Anv\u00e4nd ImageBank X:s moderna REST API f\u00f6r att lagra, organisera och leverera digitala tillg\u00e5ngar p\u00e5 ett enkelt s\u00e4tt. Byggd f\u00f6r s\u00f6ml\u00f6s integration f\u00f6r utvecklare.\" \/>\n<meta name=\"robots\" content=\"index, follow, max-snippet:-1, max-image-preview:large, max-video-preview:-1\" \/>\n<link rel=\"canonical\" href=\"https:\/\/imagebank.staging.mediasignal.dev\/sv\/resurser\/utvecklare\/\" \/>\n<meta property=\"og:locale\" content=\"sv_SE\" \/>\n<meta property=\"og:type\" content=\"article\" \/>\n<meta property=\"og:title\" content=\"REST API f\u00f6r utvecklare - Integrera ImageBank X DAM\" \/>\n<meta property=\"og:description\" content=\"Anv\u00e4nd ImageBank X:s moderna REST API f\u00f6r att lagra, organisera och leverera digitala tillg\u00e5ngar p\u00e5 ett enkelt s\u00e4tt. Byggd f\u00f6r s\u00f6ml\u00f6s integration f\u00f6r utvecklare.\" \/>\n<meta property=\"og:url\" content=\"https:\/\/imagebank.staging.mediasignal.dev\/sv\/resurser\/utvecklare\/\" \/>\n<meta property=\"og:site_name\" content=\"ImageBank X DAM\" \/>\n<meta property=\"article:modified_time\" content=\"2025-05-22T09:46:28+00:00\" \/>\n<meta name=\"twitter:card\" content=\"summary_large_image\" \/>\n<meta name=\"twitter:label1\" content=\"Est. reading time\" \/>\n\t<meta name=\"twitter:data1\" content=\"1 minute\" \/>\n<script type=\"application\/ld+json\" class=\"yoast-schema-graph\">{\"@context\":\"https:\/\/schema.org\",\"@graph\":[{\"@type\":\"WebPage\",\"@id\":\"https:\/\/imagebank.staging.mediasignal.dev\/sv\/resurser\/utvecklare\/\",\"url\":\"https:\/\/imagebank.staging.mediasignal.dev\/sv\/resurser\/utvecklare\/\",\"name\":\"REST API f\u00f6r utvecklare - Integrera ImageBank X DAM\",\"isPartOf\":{\"@id\":\"https:\/\/imagebank.staging.mediasignal.dev\/sv\/#website\"},\"datePublished\":\"2025-03-06T14:57:57+00:00\",\"dateModified\":\"2025-05-22T09:46:28+00:00\",\"description\":\"Anv\u00e4nd ImageBank X:s moderna REST API f\u00f6r att lagra, organisera och leverera digitala tillg\u00e5ngar p\u00e5 ett enkelt s\u00e4tt. Byggd f\u00f6r s\u00f6ml\u00f6s integration f\u00f6r utvecklare.\",\"breadcrumb\":{\"@id\":\"https:\/\/imagebank.staging.mediasignal.dev\/sv\/resurser\/utvecklare\/#breadcrumb\"},\"inLanguage\":\"sv-SE\",\"potentialAction\":[{\"@type\":\"ReadAction\",\"target\":[\"https:\/\/imagebank.staging.mediasignal.dev\/sv\/resurser\/utvecklare\/\"]}]},{\"@type\":\"BreadcrumbList\",\"@id\":\"https:\/\/imagebank.staging.mediasignal.dev\/sv\/resurser\/utvecklare\/#breadcrumb\",\"itemListElement\":[{\"@type\":\"ListItem\",\"position\":1,\"name\":\"Home\",\"item\":\"https:\/\/imagebank.staging.mediasignal.dev\/sv\/\"},{\"@type\":\"ListItem\",\"position\":2,\"name\":\"Resurser\",\"item\":\"https:\/\/imagebank.staging.mediasignal.dev\/sv\/resurser\/\"},{\"@type\":\"ListItem\",\"position\":3,\"name\":\"Utvecklare\"}]},{\"@type\":\"WebSite\",\"@id\":\"https:\/\/imagebank.staging.mediasignal.dev\/sv\/#website\",\"url\":\"https:\/\/imagebank.staging.mediasignal.dev\/sv\/\",\"name\":\"ImageBank X\",\"description\":\"\",\"publisher\":{\"@id\":\"https:\/\/imagebank.staging.mediasignal.dev\/sv\/#organization\"},\"potentialAction\":[{\"@type\":\"SearchAction\",\"target\":{\"@type\":\"EntryPoint\",\"urlTemplate\":\"https:\/\/imagebank.staging.mediasignal.dev\/sv\/?s={search_term_string}\"},\"query-input\":{\"@type\":\"PropertyValueSpecification\",\"valueRequired\":true,\"valueName\":\"search_term_string\"}}],\"inLanguage\":\"sv-SE\"},{\"@type\":\"Organization\",\"@id\":\"https:\/\/imagebank.staging.mediasignal.dev\/sv\/#organization\",\"name\":\"ImageBank X\",\"url\":\"https:\/\/imagebank.staging.mediasignal.dev\/sv\/\",\"logo\":{\"@type\":\"ImageObject\",\"inLanguage\":\"sv-SE\",\"@id\":\"https:\/\/imagebank.staging.mediasignal.dev\/sv\/#\/schema\/logo\/image\/\",\"url\":\"https:\/\/imagebank.staging.mediasignal.dev\/app\/uploads\/2025\/03\/cropped-favicon.png\",\"contentUrl\":\"https:\/\/imagebank.staging.mediasignal.dev\/app\/uploads\/2025\/03\/cropped-favicon.png\",\"width\":512,\"height\":512,\"caption\":\"ImageBank X\"},\"image\":{\"@id\":\"https:\/\/imagebank.staging.mediasignal.dev\/sv\/#\/schema\/logo\/image\/\"},\"sameAs\":[\"https:\/\/linkedin.com\/imagebank-independent\"]}]}<\/script>\n<!-- \/ Yoast SEO plugin. -->","yoast_head_json":{"title":"REST API f\u00f6r utvecklare - Integrera ImageBank X DAM","description":"Anv\u00e4nd ImageBank X:s moderna REST API f\u00f6r att lagra, organisera och leverera digitala tillg\u00e5ngar p\u00e5 ett enkelt s\u00e4tt. Byggd f\u00f6r s\u00f6ml\u00f6s integration f\u00f6r utvecklare.","robots":{"index":"index","follow":"follow","max-snippet":"max-snippet:-1","max-image-preview":"max-image-preview:large","max-video-preview":"max-video-preview:-1"},"canonical":"https:\/\/imagebank.staging.mediasignal.dev\/sv\/resurser\/utvecklare\/","og_locale":"sv_SE","og_type":"article","og_title":"REST API f\u00f6r utvecklare - Integrera ImageBank X DAM","og_description":"Anv\u00e4nd ImageBank X:s moderna REST API f\u00f6r att lagra, organisera och leverera digitala tillg\u00e5ngar p\u00e5 ett enkelt s\u00e4tt. Byggd f\u00f6r s\u00f6ml\u00f6s integration f\u00f6r utvecklare.","og_url":"https:\/\/imagebank.staging.mediasignal.dev\/sv\/resurser\/utvecklare\/","og_site_name":"ImageBank X DAM","article_modified_time":"2025-05-22T09:46:28+00:00","twitter_card":"summary_large_image","twitter_misc":{"Est. reading time":"1 minute"},"schema":{"@context":"https:\/\/schema.org","@graph":[{"@type":"WebPage","@id":"https:\/\/imagebank.staging.mediasignal.dev\/sv\/resurser\/utvecklare\/","url":"https:\/\/imagebank.staging.mediasignal.dev\/sv\/resurser\/utvecklare\/","name":"REST API f\u00f6r utvecklare - Integrera ImageBank X DAM","isPartOf":{"@id":"https:\/\/imagebank.staging.mediasignal.dev\/sv\/#website"},"datePublished":"2025-03-06T14:57:57+00:00","dateModified":"2025-05-22T09:46:28+00:00","description":"Anv\u00e4nd ImageBank X:s moderna REST API f\u00f6r att lagra, organisera och leverera digitala tillg\u00e5ngar p\u00e5 ett enkelt s\u00e4tt. Byggd f\u00f6r s\u00f6ml\u00f6s integration f\u00f6r utvecklare.","breadcrumb":{"@id":"https:\/\/imagebank.staging.mediasignal.dev\/sv\/resurser\/utvecklare\/#breadcrumb"},"inLanguage":"sv-SE","potentialAction":[{"@type":"ReadAction","target":["https:\/\/imagebank.staging.mediasignal.dev\/sv\/resurser\/utvecklare\/"]}]},{"@type":"BreadcrumbList","@id":"https:\/\/imagebank.staging.mediasignal.dev\/sv\/resurser\/utvecklare\/#breadcrumb","itemListElement":[{"@type":"ListItem","position":1,"name":"Home","item":"https:\/\/imagebank.staging.mediasignal.dev\/sv\/"},{"@type":"ListItem","position":2,"name":"Resurser","item":"https:\/\/imagebank.staging.mediasignal.dev\/sv\/resurser\/"},{"@type":"ListItem","position":3,"name":"Utvecklare"}]},{"@type":"WebSite","@id":"https:\/\/imagebank.staging.mediasignal.dev\/sv\/#website","url":"https:\/\/imagebank.staging.mediasignal.dev\/sv\/","name":"ImageBank X","description":"","publisher":{"@id":"https:\/\/imagebank.staging.mediasignal.dev\/sv\/#organization"},"potentialAction":[{"@type":"SearchAction","target":{"@type":"EntryPoint","urlTemplate":"https:\/\/imagebank.staging.mediasignal.dev\/sv\/?s={search_term_string}"},"query-input":{"@type":"PropertyValueSpecification","valueRequired":true,"valueName":"search_term_string"}}],"inLanguage":"sv-SE"},{"@type":"Organization","@id":"https:\/\/imagebank.staging.mediasignal.dev\/sv\/#organization","name":"ImageBank X","url":"https:\/\/imagebank.staging.mediasignal.dev\/sv\/","logo":{"@type":"ImageObject","inLanguage":"sv-SE","@id":"https:\/\/imagebank.staging.mediasignal.dev\/sv\/#\/schema\/logo\/image\/","url":"https:\/\/imagebank.staging.mediasignal.dev\/app\/uploads\/2025\/03\/cropped-favicon.png","contentUrl":"https:\/\/imagebank.staging.mediasignal.dev\/app\/uploads\/2025\/03\/cropped-favicon.png","width":512,"height":512,"caption":"ImageBank X"},"image":{"@id":"https:\/\/imagebank.staging.mediasignal.dev\/sv\/#\/schema\/logo\/image\/"},"sameAs":["https:\/\/linkedin.com\/imagebank-independent"]}]}},"_links":{"self":[{"href":"https:\/\/imagebank.staging.mediasignal.dev\/sv\/wp-json\/wp\/v2\/pages\/6176","targetHints":{"allow":["GET"]}}],"collection":[{"href":"https:\/\/imagebank.staging.mediasignal.dev\/sv\/wp-json\/wp\/v2\/pages"}],"about":[{"href":"https:\/\/imagebank.staging.mediasignal.dev\/sv\/wp-json\/wp\/v2\/types\/page"}],"author":[{"embeddable":true,"href":"https:\/\/imagebank.staging.mediasignal.dev\/sv\/wp-json\/wp\/v2\/users\/1"}],"replies":[{"embeddable":true,"href":"https:\/\/imagebank.staging.mediasignal.dev\/sv\/wp-json\/wp\/v2\/comments?post=6176"}],"version-history":[{"count":5,"href":"https:\/\/imagebank.staging.mediasignal.dev\/sv\/wp-json\/wp\/v2\/pages\/6176\/revisions"}],"predecessor-version":[{"id":7074,"href":"https:\/\/imagebank.staging.mediasignal.dev\/sv\/wp-json\/wp\/v2\/pages\/6176\/revisions\/7074"}],"up":[{"embeddable":true,"href":"https:\/\/imagebank.staging.mediasignal.dev\/sv\/wp-json\/wp\/v2\/pages\/6117"}],"wp:attachment":[{"href":"https:\/\/imagebank.staging.mediasignal.dev\/sv\/wp-json\/wp\/v2\/media?parent=6176"}],"curies":[{"name":"wp","href":"https:\/\/api.w.org\/{rel}","templated":true}]}}