{"id":6173,"date":"2025-03-07T11:12:19","date_gmt":"2025-03-07T11:12:19","guid":{"rendered":"https:\/\/imagebank.staging.mediasignal.dev\/book-a-free-demo\/"},"modified":"2025-05-22T09:59:21","modified_gmt":"2025-05-22T09:59:21","slug":"boka-en-kostnadsfri-demo","status":"publish","type":"page","link":"https:\/\/imagebank.staging.mediasignal.dev\/sv\/boka-en-kostnadsfri-demo\/","title":{"rendered":"Boka en gratis demo"},"content":{"rendered":"<div \n    class=\"relative flex flex-col xs:flex-row py-14\">\n        <div\n        class=\"-z-50 pointer-events-none absolute left-1\/2 w-screen -translate-x-1\/2  bg-gradient-to-t from-white to-tetriary -top-14 bottom-0\">\n    <\/div>\n    <div class=\"relative z-10 md:mt-10 lg:mt-20 xs:w-3\/5\">\n                <div class=\"border border-white text-white rounded-full w-fit px-4 py-2 mb-4\">\n            Gratis demo\n        <\/div>\n                <h1 class=\"z-10 mb-8 font-extrabold text-4xl sm:text-5xl md:text-7xl xl:text-8xl text-primary\">\n            Se ImageBank X DAM i aktion\n        <\/h1>\n                <p class=\"mb-6\">\n            Boka en gratis demo f\u00f6r att uppt\u00e4cka hur ImageBank X kan hj\u00e4lpa dig att organisera och dela dina varum\u00e4rkesresurser samtidigt som du str\u00f6mlinjeformar ditt arbetsfl\u00f6de. Se hur en mediabank kan spara tid och resurser. Under demon kommer v\u00e5r expert att guida dig genom ImageBank X:s nyckelfunktioner och kraftfullaste funktioner. Sessionen h\u00e5lls p\u00e5 Teams och \u00e4r helt gratis, utan n\u00e5gra f\u00f6rpliktelser.\n            <span class=\"font-bold text-transparent bg-gradient-to-r from-primary to-secondary bg-clip-text\">\n                Efter demon f\u00e5r du demo-inloggning f\u00f6r att sj\u00e4lv utforska plattformen.\n            <\/span>\n        <\/p>\n                    <\/div>\n        <div class=\"hidden xs:block relative -z-10 w-2\/5 -my-12\">\n        <img class=\"absolute bottom-0 left-0 -top-8 min-w-full max-w-none h-full object-contain\"\n            srcset=\"https:\/\/imagebank.staging.mediasignal.dev\/wp-content\/uploads\/2025\/03\/Hero-7-1-300x300.webp 300w, https:\/\/imagebank.staging.mediasignal.dev\/wp-content\/uploads\/2025\/03\/Hero-7-1-1021x1024.webp 1021w, https:\/\/imagebank.staging.mediasignal.dev\/wp-content\/uploads\/2025\/03\/Hero-7-1-150x150.webp 150w, https:\/\/imagebank.staging.mediasignal.dev\/wp-content\/uploads\/2025\/03\/Hero-7-1-768x771.webp 768w, https:\/\/imagebank.staging.mediasignal.dev\/wp-content\/uploads\/2025\/03\/Hero-7-1.webp 1203w\" alt=\"User-friendly Digital Asset Management (DAM) software dashboard displaying organized digital assets\" \/>\n    <\/div>\n    <div class=\"block xs:hidden\">\n        <img srcset=\"https:\/\/imagebank.staging.mediasignal.dev\/wp-content\/uploads\/2025\/03\/Hero-7-1-300x300.webp 300w, https:\/\/imagebank.staging.mediasignal.dev\/wp-content\/uploads\/2025\/03\/Hero-7-1-1021x1024.webp 1021w, https:\/\/imagebank.staging.mediasignal.dev\/wp-content\/uploads\/2025\/03\/Hero-7-1-150x150.webp 150w, https:\/\/imagebank.staging.mediasignal.dev\/wp-content\/uploads\/2025\/03\/Hero-7-1-768x771.webp 768w, https:\/\/imagebank.staging.mediasignal.dev\/wp-content\/uploads\/2025\/03\/Hero-7-1.webp 1203w\" alt=\"User-friendly Digital Asset Management (DAM) software dashboard displaying organized digital assets\" \/>\n    <\/div>\n    <\/div>\n\n\n<h2 class=\"wp-block-heading has-text-align-center\"><strong>Sverige<\/strong><\/h2>\n\n\n\n<!-- Start of Meetings Embed Script -->\n    <div class=\"meetings-iframe-container\" data-src=\"https:\/\/meetings.hubspot.com\/antti-vuori?embed=true\"><\/div>\n    <script type=\"text\/javascript\" src=\"https:\/\/static.hsappstatic.net\/MeetingsEmbed\/ex\/MeetingsEmbedCode.js\"><\/script>\n  <!-- End of Meetings Embed Script -->\n\n\n\n<h2 class=\"wp-block-heading has-text-align-center\"><strong>Finland \/ Europa<\/strong><\/h2>\n\n\n\n<!-- Start of Meetings Embed Script -->\n    <div class=\"meetings-iframe-container\" data-src=\"https:\/\/meetings.hubspot.com\/joni-heinonen?embed=true\"><\/div>\n    <script type=\"text\/javascript\" src=\"https:\/\/static.hsappstatic.net\/MeetingsEmbed\/ex\/MeetingsEmbedCode.js\"><\/script>\n  <!-- End of Meetings Embed Script -->\n\n\n<div style=\"height: 4rem;\"><\/div>\n\n\n<section id=\"Section\" class=\"content-wrap \">\n    \n\n<h2 class=\"wp-block-heading has-text-align-center\"><strong>Vad v\u00e5ra kunder s\u00e4ger om ImageBank X DAM<\/strong><\/h2>\n\n\n<\/section>\n\n\n<section >\n    <div class=\"grid grid-cols-1 sm:grid-cols-2 lg:grid-cols-3 py-12 gap-4 sm:gap-6 xl:gap-10\">\n                <div\n            class=\"flex flex-col justify-between px-4 py-6 sm:px-8 sm:py-10 rounded-xl shadow-lg shadow-gray border border-gray transition ease-in-out hover:scale-102 duration-300\">\n            <p class=\"text-sm\">\n                \u201cVi rekommenderar ImageBank X till 100%. Mycket av det handlar om systemet \u2013 Imagebank X har alla de fantastiska funktionerna som mycket st\u00f6rre och dyrare leverant\u00f6rer har, men till en mycket mer rimlig kostnad. Det \u00e4r otroligt kostnadseffektivt f\u00f6r vad du f\u00e5r. Ut\u00f6ver det f\u00e5r du en fantastisk och personlig kundsupport. Det \u00e4r verkligen sk\u00f6nt att ha den f\u00f6rs\u00e4kringen att om n\u00e5got dyker upp s\u00e5 vet jag exakt vem jag kan prata med och jag f\u00e5r svar samma dag.\u201d\n            <\/p>\n            <div class=\"flex flex-col lg:flex-row lg:items-center gap-4 mt-6\">\n                <img decoding=\"async\" class=\"h-6 max-w-32 w-fit object-contain\" src=\"https:\/\/imagebank.staging.mediasignal.dev\/wp-content\/uploads\/2025\/03\/Logo-Dirac.webp\"\n                    alt=\"Logo-Dirac\" \/>\n                <div>\n                    <p class=\"text-xs m-0\">Jordan Matthiass<\/p>\n                    <p class=\"text-xs m-0\">Produktmarknadschef<\/p>\n                <\/div>\n            <\/div>\n        <\/div>\n                <div\n            class=\"flex flex-col justify-between px-4 py-6 sm:px-8 sm:py-10 rounded-xl shadow-lg shadow-gray border border-gray transition ease-in-out hover:scale-102 duration-300\">\n            <p class=\"text-sm\">\n                \u201dImageBank X har effektiviserat v\u00e5r hantering av digitala tillg\u00e5ngar genom att samla alla v\u00e5ra bilder, videor och marknadsf\u00f6ringsmaterial p\u00e5 ett och samma st\u00e4lle. Det \u00e4r enkelt att ladda ner det vi beh\u00f6ver eller dela filer med andra. En mycket funktionell l\u00f6sning som utvecklas kontinuerligt.\u201d\n            <\/p>\n            <div class=\"flex flex-col lg:flex-row lg:items-center gap-4 mt-6\">\n                <img decoding=\"async\" class=\"h-6 max-w-32 w-fit object-contain\" src=\"https:\/\/imagebank.staging.mediasignal.dev\/wp-content\/uploads\/2025\/03\/Logo-Steveco.webp\"\n                    alt=\"Logo-Steveco\" \/>\n                <div>\n                    <p class=\"text-xs m-0\">Elina Harjama<\/p>\n                    <p class=\"text-xs m-0\">Kommunikationsansvarig<\/p>\n                <\/div>\n            <\/div>\n        <\/div>\n                <div\n            class=\"flex flex-col justify-between px-4 py-6 sm:px-8 sm:py-10 rounded-xl shadow-lg shadow-gray border border-gray transition ease-in-out hover:scale-102 duration-300\">\n            <p class=\"text-sm\">\n                \u201dBland annat var hemtrevlighet och anv\u00e4ndarv\u00e4nlighet samt Mediasignals aktivitets- och serviceinriktning faktorer som p\u00e5verkade valet av ImageBank X. Det \u00e4r bra att allt material nu finns p\u00e5 samma st\u00e4lle. ImageBank X \u00e4r l\u00e4tt att anv\u00e4nda och det g\u00e5r snabbt och enkelt att dela bilder och filer med tredje part.\u201d\n            <\/p>\n            <div class=\"flex flex-col lg:flex-row lg:items-center gap-4 mt-6\">\n                <img decoding=\"async\" class=\"h-6 max-w-32 w-fit object-contain\" src=\"https:\/\/imagebank.staging.mediasignal.dev\/wp-content\/uploads\/2025\/03\/Logo-Eezy-300x300.webp\"\n                    alt=\"Logo-Eezy\" \/>\n                <div>\n                    <p class=\"text-xs m-0\">Maria Malila<\/p>\n                    <p class=\"text-xs m-0\">Kundmarknadschef<\/p>\n                <\/div>\n            <\/div>\n        <\/div>\n            <\/div>\n<\/section>\n\n\n\n<p><\/p>\n","protected":false},"excerpt":{"rendered":"<p>Sverige Finland \/ Europa<\/p>\n","protected":false},"author":1,"featured_media":6175,"parent":0,"menu_order":0,"comment_status":"closed","ping_status":"closed","template":"","meta":{"_acf_changed":false,"_improvement_type_select":"improve_an_existing","_thumb_yes_seoaic":false,"_frame_yes_seoaic":false,"seoaic_generate_description":"","seoaic_improve_instructions_prompt":"","seoaic_rollback_content_improvement":"","seoaic_idea_thumbnail_generator":"","thumbnail_generated":false,"thumbnail_generate_prompt":"","seoaic_article_description":"","footnotes":""},"class_list":["post-6173","page","type-page","status-publish","has-post-thumbnail","hentry"],"acf":[],"yoast_head":"<!-- This site is optimized with the Yoast SEO plugin v25.2 - https:\/\/yoast.com\/wordpress\/plugins\/seo\/ -->\n<title>Boka en gratis demo nu - ImageBank X DAM-l\u00f6sning<\/title>\n<meta name=\"description\" content=\"Se ImageBank X i aktion! Boka en gratis demo och uppt\u00e4ck hur DAM-l\u00f6sningen f\u00f6renklar tillg\u00e5ngshantering, samarbete och varum\u00e4rkeskonsistens.\" \/>\n<meta name=\"robots\" content=\"index, follow, max-snippet:-1, max-image-preview:large, max-video-preview:-1\" \/>\n<link rel=\"canonical\" href=\"https:\/\/imagebank.staging.mediasignal.dev\/sv\/boka-en-kostnadsfri-demo\/\" \/>\n<meta property=\"og:locale\" content=\"sv_SE\" \/>\n<meta property=\"og:type\" content=\"article\" \/>\n<meta property=\"og:title\" content=\"Boka en gratis demo nu - ImageBank X DAM-l\u00f6sning\" \/>\n<meta property=\"og:description\" content=\"Se ImageBank X i aktion! Boka en gratis demo och uppt\u00e4ck hur DAM-l\u00f6sningen f\u00f6renklar tillg\u00e5ngshantering, samarbete och varum\u00e4rkeskonsistens.\" \/>\n<meta property=\"og:url\" content=\"https:\/\/imagebank.staging.mediasignal.dev\/sv\/boka-en-kostnadsfri-demo\/\" \/>\n<meta property=\"og:site_name\" content=\"ImageBank X DAM\" \/>\n<meta property=\"article:modified_time\" content=\"2025-05-22T09:59:21+00:00\" \/>\n<meta property=\"og:image\" content=\"https:\/\/imagebank.staging.mediasignal.dev\/app\/uploads\/2025\/03\/ImageBankX-3.webp\" \/>\n\t<meta property=\"og:image:width\" content=\"1200\" \/>\n\t<meta property=\"og:image:height\" content=\"800\" \/>\n\t<meta property=\"og:image:type\" content=\"image\/webp\" \/>\n<meta name=\"twitter:card\" content=\"summary_large_image\" \/>\n<meta name=\"twitter:label1\" content=\"Est. reading time\" \/>\n\t<meta name=\"twitter:data1\" content=\"1 minute\" \/>\n<script type=\"application\/ld+json\" class=\"yoast-schema-graph\">{\"@context\":\"https:\/\/schema.org\",\"@graph\":[{\"@type\":\"WebPage\",\"@id\":\"https:\/\/imagebank.staging.mediasignal.dev\/sv\/boka-en-kostnadsfri-demo\/\",\"url\":\"https:\/\/imagebank.staging.mediasignal.dev\/sv\/boka-en-kostnadsfri-demo\/\",\"name\":\"Boka en gratis demo nu - ImageBank X DAM-l\u00f6sning\",\"isPartOf\":{\"@id\":\"https:\/\/imagebank.staging.mediasignal.dev\/sv\/#website\"},\"primaryImageOfPage\":{\"@id\":\"https:\/\/imagebank.staging.mediasignal.dev\/sv\/boka-en-kostnadsfri-demo\/#primaryimage\"},\"image\":{\"@id\":\"https:\/\/imagebank.staging.mediasignal.dev\/sv\/boka-en-kostnadsfri-demo\/#primaryimage\"},\"thumbnailUrl\":\"https:\/\/imagebank.staging.mediasignal.dev\/wp-content\/uploads\/2025\/03\/ImageBankX-3.webp\",\"datePublished\":\"2025-03-07T11:12:19+00:00\",\"dateModified\":\"2025-05-22T09:59:21+00:00\",\"description\":\"Se ImageBank X i aktion! Boka en gratis demo och uppt\u00e4ck hur DAM-l\u00f6sningen f\u00f6renklar tillg\u00e5ngshantering, samarbete och varum\u00e4rkeskonsistens.\",\"breadcrumb\":{\"@id\":\"https:\/\/imagebank.staging.mediasignal.dev\/sv\/boka-en-kostnadsfri-demo\/#breadcrumb\"},\"inLanguage\":\"sv-SE\",\"potentialAction\":[{\"@type\":\"ReadAction\",\"target\":[\"https:\/\/imagebank.staging.mediasignal.dev\/sv\/boka-en-kostnadsfri-demo\/\"]}]},{\"@type\":\"ImageObject\",\"inLanguage\":\"sv-SE\",\"@id\":\"https:\/\/imagebank.staging.mediasignal.dev\/sv\/boka-en-kostnadsfri-demo\/#primaryimage\",\"url\":\"https:\/\/imagebank.staging.mediasignal.dev\/wp-content\/uploads\/2025\/03\/ImageBankX-3.webp\",\"contentUrl\":\"https:\/\/imagebank.staging.mediasignal.dev\/wp-content\/uploads\/2025\/03\/ImageBankX-3.webp\",\"width\":1200,\"height\":800,\"caption\":\"Experience seamless digital asset management\u2014schedule your free ImageBank X DAM demo now.\"},{\"@type\":\"BreadcrumbList\",\"@id\":\"https:\/\/imagebank.staging.mediasignal.dev\/sv\/boka-en-kostnadsfri-demo\/#breadcrumb\",\"itemListElement\":[{\"@type\":\"ListItem\",\"position\":1,\"name\":\"Home\",\"item\":\"https:\/\/imagebank.staging.mediasignal.dev\/sv\/\"},{\"@type\":\"ListItem\",\"position\":2,\"name\":\"Boka en gratis demo\"}]},{\"@type\":\"WebSite\",\"@id\":\"https:\/\/imagebank.staging.mediasignal.dev\/sv\/#website\",\"url\":\"https:\/\/imagebank.staging.mediasignal.dev\/sv\/\",\"name\":\"ImageBank X\",\"description\":\"\",\"publisher\":{\"@id\":\"https:\/\/imagebank.staging.mediasignal.dev\/sv\/#organization\"},\"potentialAction\":[{\"@type\":\"SearchAction\",\"target\":{\"@type\":\"EntryPoint\",\"urlTemplate\":\"https:\/\/imagebank.staging.mediasignal.dev\/sv\/?s={search_term_string}\"},\"query-input\":{\"@type\":\"PropertyValueSpecification\",\"valueRequired\":true,\"valueName\":\"search_term_string\"}}],\"inLanguage\":\"sv-SE\"},{\"@type\":\"Organization\",\"@id\":\"https:\/\/imagebank.staging.mediasignal.dev\/sv\/#organization\",\"name\":\"ImageBank X\",\"url\":\"https:\/\/imagebank.staging.mediasignal.dev\/sv\/\",\"logo\":{\"@type\":\"ImageObject\",\"inLanguage\":\"sv-SE\",\"@id\":\"https:\/\/imagebank.staging.mediasignal.dev\/sv\/#\/schema\/logo\/image\/\",\"url\":\"https:\/\/imagebank.staging.mediasignal.dev\/app\/uploads\/2025\/03\/cropped-favicon.png\",\"contentUrl\":\"https:\/\/imagebank.staging.mediasignal.dev\/app\/uploads\/2025\/03\/cropped-favicon.png\",\"width\":512,\"height\":512,\"caption\":\"ImageBank X\"},\"image\":{\"@id\":\"https:\/\/imagebank.staging.mediasignal.dev\/sv\/#\/schema\/logo\/image\/\"},\"sameAs\":[\"https:\/\/linkedin.com\/imagebank-independent\"]}]}<\/script>\n<!-- \/ Yoast SEO plugin. -->","yoast_head_json":{"title":"Boka en gratis demo nu - ImageBank X DAM-l\u00f6sning","description":"Se ImageBank X i aktion! Boka en gratis demo och uppt\u00e4ck hur DAM-l\u00f6sningen f\u00f6renklar tillg\u00e5ngshantering, samarbete och varum\u00e4rkeskonsistens.","robots":{"index":"index","follow":"follow","max-snippet":"max-snippet:-1","max-image-preview":"max-image-preview:large","max-video-preview":"max-video-preview:-1"},"canonical":"https:\/\/imagebank.staging.mediasignal.dev\/sv\/boka-en-kostnadsfri-demo\/","og_locale":"sv_SE","og_type":"article","og_title":"Boka en gratis demo nu - ImageBank X DAM-l\u00f6sning","og_description":"Se ImageBank X i aktion! Boka en gratis demo och uppt\u00e4ck hur DAM-l\u00f6sningen f\u00f6renklar tillg\u00e5ngshantering, samarbete och varum\u00e4rkeskonsistens.","og_url":"https:\/\/imagebank.staging.mediasignal.dev\/sv\/boka-en-kostnadsfri-demo\/","og_site_name":"ImageBank X DAM","article_modified_time":"2025-05-22T09:59:21+00:00","og_image":[{"width":1200,"height":800,"url":"https:\/\/imagebank.staging.mediasignal.dev\/app\/uploads\/2025\/03\/ImageBankX-3.webp","type":"image\/webp"}],"twitter_card":"summary_large_image","twitter_misc":{"Est. reading time":"1 minute"},"schema":{"@context":"https:\/\/schema.org","@graph":[{"@type":"WebPage","@id":"https:\/\/imagebank.staging.mediasignal.dev\/sv\/boka-en-kostnadsfri-demo\/","url":"https:\/\/imagebank.staging.mediasignal.dev\/sv\/boka-en-kostnadsfri-demo\/","name":"Boka en gratis demo nu - ImageBank X DAM-l\u00f6sning","isPartOf":{"@id":"https:\/\/imagebank.staging.mediasignal.dev\/sv\/#website"},"primaryImageOfPage":{"@id":"https:\/\/imagebank.staging.mediasignal.dev\/sv\/boka-en-kostnadsfri-demo\/#primaryimage"},"image":{"@id":"https:\/\/imagebank.staging.mediasignal.dev\/sv\/boka-en-kostnadsfri-demo\/#primaryimage"},"thumbnailUrl":"https:\/\/imagebank.staging.mediasignal.dev\/wp-content\/uploads\/2025\/03\/ImageBankX-3.webp","datePublished":"2025-03-07T11:12:19+00:00","dateModified":"2025-05-22T09:59:21+00:00","description":"Se ImageBank X i aktion! Boka en gratis demo och uppt\u00e4ck hur DAM-l\u00f6sningen f\u00f6renklar tillg\u00e5ngshantering, samarbete och varum\u00e4rkeskonsistens.","breadcrumb":{"@id":"https:\/\/imagebank.staging.mediasignal.dev\/sv\/boka-en-kostnadsfri-demo\/#breadcrumb"},"inLanguage":"sv-SE","potentialAction":[{"@type":"ReadAction","target":["https:\/\/imagebank.staging.mediasignal.dev\/sv\/boka-en-kostnadsfri-demo\/"]}]},{"@type":"ImageObject","inLanguage":"sv-SE","@id":"https:\/\/imagebank.staging.mediasignal.dev\/sv\/boka-en-kostnadsfri-demo\/#primaryimage","url":"https:\/\/imagebank.staging.mediasignal.dev\/wp-content\/uploads\/2025\/03\/ImageBankX-3.webp","contentUrl":"https:\/\/imagebank.staging.mediasignal.dev\/wp-content\/uploads\/2025\/03\/ImageBankX-3.webp","width":1200,"height":800,"caption":"Experience seamless digital asset management\u2014schedule your free ImageBank X DAM demo now."},{"@type":"BreadcrumbList","@id":"https:\/\/imagebank.staging.mediasignal.dev\/sv\/boka-en-kostnadsfri-demo\/#breadcrumb","itemListElement":[{"@type":"ListItem","position":1,"name":"Home","item":"https:\/\/imagebank.staging.mediasignal.dev\/sv\/"},{"@type":"ListItem","position":2,"name":"Boka en gratis demo"}]},{"@type":"WebSite","@id":"https:\/\/imagebank.staging.mediasignal.dev\/sv\/#website","url":"https:\/\/imagebank.staging.mediasignal.dev\/sv\/","name":"ImageBank X","description":"","publisher":{"@id":"https:\/\/imagebank.staging.mediasignal.dev\/sv\/#organization"},"potentialAction":[{"@type":"SearchAction","target":{"@type":"EntryPoint","urlTemplate":"https:\/\/imagebank.staging.mediasignal.dev\/sv\/?s={search_term_string}"},"query-input":{"@type":"PropertyValueSpecification","valueRequired":true,"valueName":"search_term_string"}}],"inLanguage":"sv-SE"},{"@type":"Organization","@id":"https:\/\/imagebank.staging.mediasignal.dev\/sv\/#organization","name":"ImageBank X","url":"https:\/\/imagebank.staging.mediasignal.dev\/sv\/","logo":{"@type":"ImageObject","inLanguage":"sv-SE","@id":"https:\/\/imagebank.staging.mediasignal.dev\/sv\/#\/schema\/logo\/image\/","url":"https:\/\/imagebank.staging.mediasignal.dev\/app\/uploads\/2025\/03\/cropped-favicon.png","contentUrl":"https:\/\/imagebank.staging.mediasignal.dev\/app\/uploads\/2025\/03\/cropped-favicon.png","width":512,"height":512,"caption":"ImageBank X"},"image":{"@id":"https:\/\/imagebank.staging.mediasignal.dev\/sv\/#\/schema\/logo\/image\/"},"sameAs":["https:\/\/linkedin.com\/imagebank-independent"]}]}},"_links":{"self":[{"href":"https:\/\/imagebank.staging.mediasignal.dev\/sv\/wp-json\/wp\/v2\/pages\/6173","targetHints":{"allow":["GET"]}}],"collection":[{"href":"https:\/\/imagebank.staging.mediasignal.dev\/sv\/wp-json\/wp\/v2\/pages"}],"about":[{"href":"https:\/\/imagebank.staging.mediasignal.dev\/sv\/wp-json\/wp\/v2\/types\/page"}],"author":[{"embeddable":true,"href":"https:\/\/imagebank.staging.mediasignal.dev\/sv\/wp-json\/wp\/v2\/users\/1"}],"replies":[{"embeddable":true,"href":"https:\/\/imagebank.staging.mediasignal.dev\/sv\/wp-json\/wp\/v2\/comments?post=6173"}],"version-history":[{"count":8,"href":"https:\/\/imagebank.staging.mediasignal.dev\/sv\/wp-json\/wp\/v2\/pages\/6173\/revisions"}],"predecessor-version":[{"id":7083,"href":"https:\/\/imagebank.staging.mediasignal.dev\/sv\/wp-json\/wp\/v2\/pages\/6173\/revisions\/7083"}],"wp:featuredmedia":[{"embeddable":true,"href":"https:\/\/imagebank.staging.mediasignal.dev\/sv\/wp-json\/wp\/v2\/media\/6175"}],"wp:attachment":[{"href":"https:\/\/imagebank.staging.mediasignal.dev\/sv\/wp-json\/wp\/v2\/media?parent=6173"}],"curies":[{"name":"wp","href":"https:\/\/api.w.org\/{rel}","templated":true}]}}