{"id":6149,"date":"2025-03-11T09:18:07","date_gmt":"2025-03-11T09:18:07","guid":{"rendered":"https:\/\/imagebank.staging.mediasignal.dev\/solutions\/it\/"},"modified":"2025-05-21T10:15:42","modified_gmt":"2025-05-21T10:15:42","slug":"dam-for-it","status":"publish","type":"page","link":"https:\/\/imagebank.staging.mediasignal.dev\/sv\/losningar\/dam-for-it\/","title":{"rendered":"DAM f\u00f6r IT"},"content":{"rendered":"<div \n    class=\"relative flex flex-col xs:flex-row py-14\">\n        <div\n        class=\"-z-50 pointer-events-none absolute left-1\/2 w-screen -translate-x-1\/2  bg-gradient-to-t from-white to-tetriary -top-14 bottom-0\">\n    <\/div>\n    <div class=\"relative z-10 md:mt-10 lg:mt-20 xs:w-3\/5\">\n                <div class=\"border border-white text-white rounded-full w-fit px-4 py-2 mb-4\">\n            IT\n        <\/div>\n                <h1 class=\"z-10 mb-8 font-extrabold text-4xl sm:text-5xl md:text-7xl xl:text-8xl text-primary\">\n            ImageBank X DAM f\u00f6r IT\n        <\/h1>\n                <p class=\"mb-6\">\n            S\u00e4ker, skalbar, smart &#8211; IT-godk\u00e4nd DAM f\u00f6r\n            <span class=\"font-bold text-transparent bg-gradient-to-r from-primary to-secondary bg-clip-text\">\n                s\u00f6ml\u00f6s hantering av digitala tillg\u00e5ngar.\n            <\/span>\n        <\/p>\n                        <div class=\"flex flex-wrap gap-2 md:gap-4\">\n                        <a href=\"https:\/\/imagebank.staging.mediasignal.dev\/sv\/boka-en-kostnadsfri-demo\/\" target=\"\"\n                class=\"flex text-sm md:text-base w-fit text-white items-center pl-6 pr-4 py-3 rounded-lg bg-gradient-to-r from-primary to-secondary transition ease-in-out hover:scale-102 duration-300\">\n                Boka en gratis demo\n                <span class=\"min-w-4 min-h-4 ml-2\">\n                    <svg xmlns=\"http:\/\/www.w3.org\/2000\/svg\" fill=\"none\" viewBox=\"0 0 24 24\" stroke-width=\"1.5\" stroke=\"currentColor\" class=\"size-6\">\n  <path stroke-linecap=\"round\" stroke-linejoin=\"round\" d=\"M13.5 4.5 21 12m0 0-7.5 7.5M21 12H3\" \/>\n<\/svg>\n\n                <\/span>\n            <\/a>\n                        <a href=\"https:\/\/imagebank.staging.mediasignal.dev\/sv\/prova-gratis-i-30-dagar\/\" target=\"\"\n                class=\"flex text-sm md:text-base w-fit text-white items-center pl-6 pr-4 py-3 rounded-lg bg-gradient-to-r from-black to-gray-500 transition ease-in-out hover:scale-102 duration-300\">\n                Prova 30 dagar gratis\n                <span class=\"min-w-4 min-h-4 ml-2\">\n                    <svg xmlns=\"http:\/\/www.w3.org\/2000\/svg\" fill=\"none\" viewBox=\"0 0 24 24\" stroke-width=\"1.5\" stroke=\"currentColor\" class=\"size-6\">\n  <path stroke-linecap=\"round\" stroke-linejoin=\"round\" d=\"M13.5 4.5 21 12m0 0-7.5 7.5M21 12H3\" \/>\n<\/svg>\n\n                <\/span>\n            <\/a>\n                    <\/div>\n            <\/div>\n        <div class=\"hidden xs:block relative -z-10 w-2\/5 -my-12\">\n        <img class=\"absolute bottom-0 left-0 -top-8 min-w-full max-w-none h-full object-contain\"\n            srcset=\"https:\/\/imagebank.staging.mediasignal.dev\/wp-content\/uploads\/2025\/03\/Hero-11-278x300.webp 278w, https:\/\/imagebank.staging.mediasignal.dev\/wp-content\/uploads\/2025\/03\/Hero-11-949x1024.webp 949w, https:\/\/imagebank.staging.mediasignal.dev\/wp-content\/uploads\/2025\/03\/Hero-11-768x828.webp 768w, https:\/\/imagebank.staging.mediasignal.dev\/wp-content\/uploads\/2025\/03\/Hero-11.webp 1119w\" alt=\"Secure DAM platform interface for storing and managing digital assets\" \/>\n    <\/div>\n    <div class=\"block xs:hidden\">\n        <img srcset=\"https:\/\/imagebank.staging.mediasignal.dev\/wp-content\/uploads\/2025\/03\/Hero-11-278x300.webp 278w, https:\/\/imagebank.staging.mediasignal.dev\/wp-content\/uploads\/2025\/03\/Hero-11-949x1024.webp 949w, https:\/\/imagebank.staging.mediasignal.dev\/wp-content\/uploads\/2025\/03\/Hero-11-768x828.webp 768w, https:\/\/imagebank.staging.mediasignal.dev\/wp-content\/uploads\/2025\/03\/Hero-11.webp 1119w\" alt=\"Secure DAM platform interface for storing and managing digital assets\" \/>\n    <\/div>\n    <\/div>\n\n<div style=\"height: 4rem;\"><\/div>\n\n\n<section id=\"Section\" class=\"content-wrap \">\n    \n\n<h2 class=\"wp-block-heading has-text-align-center\"><strong>Varf\u00f6r beh\u00f6ver IT-team en mediabank?<\/strong><\/h2>\n\n\n<\/section>\n\n\n\n<section >\n    <div\n        class=\"flex flex-col-reverse md:flex-row-reverse mx-auto gap-8 py-12\">\n        <div class=\"flex flex-col self-center lg:px-12 md:w-1\/2\">\n                        <h2 class=\"mb-6 font-bold text-center\">Utmaning att hantera och skydda stora m\u00e4ngder material?<\/h2>\n                                    <p class=\"mb-6 text-center\">F\u00f6r IT-team kan det vara en utmaning att hantera stora volymer digitala tillg\u00e5ngar och samtidigt s\u00e4kerst\u00e4lla s\u00e4kerhet och efterlevnad. DAM tillhandah\u00e5ller kryptering, rollbaserade beh\u00f6righeter och detaljerade verifieringskedjor f\u00f6r att skydda k\u00e4nsliga mediefiler. Med molnbaserad skalbarhet och integrationsfunktioner kan IT-team s\u00e4kerst\u00e4lla s\u00f6ml\u00f6s lagring av tillg\u00e5ngar, \u00e5tkomst och s\u00e4kerhet i hela organisationen.<\/p>\n                                <\/div>\n        <div class=\"flex md:w-1\/2\">\n                        <img decoding=\"async\" class=\"object-contain rounded-xl transition ease-in-out hover:scale-105 duration-300\"\n                src=\"https:\/\/imagebank.staging.mediasignal.dev\/wp-content\/uploads\/2025\/03\/AccessLevels.webp\" alt=\"Access Levels\" \/>\n                    <\/div>\n    <\/div>\n<\/section>\n\n\n\n<section >\n    <div\n        class=\"flex flex-col-reverse md:flex-row mx-auto gap-8 py-12\">\n        <div class=\"flex flex-col self-center lg:px-12 md:w-1\/2\">\n                        <h2 class=\"mb-6 font-bold text-center\">Saknar din IT-infrastruktur s\u00f6ml\u00f6s tillg\u00e5ngshantering?<\/h2>\n                                    <p class=\"mb-6 text-center\">DAM \u00e4r inte bara en frist\u00e5ende l\u00f6sning &#8211; den integreras s\u00f6ml\u00f6st med befintliga IT-ekosystem, eftersom ImageBank kan integreras via Rest API i alla kunders systemgr\u00e4nssnitt. Genom att minska komplexiteten i hanteringen av tillg\u00e5ngar kan IT-team optimera arbetsfl\u00f6den, automatisera processer och eliminera behovet av fragmenterade lagringsl\u00f6sningar.<\/p>\n                                <\/div>\n        <div class=\"flex md:w-1\/2\">\n                        <img decoding=\"async\" class=\"object-contain rounded-xl transition ease-in-out hover:scale-105 duration-300\"\n                src=\"https:\/\/imagebank.staging.mediasignal.dev\/wp-content\/uploads\/2025\/03\/Partofyourdigitalecosystem-1.webp\" alt=\"Dashboard showcasing seamless integration of ImageBank X DAM with popular business tools\" \/>\n                    <\/div>\n    <\/div>\n<\/section>\n\n<div style=\"height: 4rem;\"><\/div>\n\n\n<section id=\"Section\" class=\"content-wrap \">\n    \n\n<h2 class=\"wp-block-heading has-text-align-center\"><strong>Ett mediabank \u00e4r en IT-v\u00e4nlig plattform som f\u00f6rb\u00e4ttrar s\u00e4kerheten, optimerar infrastrukturen och effektiviserar digitala arbetsfl\u00f6den.  <\/strong><\/h2>\n\n\n\n<p class=\"has-text-align-center\">Genom att tillhandah\u00e5lla en centraliserad, molnbaserad hubb f\u00f6r tillg\u00e5ngshantering kan IT-team minska de operativa kostnaderna, minimera s\u00e4kerhetsriskerna och integrera s\u00f6ml\u00f6st med f\u00f6retagets verktyg.<\/p>\n\n\n\n<p class=\"has-text-align-center\"><a href=\"https:\/\/imagebank.staging.mediasignal.dev\/sv\/mediabank\/integrera\/integrationsmojligheter-for-imagebank-x\/\">L\u00e4s mer om alla integrationsm\u00f6jligheter.<\/a><\/p>\n\n\n<\/section>\n\n<div style=\"height: 4rem;\"><\/div>\n\n\n<section \n    class=\"relative py-14\">\n            <div class=\"flex gap-6 justify-between flex-col md:flex-row bg-black text-white rounded-xl p-6 md:py-12 md:px-10\">\n        <div>\n            <h3 class=\"font-bold\">S\u00f6ml\u00f6s integrering av ImageBank X mediabank<\/h3>\n                        <div class=\"flex\">\n                <span class=\"min-w-5 min-h-5 mr-2 mt-1\">\n                    <svg xmlns=\"http:\/\/www.w3.org\/2000\/svg\" fill=\"none\" viewBox=\"0 0 24 24\" stroke-width=\"1.5\" stroke=\"currentColor\" class=\"size-6\">\n  <path stroke-linecap=\"round\" stroke-linejoin=\"round\" d=\"m4.5 12.75 6 6 9-13.5\" \/>\n<\/svg>\n\n                <\/span>\n                <p class=\"m-0\">ImageBank X plugins<\/p>\n            <\/div>\n                        <div class=\"flex\">\n                <span class=\"min-w-5 min-h-5 mr-2 mt-1\">\n                    <svg xmlns=\"http:\/\/www.w3.org\/2000\/svg\" fill=\"none\" viewBox=\"0 0 24 24\" stroke-width=\"1.5\" stroke=\"currentColor\" class=\"size-6\">\n  <path stroke-linecap=\"round\" stroke-linejoin=\"round\" d=\"m4.5 12.75 6 6 9-13.5\" \/>\n<\/svg>\n\n                <\/span>\n                <p class=\"m-0\">Integrera med programvara fr\u00e5n tredje part med hj\u00e4lp av v\u00e5rt REST API f\u00f6r anpassade l\u00f6sningar<\/p>\n            <\/div>\n                        <div class=\"flex\">\n                <span class=\"min-w-5 min-h-5 mr-2 mt-1\">\n                    <svg xmlns=\"http:\/\/www.w3.org\/2000\/svg\" fill=\"none\" viewBox=\"0 0 24 24\" stroke-width=\"1.5\" stroke=\"currentColor\" class=\"size-6\">\n  <path stroke-linecap=\"round\" stroke-linejoin=\"round\" d=\"m4.5 12.75 6 6 9-13.5\" \/>\n<\/svg>\n\n                <\/span>\n                <p class=\"m-0\">En del av den tekniska stacken<\/p>\n            <\/div>\n                    <\/div>\n        <a href=\"https:\/\/imagebank.staging.mediasignal.dev\/sv\/mediabank\/integrera\/\" target=\"\"\n            class=\"flex font-bold self-center h-fit w-fit p-4 rounded-lg bg-gradient-to-r from-primary to-secondary transition ease-in-out hover:scale-105 duration-300\">\n            L\u00e4s mer om integrationer\n        <\/a>\n    <\/div>\n    <\/section>\n\n\n\n<div style=\"height: 4rem;\"><\/div>\n\n\n<section id=\"Section\" class=\"content-wrap \">\n    \n\n<h2 class=\"wp-block-heading has-text-align-center\"><strong>Rekommenderat inneh\u00e5ll f\u00f6r IT<\/strong><\/h2>\n\n\n<\/section>\n\n\n<section class=\"relative\" >\n        <div\n        class=\"-z-50 pointer-events-none absolute left-1\/2 w-screen -translate-x-1\/2 bg-gradient-to-b from-white to-tetriary top-0 bottom-0\">\n    <\/div>\n    <div class=\"flex flex-wrap gap-4 pt-12 pb-20\">\n        \n        <div class=\"flex-1 min-w-64 transition ease-in-out hover:scale-102 duration-300\">\n            <a href=\"https:\/\/imagebank.staging.mediasignal.dev\/sv\/blogg\/forbattra-kundupplevelserna-med-pim-och-dam-varfor-integration-ar-en-game-changer\/\" aria-label=\"F\u00f6rb\u00e4ttra kundupplevelserna med PIM och DAM: Varf\u00f6r integration \u00e4r en Game-Changer\">\n                <img decoding=\"async\" class=\"h-60 w-full object-cover\" src=\"https:\/\/imagebank.staging.mediasignal.dev\/wp-content\/uploads\/2025\/03\/Boost_Custome_-Experiences_with_PIM_and_DAM.webp\"\n                    alt=\"\" \/>\n                <div class=\"bg-white p-8 rounded-b-xl text-center\">\n                    <p class=\"text-black text-lg font-bold mb-12\">F\u00f6rb\u00e4ttra kundupplevelserna med PIM och DAM: Varf\u00f6r integration \u00e4r en Game-Changer<\/p>\n                    <p class=\"text-lg underline mb-0\">L\u00e4s mer<\/p>\n                <\/div>\n            <\/a>\n        <\/div>\n        \n        <div class=\"flex-1 min-w-64 transition ease-in-out hover:scale-102 duration-300\">\n            <a href=\"https:\/\/imagebank.staging.mediasignal.dev\/sv\/blogg\/sakerstalla-dataskydd-och-integritet-gdpr-i-mediabank\/\" aria-label=\"S\u00e4kerst\u00e4lla dataskydd och integritet (GDPR) i mediabank\">\n                <img decoding=\"async\" class=\"h-60 w-full object-cover\" src=\"https:\/\/imagebank.staging.mediasignal.dev\/wp-content\/uploads\/2025\/03\/Ensuring_data_protection_and_privacy_GDPR_in_DAM_solution.webp\"\n                    alt=\"\" \/>\n                <div class=\"bg-white p-8 rounded-b-xl text-center\">\n                    <p class=\"text-black text-lg font-bold mb-12\">S\u00e4kerst\u00e4lla dataskydd och integritet (GDPR) i mediabank<\/p>\n                    <p class=\"text-lg underline mb-0\">L\u00e4s mer<\/p>\n                <\/div>\n            <\/a>\n        <\/div>\n        \n        <div class=\"flex-1 min-w-64 transition ease-in-out hover:scale-102 duration-300\">\n            <a href=\"https:\/\/imagebank.staging.mediasignal.dev\/sv\/blogg\/att-integrera-applikationer-i-en-mediabank-via-ett-api-oppnar-upp-for-manga-mojligheter\/\" aria-label=\"Att integrera applikationer i en mediabank via ett API \u00f6ppnar upp f\u00f6r m\u00e5nga m\u00f6jligheter\">\n                <img decoding=\"async\" class=\"h-60 w-full object-cover\" src=\"https:\/\/imagebank.staging.mediasignal.dev\/wp-content\/uploads\/2025\/03\/Integrating_applications_into_a_DAM_solution_via_an_API_opens_up_many_possibilities.webp\"\n                    alt=\"\" \/>\n                <div class=\"bg-white p-8 rounded-b-xl text-center\">\n                    <p class=\"text-black text-lg font-bold mb-12\">Att integrera applikationer i en mediabank via ett API \u00f6ppnar upp f\u00f6r m\u00e5nga m\u00f6jligheter<\/p>\n                    <p class=\"text-lg underline mb-0\">L\u00e4s mer<\/p>\n                <\/div>\n            <\/a>\n        <\/div>\n            <\/div>\n<\/section>\n\n<section \n    class=\"relative pt-20 md:pt-32 pb-12 md:pb-20\">\n            <div\n        class=\"-z-50 pointer-events-none absolute left-1\/2 w-screen -translate-x-1\/2 bg-gradient-to-b from-white to-tetriary top-0 bottom-0\">\n    <\/div>\n            <div class=\"content-wrap\">\n        <h2 class=\"h1 font-bold text-center\">Kom ig\u00e5ng redan idag!<\/h2>\n        <p class=\"text-center md:text-xl\">Om du \u00e4r redo att ta din digitala tillg\u00e5ngshantering till n\u00e4sta niv\u00e5 finns v\u00e5rt team h\u00e4r f\u00f6r att hj\u00e4lpa dig.<\/p>\n        <a href=\"https:\/\/imagebank.staging.mediasignal.dev\/sv\/boka-en-kostnadsfri-demo\/\" target=\"\"\n            class=\"flex text-white font-bold h-fit w-fit p-4 rounded-lg bg-gradient-to-r from-primary to-secondary transition ease-in-out hover:scale-105 duration-300 mx-auto\">\n            Boka en gratis demo\n        <\/a>\n        <img decoding=\"async\" class=\"hidden md:block absolute max-w-96 top-0 -left-60 bottom-0 max-h-full\"\n            src=\"\/wp-content\/themes\/imagebank\/assets\/images\/muoto.webp\" alt=\"Purple twisting shape\" \/>\n    <\/div>\n    <\/section>\n\n","protected":false},"excerpt":{"rendered":"","protected":false},"author":1,"featured_media":6150,"parent":6118,"menu_order":0,"comment_status":"closed","ping_status":"closed","template":"","meta":{"_acf_changed":false,"_improvement_type_select":"improve_an_existing","_thumb_yes_seoaic":false,"_frame_yes_seoaic":false,"seoaic_generate_description":"","seoaic_improve_instructions_prompt":"","seoaic_rollback_content_improvement":"","seoaic_idea_thumbnail_generator":"","thumbnail_generated":false,"thumbnail_generate_prompt":"","seoaic_article_description":"","footnotes":""},"class_list":["post-6149","page","type-page","status-publish","has-post-thumbnail","hentry"],"acf":[],"yoast_head":"<!-- This site is optimized with the Yoast SEO plugin v25.2 - https:\/\/yoast.com\/wordpress\/plugins\/seo\/ -->\n<title>DAM f\u00f6r IT - ImageBank X<\/title>\n<meta name=\"description\" content=\"ImageBank X DAM f\u00f6r IT erbjuder s\u00e4ker och skalbar tillg\u00e5ngshantering med kryptering, API-integration och centraliserad kontroll. Uppt\u00e4ck mer!\" \/>\n<meta name=\"robots\" content=\"index, follow, max-snippet:-1, max-image-preview:large, max-video-preview:-1\" \/>\n<link rel=\"canonical\" href=\"https:\/\/imagebank.staging.mediasignal.dev\/sv\/losningar\/dam-for-it\/\" \/>\n<meta property=\"og:locale\" content=\"sv_SE\" \/>\n<meta property=\"og:type\" content=\"article\" \/>\n<meta property=\"og:title\" content=\"DAM f\u00f6r IT - ImageBank X\" \/>\n<meta property=\"og:description\" content=\"ImageBank X DAM f\u00f6r IT erbjuder s\u00e4ker och skalbar tillg\u00e5ngshantering med kryptering, API-integration och centraliserad kontroll. Uppt\u00e4ck mer!\" \/>\n<meta property=\"og:url\" content=\"https:\/\/imagebank.staging.mediasignal.dev\/sv\/losningar\/dam-for-it\/\" \/>\n<meta property=\"og:site_name\" content=\"ImageBank X DAM\" \/>\n<meta property=\"article:modified_time\" content=\"2025-05-21T10:15:42+00:00\" \/>\n<meta property=\"og:image\" content=\"https:\/\/imagebank.staging.mediasignal.dev\/app\/uploads\/2025\/03\/Woman-with-laptop-1-3.webp\" \/>\n\t<meta property=\"og:image:width\" content=\"1119\" \/>\n\t<meta property=\"og:image:height\" content=\"1382\" \/>\n\t<meta property=\"og:image:type\" content=\"image\/webp\" \/>\n<meta name=\"twitter:card\" content=\"summary_large_image\" \/>\n<meta name=\"twitter:label1\" content=\"Est. reading time\" \/>\n\t<meta name=\"twitter:data1\" content=\"1 minute\" \/>\n<script type=\"application\/ld+json\" class=\"yoast-schema-graph\">{\"@context\":\"https:\/\/schema.org\",\"@graph\":[{\"@type\":\"WebPage\",\"@id\":\"https:\/\/imagebank.staging.mediasignal.dev\/sv\/losningar\/dam-for-it\/\",\"url\":\"https:\/\/imagebank.staging.mediasignal.dev\/sv\/losningar\/dam-for-it\/\",\"name\":\"DAM f\u00f6r IT - ImageBank X\",\"isPartOf\":{\"@id\":\"https:\/\/imagebank.staging.mediasignal.dev\/sv\/#website\"},\"primaryImageOfPage\":{\"@id\":\"https:\/\/imagebank.staging.mediasignal.dev\/sv\/losningar\/dam-for-it\/#primaryimage\"},\"image\":{\"@id\":\"https:\/\/imagebank.staging.mediasignal.dev\/sv\/losningar\/dam-for-it\/#primaryimage\"},\"thumbnailUrl\":\"https:\/\/imagebank.staging.mediasignal.dev\/wp-content\/uploads\/2025\/03\/Woman-with-laptop-1-3.webp\",\"datePublished\":\"2025-03-11T09:18:07+00:00\",\"dateModified\":\"2025-05-21T10:15:42+00:00\",\"description\":\"ImageBank X DAM f\u00f6r IT erbjuder s\u00e4ker och skalbar tillg\u00e5ngshantering med kryptering, API-integration och centraliserad kontroll. Uppt\u00e4ck mer!\",\"breadcrumb\":{\"@id\":\"https:\/\/imagebank.staging.mediasignal.dev\/sv\/losningar\/dam-for-it\/#breadcrumb\"},\"inLanguage\":\"sv-SE\",\"potentialAction\":[{\"@type\":\"ReadAction\",\"target\":[\"https:\/\/imagebank.staging.mediasignal.dev\/sv\/losningar\/dam-for-it\/\"]}]},{\"@type\":\"ImageObject\",\"inLanguage\":\"sv-SE\",\"@id\":\"https:\/\/imagebank.staging.mediasignal.dev\/sv\/losningar\/dam-for-it\/#primaryimage\",\"url\":\"https:\/\/imagebank.staging.mediasignal.dev\/wp-content\/uploads\/2025\/03\/Woman-with-laptop-1-3.webp\",\"contentUrl\":\"https:\/\/imagebank.staging.mediasignal.dev\/wp-content\/uploads\/2025\/03\/Woman-with-laptop-1-3.webp\",\"width\":1119,\"height\":1382,\"caption\":\"ImageBank X is a secure and scalable DAM solution that integrates with your IT infrastructure\u2014simplify asset management with API-ready tools.\"},{\"@type\":\"BreadcrumbList\",\"@id\":\"https:\/\/imagebank.staging.mediasignal.dev\/sv\/losningar\/dam-for-it\/#breadcrumb\",\"itemListElement\":[{\"@type\":\"ListItem\",\"position\":1,\"name\":\"Home\",\"item\":\"https:\/\/imagebank.staging.mediasignal.dev\/sv\/\"},{\"@type\":\"ListItem\",\"position\":2,\"name\":\"L\u00f6sningar\",\"item\":\"https:\/\/imagebank.staging.mediasignal.dev\/sv\/losningar\/\"},{\"@type\":\"ListItem\",\"position\":3,\"name\":\"DAM f\u00f6r IT\"}]},{\"@type\":\"WebSite\",\"@id\":\"https:\/\/imagebank.staging.mediasignal.dev\/sv\/#website\",\"url\":\"https:\/\/imagebank.staging.mediasignal.dev\/sv\/\",\"name\":\"ImageBank X\",\"description\":\"\",\"publisher\":{\"@id\":\"https:\/\/imagebank.staging.mediasignal.dev\/sv\/#organization\"},\"potentialAction\":[{\"@type\":\"SearchAction\",\"target\":{\"@type\":\"EntryPoint\",\"urlTemplate\":\"https:\/\/imagebank.staging.mediasignal.dev\/sv\/?s={search_term_string}\"},\"query-input\":{\"@type\":\"PropertyValueSpecification\",\"valueRequired\":true,\"valueName\":\"search_term_string\"}}],\"inLanguage\":\"sv-SE\"},{\"@type\":\"Organization\",\"@id\":\"https:\/\/imagebank.staging.mediasignal.dev\/sv\/#organization\",\"name\":\"ImageBank X\",\"url\":\"https:\/\/imagebank.staging.mediasignal.dev\/sv\/\",\"logo\":{\"@type\":\"ImageObject\",\"inLanguage\":\"sv-SE\",\"@id\":\"https:\/\/imagebank.staging.mediasignal.dev\/sv\/#\/schema\/logo\/image\/\",\"url\":\"https:\/\/imagebank.staging.mediasignal.dev\/app\/uploads\/2025\/03\/cropped-favicon.png\",\"contentUrl\":\"https:\/\/imagebank.staging.mediasignal.dev\/app\/uploads\/2025\/03\/cropped-favicon.png\",\"width\":512,\"height\":512,\"caption\":\"ImageBank X\"},\"image\":{\"@id\":\"https:\/\/imagebank.staging.mediasignal.dev\/sv\/#\/schema\/logo\/image\/\"},\"sameAs\":[\"https:\/\/linkedin.com\/imagebank-independent\"]}]}<\/script>\n<!-- \/ Yoast SEO plugin. -->","yoast_head_json":{"title":"DAM f\u00f6r IT - ImageBank X","description":"ImageBank X DAM f\u00f6r IT erbjuder s\u00e4ker och skalbar tillg\u00e5ngshantering med kryptering, API-integration och centraliserad kontroll. Uppt\u00e4ck mer!","robots":{"index":"index","follow":"follow","max-snippet":"max-snippet:-1","max-image-preview":"max-image-preview:large","max-video-preview":"max-video-preview:-1"},"canonical":"https:\/\/imagebank.staging.mediasignal.dev\/sv\/losningar\/dam-for-it\/","og_locale":"sv_SE","og_type":"article","og_title":"DAM f\u00f6r IT - ImageBank X","og_description":"ImageBank X DAM f\u00f6r IT erbjuder s\u00e4ker och skalbar tillg\u00e5ngshantering med kryptering, API-integration och centraliserad kontroll. Uppt\u00e4ck mer!","og_url":"https:\/\/imagebank.staging.mediasignal.dev\/sv\/losningar\/dam-for-it\/","og_site_name":"ImageBank X DAM","article_modified_time":"2025-05-21T10:15:42+00:00","og_image":[{"width":1119,"height":1382,"url":"https:\/\/imagebank.staging.mediasignal.dev\/app\/uploads\/2025\/03\/Woman-with-laptop-1-3.webp","type":"image\/webp"}],"twitter_card":"summary_large_image","twitter_misc":{"Est. reading time":"1 minute"},"schema":{"@context":"https:\/\/schema.org","@graph":[{"@type":"WebPage","@id":"https:\/\/imagebank.staging.mediasignal.dev\/sv\/losningar\/dam-for-it\/","url":"https:\/\/imagebank.staging.mediasignal.dev\/sv\/losningar\/dam-for-it\/","name":"DAM f\u00f6r IT - ImageBank X","isPartOf":{"@id":"https:\/\/imagebank.staging.mediasignal.dev\/sv\/#website"},"primaryImageOfPage":{"@id":"https:\/\/imagebank.staging.mediasignal.dev\/sv\/losningar\/dam-for-it\/#primaryimage"},"image":{"@id":"https:\/\/imagebank.staging.mediasignal.dev\/sv\/losningar\/dam-for-it\/#primaryimage"},"thumbnailUrl":"https:\/\/imagebank.staging.mediasignal.dev\/wp-content\/uploads\/2025\/03\/Woman-with-laptop-1-3.webp","datePublished":"2025-03-11T09:18:07+00:00","dateModified":"2025-05-21T10:15:42+00:00","description":"ImageBank X DAM f\u00f6r IT erbjuder s\u00e4ker och skalbar tillg\u00e5ngshantering med kryptering, API-integration och centraliserad kontroll. Uppt\u00e4ck mer!","breadcrumb":{"@id":"https:\/\/imagebank.staging.mediasignal.dev\/sv\/losningar\/dam-for-it\/#breadcrumb"},"inLanguage":"sv-SE","potentialAction":[{"@type":"ReadAction","target":["https:\/\/imagebank.staging.mediasignal.dev\/sv\/losningar\/dam-for-it\/"]}]},{"@type":"ImageObject","inLanguage":"sv-SE","@id":"https:\/\/imagebank.staging.mediasignal.dev\/sv\/losningar\/dam-for-it\/#primaryimage","url":"https:\/\/imagebank.staging.mediasignal.dev\/wp-content\/uploads\/2025\/03\/Woman-with-laptop-1-3.webp","contentUrl":"https:\/\/imagebank.staging.mediasignal.dev\/wp-content\/uploads\/2025\/03\/Woman-with-laptop-1-3.webp","width":1119,"height":1382,"caption":"ImageBank X is a secure and scalable DAM solution that integrates with your IT infrastructure\u2014simplify asset management with API-ready tools."},{"@type":"BreadcrumbList","@id":"https:\/\/imagebank.staging.mediasignal.dev\/sv\/losningar\/dam-for-it\/#breadcrumb","itemListElement":[{"@type":"ListItem","position":1,"name":"Home","item":"https:\/\/imagebank.staging.mediasignal.dev\/sv\/"},{"@type":"ListItem","position":2,"name":"L\u00f6sningar","item":"https:\/\/imagebank.staging.mediasignal.dev\/sv\/losningar\/"},{"@type":"ListItem","position":3,"name":"DAM f\u00f6r IT"}]},{"@type":"WebSite","@id":"https:\/\/imagebank.staging.mediasignal.dev\/sv\/#website","url":"https:\/\/imagebank.staging.mediasignal.dev\/sv\/","name":"ImageBank X","description":"","publisher":{"@id":"https:\/\/imagebank.staging.mediasignal.dev\/sv\/#organization"},"potentialAction":[{"@type":"SearchAction","target":{"@type":"EntryPoint","urlTemplate":"https:\/\/imagebank.staging.mediasignal.dev\/sv\/?s={search_term_string}"},"query-input":{"@type":"PropertyValueSpecification","valueRequired":true,"valueName":"search_term_string"}}],"inLanguage":"sv-SE"},{"@type":"Organization","@id":"https:\/\/imagebank.staging.mediasignal.dev\/sv\/#organization","name":"ImageBank X","url":"https:\/\/imagebank.staging.mediasignal.dev\/sv\/","logo":{"@type":"ImageObject","inLanguage":"sv-SE","@id":"https:\/\/imagebank.staging.mediasignal.dev\/sv\/#\/schema\/logo\/image\/","url":"https:\/\/imagebank.staging.mediasignal.dev\/app\/uploads\/2025\/03\/cropped-favicon.png","contentUrl":"https:\/\/imagebank.staging.mediasignal.dev\/app\/uploads\/2025\/03\/cropped-favicon.png","width":512,"height":512,"caption":"ImageBank X"},"image":{"@id":"https:\/\/imagebank.staging.mediasignal.dev\/sv\/#\/schema\/logo\/image\/"},"sameAs":["https:\/\/linkedin.com\/imagebank-independent"]}]}},"_links":{"self":[{"href":"https:\/\/imagebank.staging.mediasignal.dev\/sv\/wp-json\/wp\/v2\/pages\/6149","targetHints":{"allow":["GET"]}}],"collection":[{"href":"https:\/\/imagebank.staging.mediasignal.dev\/sv\/wp-json\/wp\/v2\/pages"}],"about":[{"href":"https:\/\/imagebank.staging.mediasignal.dev\/sv\/wp-json\/wp\/v2\/types\/page"}],"author":[{"embeddable":true,"href":"https:\/\/imagebank.staging.mediasignal.dev\/sv\/wp-json\/wp\/v2\/users\/1"}],"replies":[{"embeddable":true,"href":"https:\/\/imagebank.staging.mediasignal.dev\/sv\/wp-json\/wp\/v2\/comments?post=6149"}],"version-history":[{"count":4,"href":"https:\/\/imagebank.staging.mediasignal.dev\/sv\/wp-json\/wp\/v2\/pages\/6149\/revisions"}],"predecessor-version":[{"id":6933,"href":"https:\/\/imagebank.staging.mediasignal.dev\/sv\/wp-json\/wp\/v2\/pages\/6149\/revisions\/6933"}],"up":[{"embeddable":true,"href":"https:\/\/imagebank.staging.mediasignal.dev\/sv\/wp-json\/wp\/v2\/pages\/6118"}],"wp:featuredmedia":[{"embeddable":true,"href":"https:\/\/imagebank.staging.mediasignal.dev\/sv\/wp-json\/wp\/v2\/media\/6150"}],"wp:attachment":[{"href":"https:\/\/imagebank.staging.mediasignal.dev\/sv\/wp-json\/wp\/v2\/media?parent=6149"}],"curies":[{"name":"wp","href":"https:\/\/api.w.org\/{rel}","templated":true}]}}