{"id":6115,"date":"2025-03-18T09:10:52","date_gmt":"2025-03-18T09:10:52","guid":{"rendered":"https:\/\/imagebank.staging.mediasignal.dev\/compare-the-service-levels-of-imagebank-x-to-find-the-best-fit-for-your-needs\/"},"modified":"2025-09-11T07:27:17","modified_gmt":"2025-09-11T07:27:17","slug":"jamfor-servicenivaerna-for-imagebank-x-och-hitta-ratt-losning-for-dig","status":"publish","type":"page","link":"https:\/\/imagebank.staging.mediasignal.dev\/sv\/resurser\/guider\/jamfor-servicenivaerna-for-imagebank-x-och-hitta-ratt-losning-for-dig\/","title":{"rendered":"J\u00e4mf\u00f6r serviceniv\u00e5erna f\u00f6r ImageBank X DAM f\u00f6r att hitta det som passar b\u00e4st f\u00f6r dina behov"},"content":{"rendered":"<div \n    class=\"relative flex flex-col xs:flex-row py-14\">\n        <div\n        class=\"-z-50 pointer-events-none absolute left-1\/2 w-screen -translate-x-1\/2  bg-gradient-to-t from-white to-tetriary -top-14 bottom-0\">\n    <\/div>\n    <div class=\"relative z-10 md:mt-10 lg:mt-20 xs:w-3\/5\">\n                <div class=\"border border-white text-white rounded-full w-fit px-4 py-2 mb-4\">\n            Funktionslista\n        <\/div>\n                <h1 class=\"z-10 mb-8 font-extrabold text-4xl sm:text-5xl md:text-7xl xl:text-8xl text-primary\">\n            J\u00e4mf\u00f6r tj\u00e4nsteniv\u00e5erna\n        <\/h1>\n                <p class=\"mb-6\">\n            Os\u00e4ker p\u00e5 vilken ImageBank X-plan som passar dig b\u00e4st? Vi har gjort det enkelt med en enkel j\u00e4mf\u00f6relse-PDF som f\u00f6rklarar allt \n            <span class=\"font-bold text-transparent bg-gradient-to-r from-primary to-secondary bg-clip-text\">\n                \u2013 funktioner, lagring och mer.\n            <\/span>\n        <\/p>\n                    <\/div>\n        <div class=\"hidden xs:block relative -z-10 w-2\/5 -my-12\">\n        <img class=\"absolute bottom-0 left-0 -top-8 min-w-full max-w-none h-full object-contain\"\n            srcset=\"https:\/\/imagebank.staging.mediasignal.dev\/wp-content\/uploads\/2025\/03\/Download-Full-Feature-List-300x280.webp 300w, https:\/\/imagebank.staging.mediasignal.dev\/wp-content\/uploads\/2025\/03\/Download-Full-Feature-List.webp 526w\" alt=\"DAM service level comparison guide \u2013 choose the right ImageBank X plan\" \/>\n    <\/div>\n    <div class=\"block xs:hidden\">\n        <img srcset=\"https:\/\/imagebank.staging.mediasignal.dev\/wp-content\/uploads\/2025\/03\/Download-Full-Feature-List-300x280.webp 300w, https:\/\/imagebank.staging.mediasignal.dev\/wp-content\/uploads\/2025\/03\/Download-Full-Feature-List.webp 526w\" alt=\"DAM service level comparison guide \u2013 choose the right ImageBank X plan\" \/>\n    <\/div>\n    <\/div>\n\n<div style=\"height: 4rem;\"><\/div>\n\n\n\n<h2 class=\"wp-block-heading has-text-align-center\"><strong>Ladda ner den fullst\u00e4ndiga funktionslistan f\u00f6r ImageBank X<\/strong> <strong>DAM<\/strong><\/h2>\n\n\n<div style=\"height: 4rem;\"><\/div>\n\n\n\n<div class=\"wp-block-columns is-layout-flex wp-container-core-columns-is-layout-9d6595d7 wp-block-columns-is-layout-flex\">\n<div class=\"wp-block-column is-layout-flow wp-block-column-is-layout-flow\">\n<p class=\"has-text-align-center\"><strong>F\u00e5 guiden direkt till din inkorg.<\/strong><\/p>\n<\/div>\n\n\n\n<div class=\"wp-block-column is-layout-flow wp-block-column-is-layout-flow\">\n<script charset=\"utf-8\" type=\"text\/javascript\" src=\"\/\/js.hsforms.net\/forms\/embed\/v2.js\"><\/script>\n<script>\n  hbspt.forms.create({\n    portalId: \"20093147\",\n    formId: \"7b9e3066-a21f-4e62-aecc-4f638cb84c37\",\n    region: \"na1\"\n  });\n<\/script>\n<\/div>\n<\/div>\n\n\n<div style=\"height: 4rem;\"><\/div>\n\n\n<section \n    class=\"relative py-14\">\n            <div class=\"flex gap-6 justify-between flex-col md:flex-row bg-black text-white rounded-xl p-6 md:py-12 md:px-10\">\n        <div>\n            <h3 class=\"font-bold\">\u2705 Starta din 30-dagars gratis provperiod<\/h3>\n                        <div class=\"flex\">\n                <span class=\"min-w-5 min-h-5 mr-2 mt-1\">\n                    <svg xmlns=\"http:\/\/www.w3.org\/2000\/svg\" fill=\"none\" viewBox=\"0 0 24 24\" stroke-width=\"1.5\" stroke=\"currentColor\" class=\"size-6\">\n  <path stroke-linecap=\"round\" stroke-linejoin=\"round\" d=\"m4.5 12.75 6 6 9-13.5\" \/>\n<\/svg>\n\n                <\/span>\n                <p class=\"m-0\">Prova ImageBank X gratis i 30 dagar \u2013 smart, enkelt och utan f\u00f6rpliktelser.<\/p>\n            <\/div>\n                    <\/div>\n        <a href=\"https:\/\/imagebank.staging.mediasignal.dev\/sv\/prova-gratis-i-30-dagar\/\" target=\"\"\n            class=\"flex font-bold self-center h-fit w-fit p-4 rounded-lg bg-gradient-to-r from-primary to-secondary transition ease-in-out hover:scale-105 duration-300\">\n            Prova 30 dagar gratis\n        <\/a>\n    <\/div>\n    <\/section>\n\n\n\n<div style=\"height: 4rem;\"><\/div>\n\n\n\n<h3 class=\"wp-block-heading has-text-align-center\"><strong>Varf\u00f6r \u00e4r det viktigt att v\u00e4lja r\u00e4tt serviceniv\u00e5 f\u00f6r DAM?<\/strong><\/h3>\n\n\n\n<p>Att v\u00e4lja r\u00e4tt serviceniv\u00e5 f\u00f6r din DAM-l\u00f6sning handlar inte bara om funktioner &#8211; det handlar om att hitta den b\u00e4sta passformen f\u00f6r hur din organisation fungerar. Det \u00e4r d\u00e4rf\u00f6r <a href=\"https:\/\/imagebank.staging.mediasignal.dev\/sv\/mediabank\/overview-of-imagebank-x-dam\/\">ImageBank X<\/a> \u00e4r utformad med flexibilitet i \u00e5tanke: f\u00f6r att m\u00f6ta behoven hos organisationer av alla storlekar, i olika branscher. <br><br>Oavsett om du vill centralisera digitala tillg\u00e5ngar, f\u00f6rb\u00e4ttra varum\u00e4rkeskonsistensen, samarbeta med externa partners eller automatisera repetitiva uppgifter, s\u00e4kerst\u00e4ller r\u00e4tt serviceniv\u00e5 att du f\u00e5r ut mesta m\u00f6jliga v\u00e4rde. En skr\u00e4ddarsydd DAM-l\u00f6sning kan l\u00f6sa utmaningar som spridd fillagring, l\u00e5ngsamma godk\u00e4nnandecykler och brist p\u00e5 kontroll \u00f6ver delat material. <br><br>Om du precis har kommit ig\u00e5ng med digital asset management eller vill skala upp dina befintliga arbetsfl\u00f6den, har ImageBank X en plan som matchar dina behov.<\/p>\n\n\n<div style=\"height: 6rem;\"><\/div>\n\n\n<section id=\"Section\" class=\"content-wrap \">\n    \n\n<h2 class=\"wp-block-heading has-text-align-center\"><strong>Utforska v\u00e5ra senaste tips och insikter<\/strong><\/h2>\n\n\n<\/section>\n\n\n<section class=\"relative\" >\n        <div\n        class=\"-z-50 pointer-events-none absolute left-1\/2 w-screen -translate-x-1\/2 bg-gradient-to-b from-white to-tetriary top-0 bottom-0\">\n    <\/div>\n    <div class=\"flex flex-wrap gap-4 pt-12 pb-20\">\n        \n        <div class=\"flex-1 min-w-64 transition ease-in-out hover:scale-102 duration-300\">\n            <a href=\"https:\/\/imagebank.staging.mediasignal.dev\/sv\/blogg\/varfor-innehallsorganisation-spelar-roll-4-tips-for-effektiv-innehallsorganisation\/\" aria-label=\"Varf\u00f6r inneh\u00e5llsorganisation spelar roll: 4 tips f\u00f6r effektiv inneh\u00e5llsorganisation\">\n                <img decoding=\"async\" class=\"h-60 w-full object-cover\" src=\"https:\/\/imagebank.staging.mediasignal.dev\/wp-content\/uploads\/2025\/03\/Why_Content_Organization_Matters.webp\"\n                    alt=\"\" \/>\n                <div class=\"bg-white p-8 rounded-b-xl text-center\">\n                    <p class=\"text-black text-lg font-bold mb-12\">Varf\u00f6r inneh\u00e5llsorganisation spelar roll: 4 tips f\u00f6r effektiv inneh\u00e5llsorganisation<\/p>\n                    <p class=\"text-lg underline mb-0\">L\u00e4s mer<\/p>\n                <\/div>\n            <\/a>\n        <\/div>\n        \n        <div class=\"flex-1 min-w-64 transition ease-in-out hover:scale-102 duration-300\">\n            <a href=\"https:\/\/imagebank.staging.mediasignal.dev\/sv\/blogg\/10-viktiga-fordelar-med-dam-for-att-skapa-optimera-och-hantera-innehall\/\" aria-label=\"10 viktiga f\u00f6rdelar med DAM - f\u00f6r att skapa, optimera och hantera inneh\u00e5ll\">\n                <img decoding=\"async\" class=\"h-60 w-full object-cover\" src=\"https:\/\/imagebank.staging.mediasignal.dev\/wp-content\/uploads\/2025\/03\/10_key_benefits_of_Digital_Asset_Management_DAMwebp.webp\"\n                    alt=\"\" \/>\n                <div class=\"bg-white p-8 rounded-b-xl text-center\">\n                    <p class=\"text-black text-lg font-bold mb-12\">10 viktiga f\u00f6rdelar med DAM &#8211; f\u00f6r att skapa, optimera och hantera inneh\u00e5ll<\/p>\n                    <p class=\"text-lg underline mb-0\">L\u00e4s mer<\/p>\n                <\/div>\n            <\/a>\n        <\/div>\n        \n        <div class=\"flex-1 min-w-64 transition ease-in-out hover:scale-102 duration-300\">\n            <a href=\"https:\/\/imagebank.staging.mediasignal.dev\/sv\/blogg\/hur-gar-det-till-att-implementera-en-mediabank\/\" aria-label=\"Hur g\u00e5r det till att implementera en mediabank?\">\n                <img decoding=\"async\" class=\"h-60 w-full object-cover\" src=\"https:\/\/imagebank.staging.mediasignal.dev\/wp-content\/uploads\/2025\/08\/How-to-Implement-a-DAM-System-\u2013-A-Fast-and-Easy-14-Day-Process-I-ImageBank-X.png\"\n                    alt=\"Tre steg f\u00f6r att implementera en mediabank: planering, installation, uppstart\" \/>\n                <div class=\"bg-white p-8 rounded-b-xl text-center\">\n                    <p class=\"text-black text-lg font-bold mb-12\">Hur g\u00e5r det till att implementera en mediabank?<\/p>\n                    <p class=\"text-lg underline mb-0\">L\u00e4s mer<\/p>\n                <\/div>\n            <\/a>\n        <\/div>\n        \n        <div class=\"flex-1 min-w-64 transition ease-in-out hover:scale-102 duration-300\">\n            <a href=\"https:\/\/imagebank.staging.mediasignal.dev\/sv\/blogg\/vad-ar-mediebankens-pris-en-guide-for-att-valja-ratt-losning\/\" aria-label=\"Vad \u00e4r mediebankens pris? En guide f\u00f6r att v\u00e4lja r\u00e4tt l\u00f6sning\">\n                <img decoding=\"async\" class=\"h-60 w-full object-cover\" src=\"https:\/\/imagebank.staging.mediasignal.dev\/wp-content\/uploads\/2025\/09\/dam-cost-1.png\"\n                    alt=\"How much does a DAM solution cost, and what do you actually get for that investment?\" \/>\n                <div class=\"bg-white p-8 rounded-b-xl text-center\">\n                    <p class=\"text-black text-lg font-bold mb-12\">Vad \u00e4r mediebankens pris? En guide f\u00f6r att v\u00e4lja r\u00e4tt l\u00f6sning<\/p>\n                    <p class=\"text-lg underline mb-0\">L\u00e4s mer<\/p>\n                <\/div>\n            <\/a>\n        <\/div>\n            <\/div>\n<\/section>\n\n<div style=\"height: 4rem;\"><\/div>\n\n\n<section \n    class=\"relative pt-20 md:pt-32 pb-12 md:pb-20\">\n            <div\n        class=\"-z-50 pointer-events-none absolute left-1\/2 w-screen -translate-x-1\/2 bg-gradient-to-b from-white to-tetriary top-0 bottom-0\">\n    <\/div>\n            <div class=\"content-wrap\">\n        <h2 class=\"h1 font-bold text-center\">Beh\u00f6ver du hj\u00e4lp att v\u00e4lja r\u00e4tt plan?<\/h2>\n        <p class=\"text-center md:text-xl\">Skicka ett meddelande till oss \u2013 vi hj\u00e4lper g\u00e4rna till eller bokar ett snabbt samtal f\u00f6r att g\u00e5 igenom dina alternativ.<\/p>\n        <a href=\"https:\/\/imagebank.staging.mediasignal.dev\/sv\/kontakta-oss\/\" target=\"\"\n            class=\"flex text-white font-bold h-fit w-fit p-4 rounded-lg bg-gradient-to-r from-primary to-secondary transition ease-in-out hover:scale-105 duration-300 mx-auto\">\n            Kontakta oss\n        <\/a>\n        <img decoding=\"async\" class=\"hidden md:block absolute max-w-96 top-0 -left-60 bottom-0 max-h-full\"\n            src=\"\/wp-content\/themes\/imagebank\/assets\/images\/muoto.webp\" alt=\"Purple twisting shape\" \/>\n    <\/div>\n    <\/section>\n\n","protected":false},"excerpt":{"rendered":"<p>Ladda ner den fullst\u00e4ndiga funktionslistan f\u00f6r ImageBank X DAM F\u00e5 guiden direkt till din inkorg. Varf\u00f6r \u00e4r det viktigt att v\u00e4lja r\u00e4tt serviceniv\u00e5 f\u00f6r DAM? Att v\u00e4lja r\u00e4tt serviceniv\u00e5 f\u00f6r din DAM-l\u00f6sning handlar inte bara om funktioner &#8211; det handlar om att hitta den b\u00e4sta passformen f\u00f6r hur din organisation fungerar. Det \u00e4r d\u00e4rf\u00f6r ImageBank [&hellip;]<\/p>\n","protected":false},"author":1,"featured_media":6116,"parent":6205,"menu_order":0,"comment_status":"closed","ping_status":"closed","template":"","meta":{"_acf_changed":false,"_improvement_type_select":"improve_an_existing","_thumb_yes_seoaic":false,"_frame_yes_seoaic":false,"seoaic_generate_description":"","seoaic_improve_instructions_prompt":"","seoaic_rollback_content_improvement":"","seoaic_idea_thumbnail_generator":"","thumbnail_generated":false,"thumbnail_generate_prompt":"","seoaic_article_description":"","footnotes":""},"class_list":["post-6115","page","type-page","status-publish","has-post-thumbnail","hentry"],"acf":[],"yoast_head":"<!-- This site is optimized with the Yoast SEO plugin v25.2 - https:\/\/yoast.com\/wordpress\/plugins\/seo\/ -->\n<title>J\u00e4mf\u00f6r DAM:s serviceniv\u00e5 - hitta r\u00e4tt plan<\/title>\n<meta name=\"description\" content=\"Ladda ner v\u00e5r j\u00e4mf\u00f6relseguide f\u00f6r DAM-tj\u00e4nsteniv\u00e5er f\u00f6r att se vilken ImageBank X-plan som passar dina behov och f\u00e5 en tydlig \u00f6versikt.\" \/>\n<meta name=\"robots\" content=\"index, follow, max-snippet:-1, max-image-preview:large, max-video-preview:-1\" \/>\n<link rel=\"canonical\" href=\"https:\/\/imagebank.staging.mediasignal.dev\/sv\/resurser\/guider\/jamfor-servicenivaerna-for-imagebank-x-och-hitta-ratt-losning-for-dig\/\" \/>\n<meta property=\"og:locale\" content=\"sv_SE\" \/>\n<meta property=\"og:type\" content=\"article\" \/>\n<meta property=\"og:title\" content=\"J\u00e4mf\u00f6r DAM:s serviceniv\u00e5 - hitta r\u00e4tt plan\" \/>\n<meta property=\"og:description\" content=\"Ladda ner v\u00e5r j\u00e4mf\u00f6relseguide f\u00f6r DAM-tj\u00e4nsteniv\u00e5er f\u00f6r att se vilken ImageBank X-plan som passar dina behov och f\u00e5 en tydlig \u00f6versikt.\" \/>\n<meta property=\"og:url\" content=\"https:\/\/imagebank.staging.mediasignal.dev\/sv\/resurser\/guider\/jamfor-servicenivaerna-for-imagebank-x-och-hitta-ratt-losning-for-dig\/\" \/>\n<meta property=\"og:site_name\" content=\"ImageBank X DAM\" \/>\n<meta property=\"article:modified_time\" content=\"2025-09-11T07:27:17+00:00\" \/>\n<meta property=\"og:image\" content=\"https:\/\/imagebank.staging.mediasignal.dev\/app\/uploads\/2025\/03\/Download-Full-Feature-List.webp\" \/>\n\t<meta property=\"og:image:width\" content=\"526\" \/>\n\t<meta property=\"og:image:height\" content=\"491\" \/>\n\t<meta property=\"og:image:type\" content=\"image\/webp\" \/>\n<meta name=\"twitter:card\" content=\"summary_large_image\" \/>\n<meta name=\"twitter:label1\" content=\"Est. reading time\" \/>\n\t<meta name=\"twitter:data1\" content=\"1 minute\" \/>\n<script type=\"application\/ld+json\" class=\"yoast-schema-graph\">{\"@context\":\"https:\/\/schema.org\",\"@graph\":[{\"@type\":\"WebPage\",\"@id\":\"https:\/\/imagebank.staging.mediasignal.dev\/sv\/resurser\/guider\/jamfor-servicenivaerna-for-imagebank-x-och-hitta-ratt-losning-for-dig\/\",\"url\":\"https:\/\/imagebank.staging.mediasignal.dev\/sv\/resurser\/guider\/jamfor-servicenivaerna-for-imagebank-x-och-hitta-ratt-losning-for-dig\/\",\"name\":\"J\u00e4mf\u00f6r DAM:s serviceniv\u00e5 - hitta r\u00e4tt plan\",\"isPartOf\":{\"@id\":\"https:\/\/imagebank.staging.mediasignal.dev\/sv\/#website\"},\"primaryImageOfPage\":{\"@id\":\"https:\/\/imagebank.staging.mediasignal.dev\/sv\/resurser\/guider\/jamfor-servicenivaerna-for-imagebank-x-och-hitta-ratt-losning-for-dig\/#primaryimage\"},\"image\":{\"@id\":\"https:\/\/imagebank.staging.mediasignal.dev\/sv\/resurser\/guider\/jamfor-servicenivaerna-for-imagebank-x-och-hitta-ratt-losning-for-dig\/#primaryimage\"},\"thumbnailUrl\":\"https:\/\/imagebank.staging.mediasignal.dev\/wp-content\/uploads\/2025\/03\/Download-Full-Feature-List.webp\",\"datePublished\":\"2025-03-18T09:10:52+00:00\",\"dateModified\":\"2025-09-11T07:27:17+00:00\",\"description\":\"Ladda ner v\u00e5r j\u00e4mf\u00f6relseguide f\u00f6r DAM-tj\u00e4nsteniv\u00e5er f\u00f6r att se vilken ImageBank X-plan som passar dina behov och f\u00e5 en tydlig \u00f6versikt.\",\"breadcrumb\":{\"@id\":\"https:\/\/imagebank.staging.mediasignal.dev\/sv\/resurser\/guider\/jamfor-servicenivaerna-for-imagebank-x-och-hitta-ratt-losning-for-dig\/#breadcrumb\"},\"inLanguage\":\"sv-SE\",\"potentialAction\":[{\"@type\":\"ReadAction\",\"target\":[\"https:\/\/imagebank.staging.mediasignal.dev\/sv\/resurser\/guider\/jamfor-servicenivaerna-for-imagebank-x-och-hitta-ratt-losning-for-dig\/\"]}]},{\"@type\":\"ImageObject\",\"inLanguage\":\"sv-SE\",\"@id\":\"https:\/\/imagebank.staging.mediasignal.dev\/sv\/resurser\/guider\/jamfor-servicenivaerna-for-imagebank-x-och-hitta-ratt-losning-for-dig\/#primaryimage\",\"url\":\"https:\/\/imagebank.staging.mediasignal.dev\/wp-content\/uploads\/2025\/03\/Download-Full-Feature-List.webp\",\"contentUrl\":\"https:\/\/imagebank.staging.mediasignal.dev\/wp-content\/uploads\/2025\/03\/Download-Full-Feature-List.webp\",\"width\":526,\"height\":491,\"caption\":\"Download our free comparison guide to discover which DAM service level suits your needs. Explore features, storage, and more \u2013 plus get a 30-day free trial!\"},{\"@type\":\"BreadcrumbList\",\"@id\":\"https:\/\/imagebank.staging.mediasignal.dev\/sv\/resurser\/guider\/jamfor-servicenivaerna-for-imagebank-x-och-hitta-ratt-losning-for-dig\/#breadcrumb\",\"itemListElement\":[{\"@type\":\"ListItem\",\"position\":1,\"name\":\"Home\",\"item\":\"https:\/\/imagebank.staging.mediasignal.dev\/sv\/\"},{\"@type\":\"ListItem\",\"position\":2,\"name\":\"Resurser\",\"item\":\"https:\/\/imagebank.staging.mediasignal.dev\/sv\/resurser\/\"},{\"@type\":\"ListItem\",\"position\":3,\"name\":\"Guider\",\"item\":\"https:\/\/imagebank.staging.mediasignal.dev\/sv\/resurser\/guider\/\"},{\"@type\":\"ListItem\",\"position\":4,\"name\":\"J\u00e4mf\u00f6r serviceniv\u00e5erna f\u00f6r ImageBank X DAM f\u00f6r att hitta det som passar b\u00e4st f\u00f6r dina behov\"}]},{\"@type\":\"WebSite\",\"@id\":\"https:\/\/imagebank.staging.mediasignal.dev\/sv\/#website\",\"url\":\"https:\/\/imagebank.staging.mediasignal.dev\/sv\/\",\"name\":\"ImageBank X\",\"description\":\"\",\"publisher\":{\"@id\":\"https:\/\/imagebank.staging.mediasignal.dev\/sv\/#organization\"},\"potentialAction\":[{\"@type\":\"SearchAction\",\"target\":{\"@type\":\"EntryPoint\",\"urlTemplate\":\"https:\/\/imagebank.staging.mediasignal.dev\/sv\/?s={search_term_string}\"},\"query-input\":{\"@type\":\"PropertyValueSpecification\",\"valueRequired\":true,\"valueName\":\"search_term_string\"}}],\"inLanguage\":\"sv-SE\"},{\"@type\":\"Organization\",\"@id\":\"https:\/\/imagebank.staging.mediasignal.dev\/sv\/#organization\",\"name\":\"ImageBank X\",\"url\":\"https:\/\/imagebank.staging.mediasignal.dev\/sv\/\",\"logo\":{\"@type\":\"ImageObject\",\"inLanguage\":\"sv-SE\",\"@id\":\"https:\/\/imagebank.staging.mediasignal.dev\/sv\/#\/schema\/logo\/image\/\",\"url\":\"https:\/\/imagebank.staging.mediasignal.dev\/app\/uploads\/2025\/03\/cropped-favicon.png\",\"contentUrl\":\"https:\/\/imagebank.staging.mediasignal.dev\/app\/uploads\/2025\/03\/cropped-favicon.png\",\"width\":512,\"height\":512,\"caption\":\"ImageBank X\"},\"image\":{\"@id\":\"https:\/\/imagebank.staging.mediasignal.dev\/sv\/#\/schema\/logo\/image\/\"},\"sameAs\":[\"https:\/\/linkedin.com\/imagebank-independent\"]}]}<\/script>\n<!-- \/ Yoast SEO plugin. -->","yoast_head_json":{"title":"J\u00e4mf\u00f6r DAM:s serviceniv\u00e5 - hitta r\u00e4tt plan","description":"Ladda ner v\u00e5r j\u00e4mf\u00f6relseguide f\u00f6r DAM-tj\u00e4nsteniv\u00e5er f\u00f6r att se vilken ImageBank X-plan som passar dina behov och f\u00e5 en tydlig \u00f6versikt.","robots":{"index":"index","follow":"follow","max-snippet":"max-snippet:-1","max-image-preview":"max-image-preview:large","max-video-preview":"max-video-preview:-1"},"canonical":"https:\/\/imagebank.staging.mediasignal.dev\/sv\/resurser\/guider\/jamfor-servicenivaerna-for-imagebank-x-och-hitta-ratt-losning-for-dig\/","og_locale":"sv_SE","og_type":"article","og_title":"J\u00e4mf\u00f6r DAM:s serviceniv\u00e5 - hitta r\u00e4tt plan","og_description":"Ladda ner v\u00e5r j\u00e4mf\u00f6relseguide f\u00f6r DAM-tj\u00e4nsteniv\u00e5er f\u00f6r att se vilken ImageBank X-plan som passar dina behov och f\u00e5 en tydlig \u00f6versikt.","og_url":"https:\/\/imagebank.staging.mediasignal.dev\/sv\/resurser\/guider\/jamfor-servicenivaerna-for-imagebank-x-och-hitta-ratt-losning-for-dig\/","og_site_name":"ImageBank X DAM","article_modified_time":"2025-09-11T07:27:17+00:00","og_image":[{"width":526,"height":491,"url":"https:\/\/imagebank.staging.mediasignal.dev\/app\/uploads\/2025\/03\/Download-Full-Feature-List.webp","type":"image\/webp"}],"twitter_card":"summary_large_image","twitter_misc":{"Est. reading time":"1 minute"},"schema":{"@context":"https:\/\/schema.org","@graph":[{"@type":"WebPage","@id":"https:\/\/imagebank.staging.mediasignal.dev\/sv\/resurser\/guider\/jamfor-servicenivaerna-for-imagebank-x-och-hitta-ratt-losning-for-dig\/","url":"https:\/\/imagebank.staging.mediasignal.dev\/sv\/resurser\/guider\/jamfor-servicenivaerna-for-imagebank-x-och-hitta-ratt-losning-for-dig\/","name":"J\u00e4mf\u00f6r DAM:s serviceniv\u00e5 - hitta r\u00e4tt plan","isPartOf":{"@id":"https:\/\/imagebank.staging.mediasignal.dev\/sv\/#website"},"primaryImageOfPage":{"@id":"https:\/\/imagebank.staging.mediasignal.dev\/sv\/resurser\/guider\/jamfor-servicenivaerna-for-imagebank-x-och-hitta-ratt-losning-for-dig\/#primaryimage"},"image":{"@id":"https:\/\/imagebank.staging.mediasignal.dev\/sv\/resurser\/guider\/jamfor-servicenivaerna-for-imagebank-x-och-hitta-ratt-losning-for-dig\/#primaryimage"},"thumbnailUrl":"https:\/\/imagebank.staging.mediasignal.dev\/wp-content\/uploads\/2025\/03\/Download-Full-Feature-List.webp","datePublished":"2025-03-18T09:10:52+00:00","dateModified":"2025-09-11T07:27:17+00:00","description":"Ladda ner v\u00e5r j\u00e4mf\u00f6relseguide f\u00f6r DAM-tj\u00e4nsteniv\u00e5er f\u00f6r att se vilken ImageBank X-plan som passar dina behov och f\u00e5 en tydlig \u00f6versikt.","breadcrumb":{"@id":"https:\/\/imagebank.staging.mediasignal.dev\/sv\/resurser\/guider\/jamfor-servicenivaerna-for-imagebank-x-och-hitta-ratt-losning-for-dig\/#breadcrumb"},"inLanguage":"sv-SE","potentialAction":[{"@type":"ReadAction","target":["https:\/\/imagebank.staging.mediasignal.dev\/sv\/resurser\/guider\/jamfor-servicenivaerna-for-imagebank-x-och-hitta-ratt-losning-for-dig\/"]}]},{"@type":"ImageObject","inLanguage":"sv-SE","@id":"https:\/\/imagebank.staging.mediasignal.dev\/sv\/resurser\/guider\/jamfor-servicenivaerna-for-imagebank-x-och-hitta-ratt-losning-for-dig\/#primaryimage","url":"https:\/\/imagebank.staging.mediasignal.dev\/wp-content\/uploads\/2025\/03\/Download-Full-Feature-List.webp","contentUrl":"https:\/\/imagebank.staging.mediasignal.dev\/wp-content\/uploads\/2025\/03\/Download-Full-Feature-List.webp","width":526,"height":491,"caption":"Download our free comparison guide to discover which DAM service level suits your needs. Explore features, storage, and more \u2013 plus get a 30-day free trial!"},{"@type":"BreadcrumbList","@id":"https:\/\/imagebank.staging.mediasignal.dev\/sv\/resurser\/guider\/jamfor-servicenivaerna-for-imagebank-x-och-hitta-ratt-losning-for-dig\/#breadcrumb","itemListElement":[{"@type":"ListItem","position":1,"name":"Home","item":"https:\/\/imagebank.staging.mediasignal.dev\/sv\/"},{"@type":"ListItem","position":2,"name":"Resurser","item":"https:\/\/imagebank.staging.mediasignal.dev\/sv\/resurser\/"},{"@type":"ListItem","position":3,"name":"Guider","item":"https:\/\/imagebank.staging.mediasignal.dev\/sv\/resurser\/guider\/"},{"@type":"ListItem","position":4,"name":"J\u00e4mf\u00f6r serviceniv\u00e5erna f\u00f6r ImageBank X DAM f\u00f6r att hitta det som passar b\u00e4st f\u00f6r dina behov"}]},{"@type":"WebSite","@id":"https:\/\/imagebank.staging.mediasignal.dev\/sv\/#website","url":"https:\/\/imagebank.staging.mediasignal.dev\/sv\/","name":"ImageBank X","description":"","publisher":{"@id":"https:\/\/imagebank.staging.mediasignal.dev\/sv\/#organization"},"potentialAction":[{"@type":"SearchAction","target":{"@type":"EntryPoint","urlTemplate":"https:\/\/imagebank.staging.mediasignal.dev\/sv\/?s={search_term_string}"},"query-input":{"@type":"PropertyValueSpecification","valueRequired":true,"valueName":"search_term_string"}}],"inLanguage":"sv-SE"},{"@type":"Organization","@id":"https:\/\/imagebank.staging.mediasignal.dev\/sv\/#organization","name":"ImageBank X","url":"https:\/\/imagebank.staging.mediasignal.dev\/sv\/","logo":{"@type":"ImageObject","inLanguage":"sv-SE","@id":"https:\/\/imagebank.staging.mediasignal.dev\/sv\/#\/schema\/logo\/image\/","url":"https:\/\/imagebank.staging.mediasignal.dev\/app\/uploads\/2025\/03\/cropped-favicon.png","contentUrl":"https:\/\/imagebank.staging.mediasignal.dev\/app\/uploads\/2025\/03\/cropped-favicon.png","width":512,"height":512,"caption":"ImageBank X"},"image":{"@id":"https:\/\/imagebank.staging.mediasignal.dev\/sv\/#\/schema\/logo\/image\/"},"sameAs":["https:\/\/linkedin.com\/imagebank-independent"]}]}},"_links":{"self":[{"href":"https:\/\/imagebank.staging.mediasignal.dev\/sv\/wp-json\/wp\/v2\/pages\/6115","targetHints":{"allow":["GET"]}}],"collection":[{"href":"https:\/\/imagebank.staging.mediasignal.dev\/sv\/wp-json\/wp\/v2\/pages"}],"about":[{"href":"https:\/\/imagebank.staging.mediasignal.dev\/sv\/wp-json\/wp\/v2\/types\/page"}],"author":[{"embeddable":true,"href":"https:\/\/imagebank.staging.mediasignal.dev\/sv\/wp-json\/wp\/v2\/users\/1"}],"replies":[{"embeddable":true,"href":"https:\/\/imagebank.staging.mediasignal.dev\/sv\/wp-json\/wp\/v2\/comments?post=6115"}],"version-history":[{"count":6,"href":"https:\/\/imagebank.staging.mediasignal.dev\/sv\/wp-json\/wp\/v2\/pages\/6115\/revisions"}],"predecessor-version":[{"id":9645,"href":"https:\/\/imagebank.staging.mediasignal.dev\/sv\/wp-json\/wp\/v2\/pages\/6115\/revisions\/9645"}],"up":[{"embeddable":true,"href":"https:\/\/imagebank.staging.mediasignal.dev\/sv\/wp-json\/wp\/v2\/pages\/6205"}],"wp:featuredmedia":[{"embeddable":true,"href":"https:\/\/imagebank.staging.mediasignal.dev\/sv\/wp-json\/wp\/v2\/media\/6116"}],"wp:attachment":[{"href":"https:\/\/imagebank.staging.mediasignal.dev\/sv\/wp-json\/wp\/v2\/media?parent=6115"}],"curies":[{"name":"wp","href":"https:\/\/api.w.org\/{rel}","templated":true}]}}