{"id":6107,"date":"2025-03-25T11:33:12","date_gmt":"2025-03-25T11:33:12","guid":{"rendered":"https:\/\/imagebank.staging.mediasignal.dev\/legal\/"},"modified":"2025-05-19T11:43:13","modified_gmt":"2025-05-19T11:43:13","slug":"legal","status":"publish","type":"page","link":"https:\/\/imagebank.staging.mediasignal.dev\/sv\/legal\/","title":{"rendered":"Juridisk"},"content":{"rendered":"<div \n    class=\"relative flex flex-col md:flex-row gap-12 py-14\">\n        <div\n        class=\"-z-50 pointer-events-none absolute left-1\/2 w-screen -translate-x-1\/2  bg-gradient-to-t from-white to-tetriary -top-14 bottom-0\">\n    <\/div>\n    <div class=\"relative z-10 md:mt-10 lg:mt-20 md:w-3\/5\">\n                <h1 class=\"z-10 mb-8 font-extrabold text-4xl sm:text-5xl md:text-7xl xl:text-8xl text-primary\">\n            Legal\n        <\/h1>\n                <p class=\"mb-6\">\n            Uppt\u00e4ck juridiska detaljer och resurser relaterade till v\u00e5ra produkter och tj\u00e4nster.\n            <span class=\"font-bold text-transparent bg-gradient-to-r from-primary to-secondary bg-clip-text\">\n                \n            <\/span>\n        <\/p>\n                    <\/div>\n        <div class=\"hidden md:block relative w-2\/5 content-center\">\n        \n    <\/div>\n    <div class=\"block md:hidden\">\n        \n    <\/div>\n    <\/div>\n\n\n<p><a href=\"https:\/\/imagebank.staging.mediasignal.dev\/sv\/privacy-policy\/\">Integritetspolicy<br><\/a><a href=\"https:\/\/imagebank.staging.mediasignal.dev\/sv\/cookiepolicy\/\">Policy f\u00f6r cookies<\/a><br><a href=\"https:\/\/imagebank.staging.mediasignal.dev\/sv\/data-processing-agreement\/\">Avtal om databehandling<\/a><\/p>\n\n\n<div style=\"height: 4rem;\"><\/div>\n","protected":false},"excerpt":{"rendered":"<p>IntegritetspolicyPolicy f\u00f6r cookiesAvtal om databehandling<\/p>\n","protected":false},"author":1,"featured_media":6108,"parent":0,"menu_order":0,"comment_status":"closed","ping_status":"closed","template":"","meta":{"_acf_changed":false,"_improvement_type_select":"improve_an_existing","_thumb_yes_seoaic":false,"_frame_yes_seoaic":false,"seoaic_generate_description":"","seoaic_improve_instructions_prompt":"","seoaic_rollback_content_improvement":"","seoaic_idea_thumbnail_generator":"","thumbnail_generated":false,"thumbnail_generate_prompt":"","seoaic_article_description":"","footnotes":""},"class_list":["post-6107","page","type-page","status-publish","has-post-thumbnail","hentry"],"acf":[],"yoast_head":"<!-- This site is optimized with the Yoast SEO plugin v25.2 - https:\/\/yoast.com\/wordpress\/plugins\/seo\/ -->\n<title>Juridik &amp; Compliance - ImageBank X Integritet &amp; Underbitr\u00e4den<\/title>\n<meta name=\"description\" content=\"Utforska det juridiska ramverket bakom ImageBank X DAM, inklusive v\u00e5rt databehandlingsavtal, integritetspolicy och lista \u00f6ver underbitr\u00e4den.\" \/>\n<meta name=\"robots\" content=\"index, follow, max-snippet:-1, max-image-preview:large, max-video-preview:-1\" \/>\n<link rel=\"canonical\" href=\"https:\/\/imagebank.staging.mediasignal.dev\/sv\/legal\/\" \/>\n<meta property=\"og:locale\" content=\"sv_SE\" \/>\n<meta property=\"og:type\" content=\"article\" \/>\n<meta property=\"og:title\" content=\"Juridik &amp; Compliance - ImageBank X Integritet &amp; Underbitr\u00e4den\" \/>\n<meta property=\"og:description\" content=\"Utforska det juridiska ramverket bakom ImageBank X DAM, inklusive v\u00e5rt databehandlingsavtal, integritetspolicy och lista \u00f6ver underbitr\u00e4den.\" \/>\n<meta property=\"og:url\" content=\"https:\/\/imagebank.staging.mediasignal.dev\/sv\/legal\/\" \/>\n<meta property=\"og:site_name\" content=\"ImageBank X DAM\" \/>\n<meta property=\"article:modified_time\" content=\"2025-05-19T11:43:13+00:00\" \/>\n<meta property=\"og:image\" content=\"https:\/\/imagebank.staging.mediasignal.dev\/app\/uploads\/2025\/03\/X-1.png\" \/>\n\t<meta property=\"og:image:width\" content=\"1064\" \/>\n\t<meta property=\"og:image:height\" content=\"1020\" \/>\n\t<meta property=\"og:image:type\" content=\"image\/png\" \/>\n<meta name=\"twitter:card\" content=\"summary_large_image\" \/>\n<meta name=\"twitter:label1\" content=\"Est. reading time\" \/>\n\t<meta name=\"twitter:data1\" content=\"1 minute\" \/>\n<script type=\"application\/ld+json\" class=\"yoast-schema-graph\">{\"@context\":\"https:\/\/schema.org\",\"@graph\":[{\"@type\":\"WebPage\",\"@id\":\"https:\/\/imagebank.staging.mediasignal.dev\/sv\/legal\/\",\"url\":\"https:\/\/imagebank.staging.mediasignal.dev\/sv\/legal\/\",\"name\":\"Juridik & Compliance - ImageBank X Integritet & Underbitr\u00e4den\",\"isPartOf\":{\"@id\":\"https:\/\/imagebank.staging.mediasignal.dev\/sv\/#website\"},\"primaryImageOfPage\":{\"@id\":\"https:\/\/imagebank.staging.mediasignal.dev\/sv\/legal\/#primaryimage\"},\"image\":{\"@id\":\"https:\/\/imagebank.staging.mediasignal.dev\/sv\/legal\/#primaryimage\"},\"thumbnailUrl\":\"https:\/\/imagebank.staging.mediasignal.dev\/wp-content\/uploads\/2025\/03\/X-1.png\",\"datePublished\":\"2025-03-25T11:33:12+00:00\",\"dateModified\":\"2025-05-19T11:43:13+00:00\",\"description\":\"Utforska det juridiska ramverket bakom ImageBank X DAM, inklusive v\u00e5rt databehandlingsavtal, integritetspolicy och lista \u00f6ver underbitr\u00e4den.\",\"breadcrumb\":{\"@id\":\"https:\/\/imagebank.staging.mediasignal.dev\/sv\/legal\/#breadcrumb\"},\"inLanguage\":\"sv-SE\",\"potentialAction\":[{\"@type\":\"ReadAction\",\"target\":[\"https:\/\/imagebank.staging.mediasignal.dev\/sv\/legal\/\"]}]},{\"@type\":\"ImageObject\",\"inLanguage\":\"sv-SE\",\"@id\":\"https:\/\/imagebank.staging.mediasignal.dev\/sv\/legal\/#primaryimage\",\"url\":\"https:\/\/imagebank.staging.mediasignal.dev\/wp-content\/uploads\/2025\/03\/X-1.png\",\"contentUrl\":\"https:\/\/imagebank.staging.mediasignal.dev\/wp-content\/uploads\/2025\/03\/X-1.png\",\"width\":1064,\"height\":1020,\"caption\":\"Find legal documents and privacy details related to ImageBank X.\"},{\"@type\":\"BreadcrumbList\",\"@id\":\"https:\/\/imagebank.staging.mediasignal.dev\/sv\/legal\/#breadcrumb\",\"itemListElement\":[{\"@type\":\"ListItem\",\"position\":1,\"name\":\"Home\",\"item\":\"https:\/\/imagebank.staging.mediasignal.dev\/sv\/\"},{\"@type\":\"ListItem\",\"position\":2,\"name\":\"Juridisk\"}]},{\"@type\":\"WebSite\",\"@id\":\"https:\/\/imagebank.staging.mediasignal.dev\/sv\/#website\",\"url\":\"https:\/\/imagebank.staging.mediasignal.dev\/sv\/\",\"name\":\"ImageBank X\",\"description\":\"\",\"publisher\":{\"@id\":\"https:\/\/imagebank.staging.mediasignal.dev\/sv\/#organization\"},\"potentialAction\":[{\"@type\":\"SearchAction\",\"target\":{\"@type\":\"EntryPoint\",\"urlTemplate\":\"https:\/\/imagebank.staging.mediasignal.dev\/sv\/?s={search_term_string}\"},\"query-input\":{\"@type\":\"PropertyValueSpecification\",\"valueRequired\":true,\"valueName\":\"search_term_string\"}}],\"inLanguage\":\"sv-SE\"},{\"@type\":\"Organization\",\"@id\":\"https:\/\/imagebank.staging.mediasignal.dev\/sv\/#organization\",\"name\":\"ImageBank X\",\"url\":\"https:\/\/imagebank.staging.mediasignal.dev\/sv\/\",\"logo\":{\"@type\":\"ImageObject\",\"inLanguage\":\"sv-SE\",\"@id\":\"https:\/\/imagebank.staging.mediasignal.dev\/sv\/#\/schema\/logo\/image\/\",\"url\":\"https:\/\/imagebank.staging.mediasignal.dev\/app\/uploads\/2025\/03\/cropped-favicon.png\",\"contentUrl\":\"https:\/\/imagebank.staging.mediasignal.dev\/app\/uploads\/2025\/03\/cropped-favicon.png\",\"width\":512,\"height\":512,\"caption\":\"ImageBank X\"},\"image\":{\"@id\":\"https:\/\/imagebank.staging.mediasignal.dev\/sv\/#\/schema\/logo\/image\/\"},\"sameAs\":[\"https:\/\/linkedin.com\/imagebank-independent\"]}]}<\/script>\n<!-- \/ Yoast SEO plugin. -->","yoast_head_json":{"title":"Juridik & Compliance - ImageBank X Integritet & Underbitr\u00e4den","description":"Utforska det juridiska ramverket bakom ImageBank X DAM, inklusive v\u00e5rt databehandlingsavtal, integritetspolicy och lista \u00f6ver underbitr\u00e4den.","robots":{"index":"index","follow":"follow","max-snippet":"max-snippet:-1","max-image-preview":"max-image-preview:large","max-video-preview":"max-video-preview:-1"},"canonical":"https:\/\/imagebank.staging.mediasignal.dev\/sv\/legal\/","og_locale":"sv_SE","og_type":"article","og_title":"Juridik & Compliance - ImageBank X Integritet & Underbitr\u00e4den","og_description":"Utforska det juridiska ramverket bakom ImageBank X DAM, inklusive v\u00e5rt databehandlingsavtal, integritetspolicy och lista \u00f6ver underbitr\u00e4den.","og_url":"https:\/\/imagebank.staging.mediasignal.dev\/sv\/legal\/","og_site_name":"ImageBank X DAM","article_modified_time":"2025-05-19T11:43:13+00:00","og_image":[{"width":1064,"height":1020,"url":"https:\/\/imagebank.staging.mediasignal.dev\/app\/uploads\/2025\/03\/X-1.png","type":"image\/png"}],"twitter_card":"summary_large_image","twitter_misc":{"Est. reading time":"1 minute"},"schema":{"@context":"https:\/\/schema.org","@graph":[{"@type":"WebPage","@id":"https:\/\/imagebank.staging.mediasignal.dev\/sv\/legal\/","url":"https:\/\/imagebank.staging.mediasignal.dev\/sv\/legal\/","name":"Juridik & Compliance - ImageBank X Integritet & Underbitr\u00e4den","isPartOf":{"@id":"https:\/\/imagebank.staging.mediasignal.dev\/sv\/#website"},"primaryImageOfPage":{"@id":"https:\/\/imagebank.staging.mediasignal.dev\/sv\/legal\/#primaryimage"},"image":{"@id":"https:\/\/imagebank.staging.mediasignal.dev\/sv\/legal\/#primaryimage"},"thumbnailUrl":"https:\/\/imagebank.staging.mediasignal.dev\/wp-content\/uploads\/2025\/03\/X-1.png","datePublished":"2025-03-25T11:33:12+00:00","dateModified":"2025-05-19T11:43:13+00:00","description":"Utforska det juridiska ramverket bakom ImageBank X DAM, inklusive v\u00e5rt databehandlingsavtal, integritetspolicy och lista \u00f6ver underbitr\u00e4den.","breadcrumb":{"@id":"https:\/\/imagebank.staging.mediasignal.dev\/sv\/legal\/#breadcrumb"},"inLanguage":"sv-SE","potentialAction":[{"@type":"ReadAction","target":["https:\/\/imagebank.staging.mediasignal.dev\/sv\/legal\/"]}]},{"@type":"ImageObject","inLanguage":"sv-SE","@id":"https:\/\/imagebank.staging.mediasignal.dev\/sv\/legal\/#primaryimage","url":"https:\/\/imagebank.staging.mediasignal.dev\/wp-content\/uploads\/2025\/03\/X-1.png","contentUrl":"https:\/\/imagebank.staging.mediasignal.dev\/wp-content\/uploads\/2025\/03\/X-1.png","width":1064,"height":1020,"caption":"Find legal documents and privacy details related to ImageBank X."},{"@type":"BreadcrumbList","@id":"https:\/\/imagebank.staging.mediasignal.dev\/sv\/legal\/#breadcrumb","itemListElement":[{"@type":"ListItem","position":1,"name":"Home","item":"https:\/\/imagebank.staging.mediasignal.dev\/sv\/"},{"@type":"ListItem","position":2,"name":"Juridisk"}]},{"@type":"WebSite","@id":"https:\/\/imagebank.staging.mediasignal.dev\/sv\/#website","url":"https:\/\/imagebank.staging.mediasignal.dev\/sv\/","name":"ImageBank X","description":"","publisher":{"@id":"https:\/\/imagebank.staging.mediasignal.dev\/sv\/#organization"},"potentialAction":[{"@type":"SearchAction","target":{"@type":"EntryPoint","urlTemplate":"https:\/\/imagebank.staging.mediasignal.dev\/sv\/?s={search_term_string}"},"query-input":{"@type":"PropertyValueSpecification","valueRequired":true,"valueName":"search_term_string"}}],"inLanguage":"sv-SE"},{"@type":"Organization","@id":"https:\/\/imagebank.staging.mediasignal.dev\/sv\/#organization","name":"ImageBank X","url":"https:\/\/imagebank.staging.mediasignal.dev\/sv\/","logo":{"@type":"ImageObject","inLanguage":"sv-SE","@id":"https:\/\/imagebank.staging.mediasignal.dev\/sv\/#\/schema\/logo\/image\/","url":"https:\/\/imagebank.staging.mediasignal.dev\/app\/uploads\/2025\/03\/cropped-favicon.png","contentUrl":"https:\/\/imagebank.staging.mediasignal.dev\/app\/uploads\/2025\/03\/cropped-favicon.png","width":512,"height":512,"caption":"ImageBank X"},"image":{"@id":"https:\/\/imagebank.staging.mediasignal.dev\/sv\/#\/schema\/logo\/image\/"},"sameAs":["https:\/\/linkedin.com\/imagebank-independent"]}]}},"_links":{"self":[{"href":"https:\/\/imagebank.staging.mediasignal.dev\/sv\/wp-json\/wp\/v2\/pages\/6107","targetHints":{"allow":["GET"]}}],"collection":[{"href":"https:\/\/imagebank.staging.mediasignal.dev\/sv\/wp-json\/wp\/v2\/pages"}],"about":[{"href":"https:\/\/imagebank.staging.mediasignal.dev\/sv\/wp-json\/wp\/v2\/types\/page"}],"author":[{"embeddable":true,"href":"https:\/\/imagebank.staging.mediasignal.dev\/sv\/wp-json\/wp\/v2\/users\/1"}],"replies":[{"embeddable":true,"href":"https:\/\/imagebank.staging.mediasignal.dev\/sv\/wp-json\/wp\/v2\/comments?post=6107"}],"version-history":[{"count":2,"href":"https:\/\/imagebank.staging.mediasignal.dev\/sv\/wp-json\/wp\/v2\/pages\/6107\/revisions"}],"predecessor-version":[{"id":6887,"href":"https:\/\/imagebank.staging.mediasignal.dev\/sv\/wp-json\/wp\/v2\/pages\/6107\/revisions\/6887"}],"wp:featuredmedia":[{"embeddable":true,"href":"https:\/\/imagebank.staging.mediasignal.dev\/sv\/wp-json\/wp\/v2\/media\/6108"}],"wp:attachment":[{"href":"https:\/\/imagebank.staging.mediasignal.dev\/sv\/wp-json\/wp\/v2\/media?parent=6107"}],"curies":[{"name":"wp","href":"https:\/\/api.w.org\/{rel}","templated":true}]}}