{"id":6106,"date":"2025-03-25T11:41:29","date_gmt":"2025-03-25T11:41:29","guid":{"rendered":"https:\/\/imagebank.staging.mediasignal.dev\/sub-processors\/"},"modified":"2025-05-08T10:59:57","modified_gmt":"2025-05-08T10:59:57","slug":"sub-processors","status":"publish","type":"page","link":"https:\/\/imagebank.staging.mediasignal.dev\/sv\/sub-processors\/","title":{"rendered":"Underprocessorer ImageBank X"},"content":{"rendered":"<div \n    class=\"relative flex flex-col md:flex-row gap-12 py-14\">\n        <div\n        class=\"-z-50 pointer-events-none absolute left-1\/2 w-screen -translate-x-1\/2  bg-gradient-to-t from-white to-tetriary -top-14 bottom-0\">\n    <\/div>\n    <div class=\"relative z-10 md:mt-10 lg:mt-20 md:w-3\/5\">\n                <div class=\"border border-white text-white rounded-full w-fit px-4 py-2 mb-4\">\n            Legal\n        <\/div>\n                <h1 class=\"z-10 mb-8 font-extrabold text-4xl sm:text-5xl md:text-7xl xl:text-8xl text-primary\">\n            Sub-Processors ImageBank X\n        <\/h1>\n                    <\/div>\n        <div class=\"hidden md:block relative w-2\/5 content-center\">\n        \n    <\/div>\n    <div class=\"block md:hidden\">\n        \n    <\/div>\n    <\/div>\n\n\n<h3 class=\"wp-block-heading\"><strong>Leverant\u00f6rer av infrastruktur<\/strong><\/h3>\n\n\n\n<div class=\"wp-block-columns is-layout-flex wp-container-core-columns-is-layout-9d6595d7 wp-block-columns-is-layout-flex\">\n<div class=\"wp-block-column is-layout-flow wp-block-column-is-layout-flow\">\n<p><strong>Enhetens namn<\/strong><br>Google Cloud EMEA Limited<br><\/p>\n<\/div>\n\n\n\n<div class=\"wp-block-column is-layout-flow wp-block-column-is-layout-flow\">\n<p><strong>Underprocessoraktivitet<\/strong><br>Molntj\u00e4nstleverant\u00f6r<br><\/p>\n<\/div>\n\n\n\n<div class=\"wp-block-column is-layout-flow wp-block-column-is-layout-flow\">\n<p><strong>Enhetens land<\/strong><br>Irland<br><\/p>\n<\/div>\n<\/div>\n\n\n\n<h3 class=\"wp-block-heading\"><strong>ImageBank AMIE AI-funktionalitet anv\u00e4nder f\u00f6ljande infrastrukturleverant\u00f6rer<\/strong><\/h3>\n\n\n\n<div class=\"wp-block-columns is-layout-flex wp-container-core-columns-is-layout-9d6595d7 wp-block-columns-is-layout-flex\">\n<div class=\"wp-block-column is-layout-flow wp-block-column-is-layout-flow\">\n<p><strong>Enhetens namn<\/strong><br>Vercel Inc.<br>OpenAI, L.L.C.<br><\/p>\n<\/div>\n\n\n\n<div class=\"wp-block-column is-layout-flow wp-block-column-is-layout-flow\">\n<p><strong>Underprocessoraktivitet<\/strong><br>Molntj\u00e4nstleverant\u00f6r<br>AI API-tj\u00e4nsteleverant\u00f6r<br><\/p>\n<\/div>\n\n\n\n<div class=\"wp-block-column is-layout-flow wp-block-column-is-layout-flow\">\n<p><strong>Enhetens land<\/strong><br>USA<br>USA<br><\/p>\n<\/div>\n<\/div>\n\n\n\n<p><em>Ansvarsfriskrivning: Denna chatbot \u00e4r endast avsedd f\u00f6r informations- och utbildnings\u00e4ndam\u00e5l.<\/em><\/p>\n\n\n\n<h3 class=\"wp-block-heading\"><strong>Andra underbearbetningsf\u00f6retag<br><\/strong><\/h3>\n\n\n\n<div class=\"wp-block-columns is-layout-flex wp-container-core-columns-is-layout-9d6595d7 wp-block-columns-is-layout-flex\">\n<div class=\"wp-block-column is-layout-flow wp-block-column-is-layout-flow\">\n<p><strong>Enhetens namn<\/strong><br>Santa Cruz Software Company<br>IMG.LY GmbH<br><\/p>\n<\/div>\n\n\n\n<div class=\"wp-block-column is-layout-flow wp-block-column-is-layout-flow\">\n<p><strong>Underprocessoraktivitet<\/strong><br>LinkrUI Adobe &amp; O365 plugin-leverant\u00f6r<br>Photo &amp; Video Editor-leverant\u00f6r<br><\/p>\n<\/div>\n\n\n\n<div class=\"wp-block-column is-layout-flow wp-block-column-is-layout-flow\">\n<p><strong>Entitet land<\/strong><br>USA<br>Tyskland<br><\/p>\n<\/div>\n<\/div>\n","protected":false},"excerpt":{"rendered":"<p>Leverant\u00f6rer av infrastruktur Enhetens namnGoogle Cloud EMEA Limited UnderprocessoraktivitetMolntj\u00e4nstleverant\u00f6r Enhetens landIrland ImageBank AMIE AI-funktionalitet anv\u00e4nder f\u00f6ljande infrastrukturleverant\u00f6rer Enhetens namnVercel Inc.OpenAI, L.L.C. UnderprocessoraktivitetMolntj\u00e4nstleverant\u00f6rAI API-tj\u00e4nsteleverant\u00f6r Enhetens landUSAUSA Ansvarsfriskrivning: Denna chatbot \u00e4r endast avsedd f\u00f6r informations- och utbildnings\u00e4ndam\u00e5l. Andra underbearbetningsf\u00f6retag Enhetens namnSanta Cruz Software CompanyIMG.LY GmbH UnderprocessoraktivitetLinkrUI Adobe &amp; O365 plugin-leverant\u00f6rPhoto &amp; Video Editor-leverant\u00f6r Entitet landUSATyskland<\/p>\n","protected":false},"author":1,"featured_media":0,"parent":0,"menu_order":0,"comment_status":"closed","ping_status":"closed","template":"","meta":{"_acf_changed":false,"_improvement_type_select":"improve_an_existing","_thumb_yes_seoaic":false,"_frame_yes_seoaic":false,"seoaic_generate_description":"","seoaic_improve_instructions_prompt":"","seoaic_rollback_content_improvement":"","seoaic_idea_thumbnail_generator":"","thumbnail_generated":false,"thumbnail_generate_prompt":"","seoaic_article_description":"","footnotes":""},"class_list":["post-6106","page","type-page","status-publish","hentry"],"acf":[],"yoast_head":"<!-- This site is optimized with the Yoast SEO plugin v25.2 - https:\/\/yoast.com\/wordpress\/plugins\/seo\/ -->\n<title>Underbitr\u00e4den | Juridisk information | ImageBank X DAM<\/title>\n<meta name=\"description\" content=\"Visa listan \u00f6ver auktoriserade underbitr\u00e4den, inklusive infrastruktur- och tj\u00e4nsteleverant\u00f6rer som st\u00f6der s\u00e4kerhet och plattformsfunktionalitet.\" \/>\n<meta name=\"robots\" content=\"index, follow, max-snippet:-1, max-image-preview:large, max-video-preview:-1\" \/>\n<link rel=\"canonical\" href=\"https:\/\/imagebank.staging.mediasignal.dev\/sv\/sub-processors\/\" \/>\n<meta property=\"og:locale\" content=\"sv_SE\" \/>\n<meta property=\"og:type\" content=\"article\" \/>\n<meta property=\"og:title\" content=\"Underbitr\u00e4den | Juridisk information | ImageBank X DAM\" \/>\n<meta property=\"og:description\" content=\"Visa listan \u00f6ver auktoriserade underbitr\u00e4den, inklusive infrastruktur- och tj\u00e4nsteleverant\u00f6rer som st\u00f6der s\u00e4kerhet och plattformsfunktionalitet.\" \/>\n<meta property=\"og:url\" content=\"https:\/\/imagebank.staging.mediasignal.dev\/sv\/sub-processors\/\" \/>\n<meta property=\"og:site_name\" content=\"ImageBank X DAM\" \/>\n<meta property=\"article:modified_time\" content=\"2025-05-08T10:59:57+00:00\" \/>\n<meta name=\"twitter:card\" content=\"summary_large_image\" \/>\n<meta name=\"twitter:label1\" content=\"Est. reading time\" \/>\n\t<meta name=\"twitter:data1\" content=\"1 minute\" \/>\n<script type=\"application\/ld+json\" class=\"yoast-schema-graph\">{\"@context\":\"https:\/\/schema.org\",\"@graph\":[{\"@type\":\"WebPage\",\"@id\":\"https:\/\/imagebank.staging.mediasignal.dev\/sv\/sub-processors\/\",\"url\":\"https:\/\/imagebank.staging.mediasignal.dev\/sv\/sub-processors\/\",\"name\":\"Underbitr\u00e4den | Juridisk information | ImageBank X DAM\",\"isPartOf\":{\"@id\":\"https:\/\/imagebank.staging.mediasignal.dev\/sv\/#website\"},\"datePublished\":\"2025-03-25T11:41:29+00:00\",\"dateModified\":\"2025-05-08T10:59:57+00:00\",\"description\":\"Visa listan \u00f6ver auktoriserade underbitr\u00e4den, inklusive infrastruktur- och tj\u00e4nsteleverant\u00f6rer som st\u00f6der s\u00e4kerhet och plattformsfunktionalitet.\",\"breadcrumb\":{\"@id\":\"https:\/\/imagebank.staging.mediasignal.dev\/sv\/sub-processors\/#breadcrumb\"},\"inLanguage\":\"sv-SE\",\"potentialAction\":[{\"@type\":\"ReadAction\",\"target\":[\"https:\/\/imagebank.staging.mediasignal.dev\/sv\/sub-processors\/\"]}]},{\"@type\":\"BreadcrumbList\",\"@id\":\"https:\/\/imagebank.staging.mediasignal.dev\/sv\/sub-processors\/#breadcrumb\",\"itemListElement\":[{\"@type\":\"ListItem\",\"position\":1,\"name\":\"Home\",\"item\":\"https:\/\/imagebank.staging.mediasignal.dev\/sv\/\"},{\"@type\":\"ListItem\",\"position\":2,\"name\":\"Underprocessorer ImageBank X\"}]},{\"@type\":\"WebSite\",\"@id\":\"https:\/\/imagebank.staging.mediasignal.dev\/sv\/#website\",\"url\":\"https:\/\/imagebank.staging.mediasignal.dev\/sv\/\",\"name\":\"ImageBank X\",\"description\":\"\",\"publisher\":{\"@id\":\"https:\/\/imagebank.staging.mediasignal.dev\/sv\/#organization\"},\"potentialAction\":[{\"@type\":\"SearchAction\",\"target\":{\"@type\":\"EntryPoint\",\"urlTemplate\":\"https:\/\/imagebank.staging.mediasignal.dev\/sv\/?s={search_term_string}\"},\"query-input\":{\"@type\":\"PropertyValueSpecification\",\"valueRequired\":true,\"valueName\":\"search_term_string\"}}],\"inLanguage\":\"sv-SE\"},{\"@type\":\"Organization\",\"@id\":\"https:\/\/imagebank.staging.mediasignal.dev\/sv\/#organization\",\"name\":\"ImageBank X\",\"url\":\"https:\/\/imagebank.staging.mediasignal.dev\/sv\/\",\"logo\":{\"@type\":\"ImageObject\",\"inLanguage\":\"sv-SE\",\"@id\":\"https:\/\/imagebank.staging.mediasignal.dev\/sv\/#\/schema\/logo\/image\/\",\"url\":\"https:\/\/imagebank.staging.mediasignal.dev\/app\/uploads\/2025\/03\/cropped-favicon.png\",\"contentUrl\":\"https:\/\/imagebank.staging.mediasignal.dev\/app\/uploads\/2025\/03\/cropped-favicon.png\",\"width\":512,\"height\":512,\"caption\":\"ImageBank X\"},\"image\":{\"@id\":\"https:\/\/imagebank.staging.mediasignal.dev\/sv\/#\/schema\/logo\/image\/\"},\"sameAs\":[\"https:\/\/linkedin.com\/imagebank-independent\"]}]}<\/script>\n<!-- \/ Yoast SEO plugin. -->","yoast_head_json":{"title":"Underbitr\u00e4den | Juridisk information | ImageBank X DAM","description":"Visa listan \u00f6ver auktoriserade underbitr\u00e4den, inklusive infrastruktur- och tj\u00e4nsteleverant\u00f6rer som st\u00f6der s\u00e4kerhet och plattformsfunktionalitet.","robots":{"index":"index","follow":"follow","max-snippet":"max-snippet:-1","max-image-preview":"max-image-preview:large","max-video-preview":"max-video-preview:-1"},"canonical":"https:\/\/imagebank.staging.mediasignal.dev\/sv\/sub-processors\/","og_locale":"sv_SE","og_type":"article","og_title":"Underbitr\u00e4den | Juridisk information | ImageBank X DAM","og_description":"Visa listan \u00f6ver auktoriserade underbitr\u00e4den, inklusive infrastruktur- och tj\u00e4nsteleverant\u00f6rer som st\u00f6der s\u00e4kerhet och plattformsfunktionalitet.","og_url":"https:\/\/imagebank.staging.mediasignal.dev\/sv\/sub-processors\/","og_site_name":"ImageBank X DAM","article_modified_time":"2025-05-08T10:59:57+00:00","twitter_card":"summary_large_image","twitter_misc":{"Est. reading time":"1 minute"},"schema":{"@context":"https:\/\/schema.org","@graph":[{"@type":"WebPage","@id":"https:\/\/imagebank.staging.mediasignal.dev\/sv\/sub-processors\/","url":"https:\/\/imagebank.staging.mediasignal.dev\/sv\/sub-processors\/","name":"Underbitr\u00e4den | Juridisk information | ImageBank X DAM","isPartOf":{"@id":"https:\/\/imagebank.staging.mediasignal.dev\/sv\/#website"},"datePublished":"2025-03-25T11:41:29+00:00","dateModified":"2025-05-08T10:59:57+00:00","description":"Visa listan \u00f6ver auktoriserade underbitr\u00e4den, inklusive infrastruktur- och tj\u00e4nsteleverant\u00f6rer som st\u00f6der s\u00e4kerhet och plattformsfunktionalitet.","breadcrumb":{"@id":"https:\/\/imagebank.staging.mediasignal.dev\/sv\/sub-processors\/#breadcrumb"},"inLanguage":"sv-SE","potentialAction":[{"@type":"ReadAction","target":["https:\/\/imagebank.staging.mediasignal.dev\/sv\/sub-processors\/"]}]},{"@type":"BreadcrumbList","@id":"https:\/\/imagebank.staging.mediasignal.dev\/sv\/sub-processors\/#breadcrumb","itemListElement":[{"@type":"ListItem","position":1,"name":"Home","item":"https:\/\/imagebank.staging.mediasignal.dev\/sv\/"},{"@type":"ListItem","position":2,"name":"Underprocessorer ImageBank X"}]},{"@type":"WebSite","@id":"https:\/\/imagebank.staging.mediasignal.dev\/sv\/#website","url":"https:\/\/imagebank.staging.mediasignal.dev\/sv\/","name":"ImageBank X","description":"","publisher":{"@id":"https:\/\/imagebank.staging.mediasignal.dev\/sv\/#organization"},"potentialAction":[{"@type":"SearchAction","target":{"@type":"EntryPoint","urlTemplate":"https:\/\/imagebank.staging.mediasignal.dev\/sv\/?s={search_term_string}"},"query-input":{"@type":"PropertyValueSpecification","valueRequired":true,"valueName":"search_term_string"}}],"inLanguage":"sv-SE"},{"@type":"Organization","@id":"https:\/\/imagebank.staging.mediasignal.dev\/sv\/#organization","name":"ImageBank X","url":"https:\/\/imagebank.staging.mediasignal.dev\/sv\/","logo":{"@type":"ImageObject","inLanguage":"sv-SE","@id":"https:\/\/imagebank.staging.mediasignal.dev\/sv\/#\/schema\/logo\/image\/","url":"https:\/\/imagebank.staging.mediasignal.dev\/app\/uploads\/2025\/03\/cropped-favicon.png","contentUrl":"https:\/\/imagebank.staging.mediasignal.dev\/app\/uploads\/2025\/03\/cropped-favicon.png","width":512,"height":512,"caption":"ImageBank X"},"image":{"@id":"https:\/\/imagebank.staging.mediasignal.dev\/sv\/#\/schema\/logo\/image\/"},"sameAs":["https:\/\/linkedin.com\/imagebank-independent"]}]}},"_links":{"self":[{"href":"https:\/\/imagebank.staging.mediasignal.dev\/sv\/wp-json\/wp\/v2\/pages\/6106","targetHints":{"allow":["GET"]}}],"collection":[{"href":"https:\/\/imagebank.staging.mediasignal.dev\/sv\/wp-json\/wp\/v2\/pages"}],"about":[{"href":"https:\/\/imagebank.staging.mediasignal.dev\/sv\/wp-json\/wp\/v2\/types\/page"}],"author":[{"embeddable":true,"href":"https:\/\/imagebank.staging.mediasignal.dev\/sv\/wp-json\/wp\/v2\/users\/1"}],"replies":[{"embeddable":true,"href":"https:\/\/imagebank.staging.mediasignal.dev\/sv\/wp-json\/wp\/v2\/comments?post=6106"}],"version-history":[{"count":1,"href":"https:\/\/imagebank.staging.mediasignal.dev\/sv\/wp-json\/wp\/v2\/pages\/6106\/revisions"}],"predecessor-version":[{"id":6633,"href":"https:\/\/imagebank.staging.mediasignal.dev\/sv\/wp-json\/wp\/v2\/pages\/6106\/revisions\/6633"}],"wp:attachment":[{"href":"https:\/\/imagebank.staging.mediasignal.dev\/sv\/wp-json\/wp\/v2\/media?parent=6106"}],"curies":[{"name":"wp","href":"https:\/\/api.w.org\/{rel}","templated":true}]}}