{"id":10100,"date":"2025-09-26T09:25:49","date_gmt":"2025-09-26T09:25:49","guid":{"rendered":"https:\/\/imagebank.staging.mediasignal.dev\/?page_id=10100"},"modified":"2025-10-01T12:24:23","modified_gmt":"2025-10-01T12:24:23","slug":"testa-er-nuvarande-innehallshantering","status":"publish","type":"page","link":"https:\/\/imagebank.staging.mediasignal.dev\/sv\/testa-er-nuvarande-innehallshantering\/","title":{"rendered":"Testa er nuvarande inneh\u00e5llshantering"},"content":{"rendered":"<div \n    class=\"relative flex flex-col xs:flex-row py-14\">\n        <div\n        class=\"-z-50 pointer-events-none absolute left-1\/2 w-screen -translate-x-1\/2  bg-gradient-to-t from-white to-tetriary -top-14 bottom-0\">\n    <\/div>\n    <div class=\"relative z-10 md:mt-10 lg:mt-20 xs:w-3\/5\">\n                <div class=\"border border-white text-white rounded-full w-fit px-4 py-2 mb-4\">\n            Checklista\n        <\/div>\n                <h1 class=\"z-10 mb-8 font-extrabold text-4xl sm:text-5xl md:text-7xl xl:text-8xl text-primary\">\n            Testa er organisations nuvarande inneh\u00e5llshantering!\n        <\/h1>\n                <p class=\"mb-6\">\n            Tar inneh\u00e5llshanteringen f\u00f6r mycket tid och skapar on\u00f6digt dubbelarbete? Vill ni bygga mer effektiva och organiserade processer f\u00f6r inneh\u00e5llshantering men \u00e4r os\u00e4kra p\u00e5 hur ni ska l\u00f6sa dagens flaskhalsar?\n            <span class=\"font-bold text-transparent bg-gradient-to-r from-primary to-secondary bg-clip-text\">\n                Vi har skapat en checklista f\u00f6r inneh\u00e5llshantering som hj\u00e4lper er att identifiera era st\u00f6rsta utmaningar och ger praktiska l\u00f6sningar p\u00e5 varje punkt.\n            <\/span>\n        <\/p>\n                    <\/div>\n        <div class=\"hidden xs:block relative -z-10 w-2\/5 -my-12\">\n        <img class=\"absolute bottom-0 left-0 -top-8 min-w-full max-w-none h-full object-contain\"\n            srcset=\"https:\/\/imagebank.staging.mediasignal.dev\/wp-content\/uploads\/2025\/10\/ImageBankX-Checklist-300x280.webp 300w, https:\/\/imagebank.staging.mediasignal.dev\/wp-content\/uploads\/2025\/10\/ImageBankX-Checklist.webp 526w\" alt=\"Sis\u00e4ll\u00f6nhallinnan checklistin avulla voit testata mihin aineistonhallinnassa teid\u00e4n organisaatiossa kuluu aikaa\" \/>\n    <\/div>\n    <div class=\"block xs:hidden\">\n        <img srcset=\"https:\/\/imagebank.staging.mediasignal.dev\/wp-content\/uploads\/2025\/10\/ImageBankX-Checklist-300x280.webp 300w, https:\/\/imagebank.staging.mediasignal.dev\/wp-content\/uploads\/2025\/10\/ImageBankX-Checklist.webp 526w\" alt=\"Sis\u00e4ll\u00f6nhallinnan checklistin avulla voit testata mihin aineistonhallinnassa teid\u00e4n organisaatiossa kuluu aikaa\" \/>\n    <\/div>\n    <\/div>\n\n<div style=\"height: 4rem;\"><\/div>\n\n\n\n<div class=\"wp-block-columns is-layout-flex wp-container-core-columns-is-layout-9d6595d7 wp-block-columns-is-layout-flex\">\n<div class=\"wp-block-column is-layout-flow wp-block-column-is-layout-flow\">\n<script src=\"https:\/\/js.hsforms.net\/forms\/embed\/20093147.js\" defer><\/script>\n<div class=\"hs-form-frame\" data-region=\"na1\" data-form-id=\"cb88192c-1928-424c-b5b5-4aded7e14632\" data-portal-id=\"20093147\"><\/div>\n<\/div>\n\n\n\n<div class=\"wp-block-column is-layout-flow wp-block-column-is-layout-flow\"><div style=\"height: 4rem;\"><\/div>\n\n\n\n<figure class=\"wp-block-video\"><video height=\"1080\" style=\"aspect-ratio: 1920 \/ 1080;\" width=\"1920\" controls src=\"https:\/\/imagebank.staging.mediasignal.dev\/app\/uploads\/2025\/09\/checklist-video.mp4\"><\/video><\/figure>\n<\/div>\n<\/div>\n\n\n<div style=\"height: 4rem;\"><\/div>\n\n\n\n<h2 class=\"wp-block-heading has-text-align-center\"><strong>Varf\u00f6r investera i inneh\u00e5llshantering?<\/strong><\/h2>\n\n\n\n<p>M\u00e4ngden inneh\u00e5ll v\u00e4xer snabbt: bilder, videor, riktlinjer och kampanjmaterial r\u00f6r sig dagligen mellan olika kanaler samt mellan interna och externa team. Utan r\u00e4tt verktyg f\u00f6r att hantera dessa resurser blir resultatet ofta:<\/p>\n\n\n\n<ul class=\"wp-block-list\">\n<li>Dubbelarbete och bortkastad tid.<\/li>\n\n\n\n<li>Otydlighet om vilken version som \u00e4r den senaste.<\/li>\n\n\n\n<li>Sv\u00e5righeter att hitta r\u00e4tt material.<\/li>\n\n\n\n<li>Risker f\u00f6r s\u00e4kerhet och varum\u00e4rkeskonsekvens.<\/li>\n<\/ul>\n\n\n\n<p>Genom att investera i smartare inneh\u00e5llshantering m\u00e4rker ni f\u00f6rdelarna direkt i vardagen:<\/p>\n\n\n\n<ul class=\"wp-block-list\">\n<li><strong>Snabbare arbetsfl\u00f6den:<\/strong> hitta material p\u00e5 sekunder, allt samlat p\u00e5 ett st\u00e4lle.<\/li>\n\n\n\n<li><strong>Konsistent varum\u00e4rke:<\/strong> alla team och partners anv\u00e4nder samma, uppdaterade material.<\/li>\n\n\n\n<li><strong>B\u00e4ttre samarbete:<\/strong> dela inneh\u00e5ll enkelt, b\u00e5de internt och externt.<\/li>\n\n\n\n<li><strong>S\u00e4kerhet och kontroll:<\/strong> best\u00e4m sj\u00e4lva vem som f\u00e5r se, redigera eller dela filer.<\/li>\n<\/ul>\n\n\n\n<p>V\u00e4lorganiserad inneh\u00e5llshantering \u00e4r inte bara ett st\u00f6d f\u00f6r marknadsf\u00f6ring, det st\u00e4rker hela organisationens effektivitet och konkurrenskraft.<\/p>\n\n\n<div style=\"height: 4rem;\"><\/div>\n\n\n<section \n    class=\"relative py-14\">\n            <div class=\"flex gap-6 justify-between flex-col md:flex-row bg-black text-white rounded-xl p-6 md:py-12 md:px-10\">\n        <div>\n            <h3 class=\"font-bold\">Se webbinarieinspelningen: Hur t\u00e4mjer man inneh\u00e5llskaoset?<\/h3>\n                        <div class=\"flex\">\n                <span class=\"min-w-5 min-h-5 mr-2 mt-1\">\n                    <svg xmlns=\"http:\/\/www.w3.org\/2000\/svg\" fill=\"none\" viewBox=\"0 0 24 24\" stroke-width=\"1.5\" stroke=\"currentColor\" class=\"size-6\">\n  <path stroke-linecap=\"round\" stroke-linejoin=\"round\" d=\"m4.5 12.75 6 6 9-13.5\" \/>\n<\/svg>\n\n                <\/span>\n                <p class=\"m-0\">Vilka \u00e4r de verkliga orsakerna till problem inom inneh\u00e5llshantering och vilka konsekvenser f\u00e5r de?<\/p>\n            <\/div>\n                        <div class=\"flex\">\n                <span class=\"min-w-5 min-h-5 mr-2 mt-1\">\n                    <svg xmlns=\"http:\/\/www.w3.org\/2000\/svg\" fill=\"none\" viewBox=\"0 0 24 24\" stroke-width=\"1.5\" stroke=\"currentColor\" class=\"size-6\">\n  <path stroke-linecap=\"round\" stroke-linejoin=\"round\" d=\"m4.5 12.75 6 6 9-13.5\" \/>\n<\/svg>\n\n                <\/span>\n                <p class=\"m-0\">F\u00e5 experttips om hur ni b\u00e4st organiserar, distribuerar och samarbetar kring inneh\u00e5ll.<\/p>\n            <\/div>\n                    <\/div>\n        <a href=\"https:\/\/imagebank.staging.mediasignal.dev\/sv\/delta-i-vart-webbinarium\/\" target=\"\"\n            class=\"flex font-bold self-center h-fit w-fit p-4 rounded-lg bg-gradient-to-r from-primary to-secondary transition ease-in-out hover:scale-105 duration-300\">\n            Se inspelningen nu!\n        <\/a>\n    <\/div>\n    <\/section>\n\n\n\n<div style=\"height: 4rem;\"><\/div>\n\n\n\n<section class=\"relative\" >\n        <div\n        class=\"-z-50 pointer-events-none absolute left-1\/2 w-screen -translate-x-1\/2 bg-gradient-to-b from-white to-tetriary top-0 bottom-0\">\n    <\/div>\n    <div class=\"flex flex-wrap gap-4 pt-12 pb-20\">\n        \n        <div class=\"flex-1 min-w-64 transition ease-in-out hover:scale-102 duration-300\">\n            <a href=\"https:\/\/imagebank.staging.mediasignal.dev\/sv\/blogg\/varfor-innehallsorganisation-spelar-roll-4-tips-for-effektiv-innehallsorganisation\/\" aria-label=\"Varf\u00f6r inneh\u00e5llsorganisation spelar roll: 4 tips f\u00f6r effektiv inneh\u00e5llsorganisation\">\n                <img decoding=\"async\" class=\"h-60 w-full object-cover\" src=\"https:\/\/imagebank.staging.mediasignal.dev\/wp-content\/uploads\/2025\/03\/Why_Content_Organization_Matters.webp\"\n                    alt=\"\" \/>\n                <div class=\"bg-white p-8 rounded-b-xl text-center\">\n                    <p class=\"text-black text-lg font-bold mb-12\">Varf\u00f6r inneh\u00e5llsorganisation spelar roll: 4 tips f\u00f6r effektiv inneh\u00e5llsorganisation<\/p>\n                    <p class=\"text-lg underline mb-0\">L\u00e4s mer<\/p>\n                <\/div>\n            <\/a>\n        <\/div>\n        \n        <div class=\"flex-1 min-w-64 transition ease-in-out hover:scale-102 duration-300\">\n            <a href=\"https:\/\/imagebank.staging.mediasignal.dev\/sv\/blogg\/10-viktiga-fordelar-med-dam-for-att-skapa-optimera-och-hantera-innehall\/\" aria-label=\"10 viktiga f\u00f6rdelar med DAM - f\u00f6r att skapa, optimera och hantera inneh\u00e5ll\">\n                <img decoding=\"async\" class=\"h-60 w-full object-cover\" src=\"https:\/\/imagebank.staging.mediasignal.dev\/wp-content\/uploads\/2025\/03\/10_key_benefits_of_Digital_Asset_Management_DAMwebp.webp\"\n                    alt=\"\" \/>\n                <div class=\"bg-white p-8 rounded-b-xl text-center\">\n                    <p class=\"text-black text-lg font-bold mb-12\">10 viktiga f\u00f6rdelar med DAM &#8211; f\u00f6r att skapa, optimera och hantera inneh\u00e5ll<\/p>\n                    <p class=\"text-lg underline mb-0\">L\u00e4s mer<\/p>\n                <\/div>\n            <\/a>\n        <\/div>\n        \n        <div class=\"flex-1 min-w-64 transition ease-in-out hover:scale-102 duration-300\">\n            <a href=\"https:\/\/imagebank.staging.mediasignal.dev\/sv\/blogg\/hur-man-utnyttjar-artificiell-intelligens-ai-i-mediabank\/\" aria-label=\"Hur man utnyttjar artificiell intelligens (AI) i mediabank\">\n                <img decoding=\"async\" class=\"h-60 w-full object-cover\" src=\"https:\/\/imagebank.staging.mediasignal.dev\/wp-content\/uploads\/2025\/05\/pexels-divinetechygirl-1181248-scaled.jpg\"\n                    alt=\"\" \/>\n                <div class=\"bg-white p-8 rounded-b-xl text-center\">\n                    <p class=\"text-black text-lg font-bold mb-12\">Hur man utnyttjar artificiell intelligens (AI) i mediabank<\/p>\n                    <p class=\"text-lg underline mb-0\">L\u00e4s mer<\/p>\n                <\/div>\n            <\/a>\n        <\/div>\n            <\/div>\n<\/section>\n\n<div style=\"height: 4rem;\"><\/div>\n\n\n<section \n    class=\"relative pt-20 md:pt-32 pb-12 md:pb-20\">\n            <div\n        class=\"-z-50 pointer-events-none absolute left-1\/2 w-screen -translate-x-1\/2 bg-gradient-to-b from-white to-tetriary top-0 bottom-0\">\n    <\/div>\n            <div class=\"content-wrap\">\n        <h2 class=\"h1 font-bold text-center\">Kom ig\u00e5ng idag!<\/h2>\n        <p class=\"text-center md:text-xl\">\u00c4r ni redo att ta er inneh\u00e5llshantering och er mediabank till n\u00e4sta niv\u00e5? V\u00e5rt team finns h\u00e4r f\u00f6r att hj\u00e4lpa er.<\/p>\n        <a href=\"https:\/\/imagebank.staging.mediasignal.dev\/sv\/boka-en-kostnadsfri-demo\/\" target=\"\"\n            class=\"flex text-white font-bold h-fit w-fit p-4 rounded-lg bg-gradient-to-r from-primary to-secondary transition ease-in-out hover:scale-105 duration-300 mx-auto\">\n            Boka en gratis demo\n        <\/a>\n        <img decoding=\"async\" class=\"hidden md:block absolute max-w-96 top-0 -left-60 bottom-0 max-h-full\"\n            src=\"\/wp-content\/themes\/imagebank\/assets\/images\/muoto.webp\" alt=\"Purple twisting shape\" \/>\n    <\/div>\n    <\/section>\n\n","protected":false},"excerpt":{"rendered":"<p>Varf\u00f6r investera i inneh\u00e5llshantering? M\u00e4ngden inneh\u00e5ll v\u00e4xer snabbt: bilder, videor, riktlinjer och kampanjmaterial r\u00f6r sig dagligen mellan olika kanaler samt mellan interna och externa team. Utan r\u00e4tt verktyg f\u00f6r att hantera dessa resurser blir resultatet ofta: Genom att investera i smartare inneh\u00e5llshantering m\u00e4rker ni f\u00f6rdelarna direkt i vardagen: V\u00e4lorganiserad inneh\u00e5llshantering \u00e4r inte bara ett st\u00f6d [&hellip;]<\/p>\n","protected":false},"author":1,"featured_media":10072,"parent":0,"menu_order":0,"comment_status":"closed","ping_status":"closed","template":"","meta":{"_acf_changed":false,"_improvement_type_select":"improve_an_existing","_thumb_yes_seoaic":false,"_frame_yes_seoaic":false,"seoaic_generate_description":"","seoaic_improve_instructions_prompt":"","seoaic_rollback_content_improvement":"","seoaic_idea_thumbnail_generator":"","thumbnail_generated":false,"thumbnail_generate_prompt":"","seoaic_article_description":"","footnotes":""},"class_list":["post-10100","page","type-page","status-publish","has-post-thumbnail","hentry"],"acf":[],"yoast_head":"<!-- This site is optimized with the Yoast SEO plugin v25.2 - https:\/\/yoast.com\/wordpress\/plugins\/seo\/ -->\n<title>Checklista f\u00f6r inneh\u00e5llshantering \u2013 Effektivisera arbetet I ImageBank X DAM<\/title>\n<meta name=\"description\" content=\"Testa er inneh\u00e5llshantering med v\u00e5r gratis checklista. Identifiera flaskhalsar och f\u00e5 l\u00f6sningar f\u00f6r organisering, delning och s\u00e4kerhet.\" \/>\n<meta name=\"robots\" content=\"index, follow, max-snippet:-1, max-image-preview:large, max-video-preview:-1\" \/>\n<link rel=\"canonical\" href=\"https:\/\/imagebank.staging.mediasignal.dev\/sv\/testa-er-nuvarande-innehallshantering\/\" \/>\n<meta property=\"og:locale\" content=\"sv_SE\" \/>\n<meta property=\"og:type\" content=\"article\" \/>\n<meta property=\"og:title\" content=\"Checklista f\u00f6r inneh\u00e5llshantering \u2013 Effektivisera arbetet I ImageBank X DAM\" \/>\n<meta property=\"og:description\" content=\"Testa er inneh\u00e5llshantering med v\u00e5r gratis checklista. Identifiera flaskhalsar och f\u00e5 l\u00f6sningar f\u00f6r organisering, delning och s\u00e4kerhet.\" \/>\n<meta property=\"og:url\" content=\"https:\/\/imagebank.staging.mediasignal.dev\/sv\/testa-er-nuvarande-innehallshantering\/\" \/>\n<meta property=\"og:site_name\" content=\"ImageBank X DAM\" \/>\n<meta property=\"article:modified_time\" content=\"2025-10-01T12:24:23+00:00\" \/>\n<meta property=\"og:image\" content=\"https:\/\/imagebank.staging.mediasignal.dev\/app\/uploads\/2025\/10\/ImageBankX-Checklist.webp\" \/>\n\t<meta property=\"og:image:width\" content=\"526\" \/>\n\t<meta property=\"og:image:height\" content=\"491\" \/>\n\t<meta property=\"og:image:type\" content=\"image\/webp\" \/>\n<meta name=\"twitter:card\" content=\"summary_large_image\" \/>\n<meta name=\"twitter:label1\" content=\"Est. reading time\" \/>\n\t<meta name=\"twitter:data1\" content=\"1 minute\" \/>\n<script type=\"application\/ld+json\" class=\"yoast-schema-graph\">{\"@context\":\"https:\/\/schema.org\",\"@graph\":[{\"@type\":\"WebPage\",\"@id\":\"https:\/\/imagebank.staging.mediasignal.dev\/sv\/testa-er-nuvarande-innehallshantering\/\",\"url\":\"https:\/\/imagebank.staging.mediasignal.dev\/sv\/testa-er-nuvarande-innehallshantering\/\",\"name\":\"Checklista f\u00f6r inneh\u00e5llshantering \u2013 Effektivisera arbetet I ImageBank X DAM\",\"isPartOf\":{\"@id\":\"https:\/\/imagebank.staging.mediasignal.dev\/sv\/#website\"},\"primaryImageOfPage\":{\"@id\":\"https:\/\/imagebank.staging.mediasignal.dev\/sv\/testa-er-nuvarande-innehallshantering\/#primaryimage\"},\"image\":{\"@id\":\"https:\/\/imagebank.staging.mediasignal.dev\/sv\/testa-er-nuvarande-innehallshantering\/#primaryimage\"},\"thumbnailUrl\":\"https:\/\/imagebank.staging.mediasignal.dev\/wp-content\/uploads\/2025\/10\/ImageBankX-Checklist.webp\",\"datePublished\":\"2025-09-26T09:25:49+00:00\",\"dateModified\":\"2025-10-01T12:24:23+00:00\",\"description\":\"Testa er inneh\u00e5llshantering med v\u00e5r gratis checklista. Identifiera flaskhalsar och f\u00e5 l\u00f6sningar f\u00f6r organisering, delning och s\u00e4kerhet.\",\"breadcrumb\":{\"@id\":\"https:\/\/imagebank.staging.mediasignal.dev\/sv\/testa-er-nuvarande-innehallshantering\/#breadcrumb\"},\"inLanguage\":\"sv-SE\",\"potentialAction\":[{\"@type\":\"ReadAction\",\"target\":[\"https:\/\/imagebank.staging.mediasignal.dev\/sv\/testa-er-nuvarande-innehallshantering\/\"]}]},{\"@type\":\"ImageObject\",\"inLanguage\":\"sv-SE\",\"@id\":\"https:\/\/imagebank.staging.mediasignal.dev\/sv\/testa-er-nuvarande-innehallshantering\/#primaryimage\",\"url\":\"https:\/\/imagebank.staging.mediasignal.dev\/wp-content\/uploads\/2025\/10\/ImageBankX-Checklist.webp\",\"contentUrl\":\"https:\/\/imagebank.staging.mediasignal.dev\/wp-content\/uploads\/2025\/10\/ImageBankX-Checklist.webp\",\"width\":526,\"height\":491,\"caption\":\"Checklista f\u00f6r effektiv inneh\u00e5llshantering \u2013 identifiera och l\u00f6s flaskhalsar\"},{\"@type\":\"BreadcrumbList\",\"@id\":\"https:\/\/imagebank.staging.mediasignal.dev\/sv\/testa-er-nuvarande-innehallshantering\/#breadcrumb\",\"itemListElement\":[{\"@type\":\"ListItem\",\"position\":1,\"name\":\"Home\",\"item\":\"https:\/\/imagebank.staging.mediasignal.dev\/sv\/\"},{\"@type\":\"ListItem\",\"position\":2,\"name\":\"Testa er nuvarande inneh\u00e5llshantering\"}]},{\"@type\":\"WebSite\",\"@id\":\"https:\/\/imagebank.staging.mediasignal.dev\/sv\/#website\",\"url\":\"https:\/\/imagebank.staging.mediasignal.dev\/sv\/\",\"name\":\"ImageBank X\",\"description\":\"\",\"publisher\":{\"@id\":\"https:\/\/imagebank.staging.mediasignal.dev\/sv\/#organization\"},\"potentialAction\":[{\"@type\":\"SearchAction\",\"target\":{\"@type\":\"EntryPoint\",\"urlTemplate\":\"https:\/\/imagebank.staging.mediasignal.dev\/sv\/?s={search_term_string}\"},\"query-input\":{\"@type\":\"PropertyValueSpecification\",\"valueRequired\":true,\"valueName\":\"search_term_string\"}}],\"inLanguage\":\"sv-SE\"},{\"@type\":\"Organization\",\"@id\":\"https:\/\/imagebank.staging.mediasignal.dev\/sv\/#organization\",\"name\":\"ImageBank X\",\"url\":\"https:\/\/imagebank.staging.mediasignal.dev\/sv\/\",\"logo\":{\"@type\":\"ImageObject\",\"inLanguage\":\"sv-SE\",\"@id\":\"https:\/\/imagebank.staging.mediasignal.dev\/sv\/#\/schema\/logo\/image\/\",\"url\":\"https:\/\/imagebank.staging.mediasignal.dev\/app\/uploads\/2025\/03\/cropped-favicon.png\",\"contentUrl\":\"https:\/\/imagebank.staging.mediasignal.dev\/app\/uploads\/2025\/03\/cropped-favicon.png\",\"width\":512,\"height\":512,\"caption\":\"ImageBank X\"},\"image\":{\"@id\":\"https:\/\/imagebank.staging.mediasignal.dev\/sv\/#\/schema\/logo\/image\/\"},\"sameAs\":[\"https:\/\/linkedin.com\/imagebank-independent\"]}]}<\/script>\n<!-- \/ Yoast SEO plugin. -->","yoast_head_json":{"title":"Checklista f\u00f6r inneh\u00e5llshantering \u2013 Effektivisera arbetet I ImageBank X DAM","description":"Testa er inneh\u00e5llshantering med v\u00e5r gratis checklista. Identifiera flaskhalsar och f\u00e5 l\u00f6sningar f\u00f6r organisering, delning och s\u00e4kerhet.","robots":{"index":"index","follow":"follow","max-snippet":"max-snippet:-1","max-image-preview":"max-image-preview:large","max-video-preview":"max-video-preview:-1"},"canonical":"https:\/\/imagebank.staging.mediasignal.dev\/sv\/testa-er-nuvarande-innehallshantering\/","og_locale":"sv_SE","og_type":"article","og_title":"Checklista f\u00f6r inneh\u00e5llshantering \u2013 Effektivisera arbetet I ImageBank X DAM","og_description":"Testa er inneh\u00e5llshantering med v\u00e5r gratis checklista. Identifiera flaskhalsar och f\u00e5 l\u00f6sningar f\u00f6r organisering, delning och s\u00e4kerhet.","og_url":"https:\/\/imagebank.staging.mediasignal.dev\/sv\/testa-er-nuvarande-innehallshantering\/","og_site_name":"ImageBank X DAM","article_modified_time":"2025-10-01T12:24:23+00:00","og_image":[{"width":526,"height":491,"url":"https:\/\/imagebank.staging.mediasignal.dev\/app\/uploads\/2025\/10\/ImageBankX-Checklist.webp","type":"image\/webp"}],"twitter_card":"summary_large_image","twitter_misc":{"Est. reading time":"1 minute"},"schema":{"@context":"https:\/\/schema.org","@graph":[{"@type":"WebPage","@id":"https:\/\/imagebank.staging.mediasignal.dev\/sv\/testa-er-nuvarande-innehallshantering\/","url":"https:\/\/imagebank.staging.mediasignal.dev\/sv\/testa-er-nuvarande-innehallshantering\/","name":"Checklista f\u00f6r inneh\u00e5llshantering \u2013 Effektivisera arbetet I ImageBank X DAM","isPartOf":{"@id":"https:\/\/imagebank.staging.mediasignal.dev\/sv\/#website"},"primaryImageOfPage":{"@id":"https:\/\/imagebank.staging.mediasignal.dev\/sv\/testa-er-nuvarande-innehallshantering\/#primaryimage"},"image":{"@id":"https:\/\/imagebank.staging.mediasignal.dev\/sv\/testa-er-nuvarande-innehallshantering\/#primaryimage"},"thumbnailUrl":"https:\/\/imagebank.staging.mediasignal.dev\/wp-content\/uploads\/2025\/10\/ImageBankX-Checklist.webp","datePublished":"2025-09-26T09:25:49+00:00","dateModified":"2025-10-01T12:24:23+00:00","description":"Testa er inneh\u00e5llshantering med v\u00e5r gratis checklista. Identifiera flaskhalsar och f\u00e5 l\u00f6sningar f\u00f6r organisering, delning och s\u00e4kerhet.","breadcrumb":{"@id":"https:\/\/imagebank.staging.mediasignal.dev\/sv\/testa-er-nuvarande-innehallshantering\/#breadcrumb"},"inLanguage":"sv-SE","potentialAction":[{"@type":"ReadAction","target":["https:\/\/imagebank.staging.mediasignal.dev\/sv\/testa-er-nuvarande-innehallshantering\/"]}]},{"@type":"ImageObject","inLanguage":"sv-SE","@id":"https:\/\/imagebank.staging.mediasignal.dev\/sv\/testa-er-nuvarande-innehallshantering\/#primaryimage","url":"https:\/\/imagebank.staging.mediasignal.dev\/wp-content\/uploads\/2025\/10\/ImageBankX-Checklist.webp","contentUrl":"https:\/\/imagebank.staging.mediasignal.dev\/wp-content\/uploads\/2025\/10\/ImageBankX-Checklist.webp","width":526,"height":491,"caption":"Checklista f\u00f6r effektiv inneh\u00e5llshantering \u2013 identifiera och l\u00f6s flaskhalsar"},{"@type":"BreadcrumbList","@id":"https:\/\/imagebank.staging.mediasignal.dev\/sv\/testa-er-nuvarande-innehallshantering\/#breadcrumb","itemListElement":[{"@type":"ListItem","position":1,"name":"Home","item":"https:\/\/imagebank.staging.mediasignal.dev\/sv\/"},{"@type":"ListItem","position":2,"name":"Testa er nuvarande inneh\u00e5llshantering"}]},{"@type":"WebSite","@id":"https:\/\/imagebank.staging.mediasignal.dev\/sv\/#website","url":"https:\/\/imagebank.staging.mediasignal.dev\/sv\/","name":"ImageBank X","description":"","publisher":{"@id":"https:\/\/imagebank.staging.mediasignal.dev\/sv\/#organization"},"potentialAction":[{"@type":"SearchAction","target":{"@type":"EntryPoint","urlTemplate":"https:\/\/imagebank.staging.mediasignal.dev\/sv\/?s={search_term_string}"},"query-input":{"@type":"PropertyValueSpecification","valueRequired":true,"valueName":"search_term_string"}}],"inLanguage":"sv-SE"},{"@type":"Organization","@id":"https:\/\/imagebank.staging.mediasignal.dev\/sv\/#organization","name":"ImageBank X","url":"https:\/\/imagebank.staging.mediasignal.dev\/sv\/","logo":{"@type":"ImageObject","inLanguage":"sv-SE","@id":"https:\/\/imagebank.staging.mediasignal.dev\/sv\/#\/schema\/logo\/image\/","url":"https:\/\/imagebank.staging.mediasignal.dev\/app\/uploads\/2025\/03\/cropped-favicon.png","contentUrl":"https:\/\/imagebank.staging.mediasignal.dev\/app\/uploads\/2025\/03\/cropped-favicon.png","width":512,"height":512,"caption":"ImageBank X"},"image":{"@id":"https:\/\/imagebank.staging.mediasignal.dev\/sv\/#\/schema\/logo\/image\/"},"sameAs":["https:\/\/linkedin.com\/imagebank-independent"]}]}},"_links":{"self":[{"href":"https:\/\/imagebank.staging.mediasignal.dev\/sv\/wp-json\/wp\/v2\/pages\/10100","targetHints":{"allow":["GET"]}}],"collection":[{"href":"https:\/\/imagebank.staging.mediasignal.dev\/sv\/wp-json\/wp\/v2\/pages"}],"about":[{"href":"https:\/\/imagebank.staging.mediasignal.dev\/sv\/wp-json\/wp\/v2\/types\/page"}],"author":[{"embeddable":true,"href":"https:\/\/imagebank.staging.mediasignal.dev\/sv\/wp-json\/wp\/v2\/users\/1"}],"replies":[{"embeddable":true,"href":"https:\/\/imagebank.staging.mediasignal.dev\/sv\/wp-json\/wp\/v2\/comments?post=10100"}],"version-history":[{"count":3,"href":"https:\/\/imagebank.staging.mediasignal.dev\/sv\/wp-json\/wp\/v2\/pages\/10100\/revisions"}],"predecessor-version":[{"id":10106,"href":"https:\/\/imagebank.staging.mediasignal.dev\/sv\/wp-json\/wp\/v2\/pages\/10100\/revisions\/10106"}],"wp:featuredmedia":[{"embeddable":true,"href":"https:\/\/imagebank.staging.mediasignal.dev\/sv\/wp-json\/wp\/v2\/media\/10072"}],"wp:attachment":[{"href":"https:\/\/imagebank.staging.mediasignal.dev\/sv\/wp-json\/wp\/v2\/media?parent=10100"}],"curies":[{"name":"wp","href":"https:\/\/api.w.org\/{rel}","templated":true}]}}