{"id":9007,"date":"2025-07-21T13:51:49","date_gmt":"2025-07-21T13:51:49","guid":{"rendered":"https:\/\/imagebank.staging.mediasignal.dev\/?page_id=9007"},"modified":"2025-09-02T09:43:45","modified_gmt":"2025-09-02T09:43:45","slug":"imagebank-x-nyhetsbrev","status":"publish","type":"page","link":"https:\/\/imagebank.staging.mediasignal.dev\/no\/imagebank-x-nyhetsbrev\/","title":{"rendered":"ImageBank X Nyhetsbrev"},"content":{"rendered":"<div \n    class=\"relative flex flex-col xs:flex-row py-14\">\n        <div\n        class=\"-z-50 pointer-events-none absolute left-1\/2 w-screen -translate-x-1\/2  bg-gradient-to-t from-white to-tetriary -top-14 bottom-0\">\n    <\/div>\n    <div class=\"relative z-10 md:mt-10 lg:mt-20 xs:w-3\/5\">\n                <h1 class=\"z-10 mb-8 font-extrabold text-4xl sm:text-5xl md:text-7xl xl:text-8xl text-primary\">\n            Boost h\u00e5ndteringen av digitale eiendeler \u2013 Rett i innboksen din\n        <\/h1>\n                <p class=\"mb-6\">\n            F\u00e5 praktiske tips, virkelige eksempler og innsikt i hvordan du jobber smart med DAM. Vi sender deg oppdateringer n\u00e5 og da \n            <span class=\"font-bold text-transparent bg-gradient-to-r from-primary to-secondary bg-clip-text\">\n                \u2013 for \u00e5 hjelpe deg med \u00e5 holde orden, spare tid og sikre merkevarekonsistens.\n            <\/span>\n        <\/p>\n                    <\/div>\n        <div class=\"hidden xs:block relative -z-10 w-2\/5 -my-12\">\n        <img class=\"absolute bottom-0 left-0 -top-8 min-w-full max-w-none h-full object-contain\"\n            srcset=\"https:\/\/imagebank.staging.mediasignal.dev\/wp-content\/uploads\/2025\/03\/Hero-5-245x300.webp 245w, https:\/\/imagebank.staging.mediasignal.dev\/wp-content\/uploads\/2025\/03\/Hero-5-836x1024.webp 836w, https:\/\/imagebank.staging.mediasignal.dev\/wp-content\/uploads\/2025\/03\/Hero-5-768x941.webp 768w, https:\/\/imagebank.staging.mediasignal.dev\/wp-content\/uploads\/2025\/03\/Hero-5.webp 997w\" alt=\"Team collaborate on brand digital assets using ImageBank X DAM software\" \/>\n    <\/div>\n    <div class=\"block xs:hidden\">\n        <img srcset=\"https:\/\/imagebank.staging.mediasignal.dev\/wp-content\/uploads\/2025\/03\/Hero-5-245x300.webp 245w, https:\/\/imagebank.staging.mediasignal.dev\/wp-content\/uploads\/2025\/03\/Hero-5-836x1024.webp 836w, https:\/\/imagebank.staging.mediasignal.dev\/wp-content\/uploads\/2025\/03\/Hero-5-768x941.webp 768w, https:\/\/imagebank.staging.mediasignal.dev\/wp-content\/uploads\/2025\/03\/Hero-5.webp 997w\" alt=\"Team collaborate on brand digital assets using ImageBank X DAM software\" \/>\n    <\/div>\n    <\/div>\n\n<div style=\"height: 4rem;\"><\/div>\n\n\n<section id=\"Section\" class=\"content-wrap \">\n    \n\n<h2 class=\"wp-block-heading has-text-align-center\"><strong>Abonner p\u00e5 nyhetsbrevet fra ImageBank X<\/strong><\/h2>\n\n\n<div style=\"height: 4rem;\"><\/div>\n\n\n\n<script src=\"https:\/\/js.hsforms.net\/forms\/embed\/20093147.js\" defer><\/script>\n<div class=\"hs-form-frame\" data-region=\"na1\" data-form-id=\"daf09722-00a3-4835-a163-ea7b74b591ac\" data-portal-id=\"20093147\"><\/div>\n\n\n<\/section>\n\n<div style=\"height: 4rem;\"><\/div>\n\n\n<section \n    class=\"relative py-14\">\n            <div class=\"flex gap-6 justify-between flex-col md:flex-row bg-black text-white rounded-xl p-6 md:py-12 md:px-10\">\n        <div>\n            <h3 class=\"font-bold\">For mange kanaler, for lite tid \u2013 Hvordan temme innholdskaoset?<\/h3>\n                        <div class=\"flex\">\n                <span class=\"min-w-5 min-h-5 mr-2 mt-1\">\n                    <svg xmlns=\"http:\/\/www.w3.org\/2000\/svg\" fill=\"none\" viewBox=\"0 0 24 24\" stroke-width=\"1.5\" stroke=\"currentColor\" class=\"size-6\">\n  <path stroke-linecap=\"round\" stroke-linejoin=\"round\" d=\"m4.5 12.75 6 6 9-13.5\" \/>\n<\/svg>\n\n                <\/span>\n                <p class=\"m-0\">Bruker ogs\u00e5 deres organisasjon un\u00f8dvendig mye tid p\u00e5 innholdsforvaltning? Se opptaket fra webinaret og l\u00e6r hvilke som er de vanligste flaskehalsene i innholdsforvaltningen og hvordan dere kan overvinne dem.<\/p>\n            <\/div>\n                    <\/div>\n        <a href=\"https:\/\/imagebank.staging.mediasignal.dev\/no\/bli-med-pa-et-webinar\/\" target=\"\"\n            class=\"flex font-bold self-center h-fit w-fit p-4 rounded-lg bg-gradient-to-r from-primary to-secondary transition ease-in-out hover:scale-105 duration-300\">\n            Se opptaket\n        <\/a>\n    <\/div>\n    <\/section>\n\n\n\n<div style=\"height: 4rem;\"><\/div>\n\n\n<section id=\"Section\" class=\"content-wrap \">\n    \n\n<h2 class=\"wp-block-heading has-text-align-center\"><strong>Les de siste eksperttipsene p\u00e5 bloggen v\u00e5r<\/strong><\/h2>\n\n\n\n<p class=\"has-text-align-center\">Fra smarte arbeidsflyter til merkevarekonsistens \u2013 bloggen v\u00e5r er full av praktiske r\u00e5d for moderne team.<\/p>\n\n\n<\/section>\n\n<div style=\"height: 4rem;\"><\/div>\n\n\n\n<section class=\"relative\" >\n        <div\n        class=\"-z-50 pointer-events-none absolute left-1\/2 w-screen -translate-x-1\/2 bg-gradient-to-b from-white to-tetriary top-0 bottom-0\">\n    <\/div>\n    <div class=\"flex flex-wrap gap-4 pt-12 pb-20\">\n        \n        <div class=\"flex-1 min-w-64 transition ease-in-out hover:scale-102 duration-300\">\n            <a href=\"https:\/\/imagebank.staging.mediasignal.dev\/no\/blogger\/slik-utnytter-du-ai-i-dam\/\" aria-label=\"Slik utnytter du AI i DAM\">\n                <img decoding=\"async\" class=\"h-60 w-full object-cover\" src=\"https:\/\/imagebank.staging.mediasignal.dev\/wp-content\/uploads\/2025\/05\/pexels-divinetechygirl-1181248-scaled.jpg\"\n                    alt=\"\" \/>\n                <div class=\"bg-white p-8 rounded-b-xl text-center\">\n                    <p class=\"text-black text-lg font-bold mb-12\">Slik utnytter du AI i DAM<\/p>\n                    <p class=\"text-lg underline mb-0\">Les mer<\/p>\n                <\/div>\n            <\/a>\n        <\/div>\n        \n        <div class=\"flex-1 min-w-64 transition ease-in-out hover:scale-102 duration-300\">\n            <a href=\"https:\/\/imagebank.staging.mediasignal.dev\/no\/blogger\/de-viktigste-trendene-innen-digital-asset-management-dam-i-2025\/\" aria-label=\"De viktigste trendene innen Digital Asset Management (DAM) i 2025\">\n                <img decoding=\"async\" class=\"h-60 w-full object-cover\" src=\"https:\/\/imagebank.staging.mediasignal.dev\/wp-content\/uploads\/2025\/03\/2025-DAM-trends.webp\"\n                    alt=\"\" \/>\n                <div class=\"bg-white p-8 rounded-b-xl text-center\">\n                    <p class=\"text-black text-lg font-bold mb-12\">De viktigste trendene innen Digital Asset Management (DAM) i 2025<\/p>\n                    <p class=\"text-lg underline mb-0\">Les mer<\/p>\n                <\/div>\n            <\/a>\n        <\/div>\n        \n        <div class=\"flex-1 min-w-64 transition ease-in-out hover:scale-102 duration-300\">\n            <a href=\"https:\/\/imagebank.staging.mediasignal.dev\/no\/blogger\/fa-mer-ut-av-metadata-og-taksonomi-for-bedre-forvaltning-av-digitale-ressurser\/\" aria-label=\"F\u00e5 mer ut av metadata og taksonomi for bedre forvaltning av digitale ressurser\">\n                <img decoding=\"async\" class=\"h-60 w-full object-cover\" src=\"https:\/\/imagebank.staging.mediasignal.dev\/wp-content\/uploads\/2025\/03\/Unlock_the_Power_of_Metadata_and_Taxonomy_for_Better_Digital_Asset_Management.webp\"\n                    alt=\"\" \/>\n                <div class=\"bg-white p-8 rounded-b-xl text-center\">\n                    <p class=\"text-black text-lg font-bold mb-12\">F\u00e5 mer ut av metadata og taksonomi for bedre forvaltning av digitale ressurser<\/p>\n                    <p class=\"text-lg underline mb-0\">Les mer<\/p>\n                <\/div>\n            <\/a>\n        <\/div>\n        \n        <div class=\"flex-1 min-w-64 transition ease-in-out hover:scale-102 duration-300\">\n            <a href=\"https:\/\/imagebank.staging.mediasignal.dev\/no\/blogger\/10-viktige-fordeler-med-digital-asset-management-dam-for-a-skape-optimalisere-og-administrere-innhold\/\" aria-label=\"10 viktige fordeler med Digital Asset Management (DAM) - for \u00e5 skape, optimalisere og administrere innhold\">\n                <img decoding=\"async\" class=\"h-60 w-full object-cover\" src=\"https:\/\/imagebank.staging.mediasignal.dev\/wp-content\/uploads\/2025\/03\/10_key_benefits_of_Digital_Asset_Management_DAMwebp.webp\"\n                    alt=\"\" \/>\n                <div class=\"bg-white p-8 rounded-b-xl text-center\">\n                    <p class=\"text-black text-lg font-bold mb-12\">10 viktige fordeler med Digital Asset Management (DAM) &#8211; for \u00e5 skape, optimalisere og administrere innhold<\/p>\n                    <p class=\"text-lg underline mb-0\">Les mer<\/p>\n                <\/div>\n            <\/a>\n        <\/div>\n            <\/div>\n<\/section>\n\n<div style=\"height: 4rem;\"><\/div>\n\n\n\n<p><\/p>\n","protected":false},"excerpt":{"rendered":"","protected":false},"author":1,"featured_media":8457,"parent":0,"menu_order":0,"comment_status":"closed","ping_status":"closed","template":"","meta":{"_acf_changed":false,"_improvement_type_select":"improve_an_existing","_thumb_yes_seoaic":false,"_frame_yes_seoaic":false,"seoaic_generate_description":"","seoaic_improve_instructions_prompt":"","seoaic_rollback_content_improvement":"","seoaic_idea_thumbnail_generator":"","thumbnail_generated":false,"thumbnail_generate_prompt":"","seoaic_article_description":"","footnotes":""},"class_list":["post-9007","page","type-page","status-publish","has-post-thumbnail","hentry"],"acf":[],"yoast_head":"<!-- This site is optimized with the Yoast SEO plugin v25.2 - https:\/\/yoast.com\/wordpress\/plugins\/seo\/ -->\n<title>Abonner p\u00e5 v\u00e5rt nyhetsbrev I ImageBank X DAM<\/title>\n<meta name=\"description\" content=\"Abonner p\u00e5 nyhetsbrev. F\u00e5 praktiske tips, virkelige eksempler og innsikt i hvordan du jobber smart med DAM. Vi sender deg oppdateringer n\u00e5 og da.\" \/>\n<meta name=\"robots\" content=\"index, follow, max-snippet:-1, max-image-preview:large, max-video-preview:-1\" \/>\n<link rel=\"canonical\" href=\"https:\/\/imagebank.staging.mediasignal.dev\/no\/imagebank-x-nyhetsbrev\/\" \/>\n<meta property=\"og:locale\" content=\"nb_NO\" \/>\n<meta property=\"og:type\" content=\"article\" \/>\n<meta property=\"og:title\" content=\"Abonner p\u00e5 v\u00e5rt nyhetsbrev I ImageBank X DAM\" \/>\n<meta property=\"og:description\" content=\"Abonner p\u00e5 nyhetsbrev. F\u00e5 praktiske tips, virkelige eksempler og innsikt i hvordan du jobber smart med DAM. Vi sender deg oppdateringer n\u00e5 og da.\" \/>\n<meta property=\"og:url\" content=\"https:\/\/imagebank.staging.mediasignal.dev\/no\/imagebank-x-nyhetsbrev\/\" \/>\n<meta property=\"og:site_name\" content=\"ImageBank X DAM\" \/>\n<meta property=\"article:modified_time\" content=\"2025-09-02T09:43:45+00:00\" \/>\n<meta property=\"og:image\" content=\"https:\/\/imagebank.staging.mediasignal.dev\/app\/uploads\/2025\/06\/Webinar.webp\" \/>\n\t<meta property=\"og:image:width\" content=\"1956\" \/>\n\t<meta property=\"og:image:height\" content=\"2414\" \/>\n\t<meta property=\"og:image:type\" content=\"image\/webp\" \/>\n<meta name=\"twitter:card\" content=\"summary_large_image\" \/>\n<meta name=\"twitter:label1\" content=\"Est. reading time\" \/>\n\t<meta name=\"twitter:data1\" content=\"1 minute\" \/>\n<script type=\"application\/ld+json\" class=\"yoast-schema-graph\">{\"@context\":\"https:\/\/schema.org\",\"@graph\":[{\"@type\":\"WebPage\",\"@id\":\"https:\/\/imagebank.staging.mediasignal.dev\/no\/imagebank-x-nyhetsbrev\/\",\"url\":\"https:\/\/imagebank.staging.mediasignal.dev\/no\/imagebank-x-nyhetsbrev\/\",\"name\":\"Abonner p\u00e5 v\u00e5rt nyhetsbrev I ImageBank X DAM\",\"isPartOf\":{\"@id\":\"https:\/\/imagebank.staging.mediasignal.dev\/no\/#website\"},\"primaryImageOfPage\":{\"@id\":\"https:\/\/imagebank.staging.mediasignal.dev\/no\/imagebank-x-nyhetsbrev\/#primaryimage\"},\"image\":{\"@id\":\"https:\/\/imagebank.staging.mediasignal.dev\/no\/imagebank-x-nyhetsbrev\/#primaryimage\"},\"thumbnailUrl\":\"https:\/\/imagebank.staging.mediasignal.dev\/wp-content\/uploads\/2025\/06\/Webinar.webp\",\"datePublished\":\"2025-07-21T13:51:49+00:00\",\"dateModified\":\"2025-09-02T09:43:45+00:00\",\"description\":\"Abonner p\u00e5 nyhetsbrev. F\u00e5 praktiske tips, virkelige eksempler og innsikt i hvordan du jobber smart med DAM. Vi sender deg oppdateringer n\u00e5 og da.\",\"breadcrumb\":{\"@id\":\"https:\/\/imagebank.staging.mediasignal.dev\/no\/imagebank-x-nyhetsbrev\/#breadcrumb\"},\"inLanguage\":\"nb-NO\",\"potentialAction\":[{\"@type\":\"ReadAction\",\"target\":[\"https:\/\/imagebank.staging.mediasignal.dev\/no\/imagebank-x-nyhetsbrev\/\"]}]},{\"@type\":\"ImageObject\",\"inLanguage\":\"nb-NO\",\"@id\":\"https:\/\/imagebank.staging.mediasignal.dev\/no\/imagebank-x-nyhetsbrev\/#primaryimage\",\"url\":\"https:\/\/imagebank.staging.mediasignal.dev\/wp-content\/uploads\/2025\/06\/Webinar.webp\",\"contentUrl\":\"https:\/\/imagebank.staging.mediasignal.dev\/wp-content\/uploads\/2025\/06\/Webinar.webp\",\"width\":1956,\"height\":2414,\"caption\":\"Webinar ImageBank X DAM\"},{\"@type\":\"BreadcrumbList\",\"@id\":\"https:\/\/imagebank.staging.mediasignal.dev\/no\/imagebank-x-nyhetsbrev\/#breadcrumb\",\"itemListElement\":[{\"@type\":\"ListItem\",\"position\":1,\"name\":\"Home\",\"item\":\"https:\/\/imagebank.staging.mediasignal.dev\/no\/\"},{\"@type\":\"ListItem\",\"position\":2,\"name\":\"ImageBank X Nyhetsbrev\"}]},{\"@type\":\"WebSite\",\"@id\":\"https:\/\/imagebank.staging.mediasignal.dev\/no\/#website\",\"url\":\"https:\/\/imagebank.staging.mediasignal.dev\/no\/\",\"name\":\"ImageBank X\",\"description\":\"\",\"publisher\":{\"@id\":\"https:\/\/imagebank.staging.mediasignal.dev\/no\/#organization\"},\"potentialAction\":[{\"@type\":\"SearchAction\",\"target\":{\"@type\":\"EntryPoint\",\"urlTemplate\":\"https:\/\/imagebank.staging.mediasignal.dev\/no\/?s={search_term_string}\"},\"query-input\":{\"@type\":\"PropertyValueSpecification\",\"valueRequired\":true,\"valueName\":\"search_term_string\"}}],\"inLanguage\":\"nb-NO\"},{\"@type\":\"Organization\",\"@id\":\"https:\/\/imagebank.staging.mediasignal.dev\/no\/#organization\",\"name\":\"ImageBank X\",\"url\":\"https:\/\/imagebank.staging.mediasignal.dev\/no\/\",\"logo\":{\"@type\":\"ImageObject\",\"inLanguage\":\"nb-NO\",\"@id\":\"https:\/\/imagebank.staging.mediasignal.dev\/no\/#\/schema\/logo\/image\/\",\"url\":\"https:\/\/imagebank.staging.mediasignal.dev\/app\/uploads\/2025\/03\/cropped-favicon.png\",\"contentUrl\":\"https:\/\/imagebank.staging.mediasignal.dev\/app\/uploads\/2025\/03\/cropped-favicon.png\",\"width\":512,\"height\":512,\"caption\":\"ImageBank X\"},\"image\":{\"@id\":\"https:\/\/imagebank.staging.mediasignal.dev\/no\/#\/schema\/logo\/image\/\"},\"sameAs\":[\"https:\/\/linkedin.com\/imagebank-independent\"]}]}<\/script>\n<!-- \/ Yoast SEO plugin. -->","yoast_head_json":{"title":"Abonner p\u00e5 v\u00e5rt nyhetsbrev I ImageBank X DAM","description":"Abonner p\u00e5 nyhetsbrev. F\u00e5 praktiske tips, virkelige eksempler og innsikt i hvordan du jobber smart med DAM. Vi sender deg oppdateringer n\u00e5 og da.","robots":{"index":"index","follow":"follow","max-snippet":"max-snippet:-1","max-image-preview":"max-image-preview:large","max-video-preview":"max-video-preview:-1"},"canonical":"https:\/\/imagebank.staging.mediasignal.dev\/no\/imagebank-x-nyhetsbrev\/","og_locale":"nb_NO","og_type":"article","og_title":"Abonner p\u00e5 v\u00e5rt nyhetsbrev I ImageBank X DAM","og_description":"Abonner p\u00e5 nyhetsbrev. F\u00e5 praktiske tips, virkelige eksempler og innsikt i hvordan du jobber smart med DAM. Vi sender deg oppdateringer n\u00e5 og da.","og_url":"https:\/\/imagebank.staging.mediasignal.dev\/no\/imagebank-x-nyhetsbrev\/","og_site_name":"ImageBank X DAM","article_modified_time":"2025-09-02T09:43:45+00:00","og_image":[{"width":1956,"height":2414,"url":"https:\/\/imagebank.staging.mediasignal.dev\/app\/uploads\/2025\/06\/Webinar.webp","type":"image\/webp"}],"twitter_card":"summary_large_image","twitter_misc":{"Est. reading time":"1 minute"},"schema":{"@context":"https:\/\/schema.org","@graph":[{"@type":"WebPage","@id":"https:\/\/imagebank.staging.mediasignal.dev\/no\/imagebank-x-nyhetsbrev\/","url":"https:\/\/imagebank.staging.mediasignal.dev\/no\/imagebank-x-nyhetsbrev\/","name":"Abonner p\u00e5 v\u00e5rt nyhetsbrev I ImageBank X DAM","isPartOf":{"@id":"https:\/\/imagebank.staging.mediasignal.dev\/no\/#website"},"primaryImageOfPage":{"@id":"https:\/\/imagebank.staging.mediasignal.dev\/no\/imagebank-x-nyhetsbrev\/#primaryimage"},"image":{"@id":"https:\/\/imagebank.staging.mediasignal.dev\/no\/imagebank-x-nyhetsbrev\/#primaryimage"},"thumbnailUrl":"https:\/\/imagebank.staging.mediasignal.dev\/wp-content\/uploads\/2025\/06\/Webinar.webp","datePublished":"2025-07-21T13:51:49+00:00","dateModified":"2025-09-02T09:43:45+00:00","description":"Abonner p\u00e5 nyhetsbrev. F\u00e5 praktiske tips, virkelige eksempler og innsikt i hvordan du jobber smart med DAM. Vi sender deg oppdateringer n\u00e5 og da.","breadcrumb":{"@id":"https:\/\/imagebank.staging.mediasignal.dev\/no\/imagebank-x-nyhetsbrev\/#breadcrumb"},"inLanguage":"nb-NO","potentialAction":[{"@type":"ReadAction","target":["https:\/\/imagebank.staging.mediasignal.dev\/no\/imagebank-x-nyhetsbrev\/"]}]},{"@type":"ImageObject","inLanguage":"nb-NO","@id":"https:\/\/imagebank.staging.mediasignal.dev\/no\/imagebank-x-nyhetsbrev\/#primaryimage","url":"https:\/\/imagebank.staging.mediasignal.dev\/wp-content\/uploads\/2025\/06\/Webinar.webp","contentUrl":"https:\/\/imagebank.staging.mediasignal.dev\/wp-content\/uploads\/2025\/06\/Webinar.webp","width":1956,"height":2414,"caption":"Webinar ImageBank X DAM"},{"@type":"BreadcrumbList","@id":"https:\/\/imagebank.staging.mediasignal.dev\/no\/imagebank-x-nyhetsbrev\/#breadcrumb","itemListElement":[{"@type":"ListItem","position":1,"name":"Home","item":"https:\/\/imagebank.staging.mediasignal.dev\/no\/"},{"@type":"ListItem","position":2,"name":"ImageBank X Nyhetsbrev"}]},{"@type":"WebSite","@id":"https:\/\/imagebank.staging.mediasignal.dev\/no\/#website","url":"https:\/\/imagebank.staging.mediasignal.dev\/no\/","name":"ImageBank X","description":"","publisher":{"@id":"https:\/\/imagebank.staging.mediasignal.dev\/no\/#organization"},"potentialAction":[{"@type":"SearchAction","target":{"@type":"EntryPoint","urlTemplate":"https:\/\/imagebank.staging.mediasignal.dev\/no\/?s={search_term_string}"},"query-input":{"@type":"PropertyValueSpecification","valueRequired":true,"valueName":"search_term_string"}}],"inLanguage":"nb-NO"},{"@type":"Organization","@id":"https:\/\/imagebank.staging.mediasignal.dev\/no\/#organization","name":"ImageBank X","url":"https:\/\/imagebank.staging.mediasignal.dev\/no\/","logo":{"@type":"ImageObject","inLanguage":"nb-NO","@id":"https:\/\/imagebank.staging.mediasignal.dev\/no\/#\/schema\/logo\/image\/","url":"https:\/\/imagebank.staging.mediasignal.dev\/app\/uploads\/2025\/03\/cropped-favicon.png","contentUrl":"https:\/\/imagebank.staging.mediasignal.dev\/app\/uploads\/2025\/03\/cropped-favicon.png","width":512,"height":512,"caption":"ImageBank X"},"image":{"@id":"https:\/\/imagebank.staging.mediasignal.dev\/no\/#\/schema\/logo\/image\/"},"sameAs":["https:\/\/linkedin.com\/imagebank-independent"]}]}},"_links":{"self":[{"href":"https:\/\/imagebank.staging.mediasignal.dev\/no\/wp-json\/wp\/v2\/pages\/9007","targetHints":{"allow":["GET"]}}],"collection":[{"href":"https:\/\/imagebank.staging.mediasignal.dev\/no\/wp-json\/wp\/v2\/pages"}],"about":[{"href":"https:\/\/imagebank.staging.mediasignal.dev\/no\/wp-json\/wp\/v2\/types\/page"}],"author":[{"embeddable":true,"href":"https:\/\/imagebank.staging.mediasignal.dev\/no\/wp-json\/wp\/v2\/users\/1"}],"replies":[{"embeddable":true,"href":"https:\/\/imagebank.staging.mediasignal.dev\/no\/wp-json\/wp\/v2\/comments?post=9007"}],"version-history":[{"count":2,"href":"https:\/\/imagebank.staging.mediasignal.dev\/no\/wp-json\/wp\/v2\/pages\/9007\/revisions"}],"predecessor-version":[{"id":9517,"href":"https:\/\/imagebank.staging.mediasignal.dev\/no\/wp-json\/wp\/v2\/pages\/9007\/revisions\/9517"}],"wp:featuredmedia":[{"embeddable":true,"href":"https:\/\/imagebank.staging.mediasignal.dev\/no\/wp-json\/wp\/v2\/media\/8457"}],"wp:attachment":[{"href":"https:\/\/imagebank.staging.mediasignal.dev\/no\/wp-json\/wp\/v2\/media?parent=9007"}],"curies":[{"name":"wp","href":"https:\/\/api.w.org\/{rel}","templated":true}]}}