{"id":7380,"date":"2025-02-10T11:06:12","date_gmt":"2025-02-10T11:06:12","guid":{"rendered":"https:\/\/imagebank.staging.mediasignal.dev\/privacy-policy\/"},"modified":"2025-06-18T07:21:36","modified_gmt":"2025-06-18T07:21:36","slug":"personvernerklaering","status":"publish","type":"page","link":"https:\/\/imagebank.staging.mediasignal.dev\/no\/personvernerklaering\/","title":{"rendered":"Personvernerkl\u00e6ring"},"content":{"rendered":"<div \n    class=\"relative flex flex-col md:flex-row gap-12 py-14\">\n        <div\n        class=\"-z-50 pointer-events-none absolute left-1\/2 w-screen -translate-x-1\/2  bg-gradient-to-t from-white to-tetriary -top-14 bottom-0\">\n    <\/div>\n    <div class=\"relative z-10 md:mt-10 lg:mt-20 md:w-3\/5\">\n                <div class=\"border border-white text-white rounded-full w-fit px-4 py-2 mb-4\">\n            Juridisk\n        <\/div>\n                <h1 class=\"z-10 mb-8 font-extrabold text-4xl sm:text-5xl md:text-7xl xl:text-8xl text-primary\">\n            Personvernerkl\u00e6ring\n        <\/h1>\n                    <\/div>\n        <div class=\"hidden md:block relative w-2\/5 content-center\">\n        \n    <\/div>\n    <div class=\"block md:hidden\">\n        \n    <\/div>\n    <\/div>\n\n<section id=\"Section\" class=\"content-wrap \">\n    \n\n<h2 class=\"wp-block-heading\"><strong>Introduksjon<\/strong><\/h2>\n\n\n\n<p>Mediasignal Communications Oy &amp; ImageBank X DAM (&#8220;vi&#8221;, &#8220;oss&#8221;, &#8220;v\u00e5r&#8221;, &#8220;databehandler&#8221;) er forpliktet til \u00e5 beskytte ditt personvern. Denne personvernerkl\u00e6ringen forklarer hvordan vi samler inn, bruker og deler informasjon n\u00e5r du bruker v\u00e5r ImageBank X Digital Asset Management (DAM)-programvare (tjenesten). Erkl\u00e6ringen er i samsvar med EUs personvernforordning (GDPR) og relevante amerikanske lover der det er aktuelt.<\/p>\n\n\n\n<h2 class=\"wp-block-heading\"><strong>Informasjon vi samler inn<\/strong><\/h2>\n\n\n\n<p>For at ImageBank X skal fungere og for at vi skal kunne gi deg best mulig opplevelse, samler vi inn viss informasjon. Generelt samler vi inn informasjon for \u00e5:<\/p>\n\n\n\n<ul class=\"wp-block-list\">\n<li>Levere, vedlikeholde og forbedre tjenesten<\/li>\n\n\n\n<li>Sikre sikkerhet og overholdelse av lovp\u00e5lagte krav<\/li>\n\n\n\n<li>Tilby kundest\u00f8tte og sende viktige varsler<\/li>\n\n\n\n<li>Analysere og forbedre programvarens funksjonalitet<\/li>\n<\/ul>\n\n\n\n<h3 class=\"wp-block-heading\"><strong>Personopplysninger<\/strong><\/h3>\n\n\n\n<p>Personopplysningene vi samler inn fra brukere ved registrering eller bruk av tjenesten, brukes kun til tjenestens form\u00e5l og administrasjon. F\u00f8lgende informasjon samles inn for bruk av tjenesten:<\/p>\n\n\n\n<ul class=\"wp-block-list\">\n<li>Navn<\/li>\n\n\n\n<li>E-postadresse<\/li>\n\n\n\n<li>Registreringsinformasjon, som brukernavn og passord<\/li>\n<\/ul>\n\n\n\n<p>Tjenesten har ogs\u00e5 valgfrie personopplysningsfelt som brukerne kan fylle ut dersom de \u00f8nsker \u00e5 gi ekstra informasjon om seg selv:<\/p>\n\n\n\n<ul class=\"wp-block-list\">\n<li>Firma<\/li>\n\n\n\n<li>Informasjon<\/li>\n\n\n\n<li>Avatar \/ profilbilde<\/li>\n<\/ul>\n\n\n\n<h3 class=\"wp-block-heading\"><strong>Bruksdata<\/strong><\/h3>\n\n\n\n<p>For \u00e5 sikre juridisk og sikkerhetsmessig samsvar, samt identifisere ineffektiviteter, forbedre ytelse og sikre en s\u00f8ml\u00f8s opplevelse, samler vi inn visse bruksdata fra ImageBank X, inkludert:<\/p>\n\n\n\n<ul class=\"wp-block-list\">\n<li>HTTP-foresp\u00f8rselslogger, som inneholder klientens IP-adresse og brukeragentinformasjon<\/li>\n\n\n\n<li>Webtjenestelogger, som inneholder tekniske detaljer om tjenestens funksjonalitet<\/li>\n<\/ul>\n\n\n\n<h3 class=\"wp-block-heading\"><strong>Markedsf\u00f8ring og kunderegisterinformasjon<\/strong><\/h3>\n\n\n\n<p>Markedsf\u00f8rings- og kunderegisterinformasjon kan innhentes gjennom data i Mediasignals Hubspot-system samt fra offentlige nettsidekilder. Informasjon kan ogs\u00e5 komme fra kundeforhold, Mediasignals nettsted og v\u00e5rt produkt ImageBank X (for eksempel skjemaer).<\/p>\n\n\n\n<p>Dataene lagres i f\u00f8lgende skybaserte systemer:<\/p>\n\n\n\n<ul class=\"wp-block-list\">\n<li>Hubspot \u2013 skybasert system<\/li>\n\n\n\n<li>Dealfront \u2013 skybasert system<\/li>\n\n\n\n<li>D&amp;B Hoovers \u2013 skybasert system<\/li>\n\n\n\n<li>Microsoft Office 365 \u2013 skybasert system<\/li>\n<\/ul>\n\n\n\n<p>Personopplysninger vi samler inn fra brukere i forbindelse med bruk av nettstedet, inkluderer informasjon n\u00f8dvendig for behandling av personopplysninger. For eksempel kan vi samle inn f\u00f8lgende informasjon:<\/p>\n\n\n\n<ul class=\"wp-block-list\">\n<li>Kontaktinformasjon, som navn, e-postadresse, telefonnummer, organisasjon og organisasjonsadresse<\/li>\n\n\n\n<li>Informasjon om markedsf\u00f8ringssamtykker<\/li>\n<\/ul>\n\n\n\n<p><\/p>\n\n\n\n<h3 class=\"wp-block-heading\"><strong>Digitale markedsf\u00f8ringstjenesteleverand\u00f8rer<\/strong><\/h3>\n\n\n\n<p>Vi engasjerer jevnlig digitale markedsf\u00f8ringsagenter til \u00e5 utf\u00f8re markedsf\u00f8ringsaktiviteter p\u00e5 v\u00e5re vegne. Slike aktiviteter kan inneb\u00e6re lovlig behandling av personopplysninger. V\u00e5re utpekte databehandlere inkluderer:<br>(i)Prospect Global Ltd (trading as Sopro) Reg. UK Co. 09648733. You can contact Sopro and view their privacy policy here:\u00a0<a href=\"http:\/\/sopro.io\/\" target=\"_blank\" rel=\"noreferrer noopener\">http:\/\/sopro.io<\/a>. Sopro are registered with the ICO Reg: ZA346877 their Data Protection Officer can be emailed at:\u00a0<a href=\"mailto:dpo@sopro.io\" target=\"_blank\" rel=\"noreferrer noopener\">dpo@sopro.io<\/a>.<\/p>\n\n\n\n<h2 class=\"wp-block-heading\"><strong>Form\u00e5l og rettslig grunnlag for behandling av personopplysninger<\/strong><\/h2>\n\n\n\n<p>Vi behandler dine personopplysninger til f\u00f8lgende form\u00e5l:<\/p>\n\n\n\n<ul class=\"wp-block-list\">\n<li>Produksjon, levering, utvikling, forbedring og sikring av nettstedet og tjenestene;<\/li>\n\n\n\n<li>Brukerspesifikk tilpasning av nettstedet;<\/li>\n\n\n\n<li>Analyse og statistikk av nettstedet;<\/li>\n\n\n\n<li>Forebygging og oppdagelse av misbruk;<\/li>\n\n\n\n<li>Beskyttelse av rettigheter og\/eller eiendom knyttet til nettstedet;<\/li>\n\n\n\n<li>Kommunikasjon knyttet til v\u00e5rt nettsted og tjenester, samt kundebehandling;<\/li>\n\n\n\n<li>Produksjon, levering, utvikling, forbedring og beskyttelse av v\u00e5rt nettsted og tjenester;<\/li>\n\n\n\n<li>Brukerspesifikk tilpasning av nettsted og m\u00e5lretting av annonser;<\/li>\n\n\n\n<li>Markedsunders\u00f8kelser og elektronisk direktemarkedsf\u00f8ring i samsvar med personopplysningsloven og lov om elektronisk kommunikasjon;<\/li>\n\n\n\n<li>Forebygging og oppdagelse av misbruk;<\/li>\n\n\n\n<li>Beskyttelse av rettigheter og\/eller eiendom knyttet til nettstedet;<\/li>\n\n\n\n<li>Andre lignende form\u00e5l.<\/li>\n<\/ul>\n\n\n\n<p>Behandlingen av personopplysninger er basert p\u00e5 databehandlerens legitime interesse i \u00e5 levere tjenesten. Den registrerte har samtykket til behandlingen av sine personopplysninger for ett eller flere spesifikke form\u00e5l.<br><\/p>\n\n\n\n<h2 class=\"wp-block-heading\"><strong>Deling og overf\u00f8ring av data<\/strong><\/h2>\n\n\n\n<p>Vi selger ikke dine personopplysninger. Vi bruker personopplysninger kun for \u00e5 levere ImageBank X-tjenesten til deg.<\/p>\n\n\n\n<p>Vi kan dele dine personopplysninger for \u00e5 oppfylle v\u00e5re juridiske eller kontraktsmessige forpliktelser, for eksempel for \u00e5 f\u00f8lge gjeldende lover, svare p\u00e5 lovlige foresp\u00f8rsler fra myndigheter, etterkomme gyldige rettsavgj\u00f8relser eller oppfylle andre juridiske krav. Dersom virksomheten v\u00e5r gjennomg\u00e5r reorganisering, fusjon, oppkj\u00f8p eller eiendomsoverf\u00f8ring, kan vi ogs\u00e5 overf\u00f8re data under v\u00e5r kontroll, inkludert personopplysninger, som en del av denne prosessen.<\/p>\n\n\n\n<p>I tillegg, som det fremg\u00e5r av databehandleravtalen og listen over underleverand\u00f8rer for ImageBank X tilgjengelig p\u00e5 imagebank.staging.mediasignal.dev\/sub-processors, bruker vi visse tredjeparts underleverand\u00f8rer for \u00e5 kunne tilby tjenesten. Disse underleverand\u00f8rene kan behandle personopplysninger i tjenesten for \u00e5 levere n\u00f8dvendig funksjonalitet. Form\u00e5let med hver underleverand\u00f8r finnes i listen over underleverand\u00f8rer.<\/p>\n\n\n\n<h2 class=\"wp-block-heading\"><strong>Tekniske og organisatoriske tiltak<\/strong><\/h2>\n\n\n\n<p>Databehandler forplikter seg til \u00e5 iverksette egnede tekniske og organisatoriske tiltak for \u00e5 sikre et sikkerhetsniv\u00e5 som st\u00e5r i forhold til risikoen, med hensyn til nyeste teknologi, implementeringskostnader, behandlingens art, omfang, kontekst og form\u00e5l, samt alvorligheten av mulige endringer i registerf\u00f8rers instruksjoner.<\/p>\n\n\n\n<p>Databehandler skal ogs\u00e5 s\u00f8rge for at alle personer som handler under databehandlers myndighet og har tilgang til personopplysningene, kun behandler disse i samsvar med registerf\u00f8rers instruksjoner.<\/p>\n\n\n\n<p>Tilgang til personopplysninger krever tilstrekkelige rettigheter og autentisering. Uautorisert tilgang forhindres gjennom brannmur og andre tekniske sikkerhetstiltak. Kun databehandler og underleverand\u00f8rer har tilgang til personopplysningene. Alle ansatte hos databehandler er bundet av taushetserkl\u00e6ring (NDA). Informasjonen i tjenesten sikkerhetskopieres regelmessig og kan gjenopprettes ved behov.<\/p>\n\n\n\n<h2 class=\"wp-block-heading\"><strong>Prinsipper for beskyttelse av personopplysninger<\/strong><\/h2>\n\n\n\n<p>Personopplysninger behandles konfidensielt. Tilgang til registeret er kun gitt til ansatte i Mediasignal som trenger informasjonen i sitt arbeid. Datamaskiner og nettverk hos behandlingsansvarlig og eventuelle IT-partnere der registeret er lagret, er beskyttet med brannmur og andre n\u00f8dvendige tekniske sikkerhetstiltak.<\/p>\n\n\n\n<h2 class=\"wp-block-heading\"><strong>Dine rettigheter og innflytelse<\/strong><\/h2>\n\n\n\n<p>Du har rett til \u00e5 f\u00e5 innsyn i opplysninger om deg i v\u00e5re registre, rett til \u00e5 kreve korrigering av feilaktige opplysninger, rett til \u00e5 nekte behandling av personopplysninger om deg i direkte markedsf\u00f8ring, og ellers ut\u00f8ve dine rettigheter i henhold til personopplysningsloven.<\/p>\n\n\n\n<p>P\u00e5 foresp\u00f8rsel vil vi korrigere, slette eller supplere personopplysninger som er uriktige, un\u00f8dvendige, ufullstendige eller utdaterte i forhold til form\u00e5let med behandlingen. Du kan benytte disse rettighetene ved \u00e5 kontakte v\u00e5r kundeservice p\u00e5 <a>info@mediasignal.fi<\/a>\/2021.<\/p>\n\n\n\n<h3 class=\"wp-block-heading\">Informasjonskapsler<\/h3>\n\n\n\n<p><a href=\"https:\/\/imagebank.staging.mediasignal.dev\/no\/informasjonskapsler\/\">Informasjonskapselpolicy<\/a><\/p>\n\n\n<\/section>\n\n<div style=\"height: 4rem;\"><\/div>\n","protected":false},"excerpt":{"rendered":"","protected":false},"author":1,"featured_media":0,"parent":0,"menu_order":0,"comment_status":"closed","ping_status":"open","template":"","meta":{"_acf_changed":false,"_improvement_type_select":"improve_an_existing","_thumb_yes_seoaic":false,"_frame_yes_seoaic":false,"seoaic_generate_description":"","seoaic_improve_instructions_prompt":"","seoaic_rollback_content_improvement":"","seoaic_idea_thumbnail_generator":"","thumbnail_generated":false,"thumbnail_generate_prompt":"","seoaic_article_description":"","footnotes":""},"class_list":["post-7380","page","type-page","status-publish","hentry"],"acf":[],"yoast_head":"<!-- This site is optimized with the Yoast SEO plugin v25.2 - https:\/\/yoast.com\/wordpress\/plugins\/seo\/ -->\n<title>Personvernerkl\u00e6ring \u2013 ImageBank X DAM<\/title>\n<meta name=\"description\" content=\"L\u00e6r hvordan ImageBank X DAM samler inn, behandler og beskytter dine data. Les v\u00e5r personvernerkl\u00e6ring for \u00e5 forst\u00e5 dine rettigheter.\" \/>\n<meta name=\"robots\" content=\"index, follow, max-snippet:-1, max-image-preview:large, max-video-preview:-1\" \/>\n<link rel=\"canonical\" href=\"https:\/\/imagebank.staging.mediasignal.dev\/no\/personvernerklaering\/\" \/>\n<meta property=\"og:locale\" content=\"nb_NO\" \/>\n<meta property=\"og:type\" content=\"article\" \/>\n<meta property=\"og:title\" content=\"Personvernerkl\u00e6ring \u2013 ImageBank X DAM\" \/>\n<meta property=\"og:description\" content=\"L\u00e6r hvordan ImageBank X DAM samler inn, behandler og beskytter dine data. Les v\u00e5r personvernerkl\u00e6ring for \u00e5 forst\u00e5 dine rettigheter.\" \/>\n<meta property=\"og:url\" content=\"https:\/\/imagebank.staging.mediasignal.dev\/no\/personvernerklaering\/\" \/>\n<meta property=\"og:site_name\" content=\"ImageBank X DAM\" \/>\n<meta property=\"article:modified_time\" content=\"2025-06-18T07:21:36+00:00\" \/>\n<meta name=\"twitter:card\" content=\"summary_large_image\" \/>\n<meta name=\"twitter:label1\" content=\"Est. reading time\" \/>\n\t<meta name=\"twitter:data1\" content=\"4 minutes\" \/>\n<script type=\"application\/ld+json\" class=\"yoast-schema-graph\">{\"@context\":\"https:\/\/schema.org\",\"@graph\":[{\"@type\":\"WebPage\",\"@id\":\"https:\/\/imagebank.staging.mediasignal.dev\/no\/personvernerklaering\/\",\"url\":\"https:\/\/imagebank.staging.mediasignal.dev\/no\/personvernerklaering\/\",\"name\":\"Personvernerkl\u00e6ring \u2013 ImageBank X DAM\",\"isPartOf\":{\"@id\":\"https:\/\/imagebank.staging.mediasignal.dev\/no\/#website\"},\"datePublished\":\"2025-02-10T11:06:12+00:00\",\"dateModified\":\"2025-06-18T07:21:36+00:00\",\"description\":\"L\u00e6r hvordan ImageBank X DAM samler inn, behandler og beskytter dine data. Les v\u00e5r personvernerkl\u00e6ring for \u00e5 forst\u00e5 dine rettigheter.\",\"breadcrumb\":{\"@id\":\"https:\/\/imagebank.staging.mediasignal.dev\/no\/personvernerklaering\/#breadcrumb\"},\"inLanguage\":\"nb-NO\",\"potentialAction\":[{\"@type\":\"ReadAction\",\"target\":[\"https:\/\/imagebank.staging.mediasignal.dev\/no\/personvernerklaering\/\"]}]},{\"@type\":\"BreadcrumbList\",\"@id\":\"https:\/\/imagebank.staging.mediasignal.dev\/no\/personvernerklaering\/#breadcrumb\",\"itemListElement\":[{\"@type\":\"ListItem\",\"position\":1,\"name\":\"Home\",\"item\":\"https:\/\/imagebank.staging.mediasignal.dev\/no\/\"},{\"@type\":\"ListItem\",\"position\":2,\"name\":\"Personvernerkl\u00e6ring\"}]},{\"@type\":\"WebSite\",\"@id\":\"https:\/\/imagebank.staging.mediasignal.dev\/no\/#website\",\"url\":\"https:\/\/imagebank.staging.mediasignal.dev\/no\/\",\"name\":\"ImageBank X\",\"description\":\"\",\"publisher\":{\"@id\":\"https:\/\/imagebank.staging.mediasignal.dev\/no\/#organization\"},\"potentialAction\":[{\"@type\":\"SearchAction\",\"target\":{\"@type\":\"EntryPoint\",\"urlTemplate\":\"https:\/\/imagebank.staging.mediasignal.dev\/no\/?s={search_term_string}\"},\"query-input\":{\"@type\":\"PropertyValueSpecification\",\"valueRequired\":true,\"valueName\":\"search_term_string\"}}],\"inLanguage\":\"nb-NO\"},{\"@type\":\"Organization\",\"@id\":\"https:\/\/imagebank.staging.mediasignal.dev\/no\/#organization\",\"name\":\"ImageBank X\",\"url\":\"https:\/\/imagebank.staging.mediasignal.dev\/no\/\",\"logo\":{\"@type\":\"ImageObject\",\"inLanguage\":\"nb-NO\",\"@id\":\"https:\/\/imagebank.staging.mediasignal.dev\/no\/#\/schema\/logo\/image\/\",\"url\":\"https:\/\/imagebank.staging.mediasignal.dev\/app\/uploads\/2025\/03\/cropped-favicon.png\",\"contentUrl\":\"https:\/\/imagebank.staging.mediasignal.dev\/app\/uploads\/2025\/03\/cropped-favicon.png\",\"width\":512,\"height\":512,\"caption\":\"ImageBank X\"},\"image\":{\"@id\":\"https:\/\/imagebank.staging.mediasignal.dev\/no\/#\/schema\/logo\/image\/\"},\"sameAs\":[\"https:\/\/linkedin.com\/imagebank-independent\"]}]}<\/script>\n<!-- \/ Yoast SEO plugin. -->","yoast_head_json":{"title":"Personvernerkl\u00e6ring \u2013 ImageBank X DAM","description":"L\u00e6r hvordan ImageBank X DAM samler inn, behandler og beskytter dine data. Les v\u00e5r personvernerkl\u00e6ring for \u00e5 forst\u00e5 dine rettigheter.","robots":{"index":"index","follow":"follow","max-snippet":"max-snippet:-1","max-image-preview":"max-image-preview:large","max-video-preview":"max-video-preview:-1"},"canonical":"https:\/\/imagebank.staging.mediasignal.dev\/no\/personvernerklaering\/","og_locale":"nb_NO","og_type":"article","og_title":"Personvernerkl\u00e6ring \u2013 ImageBank X DAM","og_description":"L\u00e6r hvordan ImageBank X DAM samler inn, behandler og beskytter dine data. Les v\u00e5r personvernerkl\u00e6ring for \u00e5 forst\u00e5 dine rettigheter.","og_url":"https:\/\/imagebank.staging.mediasignal.dev\/no\/personvernerklaering\/","og_site_name":"ImageBank X DAM","article_modified_time":"2025-06-18T07:21:36+00:00","twitter_card":"summary_large_image","twitter_misc":{"Est. reading time":"4 minutes"},"schema":{"@context":"https:\/\/schema.org","@graph":[{"@type":"WebPage","@id":"https:\/\/imagebank.staging.mediasignal.dev\/no\/personvernerklaering\/","url":"https:\/\/imagebank.staging.mediasignal.dev\/no\/personvernerklaering\/","name":"Personvernerkl\u00e6ring \u2013 ImageBank X DAM","isPartOf":{"@id":"https:\/\/imagebank.staging.mediasignal.dev\/no\/#website"},"datePublished":"2025-02-10T11:06:12+00:00","dateModified":"2025-06-18T07:21:36+00:00","description":"L\u00e6r hvordan ImageBank X DAM samler inn, behandler og beskytter dine data. Les v\u00e5r personvernerkl\u00e6ring for \u00e5 forst\u00e5 dine rettigheter.","breadcrumb":{"@id":"https:\/\/imagebank.staging.mediasignal.dev\/no\/personvernerklaering\/#breadcrumb"},"inLanguage":"nb-NO","potentialAction":[{"@type":"ReadAction","target":["https:\/\/imagebank.staging.mediasignal.dev\/no\/personvernerklaering\/"]}]},{"@type":"BreadcrumbList","@id":"https:\/\/imagebank.staging.mediasignal.dev\/no\/personvernerklaering\/#breadcrumb","itemListElement":[{"@type":"ListItem","position":1,"name":"Home","item":"https:\/\/imagebank.staging.mediasignal.dev\/no\/"},{"@type":"ListItem","position":2,"name":"Personvernerkl\u00e6ring"}]},{"@type":"WebSite","@id":"https:\/\/imagebank.staging.mediasignal.dev\/no\/#website","url":"https:\/\/imagebank.staging.mediasignal.dev\/no\/","name":"ImageBank X","description":"","publisher":{"@id":"https:\/\/imagebank.staging.mediasignal.dev\/no\/#organization"},"potentialAction":[{"@type":"SearchAction","target":{"@type":"EntryPoint","urlTemplate":"https:\/\/imagebank.staging.mediasignal.dev\/no\/?s={search_term_string}"},"query-input":{"@type":"PropertyValueSpecification","valueRequired":true,"valueName":"search_term_string"}}],"inLanguage":"nb-NO"},{"@type":"Organization","@id":"https:\/\/imagebank.staging.mediasignal.dev\/no\/#organization","name":"ImageBank X","url":"https:\/\/imagebank.staging.mediasignal.dev\/no\/","logo":{"@type":"ImageObject","inLanguage":"nb-NO","@id":"https:\/\/imagebank.staging.mediasignal.dev\/no\/#\/schema\/logo\/image\/","url":"https:\/\/imagebank.staging.mediasignal.dev\/app\/uploads\/2025\/03\/cropped-favicon.png","contentUrl":"https:\/\/imagebank.staging.mediasignal.dev\/app\/uploads\/2025\/03\/cropped-favicon.png","width":512,"height":512,"caption":"ImageBank X"},"image":{"@id":"https:\/\/imagebank.staging.mediasignal.dev\/no\/#\/schema\/logo\/image\/"},"sameAs":["https:\/\/linkedin.com\/imagebank-independent"]}]}},"_links":{"self":[{"href":"https:\/\/imagebank.staging.mediasignal.dev\/no\/wp-json\/wp\/v2\/pages\/7380","targetHints":{"allow":["GET"]}}],"collection":[{"href":"https:\/\/imagebank.staging.mediasignal.dev\/no\/wp-json\/wp\/v2\/pages"}],"about":[{"href":"https:\/\/imagebank.staging.mediasignal.dev\/no\/wp-json\/wp\/v2\/types\/page"}],"author":[{"embeddable":true,"href":"https:\/\/imagebank.staging.mediasignal.dev\/no\/wp-json\/wp\/v2\/users\/1"}],"replies":[{"embeddable":true,"href":"https:\/\/imagebank.staging.mediasignal.dev\/no\/wp-json\/wp\/v2\/comments?post=7380"}],"version-history":[{"count":2,"href":"https:\/\/imagebank.staging.mediasignal.dev\/no\/wp-json\/wp\/v2\/pages\/7380\/revisions"}],"predecessor-version":[{"id":8384,"href":"https:\/\/imagebank.staging.mediasignal.dev\/no\/wp-json\/wp\/v2\/pages\/7380\/revisions\/8384"}],"wp:attachment":[{"href":"https:\/\/imagebank.staging.mediasignal.dev\/no\/wp-json\/wp\/v2\/media?parent=7380"}],"curies":[{"name":"wp","href":"https:\/\/api.w.org\/{rel}","templated":true}]}}