{"id":7376,"date":"2025-03-04T08:52:56","date_gmt":"2025-03-04T08:52:56","guid":{"rendered":"https:\/\/imagebank.staging.mediasignal.dev\/contact\/"},"modified":"2025-06-18T11:02:57","modified_gmt":"2025-06-18T11:02:57","slug":"kontakt","status":"publish","type":"page","link":"https:\/\/imagebank.staging.mediasignal.dev\/no\/kontakt\/","title":{"rendered":"Kontakt"},"content":{"rendered":"<div \n    class=\"relative flex flex-col md:flex-row gap-12 py-14\">\n        <div\n        class=\"-z-50 pointer-events-none absolute left-1\/2 w-screen -translate-x-1\/2  bg-gradient-to-t from-white to-tetriary -top-14 bottom-0\">\n    <\/div>\n    <div class=\"relative z-10 md:mt-10 lg:mt-20 md:w-3\/5\">\n                <h1 class=\"z-10 mb-8 font-extrabold text-4xl sm:text-5xl md:text-7xl xl:text-8xl text-primary\">\n            Kontakt salg\n        <\/h1>\n                <p class=\"mb-6\">\n            Vi er her for \u00e5 hjelpe! Hvis du har sp\u00f8rsm\u00e5l, kan du kontakte oss via v\u00e5rt kontaktskjema, s\u00e5 vil vi svare deg med den beste l\u00f8sningen. N\u00e5v\u00e6rende kunder kan ta kontakt med sin Customer Success Manager, utforske v\u00e5r kunnskapsbase eller sende inn en supporthenvendelse direkte via ImageBank X. Du kan ogs\u00e5 kontakte oss n\u00e5r som helst p\u00e5\n            <span class=\"font-bold text-transparent bg-gradient-to-r from-primary to-secondary bg-clip-text\">\n                sales@imagebank.staging.mediasignal.dev.\n            <\/span>\n        <\/p>\n                    <\/div>\n        <div class=\"hidden md:block relative w-2\/5 content-center\">\n        \n    <\/div>\n    <div class=\"block md:hidden\">\n        \n    <\/div>\n    <\/div>\n\n\n<script charset=\"utf-8\" type=\"text\/javascript\" src=\"\/\/js.hsforms.net\/forms\/embed\/v2.js\"><\/script>\n<script>\n  hbspt.forms.create({\n    portalId: \"20093147\",\n    formId: \"d7a5ead3-4ad9-4a07-be5e-2d220e183a4a\",\n    region: \"na1\"\n  });\n<\/script>\n\n\n\n\n<section >\n    <div\n        class=\"flex flex-col-reverse md:flex-row-reverse mx-auto gap-8 py-12\">\n        <div class=\"flex flex-col self-center lg:px-12 md:w-1\/2\">\n                        <h2 class=\"mb-6 font-bold text-center\">ImageBank X Norge<\/h2>\n                                    <p class=\"mb-6 text-center\">V\u00e5rt salgsteam, som holder til i Oslo, Norge, er her for \u00e5 tilby skreddersydd st\u00f8tte og ekspertveiledning til bedrifter i regionen. Med sterk lokal tilstedev\u00e6relse er de dedikert til \u00e5 hjelpe deg med \u00e5 f\u00e5 mest mulig ut av ImageBank X.<br \/>\r\n<br \/>\r\n\u00d8ystein Bekkevold<\/p>\n                                    <a class=\"flex self-center items-center underline\" href=mailto:oystein@imagebankx.no target=>\n                oystein@imagebankx.no\n                <span class=\"min-w-4 min-h-4 ml-1\">\n                    <svg xmlns=\"http:\/\/www.w3.org\/2000\/svg\" fill=\"none\" viewBox=\"0 0 24 24\" stroke-width=\"1.5\" stroke=\"currentColor\" class=\"size-6\">\n  <path stroke-linecap=\"round\" stroke-linejoin=\"round\" d=\"M13.5 4.5 21 12m0 0-7.5 7.5M21 12H3\" \/>\n<\/svg>\n\n                <\/span>\n            <\/a>\n                    <\/div>\n        <div class=\"flex md:w-1\/2\">\n                        <img decoding=\"async\" class=\"object-contain rounded-xl transition ease-in-out hover:scale-105 duration-300\"\n                src=\"https:\/\/imagebank.staging.mediasignal.dev\/wp-content\/uploads\/2025\/03\/ImageBankX-4.webp\" alt=\"ImageBank X DAM pricing comparison showcasing different digital asset management plans\" \/>\n                    <\/div>\n    <\/div>\n<\/section>\n\n\n\n<section >\n    <div\n        class=\"flex flex-col-reverse md:flex-row-reverse mx-auto gap-8 py-12\">\n        <div class=\"flex flex-col self-center lg:px-12 md:w-1\/2\">\n                        <h2 class=\"mb-6 font-bold text-center\">ImageBank X Sverige<\/h2>\n                                    <p class=\"mb-6 text-center\">V\u00e5rt salgsteam med base i Stockholm er forpliktet til \u00e5 levere eksepsjonell service og lokal innsikt. De er her for \u00e5 hjelpe svenske bedrifter med \u00e5 maksimere suksessen med ImageBank X.<br \/>\r\n<br \/>\r\nAntti Vuori<\/p>\n                                    <a class=\"flex self-center items-center underline\" href=mailto:antti.vuori@mediasignal.fi target=>\n                antti.vuori@mediasignal.fi\n                <span class=\"min-w-4 min-h-4 ml-1\">\n                    <svg xmlns=\"http:\/\/www.w3.org\/2000\/svg\" fill=\"none\" viewBox=\"0 0 24 24\" stroke-width=\"1.5\" stroke=\"currentColor\" class=\"size-6\">\n  <path stroke-linecap=\"round\" stroke-linejoin=\"round\" d=\"M13.5 4.5 21 12m0 0-7.5 7.5M21 12H3\" \/>\n<\/svg>\n\n                <\/span>\n            <\/a>\n                    <\/div>\n        <div class=\"flex md:w-1\/2\">\n                        <img decoding=\"async\" class=\"object-contain rounded-xl transition ease-in-out hover:scale-105 duration-300\"\n                src=\"https:\/\/imagebank.staging.mediasignal.dev\/wp-content\/uploads\/2025\/03\/ImageBankX-1.webp\" alt=\"Contact ImageBank X sales team\" \/>\n                    <\/div>\n    <\/div>\n<\/section>\n\n\n\n<section >\n    <div\n        class=\"flex flex-col-reverse md:flex-row-reverse mx-auto gap-8 py-12\">\n        <div class=\"flex flex-col self-center lg:px-12 md:w-1\/2\">\n                        <h2 class=\"mb-6 font-bold text-center\">ImageBank X Finland<\/h2>\n                                    <p class=\"mb-6 text-center\">ImageBank X-utviklingsteamet, basert i Finland, bringer avansert ekspertise og h\u00f8yteknologiske l\u00f8sninger for kontinuerlig \u00e5 forbedre funksjonaliteten til ImageBank X, og sikrer at det m\u00f8ter behovene til moderne bedrifter for s\u00f8ml\u00f8s digital ressursforvaltning.<br \/>\r\n<br \/>\r\nJoni Heinonen<br \/>\r\nSalgsdirekt\u00f8r<\/p>\n                                    <a class=\"flex self-center items-center underline\" href=mailto:joni@imagebank.staging.mediasignal.dev target=>\n                joni@imagebank.staging.mediasignal.dev\n                <span class=\"min-w-4 min-h-4 ml-1\">\n                    <svg xmlns=\"http:\/\/www.w3.org\/2000\/svg\" fill=\"none\" viewBox=\"0 0 24 24\" stroke-width=\"1.5\" stroke=\"currentColor\" class=\"size-6\">\n  <path stroke-linecap=\"round\" stroke-linejoin=\"round\" d=\"M13.5 4.5 21 12m0 0-7.5 7.5M21 12H3\" \/>\n<\/svg>\n\n                <\/span>\n            <\/a>\n                    <\/div>\n        <div class=\"flex md:w-1\/2\">\n                        <img decoding=\"async\" class=\"object-contain rounded-xl transition ease-in-out hover:scale-105 duration-300\"\n                src=\"https:\/\/imagebank.staging.mediasignal.dev\/wp-content\/uploads\/2025\/03\/ImageBankX-3.webp\" alt=\"Schedule your free demo of ImageBank X digital asset management system\" \/>\n                    <\/div>\n    <\/div>\n<\/section>\n\n\n\n<section >\n    <div\n        class=\"flex flex-col-reverse md:flex-row-reverse mx-auto gap-8 py-12\">\n        <div class=\"flex flex-col self-center lg:px-12 md:w-1\/2\">\n                        <h2 class=\"mb-6 font-bold text-center\">ImageBank X Europa<\/h2>\n                                    <p class=\"mb-6 text-center\">V\u00e5rt dedikerte salgsteam er lokalisert i Europa og tilbyr skreddersydd st\u00f8tte og ekspertveiledning til v\u00e5re kunder i hele regionen. Med omfattende markedsinnsikt og fokus p\u00e5 kundetilfredshet er de lidenskapelig opptatt av \u00e5 hjelpe bedrifter med \u00e5 maksimere potensialet til ImageBank X.<br \/>\r\n<br \/>\r\nJoni Heinonen<br \/>\r\nSalgsdirekt\u00f8r<\/p>\n                                    <a class=\"flex self-center items-center underline\" href=mailto:joni@imagebank.staging.mediasignal.dev target=>\n                joni@imagebank.staging.mediasignal.dev\n                <span class=\"min-w-4 min-h-4 ml-1\">\n                    <svg xmlns=\"http:\/\/www.w3.org\/2000\/svg\" fill=\"none\" viewBox=\"0 0 24 24\" stroke-width=\"1.5\" stroke=\"currentColor\" class=\"size-6\">\n  <path stroke-linecap=\"round\" stroke-linejoin=\"round\" d=\"M13.5 4.5 21 12m0 0-7.5 7.5M21 12H3\" \/>\n<\/svg>\n\n                <\/span>\n            <\/a>\n                    <\/div>\n        <div class=\"flex md:w-1\/2\">\n                        <img decoding=\"async\" class=\"object-contain rounded-xl transition ease-in-out hover:scale-105 duration-300\"\n                src=\"https:\/\/imagebank.staging.mediasignal.dev\/wp-content\/uploads\/2025\/03\/ImageBankX-2.webp\" alt=\"New video editing tool and AI assistant features in ImageBank X DAM platform\" \/>\n                    <\/div>\n    <\/div>\n<\/section>\n\n\n\n<section >\n    <div\n        class=\"flex flex-col-reverse md:flex-row-reverse mx-auto gap-8 py-12\">\n        <div class=\"flex flex-col self-center lg:px-12 md:w-1\/2\">\n                        <h2 class=\"mb-6 font-bold text-center\">ImageBank X USA<\/h2>\n                                    <p class=\"mb-6 text-center\">V\u00e5rt dedikerte salgsteam har base i Raleigh, NC, og tilbyr personlig st\u00f8tte og ekspertveiledning til v\u00e5re kunder over hele USA. Med inng\u00e5ende markedsforst\u00e5else og en kundeorientert tiln\u00e6rming er de forpliktet til \u00e5 hjelpe bedrifter med \u00e5 frigj\u00f8re hele potensialet til ImageBank X.<br \/>\r\n<br \/>\r\nJordan Hogge<br \/>\r\nAccount Executive<\/p>\n                                    <a class=\"flex self-center items-center underline\" href=mailto:jordan@imagebank.staging.mediasignal.dev target=>\n                jordan@imagebank.staging.mediasignal.dev\n                <span class=\"min-w-4 min-h-4 ml-1\">\n                    <svg xmlns=\"http:\/\/www.w3.org\/2000\/svg\" fill=\"none\" viewBox=\"0 0 24 24\" stroke-width=\"1.5\" stroke=\"currentColor\" class=\"size-6\">\n  <path stroke-linecap=\"round\" stroke-linejoin=\"round\" d=\"M13.5 4.5 21 12m0 0-7.5 7.5M21 12H3\" \/>\n<\/svg>\n\n                <\/span>\n            <\/a>\n                    <\/div>\n        <div class=\"flex md:w-1\/2\">\n                        <img decoding=\"async\" class=\"object-contain rounded-xl transition ease-in-out hover:scale-105 duration-300\"\n                src=\"https:\/\/imagebank.staging.mediasignal.dev\/wp-content\/uploads\/2025\/03\/ImageBankX-1.webp\" alt=\"Contact ImageBank X sales team\" \/>\n                    <\/div>\n    <\/div>\n<\/section>\n\n<div style=\"height: 4rem;\"><\/div>\n\n\n<section id=\"Section\" class=\"content-wrap \">\n    \n\n<h2 class=\"wp-block-heading\"><strong>ImageBank X mediebank utviklet av Mediasignal<\/strong><\/h2>\n\n\n\n<p>Hos <a href=\"https:\/\/mediasignal.fi\/en\" target=\"_blank\" rel=\"noreferrer noopener\">Mediasignal<\/a> har vi finpusset v\u00e5rt produkt ImageBank X i over 20 \u00e5r med et klart fokus: \u00e5 lytte til kundene v\u00e5re og gj\u00f8re deres behov om til l\u00f8sninger.<\/p>\n\n\n\n<p><a href=\"https:\/\/imagebank.staging.mediasignal.dev\/no\/\">ImageBank X<\/a> er mer enn bare et verkt\u00f8y \u2014 det er en fullservice-l\u00f8sning designet for \u00e5 la deg konsentrere deg om det som virkelig betyr noe. Vi tar oss av resten: fra plattformoppdateringer og banebrytende sikkerhet til optimalisering av ytelse og brukervennlighet. Som kunde med l\u00f8pende serviceavtale vil du alltid ha tilgang til den nyeste og mest avanserte versjonen av ImageBank X.<\/p>\n\n\n\n<h2 class=\"wp-block-heading\"><strong>Gi merker muligheten til \u00e5 organisere, administrere og dele sine digitale ressurser med letthet<\/strong><\/h2>\n\n\n\n<p>Vi brenner for \u00e5 hjelpe bedrifter med \u00e5 effektivisere arbeidsflyten, skape konsistente merkevareopplevelser og frigj\u00f8re det fulle potensialet i deres digitale innhold. Fra bilder og videoer til dokumenter og presentasjoner tilbyr vi en sentralisert l\u00f8sning for \u00e5 lagre, administrere og distribuere dine mest verdifulle ressurser.<\/p>\n\n\n\n<p>V\u00e5r misjon er enkel: <strong>\u00e5 gj\u00f8re digital ressursadministrasjon enkelt<\/strong>. I en verden hvor innhold er konge, er m\u00e5ten selskaper h\u00e5ndterer, samarbeider om og distribuerer sine digitale ressurser viktigere enn noensinne. ImageBank X tilbyr en brukervennlig og intuitiv plattform som fremmer kreativitet og effektivitet p\u00e5 tvers av team. Vi hjelper merker med \u00e5 sikre at deres digitale ressurser alltid er organiserte, tilgjengelige og i tr\u00e5d med merkevaren. Kontakt oss for mer informasjon.<\/p>\n\n\n<\/section>\n\n<section \n    class=\"relative pt-20 md:pt-32 pb-12 md:pb-20\">\n            <div\n        class=\"-z-50 pointer-events-none absolute left-1\/2 w-screen -translate-x-1\/2 bg-gradient-to-b from-white to-tetriary top-0 bottom-0\">\n    <\/div>\n            <div class=\"content-wrap\">\n        <h2 class=\"h1 font-bold text-center\">Kom i gang i dag<\/h2>\n        <p class=\"text-center md:text-xl\">Hvis du er klar til \u00e5 ta din digitale ressursforvaltning til neste niv\u00e5, er teamet v\u00e5rt her for \u00e5 hjelpe.<\/p>\n        <a href=\"https:\/\/imagebank.staging.mediasignal.dev\/no\/bestill-en-gratis-demo\/\" target=\"\"\n            class=\"flex text-white font-bold h-fit w-fit p-4 rounded-lg bg-gradient-to-r from-primary to-secondary transition ease-in-out hover:scale-105 duration-300 mx-auto\">\n            Bestill en gratis demo\n        <\/a>\n        <img decoding=\"async\" class=\"hidden md:block absolute max-w-96 top-0 -left-60 bottom-0 max-h-full\"\n            src=\"\/wp-content\/themes\/imagebank\/assets\/images\/muoto.webp\" alt=\"Purple twisting shape\" \/>\n    <\/div>\n    <\/section>\n\n","protected":false},"excerpt":{"rendered":"","protected":false},"author":1,"featured_media":7378,"parent":0,"menu_order":0,"comment_status":"closed","ping_status":"closed","template":"","meta":{"_acf_changed":false,"_improvement_type_select":"improve_an_existing","_thumb_yes_seoaic":false,"_frame_yes_seoaic":false,"seoaic_generate_description":"","seoaic_improve_instructions_prompt":"","seoaic_rollback_content_improvement":"","seoaic_idea_thumbnail_generator":"","thumbnail_generated":false,"thumbnail_generate_prompt":"","seoaic_article_description":"","footnotes":""},"class_list":["post-7376","page","type-page","status-publish","has-post-thumbnail","hentry"],"acf":[],"yoast_head":"<!-- This site is optimized with the Yoast SEO plugin v25.2 - https:\/\/yoast.com\/wordpress\/plugins\/seo\/ -->\n<title>Ta kontakt med ImageBank X-teamet - ImageBank X<\/title>\n<meta name=\"description\" content=\"Har du sp\u00f8rsm\u00e5l om ImageBank X DAM? Ta kontakt med teamet v\u00e5rt for mer informasjon. Vi hjelper deg gjerne med \u00e5 finne den rette l\u00f8sningen.\" \/>\n<meta name=\"robots\" content=\"index, follow, max-snippet:-1, max-image-preview:large, max-video-preview:-1\" \/>\n<link rel=\"canonical\" href=\"https:\/\/imagebank.staging.mediasignal.dev\/no\/kontakt\/\" \/>\n<meta property=\"og:locale\" content=\"nb_NO\" \/>\n<meta property=\"og:type\" content=\"article\" \/>\n<meta property=\"og:title\" content=\"Ta kontakt med ImageBank X-teamet - ImageBank X\" \/>\n<meta property=\"og:description\" content=\"Har du sp\u00f8rsm\u00e5l om ImageBank X DAM? Ta kontakt med teamet v\u00e5rt for mer informasjon. Vi hjelper deg gjerne med \u00e5 finne den rette l\u00f8sningen.\" \/>\n<meta property=\"og:url\" content=\"https:\/\/imagebank.staging.mediasignal.dev\/no\/kontakt\/\" \/>\n<meta property=\"og:site_name\" content=\"ImageBank X DAM\" \/>\n<meta property=\"article:modified_time\" content=\"2025-06-18T11:02:57+00:00\" \/>\n<meta property=\"og:image\" content=\"https:\/\/imagebank.staging.mediasignal.dev\/app\/uploads\/2025\/03\/ImageBankX-1.webp\" \/>\n\t<meta property=\"og:image:width\" content=\"1200\" \/>\n\t<meta property=\"og:image:height\" content=\"800\" \/>\n\t<meta property=\"og:image:type\" content=\"image\/webp\" \/>\n<meta name=\"twitter:card\" content=\"summary_large_image\" \/>\n<meta name=\"twitter:label1\" content=\"Est. reading time\" \/>\n\t<meta name=\"twitter:data1\" content=\"2 minutes\" \/>\n<script type=\"application\/ld+json\" class=\"yoast-schema-graph\">{\"@context\":\"https:\/\/schema.org\",\"@graph\":[{\"@type\":\"WebPage\",\"@id\":\"https:\/\/imagebank.staging.mediasignal.dev\/no\/kontakt\/\",\"url\":\"https:\/\/imagebank.staging.mediasignal.dev\/no\/kontakt\/\",\"name\":\"Ta kontakt med ImageBank X-teamet - ImageBank X\",\"isPartOf\":{\"@id\":\"https:\/\/imagebank.staging.mediasignal.dev\/no\/#website\"},\"primaryImageOfPage\":{\"@id\":\"https:\/\/imagebank.staging.mediasignal.dev\/no\/kontakt\/#primaryimage\"},\"image\":{\"@id\":\"https:\/\/imagebank.staging.mediasignal.dev\/no\/kontakt\/#primaryimage\"},\"thumbnailUrl\":\"https:\/\/imagebank.staging.mediasignal.dev\/wp-content\/uploads\/2025\/03\/ImageBankX-1.webp\",\"datePublished\":\"2025-03-04T08:52:56+00:00\",\"dateModified\":\"2025-06-18T11:02:57+00:00\",\"description\":\"Har du sp\u00f8rsm\u00e5l om ImageBank X DAM? Ta kontakt med teamet v\u00e5rt for mer informasjon. Vi hjelper deg gjerne med \u00e5 finne den rette l\u00f8sningen.\",\"breadcrumb\":{\"@id\":\"https:\/\/imagebank.staging.mediasignal.dev\/no\/kontakt\/#breadcrumb\"},\"inLanguage\":\"nb-NO\",\"potentialAction\":[{\"@type\":\"ReadAction\",\"target\":[\"https:\/\/imagebank.staging.mediasignal.dev\/no\/kontakt\/\"]}]},{\"@type\":\"ImageObject\",\"inLanguage\":\"nb-NO\",\"@id\":\"https:\/\/imagebank.staging.mediasignal.dev\/no\/kontakt\/#primaryimage\",\"url\":\"https:\/\/imagebank.staging.mediasignal.dev\/wp-content\/uploads\/2025\/03\/ImageBankX-1.webp\",\"contentUrl\":\"https:\/\/imagebank.staging.mediasignal.dev\/wp-content\/uploads\/2025\/03\/ImageBankX-1.webp\",\"width\":1200,\"height\":800,\"caption\":\"We\u2019re here to answer your questions and help you choose the right DAM solution.\"},{\"@type\":\"BreadcrumbList\",\"@id\":\"https:\/\/imagebank.staging.mediasignal.dev\/no\/kontakt\/#breadcrumb\",\"itemListElement\":[{\"@type\":\"ListItem\",\"position\":1,\"name\":\"Home\",\"item\":\"https:\/\/imagebank.staging.mediasignal.dev\/no\/\"},{\"@type\":\"ListItem\",\"position\":2,\"name\":\"Kontakt\"}]},{\"@type\":\"WebSite\",\"@id\":\"https:\/\/imagebank.staging.mediasignal.dev\/no\/#website\",\"url\":\"https:\/\/imagebank.staging.mediasignal.dev\/no\/\",\"name\":\"ImageBank X\",\"description\":\"\",\"publisher\":{\"@id\":\"https:\/\/imagebank.staging.mediasignal.dev\/no\/#organization\"},\"potentialAction\":[{\"@type\":\"SearchAction\",\"target\":{\"@type\":\"EntryPoint\",\"urlTemplate\":\"https:\/\/imagebank.staging.mediasignal.dev\/no\/?s={search_term_string}\"},\"query-input\":{\"@type\":\"PropertyValueSpecification\",\"valueRequired\":true,\"valueName\":\"search_term_string\"}}],\"inLanguage\":\"nb-NO\"},{\"@type\":\"Organization\",\"@id\":\"https:\/\/imagebank.staging.mediasignal.dev\/no\/#organization\",\"name\":\"ImageBank X\",\"url\":\"https:\/\/imagebank.staging.mediasignal.dev\/no\/\",\"logo\":{\"@type\":\"ImageObject\",\"inLanguage\":\"nb-NO\",\"@id\":\"https:\/\/imagebank.staging.mediasignal.dev\/no\/#\/schema\/logo\/image\/\",\"url\":\"https:\/\/imagebank.staging.mediasignal.dev\/app\/uploads\/2025\/03\/cropped-favicon.png\",\"contentUrl\":\"https:\/\/imagebank.staging.mediasignal.dev\/app\/uploads\/2025\/03\/cropped-favicon.png\",\"width\":512,\"height\":512,\"caption\":\"ImageBank X\"},\"image\":{\"@id\":\"https:\/\/imagebank.staging.mediasignal.dev\/no\/#\/schema\/logo\/image\/\"},\"sameAs\":[\"https:\/\/linkedin.com\/imagebank-independent\"]}]}<\/script>\n<!-- \/ Yoast SEO plugin. -->","yoast_head_json":{"title":"Ta kontakt med ImageBank X-teamet - ImageBank X","description":"Har du sp\u00f8rsm\u00e5l om ImageBank X DAM? Ta kontakt med teamet v\u00e5rt for mer informasjon. Vi hjelper deg gjerne med \u00e5 finne den rette l\u00f8sningen.","robots":{"index":"index","follow":"follow","max-snippet":"max-snippet:-1","max-image-preview":"max-image-preview:large","max-video-preview":"max-video-preview:-1"},"canonical":"https:\/\/imagebank.staging.mediasignal.dev\/no\/kontakt\/","og_locale":"nb_NO","og_type":"article","og_title":"Ta kontakt med ImageBank X-teamet - ImageBank X","og_description":"Har du sp\u00f8rsm\u00e5l om ImageBank X DAM? Ta kontakt med teamet v\u00e5rt for mer informasjon. Vi hjelper deg gjerne med \u00e5 finne den rette l\u00f8sningen.","og_url":"https:\/\/imagebank.staging.mediasignal.dev\/no\/kontakt\/","og_site_name":"ImageBank X DAM","article_modified_time":"2025-06-18T11:02:57+00:00","og_image":[{"width":1200,"height":800,"url":"https:\/\/imagebank.staging.mediasignal.dev\/app\/uploads\/2025\/03\/ImageBankX-1.webp","type":"image\/webp"}],"twitter_card":"summary_large_image","twitter_misc":{"Est. reading time":"2 minutes"},"schema":{"@context":"https:\/\/schema.org","@graph":[{"@type":"WebPage","@id":"https:\/\/imagebank.staging.mediasignal.dev\/no\/kontakt\/","url":"https:\/\/imagebank.staging.mediasignal.dev\/no\/kontakt\/","name":"Ta kontakt med ImageBank X-teamet - ImageBank X","isPartOf":{"@id":"https:\/\/imagebank.staging.mediasignal.dev\/no\/#website"},"primaryImageOfPage":{"@id":"https:\/\/imagebank.staging.mediasignal.dev\/no\/kontakt\/#primaryimage"},"image":{"@id":"https:\/\/imagebank.staging.mediasignal.dev\/no\/kontakt\/#primaryimage"},"thumbnailUrl":"https:\/\/imagebank.staging.mediasignal.dev\/wp-content\/uploads\/2025\/03\/ImageBankX-1.webp","datePublished":"2025-03-04T08:52:56+00:00","dateModified":"2025-06-18T11:02:57+00:00","description":"Har du sp\u00f8rsm\u00e5l om ImageBank X DAM? Ta kontakt med teamet v\u00e5rt for mer informasjon. Vi hjelper deg gjerne med \u00e5 finne den rette l\u00f8sningen.","breadcrumb":{"@id":"https:\/\/imagebank.staging.mediasignal.dev\/no\/kontakt\/#breadcrumb"},"inLanguage":"nb-NO","potentialAction":[{"@type":"ReadAction","target":["https:\/\/imagebank.staging.mediasignal.dev\/no\/kontakt\/"]}]},{"@type":"ImageObject","inLanguage":"nb-NO","@id":"https:\/\/imagebank.staging.mediasignal.dev\/no\/kontakt\/#primaryimage","url":"https:\/\/imagebank.staging.mediasignal.dev\/wp-content\/uploads\/2025\/03\/ImageBankX-1.webp","contentUrl":"https:\/\/imagebank.staging.mediasignal.dev\/wp-content\/uploads\/2025\/03\/ImageBankX-1.webp","width":1200,"height":800,"caption":"We\u2019re here to answer your questions and help you choose the right DAM solution."},{"@type":"BreadcrumbList","@id":"https:\/\/imagebank.staging.mediasignal.dev\/no\/kontakt\/#breadcrumb","itemListElement":[{"@type":"ListItem","position":1,"name":"Home","item":"https:\/\/imagebank.staging.mediasignal.dev\/no\/"},{"@type":"ListItem","position":2,"name":"Kontakt"}]},{"@type":"WebSite","@id":"https:\/\/imagebank.staging.mediasignal.dev\/no\/#website","url":"https:\/\/imagebank.staging.mediasignal.dev\/no\/","name":"ImageBank X","description":"","publisher":{"@id":"https:\/\/imagebank.staging.mediasignal.dev\/no\/#organization"},"potentialAction":[{"@type":"SearchAction","target":{"@type":"EntryPoint","urlTemplate":"https:\/\/imagebank.staging.mediasignal.dev\/no\/?s={search_term_string}"},"query-input":{"@type":"PropertyValueSpecification","valueRequired":true,"valueName":"search_term_string"}}],"inLanguage":"nb-NO"},{"@type":"Organization","@id":"https:\/\/imagebank.staging.mediasignal.dev\/no\/#organization","name":"ImageBank X","url":"https:\/\/imagebank.staging.mediasignal.dev\/no\/","logo":{"@type":"ImageObject","inLanguage":"nb-NO","@id":"https:\/\/imagebank.staging.mediasignal.dev\/no\/#\/schema\/logo\/image\/","url":"https:\/\/imagebank.staging.mediasignal.dev\/app\/uploads\/2025\/03\/cropped-favicon.png","contentUrl":"https:\/\/imagebank.staging.mediasignal.dev\/app\/uploads\/2025\/03\/cropped-favicon.png","width":512,"height":512,"caption":"ImageBank X"},"image":{"@id":"https:\/\/imagebank.staging.mediasignal.dev\/no\/#\/schema\/logo\/image\/"},"sameAs":["https:\/\/linkedin.com\/imagebank-independent"]}]}},"_links":{"self":[{"href":"https:\/\/imagebank.staging.mediasignal.dev\/no\/wp-json\/wp\/v2\/pages\/7376","targetHints":{"allow":["GET"]}}],"collection":[{"href":"https:\/\/imagebank.staging.mediasignal.dev\/no\/wp-json\/wp\/v2\/pages"}],"about":[{"href":"https:\/\/imagebank.staging.mediasignal.dev\/no\/wp-json\/wp\/v2\/types\/page"}],"author":[{"embeddable":true,"href":"https:\/\/imagebank.staging.mediasignal.dev\/no\/wp-json\/wp\/v2\/users\/1"}],"replies":[{"embeddable":true,"href":"https:\/\/imagebank.staging.mediasignal.dev\/no\/wp-json\/wp\/v2\/comments?post=7376"}],"version-history":[{"count":5,"href":"https:\/\/imagebank.staging.mediasignal.dev\/no\/wp-json\/wp\/v2\/pages\/7376\/revisions"}],"predecessor-version":[{"id":8440,"href":"https:\/\/imagebank.staging.mediasignal.dev\/no\/wp-json\/wp\/v2\/pages\/7376\/revisions\/8440"}],"wp:featuredmedia":[{"embeddable":true,"href":"https:\/\/imagebank.staging.mediasignal.dev\/no\/wp-json\/wp\/v2\/media\/7378"}],"wp:attachment":[{"href":"https:\/\/imagebank.staging.mediasignal.dev\/no\/wp-json\/wp\/v2\/media?parent=7376"}],"curies":[{"name":"wp","href":"https:\/\/api.w.org\/{rel}","templated":true}]}}