{"id":7339,"date":"2025-03-07T11:12:19","date_gmt":"2025-03-07T11:12:19","guid":{"rendered":"https:\/\/imagebank.staging.mediasignal.dev\/book-a-free-demo\/"},"modified":"2025-06-18T11:04:39","modified_gmt":"2025-06-18T11:04:39","slug":"bestill-en-gratis-demo","status":"publish","type":"page","link":"https:\/\/imagebank.staging.mediasignal.dev\/no\/bestill-en-gratis-demo\/","title":{"rendered":"Bestill en gratis demo"},"content":{"rendered":"<div \n    class=\"relative flex flex-col xs:flex-row py-14\">\n        <div\n        class=\"-z-50 pointer-events-none absolute left-1\/2 w-screen -translate-x-1\/2  bg-gradient-to-t from-white to-tetriary -top-14 bottom-0\">\n    <\/div>\n    <div class=\"relative z-10 md:mt-10 lg:mt-20 xs:w-3\/5\">\n                <div class=\"border border-white text-white rounded-full w-fit px-4 py-2 mb-4\">\n            Gratis demo\n        <\/div>\n                <h1 class=\"z-10 mb-8 font-extrabold text-4xl sm:text-5xl md:text-7xl xl:text-8xl text-primary\">\n            Se ImageBank X DAM i aksjon\n        <\/h1>\n                <p class=\"mb-6\">\n            Bestill en gratis demo for \u00e5 oppdage hvordan ImageBank X kan hjelpe deg med \u00e5 organisere og dele merkevarens ressurser samtidig som du effektiviserer arbeidsflyten. Se hvordan en DAM-l\u00f8sning kan spare deg for tid og ressurser.  Under demoen vil v\u00e5r ekspert guide deg gjennom ImageBank X sine viktigste funksjoner og mest kraftfulle egenskaper. \u00d8kten holdes p\u00e5 Teams og er helt gratis, uten noen forpliktelser.  Etter demoen vil du motta demo-legitimasjon slik at du kan utforske plattformen p\u00e5 egenh\u00e5nd.\n            <span class=\"font-bold text-transparent bg-gradient-to-r from-primary to-secondary bg-clip-text\">\n                \n            <\/span>\n        <\/p>\n                    <\/div>\n        <div class=\"hidden xs:block relative -z-10 w-2\/5 -my-12\">\n        <img class=\"absolute bottom-0 left-0 -top-8 min-w-full max-w-none h-full object-contain\"\n            srcset=\"https:\/\/imagebank.staging.mediasignal.dev\/wp-content\/uploads\/2025\/03\/Hero-7-1-300x300.webp 300w, https:\/\/imagebank.staging.mediasignal.dev\/wp-content\/uploads\/2025\/03\/Hero-7-1-1021x1024.webp 1021w, https:\/\/imagebank.staging.mediasignal.dev\/wp-content\/uploads\/2025\/03\/Hero-7-1-150x150.webp 150w, https:\/\/imagebank.staging.mediasignal.dev\/wp-content\/uploads\/2025\/03\/Hero-7-1-768x771.webp 768w, https:\/\/imagebank.staging.mediasignal.dev\/wp-content\/uploads\/2025\/03\/Hero-7-1.webp 1203w\" alt=\"User-friendly Digital Asset Management (DAM) software dashboard displaying organized digital assets\" \/>\n    <\/div>\n    <div class=\"block xs:hidden\">\n        <img srcset=\"https:\/\/imagebank.staging.mediasignal.dev\/wp-content\/uploads\/2025\/03\/Hero-7-1-300x300.webp 300w, https:\/\/imagebank.staging.mediasignal.dev\/wp-content\/uploads\/2025\/03\/Hero-7-1-1021x1024.webp 1021w, https:\/\/imagebank.staging.mediasignal.dev\/wp-content\/uploads\/2025\/03\/Hero-7-1-150x150.webp 150w, https:\/\/imagebank.staging.mediasignal.dev\/wp-content\/uploads\/2025\/03\/Hero-7-1-768x771.webp 768w, https:\/\/imagebank.staging.mediasignal.dev\/wp-content\/uploads\/2025\/03\/Hero-7-1.webp 1203w\" alt=\"User-friendly Digital Asset Management (DAM) software dashboard displaying organized digital assets\" \/>\n    <\/div>\n    <\/div>\n\n\n<h2 class=\"wp-block-heading has-text-align-center\"><strong>Norge<\/strong><\/h2>\n\n\n\n<!-- Start of Meetings Embed Script -->\n    <div class=\"meetings-iframe-container\" data-src=\"https:\/\/meetings.hubspot.com\/oebekkevold?embed=true\"><\/div>\n    <script type=\"text\/javascript\" src=\"https:\/\/static.hsappstatic.net\/MeetingsEmbed\/ex\/MeetingsEmbedCode.js\"><\/script>\n  <!-- End of Meetings Embed Script -->\n\n\n\n<h2 class=\"wp-block-heading has-text-align-center\"><strong>Europe<\/strong><\/h2>\n\n\n\n<!-- Start of Meetings Embed Script -->\n    <div class=\"meetings-iframe-container\" data-src=\"https:\/\/meetings.hubspot.com\/joni-heinonen?embed=true\"><\/div>\n    <script type=\"text\/javascript\" src=\"https:\/\/static.hsappstatic.net\/MeetingsEmbed\/ex\/MeetingsEmbedCode.js\"><\/script>\n  <!-- End of Meetings Embed Script -->\n\n\n<div style=\"height: 4rem;\"><\/div>\n\n\n<section id=\"Section\" class=\"content-wrap \">\n    \n\n<h2 class=\"wp-block-heading has-text-align-center\"><strong>Hva kundene v\u00e5re sier om ImageBank X DAM<\/strong><\/h2>\n\n\n<\/section>\n\n\n<div class=\"wp-block-columns is-layout-flex wp-container-core-columns-is-layout-9d6595d7 wp-block-columns-is-layout-flex\">\n<div class=\"wp-block-column is-layout-flow wp-block-column-is-layout-flow\" style=\"flex-basis:100%\">\n<section >\n    <div class=\"grid grid-cols-1 sm:grid-cols-2 lg:grid-cols-3 py-12 gap-4 sm:gap-6 xl:gap-10\">\n                <div\n            class=\"flex flex-col justify-between px-4 py-6 sm:px-8 sm:py-10 rounded-xl shadow-lg shadow-gray border border-gray transition ease-in-out hover:scale-102 duration-300\">\n            <p class=\"text-sm\">\n                &#8220;ImageBank X har str\u00f8mlinjeformet h\u00e5ndteringen av digitale ressurser ved \u00e5 samle bilder, videoer og markedsf\u00f8ringsmateriell p\u00e5 ett sted. Det er enkelt \u00e5 laste ned det vi trenger eller dele filer med andre. En sv\u00e6rt funksjonell l\u00f8sning som er i kontinuerlig utvikling.&#8221;\n            <\/p>\n            <div class=\"flex flex-col lg:flex-row lg:items-center gap-4 mt-6\">\n                <img decoding=\"async\" class=\"h-6 max-w-32 w-fit object-contain\" src=\"https:\/\/imagebank.staging.mediasignal.dev\/wp-content\/uploads\/2025\/03\/Logo-Steveco.webp\"\n                    alt=\"\" \/>\n                <div>\n                    <p class=\"text-xs m-0\">Elina Harjama<\/p>\n                    <p class=\"text-xs m-0\">Kommunikasjonsansvarlig<\/p>\n                <\/div>\n            <\/div>\n        <\/div>\n                <div\n            class=\"flex flex-col justify-between px-4 py-6 sm:px-8 sm:py-10 rounded-xl shadow-lg shadow-gray border border-gray transition ease-in-out hover:scale-102 duration-300\">\n            <p class=\"text-sm\">\n                &#8220;Den st\u00f8rste utfordringen med det gamle systemet var det utdaterte og kl\u00f8nete grensesnittet, samt kundesupporten. N\u00e5, med implementeringen av ImageBank X, er brukeropplevelsen virkelig smidig. Den nettleserbaserte administrasjonen er fleksibel og uanstrengt. Kundeservicen er utmerket: Supportforesp\u00f8rsler besvares raskt, problemer blir l\u00f8st, og selv under oppstartsfasen var samarbeidet spesielt smidig og enkelt!&#8221;\n            <\/p>\n            <div class=\"flex flex-col lg:flex-row lg:items-center gap-4 mt-6\">\n                <img decoding=\"async\" class=\"h-6 max-w-32 w-fit object-contain\" src=\"https:\/\/imagebank.staging.mediasignal.dev\/wp-content\/uploads\/2025\/02\/Helvar-logo-1.webp\"\n                    alt=\"\" \/>\n                <div>\n                    <p class=\"text-xs m-0\">Toni Ajo<\/p>\n                    <p class=\"text-xs m-0\">Teknisk produkt- og markedssjef<\/p>\n                <\/div>\n            <\/div>\n        <\/div>\n                <div\n            class=\"flex flex-col justify-between px-4 py-6 sm:px-8 sm:py-10 rounded-xl shadow-lg shadow-gray border border-gray transition ease-in-out hover:scale-102 duration-300\">\n            <p class=\"text-sm\">\n                &#8220;Vi anbefaler ImageBank X 100 %. Mye av det handler om systemet &#8211; det har alle de flotte funksjonene til et veldig dyrt og stort system, men til en mye rimeligere pris. Det er utrolig kostnadseffektivt i forhold til hva du f\u00e5r. I tillegg f\u00e5r du virkelig personlig kundest\u00f8tte. Det er veldig fint \u00e5 ha den forsikringen om at hvis noe skulle dukke opp, s\u00e5 vet jeg n\u00f8yaktig hvem jeg kan snakke med, og jeg f\u00e5r svar samme dag.&#8221;\n            <\/p>\n            <div class=\"flex flex-col lg:flex-row lg:items-center gap-4 mt-6\">\n                <img decoding=\"async\" class=\"h-6 max-w-32 w-fit object-contain\" src=\"https:\/\/imagebank.staging.mediasignal.dev\/wp-content\/uploads\/2025\/03\/Logo-Dirac.webp\"\n                    alt=\"\" \/>\n                <div>\n                    <p class=\"text-xs m-0\">Jordan Matthiass<\/p>\n                    <p class=\"text-xs m-0\">Produktmarkedssjef<\/p>\n                <\/div>\n            <\/div>\n        <\/div>\n            <\/div>\n<\/section>\n<\/div>\n<\/div>\n\n\n<div style=\"height: 4rem;\"><\/div>\n\n\n<section id=\"Section\" class=\"content-wrap \">\n    \n\n<h2 class=\"wp-block-heading has-text-align-center\"><strong>Du kan ogs\u00e5 sende oss en melding!<\/strong><\/h2>\n\n\n<\/section>\n\n<div style=\"height: 4rem;\"><\/div>\n\n\n<section id=\"Section\" class=\"content-wrap \">\n    \n\n<script charset=\"utf-8\" type=\"text\/javascript\" src=\"\/\/js.hsforms.net\/forms\/embed\/v2.js\"><\/script>\n<script>\n  hbspt.forms.create({\n    portalId: \"20093147\",\n    formId: \"5beb8e6d-fb9f-49f9-aa75-e179e1a21a1d\",\n    region: \"na1\"\n  });\n<\/script>\n\n\n<\/section>\n\n<div style=\"height: 4rem;\"><\/div>\n","protected":false},"excerpt":{"rendered":"<p>Norge Europe<\/p>\n","protected":false},"author":1,"featured_media":7341,"parent":0,"menu_order":0,"comment_status":"closed","ping_status":"closed","template":"","meta":{"_acf_changed":false,"_improvement_type_select":"improve_an_existing","_thumb_yes_seoaic":false,"_frame_yes_seoaic":false,"seoaic_generate_description":"","seoaic_improve_instructions_prompt":"","seoaic_rollback_content_improvement":"","seoaic_idea_thumbnail_generator":"","thumbnail_generated":false,"thumbnail_generate_prompt":"","seoaic_article_description":"","footnotes":""},"class_list":["post-7339","page","type-page","status-publish","has-post-thumbnail","hentry"],"acf":[],"yoast_head":"<!-- This site is optimized with the Yoast SEO plugin v25.2 - https:\/\/yoast.com\/wordpress\/plugins\/seo\/ -->\n<title>Book en gratis demo n\u00e5 \u2013 ImageBank X DAM-l\u00f8sning<\/title>\n<meta name=\"description\" content=\"Se ImageBank X i aksjon! Book en gratis demo og oppdag hvordan DAM-l\u00f8sningen forenkler ressursstyring, samarbeid og merkevarekonsistens.\" \/>\n<meta name=\"robots\" content=\"index, follow, max-snippet:-1, max-image-preview:large, max-video-preview:-1\" \/>\n<link rel=\"canonical\" href=\"https:\/\/imagebank.staging.mediasignal.dev\/no\/bestill-en-gratis-demo\/\" \/>\n<meta property=\"og:locale\" content=\"nb_NO\" \/>\n<meta property=\"og:type\" content=\"article\" \/>\n<meta property=\"og:title\" content=\"Book en gratis demo n\u00e5 \u2013 ImageBank X DAM-l\u00f8sning\" \/>\n<meta property=\"og:description\" content=\"Se ImageBank X i aksjon! Book en gratis demo og oppdag hvordan DAM-l\u00f8sningen forenkler ressursstyring, samarbeid og merkevarekonsistens.\" \/>\n<meta property=\"og:url\" content=\"https:\/\/imagebank.staging.mediasignal.dev\/no\/bestill-en-gratis-demo\/\" \/>\n<meta property=\"og:site_name\" content=\"ImageBank X DAM\" \/>\n<meta property=\"article:modified_time\" content=\"2025-06-18T11:04:39+00:00\" \/>\n<meta property=\"og:image\" content=\"https:\/\/imagebank.staging.mediasignal.dev\/app\/uploads\/2025\/03\/ImageBankX-3.webp\" \/>\n\t<meta property=\"og:image:width\" content=\"1200\" \/>\n\t<meta property=\"og:image:height\" content=\"800\" \/>\n\t<meta property=\"og:image:type\" content=\"image\/webp\" \/>\n<meta name=\"twitter:card\" content=\"summary_large_image\" \/>\n<meta name=\"twitter:label1\" content=\"Est. reading time\" \/>\n\t<meta name=\"twitter:data1\" content=\"1 minute\" \/>\n<script type=\"application\/ld+json\" class=\"yoast-schema-graph\">{\"@context\":\"https:\/\/schema.org\",\"@graph\":[{\"@type\":\"WebPage\",\"@id\":\"https:\/\/imagebank.staging.mediasignal.dev\/no\/bestill-en-gratis-demo\/\",\"url\":\"https:\/\/imagebank.staging.mediasignal.dev\/no\/bestill-en-gratis-demo\/\",\"name\":\"Book en gratis demo n\u00e5 \u2013 ImageBank X DAM-l\u00f8sning\",\"isPartOf\":{\"@id\":\"https:\/\/imagebank.staging.mediasignal.dev\/no\/#website\"},\"primaryImageOfPage\":{\"@id\":\"https:\/\/imagebank.staging.mediasignal.dev\/no\/bestill-en-gratis-demo\/#primaryimage\"},\"image\":{\"@id\":\"https:\/\/imagebank.staging.mediasignal.dev\/no\/bestill-en-gratis-demo\/#primaryimage\"},\"thumbnailUrl\":\"https:\/\/imagebank.staging.mediasignal.dev\/wp-content\/uploads\/2025\/03\/ImageBankX-3.webp\",\"datePublished\":\"2025-03-07T11:12:19+00:00\",\"dateModified\":\"2025-06-18T11:04:39+00:00\",\"description\":\"Se ImageBank X i aksjon! Book en gratis demo og oppdag hvordan DAM-l\u00f8sningen forenkler ressursstyring, samarbeid og merkevarekonsistens.\",\"breadcrumb\":{\"@id\":\"https:\/\/imagebank.staging.mediasignal.dev\/no\/bestill-en-gratis-demo\/#breadcrumb\"},\"inLanguage\":\"nb-NO\",\"potentialAction\":[{\"@type\":\"ReadAction\",\"target\":[\"https:\/\/imagebank.staging.mediasignal.dev\/no\/bestill-en-gratis-demo\/\"]}]},{\"@type\":\"ImageObject\",\"inLanguage\":\"nb-NO\",\"@id\":\"https:\/\/imagebank.staging.mediasignal.dev\/no\/bestill-en-gratis-demo\/#primaryimage\",\"url\":\"https:\/\/imagebank.staging.mediasignal.dev\/wp-content\/uploads\/2025\/03\/ImageBankX-3.webp\",\"contentUrl\":\"https:\/\/imagebank.staging.mediasignal.dev\/wp-content\/uploads\/2025\/03\/ImageBankX-3.webp\",\"width\":1200,\"height\":800,\"caption\":\"Experience seamless digital asset management\u2014schedule your free ImageBank X DAM demo now.\"},{\"@type\":\"BreadcrumbList\",\"@id\":\"https:\/\/imagebank.staging.mediasignal.dev\/no\/bestill-en-gratis-demo\/#breadcrumb\",\"itemListElement\":[{\"@type\":\"ListItem\",\"position\":1,\"name\":\"Home\",\"item\":\"https:\/\/imagebank.staging.mediasignal.dev\/no\/\"},{\"@type\":\"ListItem\",\"position\":2,\"name\":\"Bestill en gratis demo\"}]},{\"@type\":\"WebSite\",\"@id\":\"https:\/\/imagebank.staging.mediasignal.dev\/no\/#website\",\"url\":\"https:\/\/imagebank.staging.mediasignal.dev\/no\/\",\"name\":\"ImageBank X\",\"description\":\"\",\"publisher\":{\"@id\":\"https:\/\/imagebank.staging.mediasignal.dev\/no\/#organization\"},\"potentialAction\":[{\"@type\":\"SearchAction\",\"target\":{\"@type\":\"EntryPoint\",\"urlTemplate\":\"https:\/\/imagebank.staging.mediasignal.dev\/no\/?s={search_term_string}\"},\"query-input\":{\"@type\":\"PropertyValueSpecification\",\"valueRequired\":true,\"valueName\":\"search_term_string\"}}],\"inLanguage\":\"nb-NO\"},{\"@type\":\"Organization\",\"@id\":\"https:\/\/imagebank.staging.mediasignal.dev\/no\/#organization\",\"name\":\"ImageBank X\",\"url\":\"https:\/\/imagebank.staging.mediasignal.dev\/no\/\",\"logo\":{\"@type\":\"ImageObject\",\"inLanguage\":\"nb-NO\",\"@id\":\"https:\/\/imagebank.staging.mediasignal.dev\/no\/#\/schema\/logo\/image\/\",\"url\":\"https:\/\/imagebank.staging.mediasignal.dev\/app\/uploads\/2025\/03\/cropped-favicon.png\",\"contentUrl\":\"https:\/\/imagebank.staging.mediasignal.dev\/app\/uploads\/2025\/03\/cropped-favicon.png\",\"width\":512,\"height\":512,\"caption\":\"ImageBank X\"},\"image\":{\"@id\":\"https:\/\/imagebank.staging.mediasignal.dev\/no\/#\/schema\/logo\/image\/\"},\"sameAs\":[\"https:\/\/linkedin.com\/imagebank-independent\"]}]}<\/script>\n<!-- \/ Yoast SEO plugin. -->","yoast_head_json":{"title":"Book en gratis demo n\u00e5 \u2013 ImageBank X DAM-l\u00f8sning","description":"Se ImageBank X i aksjon! Book en gratis demo og oppdag hvordan DAM-l\u00f8sningen forenkler ressursstyring, samarbeid og merkevarekonsistens.","robots":{"index":"index","follow":"follow","max-snippet":"max-snippet:-1","max-image-preview":"max-image-preview:large","max-video-preview":"max-video-preview:-1"},"canonical":"https:\/\/imagebank.staging.mediasignal.dev\/no\/bestill-en-gratis-demo\/","og_locale":"nb_NO","og_type":"article","og_title":"Book en gratis demo n\u00e5 \u2013 ImageBank X DAM-l\u00f8sning","og_description":"Se ImageBank X i aksjon! Book en gratis demo og oppdag hvordan DAM-l\u00f8sningen forenkler ressursstyring, samarbeid og merkevarekonsistens.","og_url":"https:\/\/imagebank.staging.mediasignal.dev\/no\/bestill-en-gratis-demo\/","og_site_name":"ImageBank X DAM","article_modified_time":"2025-06-18T11:04:39+00:00","og_image":[{"width":1200,"height":800,"url":"https:\/\/imagebank.staging.mediasignal.dev\/app\/uploads\/2025\/03\/ImageBankX-3.webp","type":"image\/webp"}],"twitter_card":"summary_large_image","twitter_misc":{"Est. reading time":"1 minute"},"schema":{"@context":"https:\/\/schema.org","@graph":[{"@type":"WebPage","@id":"https:\/\/imagebank.staging.mediasignal.dev\/no\/bestill-en-gratis-demo\/","url":"https:\/\/imagebank.staging.mediasignal.dev\/no\/bestill-en-gratis-demo\/","name":"Book en gratis demo n\u00e5 \u2013 ImageBank X DAM-l\u00f8sning","isPartOf":{"@id":"https:\/\/imagebank.staging.mediasignal.dev\/no\/#website"},"primaryImageOfPage":{"@id":"https:\/\/imagebank.staging.mediasignal.dev\/no\/bestill-en-gratis-demo\/#primaryimage"},"image":{"@id":"https:\/\/imagebank.staging.mediasignal.dev\/no\/bestill-en-gratis-demo\/#primaryimage"},"thumbnailUrl":"https:\/\/imagebank.staging.mediasignal.dev\/wp-content\/uploads\/2025\/03\/ImageBankX-3.webp","datePublished":"2025-03-07T11:12:19+00:00","dateModified":"2025-06-18T11:04:39+00:00","description":"Se ImageBank X i aksjon! Book en gratis demo og oppdag hvordan DAM-l\u00f8sningen forenkler ressursstyring, samarbeid og merkevarekonsistens.","breadcrumb":{"@id":"https:\/\/imagebank.staging.mediasignal.dev\/no\/bestill-en-gratis-demo\/#breadcrumb"},"inLanguage":"nb-NO","potentialAction":[{"@type":"ReadAction","target":["https:\/\/imagebank.staging.mediasignal.dev\/no\/bestill-en-gratis-demo\/"]}]},{"@type":"ImageObject","inLanguage":"nb-NO","@id":"https:\/\/imagebank.staging.mediasignal.dev\/no\/bestill-en-gratis-demo\/#primaryimage","url":"https:\/\/imagebank.staging.mediasignal.dev\/wp-content\/uploads\/2025\/03\/ImageBankX-3.webp","contentUrl":"https:\/\/imagebank.staging.mediasignal.dev\/wp-content\/uploads\/2025\/03\/ImageBankX-3.webp","width":1200,"height":800,"caption":"Experience seamless digital asset management\u2014schedule your free ImageBank X DAM demo now."},{"@type":"BreadcrumbList","@id":"https:\/\/imagebank.staging.mediasignal.dev\/no\/bestill-en-gratis-demo\/#breadcrumb","itemListElement":[{"@type":"ListItem","position":1,"name":"Home","item":"https:\/\/imagebank.staging.mediasignal.dev\/no\/"},{"@type":"ListItem","position":2,"name":"Bestill en gratis demo"}]},{"@type":"WebSite","@id":"https:\/\/imagebank.staging.mediasignal.dev\/no\/#website","url":"https:\/\/imagebank.staging.mediasignal.dev\/no\/","name":"ImageBank X","description":"","publisher":{"@id":"https:\/\/imagebank.staging.mediasignal.dev\/no\/#organization"},"potentialAction":[{"@type":"SearchAction","target":{"@type":"EntryPoint","urlTemplate":"https:\/\/imagebank.staging.mediasignal.dev\/no\/?s={search_term_string}"},"query-input":{"@type":"PropertyValueSpecification","valueRequired":true,"valueName":"search_term_string"}}],"inLanguage":"nb-NO"},{"@type":"Organization","@id":"https:\/\/imagebank.staging.mediasignal.dev\/no\/#organization","name":"ImageBank X","url":"https:\/\/imagebank.staging.mediasignal.dev\/no\/","logo":{"@type":"ImageObject","inLanguage":"nb-NO","@id":"https:\/\/imagebank.staging.mediasignal.dev\/no\/#\/schema\/logo\/image\/","url":"https:\/\/imagebank.staging.mediasignal.dev\/app\/uploads\/2025\/03\/cropped-favicon.png","contentUrl":"https:\/\/imagebank.staging.mediasignal.dev\/app\/uploads\/2025\/03\/cropped-favicon.png","width":512,"height":512,"caption":"ImageBank X"},"image":{"@id":"https:\/\/imagebank.staging.mediasignal.dev\/no\/#\/schema\/logo\/image\/"},"sameAs":["https:\/\/linkedin.com\/imagebank-independent"]}]}},"_links":{"self":[{"href":"https:\/\/imagebank.staging.mediasignal.dev\/no\/wp-json\/wp\/v2\/pages\/7339","targetHints":{"allow":["GET"]}}],"collection":[{"href":"https:\/\/imagebank.staging.mediasignal.dev\/no\/wp-json\/wp\/v2\/pages"}],"about":[{"href":"https:\/\/imagebank.staging.mediasignal.dev\/no\/wp-json\/wp\/v2\/types\/page"}],"author":[{"embeddable":true,"href":"https:\/\/imagebank.staging.mediasignal.dev\/no\/wp-json\/wp\/v2\/users\/1"}],"replies":[{"embeddable":true,"href":"https:\/\/imagebank.staging.mediasignal.dev\/no\/wp-json\/wp\/v2\/comments?post=7339"}],"version-history":[{"count":5,"href":"https:\/\/imagebank.staging.mediasignal.dev\/no\/wp-json\/wp\/v2\/pages\/7339\/revisions"}],"predecessor-version":[{"id":8442,"href":"https:\/\/imagebank.staging.mediasignal.dev\/no\/wp-json\/wp\/v2\/pages\/7339\/revisions\/8442"}],"wp:featuredmedia":[{"embeddable":true,"href":"https:\/\/imagebank.staging.mediasignal.dev\/no\/wp-json\/wp\/v2\/media\/7341"}],"wp:attachment":[{"href":"https:\/\/imagebank.staging.mediasignal.dev\/no\/wp-json\/wp\/v2\/media?parent=7339"}],"curies":[{"name":"wp","href":"https:\/\/api.w.org\/{rel}","templated":true}]}}