{"id":7315,"date":"2025-03-11T09:18:07","date_gmt":"2025-03-11T09:18:07","guid":{"rendered":"https:\/\/imagebank.staging.mediasignal.dev\/solutions\/it\/"},"modified":"2025-06-18T09:34:39","modified_gmt":"2025-06-18T09:34:39","slug":"it","status":"publish","type":"page","link":"https:\/\/imagebank.staging.mediasignal.dev\/no\/losninger\/it\/","title":{"rendered":"DAM for IT"},"content":{"rendered":"<div \n    class=\"relative flex flex-col xs:flex-row py-14\">\n        <div\n        class=\"-z-50 pointer-events-none absolute left-1\/2 w-screen -translate-x-1\/2  bg-gradient-to-t from-white to-tetriary -top-14 bottom-0\">\n    <\/div>\n    <div class=\"relative z-10 md:mt-10 lg:mt-20 xs:w-3\/5\">\n                <div class=\"border border-white text-white rounded-full w-fit px-4 py-2 mb-4\">\n            IT\n        <\/div>\n                <h1 class=\"z-10 mb-8 font-extrabold text-4xl sm:text-5xl md:text-7xl xl:text-8xl text-primary\">\n            ImageBank X DAM for IT\n        <\/h1>\n                <p class=\"mb-6\">\n            Sikker, skalerbar, smart &#8211; IT-godkjent DAM for\n            <span class=\"font-bold text-transparent bg-gradient-to-r from-primary to-secondary bg-clip-text\">\n                s\u00f8ml\u00f8s forvaltning av digitale ressurser.\n            <\/span>\n        <\/p>\n                        <div class=\"flex flex-wrap gap-2 md:gap-4\">\n                        <a href=\"https:\/\/imagebank.staging.mediasignal.dev\/no\/bestill-en-gratis-demo\/\" target=\"\"\n                class=\"flex text-sm md:text-base w-fit text-white items-center pl-6 pr-4 py-3 rounded-lg bg-gradient-to-r from-primary to-secondary transition ease-in-out hover:scale-102 duration-300\">\n                Bestill en gratis demo\n                <span class=\"min-w-4 min-h-4 ml-2\">\n                    <svg xmlns=\"http:\/\/www.w3.org\/2000\/svg\" fill=\"none\" viewBox=\"0 0 24 24\" stroke-width=\"1.5\" stroke=\"currentColor\" class=\"size-6\">\n  <path stroke-linecap=\"round\" stroke-linejoin=\"round\" d=\"M13.5 4.5 21 12m0 0-7.5 7.5M21 12H3\" \/>\n<\/svg>\n\n                <\/span>\n            <\/a>\n                        <a href=\"https:\/\/imagebank.staging.mediasignal.dev\/no\/prov-30-dager-gratis\/\" target=\"\"\n                class=\"flex text-sm md:text-base w-fit text-white items-center pl-6 pr-4 py-3 rounded-lg bg-gradient-to-r from-black to-gray-500 transition ease-in-out hover:scale-102 duration-300\">\n                Pr\u00f8v 30 dager gratis\n                <span class=\"min-w-4 min-h-4 ml-2\">\n                    <svg xmlns=\"http:\/\/www.w3.org\/2000\/svg\" fill=\"none\" viewBox=\"0 0 24 24\" stroke-width=\"1.5\" stroke=\"currentColor\" class=\"size-6\">\n  <path stroke-linecap=\"round\" stroke-linejoin=\"round\" d=\"M13.5 4.5 21 12m0 0-7.5 7.5M21 12H3\" \/>\n<\/svg>\n\n                <\/span>\n            <\/a>\n                    <\/div>\n            <\/div>\n        <div class=\"hidden xs:block relative -z-10 w-2\/5 -my-12\">\n        <img class=\"absolute bottom-0 left-0 -top-8 min-w-full max-w-none h-full object-contain\"\n            srcset=\"https:\/\/imagebank.staging.mediasignal.dev\/wp-content\/uploads\/2025\/03\/Hero-11-278x300.webp 278w, https:\/\/imagebank.staging.mediasignal.dev\/wp-content\/uploads\/2025\/03\/Hero-11-949x1024.webp 949w, https:\/\/imagebank.staging.mediasignal.dev\/wp-content\/uploads\/2025\/03\/Hero-11-768x828.webp 768w, https:\/\/imagebank.staging.mediasignal.dev\/wp-content\/uploads\/2025\/03\/Hero-11.webp 1119w\" alt=\"Secure DAM platform interface for storing and managing digital assets\" \/>\n    <\/div>\n    <div class=\"block xs:hidden\">\n        <img srcset=\"https:\/\/imagebank.staging.mediasignal.dev\/wp-content\/uploads\/2025\/03\/Hero-11-278x300.webp 278w, https:\/\/imagebank.staging.mediasignal.dev\/wp-content\/uploads\/2025\/03\/Hero-11-949x1024.webp 949w, https:\/\/imagebank.staging.mediasignal.dev\/wp-content\/uploads\/2025\/03\/Hero-11-768x828.webp 768w, https:\/\/imagebank.staging.mediasignal.dev\/wp-content\/uploads\/2025\/03\/Hero-11.webp 1119w\" alt=\"Secure DAM platform interface for storing and managing digital assets\" \/>\n    <\/div>\n    <\/div>\n\n<div style=\"height: 4rem;\"><\/div>\n\n\n<section id=\"Section\" class=\"content-wrap \">\n    \n\n<h2 class=\"wp-block-heading has-text-align-center\"><strong>Hvorfor trenger IT-team en mediebank?<\/strong><\/h2>\n\n\n<\/section>\n\n\n\n<section >\n    <div\n        class=\"flex flex-col-reverse md:flex-row-reverse mx-auto gap-8 py-12\">\n        <div class=\"flex flex-col self-center lg:px-12 md:w-1\/2\">\n                        <h2 class=\"mb-6 font-bold text-center\">Utfordring med \u00e5 h\u00e5ndtere og beskytte store mengder materiale?<\/h2>\n                                    <p class=\"mb-6 text-center\">For IT-team kan det v\u00e6re en utfordring \u00e5 h\u00e5ndtere store mengder digitale ressurser og samtidig s\u00f8rge for sikkerhet og samsvar. DAM (Digital Asset Management) tilbyr kryptering, rollebaserte tillatelser og detaljerte revisjonsspor for \u00e5 beskytte sensitive mediefiler. Med skybasert skalerbarhet og integrasjonsmuligheter kan IT-teamene s\u00f8rge for s\u00f8ml\u00f8s lagring av ressurser, tilgang og sikkerhet p\u00e5 tvers av organisasjonen.<\/p>\n                                <\/div>\n        <div class=\"flex md:w-1\/2\">\n                        <img decoding=\"async\" class=\"object-contain rounded-xl transition ease-in-out hover:scale-105 duration-300\"\n                src=\"https:\/\/imagebank.staging.mediasignal.dev\/wp-content\/uploads\/2025\/03\/AccessLevels.webp\" alt=\"Access Levels\" \/>\n                    <\/div>\n    <\/div>\n<\/section>\n\n\n\n<section >\n    <div\n        class=\"flex flex-col-reverse md:flex-row mx-auto gap-8 py-12\">\n        <div class=\"flex flex-col self-center lg:px-12 md:w-1\/2\">\n                        <h2 class=\"mb-6 font-bold text-center\">Mangler din IT-infrastruktur en s\u00f8ml\u00f8ss ressursh\u00e5ndtering?<\/h2>\n                                    <p class=\"mb-6 text-center\">Mediebank (DAM) er ikke bare en frittst\u00e5ende l\u00f8sning &#8211; den integreres s\u00f8ml\u00f8st med eksisterende IT-\u00f8kosystemer, ettersom ImageBank kan integreres via Rest API i alle kunders systemgrensesnitt. Ved \u00e5 redusere kompleksiteten i forvaltningen av ressurser kan IT-teamene optimalisere arbeidsflyten, automatisere prosesser og eliminere behovet for fragmenterte lagringsl\u00f8sninger.<\/p>\n                                <\/div>\n        <div class=\"flex md:w-1\/2\">\n                        <img decoding=\"async\" class=\"object-contain rounded-xl transition ease-in-out hover:scale-105 duration-300\"\n                src=\"https:\/\/imagebank.staging.mediasignal.dev\/wp-content\/uploads\/2025\/03\/Partofyourdigitalecosystem-1.webp\" alt=\"Dashboard showcasing seamless integration of ImageBank X DAM with popular business tools\" \/>\n                    <\/div>\n    <\/div>\n<\/section>\n\n<div style=\"height: 4rem;\"><\/div>\n\n\n<section id=\"Section\" class=\"content-wrap \">\n    \n\n<h2 class=\"wp-block-heading has-text-align-center\"><strong>Mediebank er en IT-vennlig plattform som forbedrer sikkerheten, optimaliserer infrastrukturen og effektiviserer den digitale arbeidsflyten.<\/strong><\/h2>\n\n\n\n<p class=\"has-text-align-center\">Ved \u00e5 tilby et sentralisert, skybasert knutepunkt for ressursforvaltning kan IT-teamene redusere driftskostnadene, minimere sikkerhetsrisikoen og integrere s\u00f8ml\u00f8st med bedriftens verkt\u00f8y.<\/p>\n\n\n\n<p class=\"has-text-align-center\"><a href=\"https:\/\/imagebank.staging.mediasignal.dev\/no\/mediebank\/integrere\/\">Les mer om integrasjoner<\/a><\/p>\n\n\n<\/section>\n\n<div style=\"height: 4rem;\"><\/div>\n\n\n<section \n    class=\"relative py-14\">\n            <div class=\"flex gap-6 justify-between flex-col md:flex-row bg-black text-white rounded-xl p-6 md:py-12 md:px-10\">\n        <div>\n            <h3 class=\"font-bold\">Integrasjonsmuligheter for ImageBank X<\/h3>\n                        <div class=\"flex\">\n                <span class=\"min-w-5 min-h-5 mr-2 mt-1\">\n                    <svg xmlns=\"http:\/\/www.w3.org\/2000\/svg\" fill=\"none\" viewBox=\"0 0 24 24\" stroke-width=\"1.5\" stroke=\"currentColor\" class=\"size-6\">\n  <path stroke-linecap=\"round\" stroke-linejoin=\"round\" d=\"m4.5 12.75 6 6 9-13.5\" \/>\n<\/svg>\n\n                <\/span>\n                <p class=\"m-0\">Bygg en slagkraftig enhet &#8211; uten datasiloer<\/p>\n            <\/div>\n                        <div class=\"flex\">\n                <span class=\"min-w-5 min-h-5 mr-2 mt-1\">\n                    <svg xmlns=\"http:\/\/www.w3.org\/2000\/svg\" fill=\"none\" viewBox=\"0 0 24 24\" stroke-width=\"1.5\" stroke=\"currentColor\" class=\"size-6\">\n  <path stroke-linecap=\"round\" stroke-linejoin=\"round\" d=\"m4.5 12.75 6 6 9-13.5\" \/>\n<\/svg>\n\n                <\/span>\n                <p class=\"m-0\">Vi tilbyr integrasjonsst\u00f8tte som passer dine behov<\/p>\n            <\/div>\n                    <\/div>\n        <a href=\"https:\/\/imagebank.staging.mediasignal.dev\/no\/mediebank\/integrere\/muligheter-for-integrasjon-med-imagebank-x\/\" target=\"\"\n            class=\"flex font-bold self-center h-fit w-fit p-4 rounded-lg bg-gradient-to-r from-primary to-secondary transition ease-in-out hover:scale-105 duration-300\">\n            Les mer\n        <\/a>\n    <\/div>\n    <\/section>\n\n\n\n<div style=\"height: 4rem;\"><\/div>\n\n\n<section id=\"Section\" class=\"content-wrap \">\n    \n\n<h2 class=\"wp-block-heading has-text-align-center\"><strong>Anbefalt innhold for IT<\/strong><\/h2>\n\n\n<\/section>\n\n\n<section class=\"relative\" >\n        <div\n        class=\"-z-50 pointer-events-none absolute left-1\/2 w-screen -translate-x-1\/2 bg-gradient-to-b from-white to-tetriary top-0 bottom-0\">\n    <\/div>\n    <div class=\"flex flex-wrap gap-4 pt-12 pb-20\">\n        \n        <div class=\"flex-1 min-w-64 transition ease-in-out hover:scale-102 duration-300\">\n            <a href=\"https:\/\/imagebank.staging.mediasignal.dev\/no\/blogger\/forbedre-kundeopplevelsen-med-pim-og-dam-hvorfor-integrasjon-er-en-gamechanger\/\" aria-label=\"Forbedre kundeopplevelsen med PIM og DAM: Hvorfor integrasjon er en gamechanger\">\n                <img decoding=\"async\" class=\"h-60 w-full object-cover\" src=\"https:\/\/imagebank.staging.mediasignal.dev\/wp-content\/uploads\/2025\/03\/Boost_Custome_-Experiences_with_PIM_and_DAM.webp\"\n                    alt=\"\" \/>\n                <div class=\"bg-white p-8 rounded-b-xl text-center\">\n                    <p class=\"text-black text-lg font-bold mb-12\">Forbedre kundeopplevelsen med PIM og DAM: Hvorfor integrasjon er en gamechanger<\/p>\n                    <p class=\"text-lg underline mb-0\">Les mer<\/p>\n                <\/div>\n            <\/a>\n        <\/div>\n        \n        <div class=\"flex-1 min-w-64 transition ease-in-out hover:scale-102 duration-300\">\n            <a href=\"https:\/\/imagebank.staging.mediasignal.dev\/no\/blogger\/integrering-av-applikasjoner-i-en-dam-losning-via-et-api-apner-for-mange-muligheter\/\" aria-label=\"Integrering av applikasjoner i en DAM-l\u00f8sning via et API \u00e5pner for mange muligheter\">\n                <img decoding=\"async\" class=\"h-60 w-full object-cover\" src=\"https:\/\/imagebank.staging.mediasignal.dev\/wp-content\/uploads\/2025\/03\/Integrating_applications_into_a_DAM_solution_via_an_API_opens_up_many_possibilities.webp\"\n                    alt=\"\" \/>\n                <div class=\"bg-white p-8 rounded-b-xl text-center\">\n                    <p class=\"text-black text-lg font-bold mb-12\">Integrering av applikasjoner i en DAM-l\u00f8sning via et API \u00e5pner for mange muligheter<\/p>\n                    <p class=\"text-lg underline mb-0\">Les mer<\/p>\n                <\/div>\n            <\/a>\n        <\/div>\n        \n        <div class=\"flex-1 min-w-64 transition ease-in-out hover:scale-102 duration-300\">\n            <a href=\"https:\/\/imagebank.staging.mediasignal.dev\/no\/blogger\/sikre-databeskyttelse-og-personvern-gdpr-i-dam-losningen\/\" aria-label=\"Sikre databeskyttelse og personvern (GDPR) i DAM-l\u00f8sningen\">\n                <img decoding=\"async\" class=\"h-60 w-full object-cover\" src=\"https:\/\/imagebank.staging.mediasignal.dev\/wp-content\/uploads\/2025\/03\/Ensuring_data_protection_and_privacy_GDPR_in_DAM_solution.webp\"\n                    alt=\"\" \/>\n                <div class=\"bg-white p-8 rounded-b-xl text-center\">\n                    <p class=\"text-black text-lg font-bold mb-12\">Sikre databeskyttelse og personvern (GDPR) i DAM-l\u00f8sningen<\/p>\n                    <p class=\"text-lg underline mb-0\">Les mer<\/p>\n                <\/div>\n            <\/a>\n        <\/div>\n            <\/div>\n<\/section>\n\n<section \n    class=\"relative pt-20 md:pt-32 pb-12 md:pb-20\">\n            <div\n        class=\"-z-50 pointer-events-none absolute left-1\/2 w-screen -translate-x-1\/2 bg-gradient-to-b from-white to-tetriary top-0 bottom-0\">\n    <\/div>\n            <div class=\"content-wrap\">\n        <h2 class=\"h1 font-bold text-center\">Kom i gang i dag!<\/h2>\n        <p class=\"text-center md:text-xl\">Hvis du er klar til \u00e5 ta h\u00e5ndteringen av digitale ressurser til neste niv\u00e5, er teamet v\u00e5rt her for \u00e5 hjelpe deg.<\/p>\n        <a href=\"https:\/\/imagebank.staging.mediasignal.dev\/no\/bestill-en-gratis-demo\/\" target=\"\"\n            class=\"flex text-white font-bold h-fit w-fit p-4 rounded-lg bg-gradient-to-r from-primary to-secondary transition ease-in-out hover:scale-105 duration-300 mx-auto\">\n            Bestill en gratis demo\n        <\/a>\n        <img decoding=\"async\" class=\"hidden md:block absolute max-w-96 top-0 -left-60 bottom-0 max-h-full\"\n            src=\"\/wp-content\/themes\/imagebank\/assets\/images\/muoto.webp\" alt=\"Purple twisting shape\" \/>\n    <\/div>\n    <\/section>\n\n","protected":false},"excerpt":{"rendered":"","protected":false},"author":1,"featured_media":7316,"parent":7284,"menu_order":0,"comment_status":"closed","ping_status":"closed","template":"","meta":{"_acf_changed":false,"_improvement_type_select":"improve_an_existing","_thumb_yes_seoaic":false,"_frame_yes_seoaic":false,"seoaic_generate_description":"","seoaic_improve_instructions_prompt":"","seoaic_rollback_content_improvement":"","seoaic_idea_thumbnail_generator":"","thumbnail_generated":false,"thumbnail_generate_prompt":"","seoaic_article_description":"","footnotes":""},"class_list":["post-7315","page","type-page","status-publish","has-post-thumbnail","hentry"],"acf":[],"yoast_head":"<!-- This site is optimized with the Yoast SEO plugin v25.2 - https:\/\/yoast.com\/wordpress\/plugins\/seo\/ -->\n<title>DAM for IT - ImageBank X<\/title>\n<meta name=\"description\" content=\"ImageBank X DAM for IT tilbyr sikker, skalerbar ressursforvaltning med kryptering, API-integrering og sentralisert kontroll. Oppdag mer!\" \/>\n<meta name=\"robots\" content=\"index, follow, max-snippet:-1, max-image-preview:large, max-video-preview:-1\" \/>\n<link rel=\"canonical\" href=\"https:\/\/imagebank.staging.mediasignal.dev\/no\/losninger\/it\/\" \/>\n<meta property=\"og:locale\" content=\"nb_NO\" \/>\n<meta property=\"og:type\" content=\"article\" \/>\n<meta property=\"og:title\" content=\"DAM for IT - ImageBank X\" \/>\n<meta property=\"og:description\" content=\"ImageBank X DAM for IT tilbyr sikker, skalerbar ressursforvaltning med kryptering, API-integrering og sentralisert kontroll. Oppdag mer!\" \/>\n<meta property=\"og:url\" content=\"https:\/\/imagebank.staging.mediasignal.dev\/no\/losninger\/it\/\" \/>\n<meta property=\"og:site_name\" content=\"ImageBank X DAM\" \/>\n<meta property=\"article:modified_time\" content=\"2025-06-18T09:34:39+00:00\" \/>\n<meta property=\"og:image\" content=\"https:\/\/imagebank.staging.mediasignal.dev\/app\/uploads\/2025\/03\/Woman-with-laptop-1-3.webp\" \/>\n\t<meta property=\"og:image:width\" content=\"1119\" \/>\n\t<meta property=\"og:image:height\" content=\"1382\" \/>\n\t<meta property=\"og:image:type\" content=\"image\/webp\" \/>\n<meta name=\"twitter:card\" content=\"summary_large_image\" \/>\n<meta name=\"twitter:label1\" content=\"Est. reading time\" \/>\n\t<meta name=\"twitter:data1\" content=\"1 minute\" \/>\n<script type=\"application\/ld+json\" class=\"yoast-schema-graph\">{\"@context\":\"https:\/\/schema.org\",\"@graph\":[{\"@type\":\"WebPage\",\"@id\":\"https:\/\/imagebank.staging.mediasignal.dev\/no\/losninger\/it\/\",\"url\":\"https:\/\/imagebank.staging.mediasignal.dev\/no\/losninger\/it\/\",\"name\":\"DAM for IT - ImageBank X\",\"isPartOf\":{\"@id\":\"https:\/\/imagebank.staging.mediasignal.dev\/no\/#website\"},\"primaryImageOfPage\":{\"@id\":\"https:\/\/imagebank.staging.mediasignal.dev\/no\/losninger\/it\/#primaryimage\"},\"image\":{\"@id\":\"https:\/\/imagebank.staging.mediasignal.dev\/no\/losninger\/it\/#primaryimage\"},\"thumbnailUrl\":\"https:\/\/imagebank.staging.mediasignal.dev\/wp-content\/uploads\/2025\/03\/Woman-with-laptop-1-3.webp\",\"datePublished\":\"2025-03-11T09:18:07+00:00\",\"dateModified\":\"2025-06-18T09:34:39+00:00\",\"description\":\"ImageBank X DAM for IT tilbyr sikker, skalerbar ressursforvaltning med kryptering, API-integrering og sentralisert kontroll. Oppdag mer!\",\"breadcrumb\":{\"@id\":\"https:\/\/imagebank.staging.mediasignal.dev\/no\/losninger\/it\/#breadcrumb\"},\"inLanguage\":\"nb-NO\",\"potentialAction\":[{\"@type\":\"ReadAction\",\"target\":[\"https:\/\/imagebank.staging.mediasignal.dev\/no\/losninger\/it\/\"]}]},{\"@type\":\"ImageObject\",\"inLanguage\":\"nb-NO\",\"@id\":\"https:\/\/imagebank.staging.mediasignal.dev\/no\/losninger\/it\/#primaryimage\",\"url\":\"https:\/\/imagebank.staging.mediasignal.dev\/wp-content\/uploads\/2025\/03\/Woman-with-laptop-1-3.webp\",\"contentUrl\":\"https:\/\/imagebank.staging.mediasignal.dev\/wp-content\/uploads\/2025\/03\/Woman-with-laptop-1-3.webp\",\"width\":1119,\"height\":1382,\"caption\":\"ImageBank X is a secure and scalable DAM solution that integrates with your IT infrastructure\u2014simplify asset management with API-ready tools.\"},{\"@type\":\"BreadcrumbList\",\"@id\":\"https:\/\/imagebank.staging.mediasignal.dev\/no\/losninger\/it\/#breadcrumb\",\"itemListElement\":[{\"@type\":\"ListItem\",\"position\":1,\"name\":\"Home\",\"item\":\"https:\/\/imagebank.staging.mediasignal.dev\/no\/\"},{\"@type\":\"ListItem\",\"position\":2,\"name\":\"L\u00f8sninger\",\"item\":\"https:\/\/imagebank.staging.mediasignal.dev\/no\/losninger\/\"},{\"@type\":\"ListItem\",\"position\":3,\"name\":\"DAM for IT\"}]},{\"@type\":\"WebSite\",\"@id\":\"https:\/\/imagebank.staging.mediasignal.dev\/no\/#website\",\"url\":\"https:\/\/imagebank.staging.mediasignal.dev\/no\/\",\"name\":\"ImageBank X\",\"description\":\"\",\"publisher\":{\"@id\":\"https:\/\/imagebank.staging.mediasignal.dev\/no\/#organization\"},\"potentialAction\":[{\"@type\":\"SearchAction\",\"target\":{\"@type\":\"EntryPoint\",\"urlTemplate\":\"https:\/\/imagebank.staging.mediasignal.dev\/no\/?s={search_term_string}\"},\"query-input\":{\"@type\":\"PropertyValueSpecification\",\"valueRequired\":true,\"valueName\":\"search_term_string\"}}],\"inLanguage\":\"nb-NO\"},{\"@type\":\"Organization\",\"@id\":\"https:\/\/imagebank.staging.mediasignal.dev\/no\/#organization\",\"name\":\"ImageBank X\",\"url\":\"https:\/\/imagebank.staging.mediasignal.dev\/no\/\",\"logo\":{\"@type\":\"ImageObject\",\"inLanguage\":\"nb-NO\",\"@id\":\"https:\/\/imagebank.staging.mediasignal.dev\/no\/#\/schema\/logo\/image\/\",\"url\":\"https:\/\/imagebank.staging.mediasignal.dev\/app\/uploads\/2025\/03\/cropped-favicon.png\",\"contentUrl\":\"https:\/\/imagebank.staging.mediasignal.dev\/app\/uploads\/2025\/03\/cropped-favicon.png\",\"width\":512,\"height\":512,\"caption\":\"ImageBank X\"},\"image\":{\"@id\":\"https:\/\/imagebank.staging.mediasignal.dev\/no\/#\/schema\/logo\/image\/\"},\"sameAs\":[\"https:\/\/linkedin.com\/imagebank-independent\"]}]}<\/script>\n<!-- \/ Yoast SEO plugin. -->","yoast_head_json":{"title":"DAM for IT - ImageBank X","description":"ImageBank X DAM for IT tilbyr sikker, skalerbar ressursforvaltning med kryptering, API-integrering og sentralisert kontroll. Oppdag mer!","robots":{"index":"index","follow":"follow","max-snippet":"max-snippet:-1","max-image-preview":"max-image-preview:large","max-video-preview":"max-video-preview:-1"},"canonical":"https:\/\/imagebank.staging.mediasignal.dev\/no\/losninger\/it\/","og_locale":"nb_NO","og_type":"article","og_title":"DAM for IT - ImageBank X","og_description":"ImageBank X DAM for IT tilbyr sikker, skalerbar ressursforvaltning med kryptering, API-integrering og sentralisert kontroll. Oppdag mer!","og_url":"https:\/\/imagebank.staging.mediasignal.dev\/no\/losninger\/it\/","og_site_name":"ImageBank X DAM","article_modified_time":"2025-06-18T09:34:39+00:00","og_image":[{"width":1119,"height":1382,"url":"https:\/\/imagebank.staging.mediasignal.dev\/app\/uploads\/2025\/03\/Woman-with-laptop-1-3.webp","type":"image\/webp"}],"twitter_card":"summary_large_image","twitter_misc":{"Est. reading time":"1 minute"},"schema":{"@context":"https:\/\/schema.org","@graph":[{"@type":"WebPage","@id":"https:\/\/imagebank.staging.mediasignal.dev\/no\/losninger\/it\/","url":"https:\/\/imagebank.staging.mediasignal.dev\/no\/losninger\/it\/","name":"DAM for IT - ImageBank X","isPartOf":{"@id":"https:\/\/imagebank.staging.mediasignal.dev\/no\/#website"},"primaryImageOfPage":{"@id":"https:\/\/imagebank.staging.mediasignal.dev\/no\/losninger\/it\/#primaryimage"},"image":{"@id":"https:\/\/imagebank.staging.mediasignal.dev\/no\/losninger\/it\/#primaryimage"},"thumbnailUrl":"https:\/\/imagebank.staging.mediasignal.dev\/wp-content\/uploads\/2025\/03\/Woman-with-laptop-1-3.webp","datePublished":"2025-03-11T09:18:07+00:00","dateModified":"2025-06-18T09:34:39+00:00","description":"ImageBank X DAM for IT tilbyr sikker, skalerbar ressursforvaltning med kryptering, API-integrering og sentralisert kontroll. Oppdag mer!","breadcrumb":{"@id":"https:\/\/imagebank.staging.mediasignal.dev\/no\/losninger\/it\/#breadcrumb"},"inLanguage":"nb-NO","potentialAction":[{"@type":"ReadAction","target":["https:\/\/imagebank.staging.mediasignal.dev\/no\/losninger\/it\/"]}]},{"@type":"ImageObject","inLanguage":"nb-NO","@id":"https:\/\/imagebank.staging.mediasignal.dev\/no\/losninger\/it\/#primaryimage","url":"https:\/\/imagebank.staging.mediasignal.dev\/wp-content\/uploads\/2025\/03\/Woman-with-laptop-1-3.webp","contentUrl":"https:\/\/imagebank.staging.mediasignal.dev\/wp-content\/uploads\/2025\/03\/Woman-with-laptop-1-3.webp","width":1119,"height":1382,"caption":"ImageBank X is a secure and scalable DAM solution that integrates with your IT infrastructure\u2014simplify asset management with API-ready tools."},{"@type":"BreadcrumbList","@id":"https:\/\/imagebank.staging.mediasignal.dev\/no\/losninger\/it\/#breadcrumb","itemListElement":[{"@type":"ListItem","position":1,"name":"Home","item":"https:\/\/imagebank.staging.mediasignal.dev\/no\/"},{"@type":"ListItem","position":2,"name":"L\u00f8sninger","item":"https:\/\/imagebank.staging.mediasignal.dev\/no\/losninger\/"},{"@type":"ListItem","position":3,"name":"DAM for IT"}]},{"@type":"WebSite","@id":"https:\/\/imagebank.staging.mediasignal.dev\/no\/#website","url":"https:\/\/imagebank.staging.mediasignal.dev\/no\/","name":"ImageBank X","description":"","publisher":{"@id":"https:\/\/imagebank.staging.mediasignal.dev\/no\/#organization"},"potentialAction":[{"@type":"SearchAction","target":{"@type":"EntryPoint","urlTemplate":"https:\/\/imagebank.staging.mediasignal.dev\/no\/?s={search_term_string}"},"query-input":{"@type":"PropertyValueSpecification","valueRequired":true,"valueName":"search_term_string"}}],"inLanguage":"nb-NO"},{"@type":"Organization","@id":"https:\/\/imagebank.staging.mediasignal.dev\/no\/#organization","name":"ImageBank X","url":"https:\/\/imagebank.staging.mediasignal.dev\/no\/","logo":{"@type":"ImageObject","inLanguage":"nb-NO","@id":"https:\/\/imagebank.staging.mediasignal.dev\/no\/#\/schema\/logo\/image\/","url":"https:\/\/imagebank.staging.mediasignal.dev\/app\/uploads\/2025\/03\/cropped-favicon.png","contentUrl":"https:\/\/imagebank.staging.mediasignal.dev\/app\/uploads\/2025\/03\/cropped-favicon.png","width":512,"height":512,"caption":"ImageBank X"},"image":{"@id":"https:\/\/imagebank.staging.mediasignal.dev\/no\/#\/schema\/logo\/image\/"},"sameAs":["https:\/\/linkedin.com\/imagebank-independent"]}]}},"_links":{"self":[{"href":"https:\/\/imagebank.staging.mediasignal.dev\/no\/wp-json\/wp\/v2\/pages\/7315","targetHints":{"allow":["GET"]}}],"collection":[{"href":"https:\/\/imagebank.staging.mediasignal.dev\/no\/wp-json\/wp\/v2\/pages"}],"about":[{"href":"https:\/\/imagebank.staging.mediasignal.dev\/no\/wp-json\/wp\/v2\/types\/page"}],"author":[{"embeddable":true,"href":"https:\/\/imagebank.staging.mediasignal.dev\/no\/wp-json\/wp\/v2\/users\/1"}],"replies":[{"embeddable":true,"href":"https:\/\/imagebank.staging.mediasignal.dev\/no\/wp-json\/wp\/v2\/comments?post=7315"}],"version-history":[{"count":3,"href":"https:\/\/imagebank.staging.mediasignal.dev\/no\/wp-json\/wp\/v2\/pages\/7315\/revisions"}],"predecessor-version":[{"id":8410,"href":"https:\/\/imagebank.staging.mediasignal.dev\/no\/wp-json\/wp\/v2\/pages\/7315\/revisions\/8410"}],"up":[{"embeddable":true,"href":"https:\/\/imagebank.staging.mediasignal.dev\/no\/wp-json\/wp\/v2\/pages\/7284"}],"wp:featuredmedia":[{"embeddable":true,"href":"https:\/\/imagebank.staging.mediasignal.dev\/no\/wp-json\/wp\/v2\/media\/7316"}],"wp:attachment":[{"href":"https:\/\/imagebank.staging.mediasignal.dev\/no\/wp-json\/wp\/v2\/media?parent=7315"}],"curies":[{"name":"wp","href":"https:\/\/api.w.org\/{rel}","templated":true}]}}