{"id":7312,"date":"2025-03-11T09:18:27","date_gmt":"2025-03-11T09:18:27","guid":{"rendered":"https:\/\/imagebank.staging.mediasignal.dev\/solutions\/sales\/"},"modified":"2025-10-21T11:53:58","modified_gmt":"2025-10-21T11:53:58","slug":"salg","status":"publish","type":"page","link":"https:\/\/imagebank.staging.mediasignal.dev\/no\/losninger\/salg\/","title":{"rendered":"DAM for salg"},"content":{"rendered":"<div \n    class=\"relative flex flex-col xs:flex-row py-14\">\n        <div\n        class=\"-z-50 pointer-events-none absolute left-1\/2 w-screen -translate-x-1\/2  bg-gradient-to-t from-white to-tetriary -top-14 bottom-0\">\n    <\/div>\n    <div class=\"relative z-10 md:mt-10 lg:mt-20 xs:w-3\/5\">\n                <div class=\"border border-white text-white rounded-full w-fit px-4 py-2 mb-4\">\n            Salg\n        <\/div>\n                <h1 class=\"z-10 mb-8 font-extrabold text-4xl sm:text-5xl md:text-7xl xl:text-8xl text-primary\">\n             ImageBank X DAM for salg\n        <\/h1>\n                <p class=\"mb-6\">\n            Selg smartere, f\u00e5 raskere avslutninger &#8211;\n            <span class=\"font-bold text-transparent bg-gradient-to-r from-primary to-secondary bg-clip-text\">\n                alt salgsmaterialet ditt p\u00e5 ett sted.\n            <\/span>\n        <\/p>\n                        <div class=\"flex flex-wrap gap-2 md:gap-4\">\n                        <a href=\"https:\/\/imagebank.staging.mediasignal.dev\/no\/bestill-en-gratis-demo\/\" target=\"\"\n                class=\"flex text-sm md:text-base w-fit text-white items-center pl-6 pr-4 py-3 rounded-lg bg-gradient-to-r from-primary to-secondary transition ease-in-out hover:scale-102 duration-300\">\n                Bestill en gratis demo\n                <span class=\"min-w-4 min-h-4 ml-2\">\n                    <svg xmlns=\"http:\/\/www.w3.org\/2000\/svg\" fill=\"none\" viewBox=\"0 0 24 24\" stroke-width=\"1.5\" stroke=\"currentColor\" class=\"size-6\">\n  <path stroke-linecap=\"round\" stroke-linejoin=\"round\" d=\"M13.5 4.5 21 12m0 0-7.5 7.5M21 12H3\" \/>\n<\/svg>\n\n                <\/span>\n            <\/a>\n                        <a href=\"https:\/\/imagebank.staging.mediasignal.dev\/no\/prov-30-dager-gratis\/\" target=\"\"\n                class=\"flex text-sm md:text-base w-fit text-white items-center pl-6 pr-4 py-3 rounded-lg bg-gradient-to-r from-black to-gray-500 transition ease-in-out hover:scale-102 duration-300\">\n                Pr\u00f8v 30 dager gratis\n                <span class=\"min-w-4 min-h-4 ml-2\">\n                    <svg xmlns=\"http:\/\/www.w3.org\/2000\/svg\" fill=\"none\" viewBox=\"0 0 24 24\" stroke-width=\"1.5\" stroke=\"currentColor\" class=\"size-6\">\n  <path stroke-linecap=\"round\" stroke-linejoin=\"round\" d=\"M13.5 4.5 21 12m0 0-7.5 7.5M21 12H3\" \/>\n<\/svg>\n\n                <\/span>\n            <\/a>\n                    <\/div>\n            <\/div>\n        <div class=\"hidden xs:block relative -z-10 w-2\/5 -my-12\">\n        <img class=\"absolute bottom-0 left-0 -top-8 min-w-full max-w-none h-full object-contain\"\n            srcset=\"https:\/\/imagebank.staging.mediasignal.dev\/wp-content\/uploads\/2025\/03\/Hero-10-243x300.webp 243w, https:\/\/imagebank.staging.mediasignal.dev\/wp-content\/uploads\/2025\/03\/Hero-10-830x1024.webp 830w, https:\/\/imagebank.staging.mediasignal.dev\/wp-content\/uploads\/2025\/03\/Hero-10-768x948.webp 768w, https:\/\/imagebank.staging.mediasignal.dev\/wp-content\/uploads\/2025\/03\/Hero-10.webp 978w\" alt=\"Business professionals collaborating through a DAM partner program\" \/>\n    <\/div>\n    <div class=\"block xs:hidden\">\n        <img srcset=\"https:\/\/imagebank.staging.mediasignal.dev\/wp-content\/uploads\/2025\/03\/Hero-10-243x300.webp 243w, https:\/\/imagebank.staging.mediasignal.dev\/wp-content\/uploads\/2025\/03\/Hero-10-830x1024.webp 830w, https:\/\/imagebank.staging.mediasignal.dev\/wp-content\/uploads\/2025\/03\/Hero-10-768x948.webp 768w, https:\/\/imagebank.staging.mediasignal.dev\/wp-content\/uploads\/2025\/03\/Hero-10.webp 978w\" alt=\"Business professionals collaborating through a DAM partner program\" \/>\n    <\/div>\n    <\/div>\n\n<div style=\"height: 4rem;\"><\/div>\n\n\n<section id=\"Section\" class=\"content-wrap \">\n    \n\n<h2 class=\"wp-block-heading has-text-align-center\"><strong>Hvorfor trenger salgsteam en mediebank?<\/strong><\/h2>\n\n\n<\/section>\n\n\n\n<section >\n    <div\n        class=\"flex flex-col-reverse md:flex-row-reverse mx-auto gap-8 py-12\">\n        <div class=\"flex flex-col self-center lg:px-12 md:w-1\/2\">\n                        <h2 class=\"mb-6 font-bold text-center\">Lange svartider og manglende rett versjon av materialet?<\/h2>\n                                    <p class=\"mb-6 text-center\">Salgsteamene trenger umiddelbar tilgang til de nyeste presentasjonene, brosjyrene og casestudiene for \u00e5 kunne inng\u00e5 avtaler p\u00e5 en effektiv m\u00e5te. En mediebank s\u00f8rger for at alt salgsmateriell er sentralt lagret, oppdatert og tilgjengelig p\u00e5 alle enheter. Uansett om selgerne sitter i m\u00f8te, er p\u00e5 farten eller jobber eksternt, kan de raskt finne og dele det riktige innholdet med potensielle kunder, noe som \u00f8ker effektiviteten og profesjonaliteten.<\/p>\n                                <\/div>\n        <div class=\"flex md:w-1\/2\">\n                        <img decoding=\"async\" class=\"object-contain rounded-xl transition ease-in-out hover:scale-105 duration-300\"\n                src=\"https:\/\/imagebank.staging.mediasignal.dev\/wp-content\/uploads\/2025\/03\/Contact_Demo.webp\" alt=\"Contact_Demo\" \/>\n                    <\/div>\n    <\/div>\n<\/section>\n\n\n\n<section >\n    <div\n        class=\"flex flex-col-reverse md:flex-row mx-auto gap-8 py-12\">\n        <div class=\"flex flex-col self-center lg:px-12 md:w-1\/2\">\n                        <h2 class=\"mb-6 font-bold text-center\">Brand Studio \u2013 rask, enkel og merkevaresikker design<\/h2>\n                                    <p class=\"mb-6 text-center\">Salgsteamene kan opprette og redigere brosjyrer, tilbud og kampanjemateriell direkte i ImageBank ved hjelp av det innebygde designverkt\u00f8yet Brand Studio. Med rollebasert redigering gj\u00f8r Brand Studio det mulig for selgere \u00e5 raskt oppdatere tilbud og kampanjer. Brand Studio eliminerer behovet for separat programvare, sparer tid og reduserer avhengigheten av grafiske designere. Ferdige maler som samsvarer med merkevarebildet ditt, sikrer et konsistent og profesjonelt utseende i alle kundeinteraksjoner.<\/p>\n                                <\/div>\n        <div class=\"flex md:w-1\/2\">\n                        <img decoding=\"async\" class=\"object-contain rounded-xl transition ease-in-out hover:scale-105 duration-300\"\n                src=\"https:\/\/imagebank.staging.mediasignal.dev\/wp-content\/uploads\/2025\/10\/ImageBankX-CreativeEditor.webp\" alt=\"\" \/>\n                    <\/div>\n    <\/div>\n<\/section>\n\n\n\n<section >\n    <div\n        class=\"flex flex-col-reverse md:flex-row-reverse mx-auto gap-8 py-12\">\n        <div class=\"flex flex-col self-center lg:px-12 md:w-1\/2\">\n                        <h2 class=\"mb-6 font-bold text-center\">Er du bekymret for samsvar og GDPR knyttet til kapitalforvaltning?<\/h2>\n                                    <p class=\"mb-6 text-center\">H\u00e5ndtering av kundedata og salgsdokumenter krever streng overholdelse av GDPR og andre forskrifter. En mediebank hjelper salgsteamene med \u00e5 h\u00e5ndtere kontrakter, tilbud og juridiske dokumenter p\u00e5 en sikker m\u00e5te, og sikrer at kun autorisert personell har tilgang. Med automatisert versjonskontroll og revisjonslogger kan teamet ditt overholde regelverket og samtidig redusere risikoen for at utdatert eller feilaktig informasjon deles med kundene.<\/p>\n                                <\/div>\n        <div class=\"flex md:w-1\/2\">\n                    <\/div>\n    <\/div>\n<\/section>\n\n\n\n<section >\n    <div\n        class=\"flex flex-col-reverse md:flex-row mx-auto gap-8 py-12\">\n        <div class=\"flex flex-col self-center lg:px-12 md:w-1\/2\">\n                        <h2 class=\"mb-6 font-bold text-center\">Vanskelig \u00e5 finne materialer n\u00e5r du trenger dem?<\/h2>\n                                    <p class=\"mb-6 text-center\">Hver eneste kundekontakt er en mulighet til \u00e5 bygge tillit og inng\u00e5 avtaler. Med en mediebank kan salgsteamene raskt tilpasse presentasjoner og tilbud ved \u00e5 samle det mest relevante materialet. Med lett tilgjengelige ressurser kan representantene levere m\u00e5lrettet innhold av h\u00f8y kvalitet som fanger oppmerksomheten til potensielle kunder og driver konverteringer.<\/p>\n                                <\/div>\n        <div class=\"flex md:w-1\/2\">\n                        <img decoding=\"async\" class=\"object-contain rounded-xl transition ease-in-out hover:scale-105 duration-300\"\n                src=\"https:\/\/imagebank.staging.mediasignal.dev\/wp-content\/uploads\/2025\/03\/Sales-doduments.webp\" alt=\"Sales-documents\" \/>\n                    <\/div>\n    <\/div>\n<\/section>\n\n<section \n    class=\"relative py-14\">\n            <div class=\"flex gap-6 justify-between flex-col md:flex-row bg-black text-white rounded-xl p-6 md:py-12 md:px-10\">\n        <div>\n            <h3 class=\"font-bold\">Pr\u00f8v ImageBank X 30 dager gratis<\/h3>\n                        <div class=\"flex\">\n                <span class=\"min-w-5 min-h-5 mr-2 mt-1\">\n                    <svg xmlns=\"http:\/\/www.w3.org\/2000\/svg\" fill=\"none\" viewBox=\"0 0 24 24\" stroke-width=\"1.5\" stroke=\"currentColor\" class=\"size-6\">\n  <path stroke-linecap=\"round\" stroke-linejoin=\"round\" d=\"m4.5 12.75 6 6 9-13.5\" \/>\n<\/svg>\n\n                <\/span>\n                <p class=\"m-0\">Test de kraftige funksjonene i mediebank uten forpliktelser i et sandkassemilj\u00f8.<\/p>\n            <\/div>\n                    <\/div>\n        <a href=\"https:\/\/imagebank.staging.mediasignal.dev\/no\/prov-30-dager-gratis\/\" target=\"\"\n            class=\"flex font-bold self-center h-fit w-fit p-4 rounded-lg bg-gradient-to-r from-primary to-secondary transition ease-in-out hover:scale-105 duration-300\">\n            Pr\u00f8v 30 dager gratis\n        <\/a>\n    <\/div>\n    <\/section>\n\n\n\n<div style=\"height: 6rem;\"><\/div>\n\n\n<section id=\"Section\" class=\"content-wrap \">\n    \n\n<h2 class=\"wp-block-heading has-text-align-center\"><strong>ImageBank er en game-changer for salgsteamene, og gir rask tilgang til oppdatert materiale, sikrer overholdelse av GDPR og muliggj\u00f8r mer persontilpasset kundeinteraksjon.<\/strong><\/h2>\n\n\n\n<p class=\"has-text-align-center\">Ved \u00e5 sentralisere alle salgsressurser p\u00e5 \u00e9n plattform kan teamene redusere tiden de bruker p\u00e5 \u00e5 lete etter dokumenter, effektivisere samarbeidet med markedsavdelingen og sikre konsistente meldinger p\u00e5 tvers av alle kontaktpunkter.<\/p>\n\n\n<\/section>\n\n<div style=\"height: 6rem;\"><\/div>\n\n\n<section id=\"Section\" class=\"content-wrap \">\n    \n\n<h2 class=\"wp-block-heading has-text-align-center\"><strong>Anbefalt innhold for salg<\/strong><\/h2>\n\n\n<\/section>\n\n\n<section class=\"relative\" >\n        <div\n        class=\"-z-50 pointer-events-none absolute left-1\/2 w-screen -translate-x-1\/2 bg-gradient-to-b from-white to-tetriary top-0 bottom-0\">\n    <\/div>\n    <div class=\"flex flex-wrap gap-4 pt-12 pb-20\">\n        \n        <div class=\"flex-1 min-w-64 transition ease-in-out hover:scale-102 duration-300\">\n            <a href=\"https:\/\/imagebank.staging.mediasignal.dev\/no\/blogger\/forbedre-kundeopplevelsen-med-pim-og-dam-hvorfor-integrasjon-er-en-gamechanger\/\" aria-label=\"Forbedre kundeopplevelsen med PIM og DAM: Hvorfor integrasjon er en gamechanger\">\n                <img decoding=\"async\" class=\"h-60 w-full object-cover\" src=\"https:\/\/imagebank.staging.mediasignal.dev\/wp-content\/uploads\/2025\/03\/Boost_Custome_-Experiences_with_PIM_and_DAM.webp\"\n                    alt=\"\" \/>\n                <div class=\"bg-white p-8 rounded-b-xl text-center\">\n                    <p class=\"text-black text-lg font-bold mb-12\">Forbedre kundeopplevelsen med PIM og DAM: Hvorfor integrasjon er en gamechanger<\/p>\n                    <p class=\"text-lg underline mb-0\">Les mer<\/p>\n                <\/div>\n            <\/a>\n        <\/div>\n        \n        <div class=\"flex-1 min-w-64 transition ease-in-out hover:scale-102 duration-300\">\n            <a href=\"https:\/\/imagebank.staging.mediasignal.dev\/no\/blogger\/fa-mer-ut-av-metadata-og-taksonomi-for-bedre-forvaltning-av-digitale-ressurser\/\" aria-label=\"F\u00e5 mer ut av metadata og taksonomi for bedre forvaltning av digitale ressurser\">\n                <img decoding=\"async\" class=\"h-60 w-full object-cover\" src=\"https:\/\/imagebank.staging.mediasignal.dev\/wp-content\/uploads\/2025\/03\/Unlock_the_Power_of_Metadata_and_Taxonomy_for_Better_Digital_Asset_Management.webp\"\n                    alt=\"\" \/>\n                <div class=\"bg-white p-8 rounded-b-xl text-center\">\n                    <p class=\"text-black text-lg font-bold mb-12\">F\u00e5 mer ut av metadata og taksonomi for bedre forvaltning av digitale ressurser<\/p>\n                    <p class=\"text-lg underline mb-0\">Les mer<\/p>\n                <\/div>\n            <\/a>\n        <\/div>\n        \n        <div class=\"flex-1 min-w-64 transition ease-in-out hover:scale-102 duration-300\">\n            <a href=\"https:\/\/imagebank.staging.mediasignal.dev\/no\/blogger\/effektiviser-arbeidsflyten-med-imagebank-x-og-google-workspace-integrering\/\" aria-label=\"Effektiviser arbeidsflyten med ImageBank X og Google Workspace-integrering\">\n                <img decoding=\"async\" class=\"h-60 w-full object-cover\" src=\"https:\/\/imagebank.staging.mediasignal.dev\/wp-content\/uploads\/2025\/03\/Streamline_your_workflow_with_ImageBankX_and_Google_Workspace_integration.webp\"\n                    alt=\"\" \/>\n                <div class=\"bg-white p-8 rounded-b-xl text-center\">\n                    <p class=\"text-black text-lg font-bold mb-12\">Effektiviser arbeidsflyten med ImageBank X og Google Workspace-integrering<\/p>\n                    <p class=\"text-lg underline mb-0\">Les mer<\/p>\n                <\/div>\n            <\/a>\n        <\/div>\n            <\/div>\n<\/section>\n\n<section \n    class=\"relative pt-20 md:pt-32 pb-12 md:pb-20\">\n            <div\n        class=\"-z-50 pointer-events-none absolute left-1\/2 w-screen -translate-x-1\/2 bg-gradient-to-b from-white to-tetriary top-0 bottom-0\">\n    <\/div>\n            <div class=\"content-wrap\">\n        <h2 class=\"h1 font-bold text-center\">Kom i gang i dag!<\/h2>\n        <p class=\"text-center md:text-xl\">Hvis du er klar til \u00e5 ta h\u00e5ndteringen av digitale ressurser til neste niv\u00e5, er teamet v\u00e5rt her for \u00e5 hjelpe deg.<\/p>\n        <a href=\"https:\/\/imagebank.staging.mediasignal.dev\/no\/bestill-en-gratis-demo\/\" target=\"\"\n            class=\"flex text-white font-bold h-fit w-fit p-4 rounded-lg bg-gradient-to-r from-primary to-secondary transition ease-in-out hover:scale-105 duration-300 mx-auto\">\n            Bestill en gratis demo\n        <\/a>\n        <img decoding=\"async\" class=\"hidden md:block absolute max-w-96 top-0 -left-60 bottom-0 max-h-full\"\n            src=\"\/wp-content\/themes\/imagebank\/assets\/images\/muoto.webp\" alt=\"Purple twisting shape\" \/>\n    <\/div>\n    <\/section>\n\n","protected":false},"excerpt":{"rendered":"","protected":false},"author":1,"featured_media":7314,"parent":7284,"menu_order":0,"comment_status":"closed","ping_status":"closed","template":"","meta":{"_acf_changed":false,"_improvement_type_select":"improve_an_existing","_thumb_yes_seoaic":false,"_frame_yes_seoaic":false,"seoaic_generate_description":"","seoaic_improve_instructions_prompt":"","seoaic_rollback_content_improvement":"","seoaic_idea_thumbnail_generator":"","thumbnail_generated":false,"thumbnail_generate_prompt":"","seoaic_article_description":"","footnotes":""},"class_list":["post-7312","page","type-page","status-publish","has-post-thumbnail","hentry"],"acf":[],"yoast_head":"<!-- This site is optimized with the Yoast SEO plugin v25.2 - https:\/\/yoast.com\/wordpress\/plugins\/seo\/ -->\n<title>DAM for salg - ImageBank X<\/title>\n<meta name=\"description\" content=\"ImageBank X DAM for salg sikrer rask tilgang til oppdatert materiale. Effektiviser salgsinnholdet og f\u00e5 raskere avsluttede avtaler.\" \/>\n<meta name=\"robots\" content=\"index, follow, max-snippet:-1, max-image-preview:large, max-video-preview:-1\" \/>\n<link rel=\"canonical\" href=\"https:\/\/imagebank.staging.mediasignal.dev\/no\/losninger\/salg\/\" \/>\n<meta property=\"og:locale\" content=\"nb_NO\" \/>\n<meta property=\"og:type\" content=\"article\" \/>\n<meta property=\"og:title\" content=\"DAM for salg - ImageBank X\" \/>\n<meta property=\"og:description\" content=\"ImageBank X DAM for salg sikrer rask tilgang til oppdatert materiale. Effektiviser salgsinnholdet og f\u00e5 raskere avsluttede avtaler.\" \/>\n<meta property=\"og:url\" content=\"https:\/\/imagebank.staging.mediasignal.dev\/no\/losninger\/salg\/\" \/>\n<meta property=\"og:site_name\" content=\"ImageBank X DAM\" \/>\n<meta property=\"article:modified_time\" content=\"2025-10-21T11:53:58+00:00\" \/>\n<meta property=\"og:image\" content=\"https:\/\/imagebank.staging.mediasignal.dev\/app\/uploads\/2025\/03\/Woman-with-laptop-1-4.webp\" \/>\n\t<meta property=\"og:image:width\" content=\"1119\" \/>\n\t<meta property=\"og:image:height\" content=\"1382\" \/>\n\t<meta property=\"og:image:type\" content=\"image\/webp\" \/>\n<meta name=\"twitter:card\" content=\"summary_large_image\" \/>\n<meta name=\"twitter:label1\" content=\"Est. reading time\" \/>\n\t<meta name=\"twitter:data1\" content=\"1 minute\" \/>\n<script type=\"application\/ld+json\" class=\"yoast-schema-graph\">{\"@context\":\"https:\/\/schema.org\",\"@graph\":[{\"@type\":\"WebPage\",\"@id\":\"https:\/\/imagebank.staging.mediasignal.dev\/no\/losninger\/salg\/\",\"url\":\"https:\/\/imagebank.staging.mediasignal.dev\/no\/losninger\/salg\/\",\"name\":\"DAM for salg - ImageBank X\",\"isPartOf\":{\"@id\":\"https:\/\/imagebank.staging.mediasignal.dev\/no\/#website\"},\"primaryImageOfPage\":{\"@id\":\"https:\/\/imagebank.staging.mediasignal.dev\/no\/losninger\/salg\/#primaryimage\"},\"image\":{\"@id\":\"https:\/\/imagebank.staging.mediasignal.dev\/no\/losninger\/salg\/#primaryimage\"},\"thumbnailUrl\":\"https:\/\/imagebank.staging.mediasignal.dev\/wp-content\/uploads\/2025\/03\/Woman-with-laptop-1-4.webp\",\"datePublished\":\"2025-03-11T09:18:27+00:00\",\"dateModified\":\"2025-10-21T11:53:58+00:00\",\"description\":\"ImageBank X DAM for salg sikrer rask tilgang til oppdatert materiale. Effektiviser salgsinnholdet og f\u00e5 raskere avsluttede avtaler.\",\"breadcrumb\":{\"@id\":\"https:\/\/imagebank.staging.mediasignal.dev\/no\/losninger\/salg\/#breadcrumb\"},\"inLanguage\":\"nb-NO\",\"potentialAction\":[{\"@type\":\"ReadAction\",\"target\":[\"https:\/\/imagebank.staging.mediasignal.dev\/no\/losninger\/salg\/\"]}]},{\"@type\":\"ImageObject\",\"inLanguage\":\"nb-NO\",\"@id\":\"https:\/\/imagebank.staging.mediasignal.dev\/no\/losninger\/salg\/#primaryimage\",\"url\":\"https:\/\/imagebank.staging.mediasignal.dev\/wp-content\/uploads\/2025\/03\/Woman-with-laptop-1-4.webp\",\"contentUrl\":\"https:\/\/imagebank.staging.mediasignal.dev\/wp-content\/uploads\/2025\/03\/Woman-with-laptop-1-4.webp\",\"width\":1119,\"height\":1382,\"caption\":\"Close deals faster with DAM for sales\u2014give your team instant access to the latest presentations, proposals, and case studies.\"},{\"@type\":\"BreadcrumbList\",\"@id\":\"https:\/\/imagebank.staging.mediasignal.dev\/no\/losninger\/salg\/#breadcrumb\",\"itemListElement\":[{\"@type\":\"ListItem\",\"position\":1,\"name\":\"Home\",\"item\":\"https:\/\/imagebank.staging.mediasignal.dev\/no\/\"},{\"@type\":\"ListItem\",\"position\":2,\"name\":\"L\u00f8sninger\",\"item\":\"https:\/\/imagebank.staging.mediasignal.dev\/no\/losninger\/\"},{\"@type\":\"ListItem\",\"position\":3,\"name\":\"DAM for salg\"}]},{\"@type\":\"WebSite\",\"@id\":\"https:\/\/imagebank.staging.mediasignal.dev\/no\/#website\",\"url\":\"https:\/\/imagebank.staging.mediasignal.dev\/no\/\",\"name\":\"ImageBank X\",\"description\":\"\",\"publisher\":{\"@id\":\"https:\/\/imagebank.staging.mediasignal.dev\/no\/#organization\"},\"potentialAction\":[{\"@type\":\"SearchAction\",\"target\":{\"@type\":\"EntryPoint\",\"urlTemplate\":\"https:\/\/imagebank.staging.mediasignal.dev\/no\/?s={search_term_string}\"},\"query-input\":{\"@type\":\"PropertyValueSpecification\",\"valueRequired\":true,\"valueName\":\"search_term_string\"}}],\"inLanguage\":\"nb-NO\"},{\"@type\":\"Organization\",\"@id\":\"https:\/\/imagebank.staging.mediasignal.dev\/no\/#organization\",\"name\":\"ImageBank X\",\"url\":\"https:\/\/imagebank.staging.mediasignal.dev\/no\/\",\"logo\":{\"@type\":\"ImageObject\",\"inLanguage\":\"nb-NO\",\"@id\":\"https:\/\/imagebank.staging.mediasignal.dev\/no\/#\/schema\/logo\/image\/\",\"url\":\"https:\/\/imagebank.staging.mediasignal.dev\/app\/uploads\/2025\/03\/cropped-favicon.png\",\"contentUrl\":\"https:\/\/imagebank.staging.mediasignal.dev\/app\/uploads\/2025\/03\/cropped-favicon.png\",\"width\":512,\"height\":512,\"caption\":\"ImageBank X\"},\"image\":{\"@id\":\"https:\/\/imagebank.staging.mediasignal.dev\/no\/#\/schema\/logo\/image\/\"},\"sameAs\":[\"https:\/\/linkedin.com\/imagebank-independent\"]}]}<\/script>\n<!-- \/ Yoast SEO plugin. -->","yoast_head_json":{"title":"DAM for salg - ImageBank X","description":"ImageBank X DAM for salg sikrer rask tilgang til oppdatert materiale. Effektiviser salgsinnholdet og f\u00e5 raskere avsluttede avtaler.","robots":{"index":"index","follow":"follow","max-snippet":"max-snippet:-1","max-image-preview":"max-image-preview:large","max-video-preview":"max-video-preview:-1"},"canonical":"https:\/\/imagebank.staging.mediasignal.dev\/no\/losninger\/salg\/","og_locale":"nb_NO","og_type":"article","og_title":"DAM for salg - ImageBank X","og_description":"ImageBank X DAM for salg sikrer rask tilgang til oppdatert materiale. Effektiviser salgsinnholdet og f\u00e5 raskere avsluttede avtaler.","og_url":"https:\/\/imagebank.staging.mediasignal.dev\/no\/losninger\/salg\/","og_site_name":"ImageBank X DAM","article_modified_time":"2025-10-21T11:53:58+00:00","og_image":[{"width":1119,"height":1382,"url":"https:\/\/imagebank.staging.mediasignal.dev\/app\/uploads\/2025\/03\/Woman-with-laptop-1-4.webp","type":"image\/webp"}],"twitter_card":"summary_large_image","twitter_misc":{"Est. reading time":"1 minute"},"schema":{"@context":"https:\/\/schema.org","@graph":[{"@type":"WebPage","@id":"https:\/\/imagebank.staging.mediasignal.dev\/no\/losninger\/salg\/","url":"https:\/\/imagebank.staging.mediasignal.dev\/no\/losninger\/salg\/","name":"DAM for salg - ImageBank X","isPartOf":{"@id":"https:\/\/imagebank.staging.mediasignal.dev\/no\/#website"},"primaryImageOfPage":{"@id":"https:\/\/imagebank.staging.mediasignal.dev\/no\/losninger\/salg\/#primaryimage"},"image":{"@id":"https:\/\/imagebank.staging.mediasignal.dev\/no\/losninger\/salg\/#primaryimage"},"thumbnailUrl":"https:\/\/imagebank.staging.mediasignal.dev\/wp-content\/uploads\/2025\/03\/Woman-with-laptop-1-4.webp","datePublished":"2025-03-11T09:18:27+00:00","dateModified":"2025-10-21T11:53:58+00:00","description":"ImageBank X DAM for salg sikrer rask tilgang til oppdatert materiale. Effektiviser salgsinnholdet og f\u00e5 raskere avsluttede avtaler.","breadcrumb":{"@id":"https:\/\/imagebank.staging.mediasignal.dev\/no\/losninger\/salg\/#breadcrumb"},"inLanguage":"nb-NO","potentialAction":[{"@type":"ReadAction","target":["https:\/\/imagebank.staging.mediasignal.dev\/no\/losninger\/salg\/"]}]},{"@type":"ImageObject","inLanguage":"nb-NO","@id":"https:\/\/imagebank.staging.mediasignal.dev\/no\/losninger\/salg\/#primaryimage","url":"https:\/\/imagebank.staging.mediasignal.dev\/wp-content\/uploads\/2025\/03\/Woman-with-laptop-1-4.webp","contentUrl":"https:\/\/imagebank.staging.mediasignal.dev\/wp-content\/uploads\/2025\/03\/Woman-with-laptop-1-4.webp","width":1119,"height":1382,"caption":"Close deals faster with DAM for sales\u2014give your team instant access to the latest presentations, proposals, and case studies."},{"@type":"BreadcrumbList","@id":"https:\/\/imagebank.staging.mediasignal.dev\/no\/losninger\/salg\/#breadcrumb","itemListElement":[{"@type":"ListItem","position":1,"name":"Home","item":"https:\/\/imagebank.staging.mediasignal.dev\/no\/"},{"@type":"ListItem","position":2,"name":"L\u00f8sninger","item":"https:\/\/imagebank.staging.mediasignal.dev\/no\/losninger\/"},{"@type":"ListItem","position":3,"name":"DAM for salg"}]},{"@type":"WebSite","@id":"https:\/\/imagebank.staging.mediasignal.dev\/no\/#website","url":"https:\/\/imagebank.staging.mediasignal.dev\/no\/","name":"ImageBank X","description":"","publisher":{"@id":"https:\/\/imagebank.staging.mediasignal.dev\/no\/#organization"},"potentialAction":[{"@type":"SearchAction","target":{"@type":"EntryPoint","urlTemplate":"https:\/\/imagebank.staging.mediasignal.dev\/no\/?s={search_term_string}"},"query-input":{"@type":"PropertyValueSpecification","valueRequired":true,"valueName":"search_term_string"}}],"inLanguage":"nb-NO"},{"@type":"Organization","@id":"https:\/\/imagebank.staging.mediasignal.dev\/no\/#organization","name":"ImageBank X","url":"https:\/\/imagebank.staging.mediasignal.dev\/no\/","logo":{"@type":"ImageObject","inLanguage":"nb-NO","@id":"https:\/\/imagebank.staging.mediasignal.dev\/no\/#\/schema\/logo\/image\/","url":"https:\/\/imagebank.staging.mediasignal.dev\/app\/uploads\/2025\/03\/cropped-favicon.png","contentUrl":"https:\/\/imagebank.staging.mediasignal.dev\/app\/uploads\/2025\/03\/cropped-favicon.png","width":512,"height":512,"caption":"ImageBank X"},"image":{"@id":"https:\/\/imagebank.staging.mediasignal.dev\/no\/#\/schema\/logo\/image\/"},"sameAs":["https:\/\/linkedin.com\/imagebank-independent"]}]}},"_links":{"self":[{"href":"https:\/\/imagebank.staging.mediasignal.dev\/no\/wp-json\/wp\/v2\/pages\/7312","targetHints":{"allow":["GET"]}}],"collection":[{"href":"https:\/\/imagebank.staging.mediasignal.dev\/no\/wp-json\/wp\/v2\/pages"}],"about":[{"href":"https:\/\/imagebank.staging.mediasignal.dev\/no\/wp-json\/wp\/v2\/types\/page"}],"author":[{"embeddable":true,"href":"https:\/\/imagebank.staging.mediasignal.dev\/no\/wp-json\/wp\/v2\/users\/1"}],"replies":[{"embeddable":true,"href":"https:\/\/imagebank.staging.mediasignal.dev\/no\/wp-json\/wp\/v2\/comments?post=7312"}],"version-history":[{"count":5,"href":"https:\/\/imagebank.staging.mediasignal.dev\/no\/wp-json\/wp\/v2\/pages\/7312\/revisions"}],"predecessor-version":[{"id":10967,"href":"https:\/\/imagebank.staging.mediasignal.dev\/no\/wp-json\/wp\/v2\/pages\/7312\/revisions\/10967"}],"up":[{"embeddable":true,"href":"https:\/\/imagebank.staging.mediasignal.dev\/no\/wp-json\/wp\/v2\/pages\/7284"}],"wp:featuredmedia":[{"embeddable":true,"href":"https:\/\/imagebank.staging.mediasignal.dev\/no\/wp-json\/wp\/v2\/media\/7314"}],"wp:attachment":[{"href":"https:\/\/imagebank.staging.mediasignal.dev\/no\/wp-json\/wp\/v2\/media?parent=7312"}],"curies":[{"name":"wp","href":"https:\/\/api.w.org\/{rel}","templated":true}]}}