{"id":7306,"date":"2025-03-13T07:06:06","date_gmt":"2025-03-13T07:06:06","guid":{"rendered":"https:\/\/imagebank.staging.mediasignal.dev\/solutions\/imagebank-x-dam-for-media-entertainment\/"},"modified":"2025-06-09T08:30:22","modified_gmt":"2025-06-09T08:30:22","slug":"dam-for-media-og-underholdning","status":"publish","type":"page","link":"https:\/\/imagebank.staging.mediasignal.dev\/no\/losninger\/dam-for-media-og-underholdning\/","title":{"rendered":"ImageBank X DAM for media &amp; underholdning"},"content":{"rendered":"<div \n    class=\"relative flex flex-col xs:flex-row py-14\">\n        <div\n        class=\"-z-50 pointer-events-none absolute left-1\/2 w-screen -translate-x-1\/2  bg-gradient-to-t from-white to-tetriary -top-14 bottom-0\">\n    <\/div>\n    <div class=\"relative z-10 md:mt-10 lg:mt-20 xs:w-3\/5\">\n                <div class=\"border border-white text-white rounded-full w-fit px-4 py-2 mb-4\">\n            Media &#038; underholdning\n        <\/div>\n                <h1 class=\"z-10 mb-8 font-extrabold text-4xl sm:text-5xl md:text-7xl xl:text-8xl text-primary\">\n            ImageBank X DAM for media &#038; underholdning\n        <\/h1>\n                <p class=\"mb-6\">\n            Med DAM kan du fokusere p\u00e5 \u00e5 skape overbevisende medie- og underholdningsopplevelser\n            <span class=\"font-bold text-transparent bg-gradient-to-r from-primary to-secondary bg-clip-text\">\n                som gir gjenklang hos publikum.\n            <\/span>\n        <\/p>\n                        <div class=\"flex flex-wrap gap-2 md:gap-4\">\n                        <a href=\"https:\/\/imagebank.staging.mediasignal.dev\/no\/bestill-en-gratis-demo\/\" target=\"\"\n                class=\"flex text-sm md:text-base w-fit text-white items-center pl-6 pr-4 py-3 rounded-lg bg-gradient-to-r from-primary to-secondary transition ease-in-out hover:scale-102 duration-300\">\n                Bestill en gratis demo\n                <span class=\"min-w-4 min-h-4 ml-2\">\n                    <svg xmlns=\"http:\/\/www.w3.org\/2000\/svg\" fill=\"none\" viewBox=\"0 0 24 24\" stroke-width=\"1.5\" stroke=\"currentColor\" class=\"size-6\">\n  <path stroke-linecap=\"round\" stroke-linejoin=\"round\" d=\"M13.5 4.5 21 12m0 0-7.5 7.5M21 12H3\" \/>\n<\/svg>\n\n                <\/span>\n            <\/a>\n                        <a href=\"https:\/\/imagebank.staging.mediasignal.dev\/no\/prov-30-dager-gratis\/\" target=\"\"\n                class=\"flex text-sm md:text-base w-fit text-white items-center pl-6 pr-4 py-3 rounded-lg bg-gradient-to-r from-black to-gray-500 transition ease-in-out hover:scale-102 duration-300\">\n                Pr\u00f8v 30 dager gratis\n                <span class=\"min-w-4 min-h-4 ml-2\">\n                    <svg xmlns=\"http:\/\/www.w3.org\/2000\/svg\" fill=\"none\" viewBox=\"0 0 24 24\" stroke-width=\"1.5\" stroke=\"currentColor\" class=\"size-6\">\n  <path stroke-linecap=\"round\" stroke-linejoin=\"round\" d=\"M13.5 4.5 21 12m0 0-7.5 7.5M21 12H3\" \/>\n<\/svg>\n\n                <\/span>\n            <\/a>\n                    <\/div>\n            <\/div>\n        <div class=\"hidden xs:block relative -z-10 w-2\/5 -my-12\">\n        <img class=\"absolute bottom-0 left-0 -top-8 min-w-full max-w-none h-full object-contain\"\n            srcset=\"https:\/\/imagebank.staging.mediasignal.dev\/wp-content\/uploads\/2025\/03\/Hero-Media-Enterteinment-279x300.webp 279w, https:\/\/imagebank.staging.mediasignal.dev\/wp-content\/uploads\/2025\/03\/Hero-Media-Enterteinment-952x1024.webp 952w, https:\/\/imagebank.staging.mediasignal.dev\/wp-content\/uploads\/2025\/03\/Hero-Media-Enterteinment-768x826.webp 768w, https:\/\/imagebank.staging.mediasignal.dev\/wp-content\/uploads\/2025\/03\/Hero-Media-Enterteinment.webp 1109w\" alt=\"Media professionals managing video and image assets using a DAM platform.\" \/>\n    <\/div>\n    <div class=\"block xs:hidden\">\n        <img srcset=\"https:\/\/imagebank.staging.mediasignal.dev\/wp-content\/uploads\/2025\/03\/Hero-Media-Enterteinment-279x300.webp 279w, https:\/\/imagebank.staging.mediasignal.dev\/wp-content\/uploads\/2025\/03\/Hero-Media-Enterteinment-952x1024.webp 952w, https:\/\/imagebank.staging.mediasignal.dev\/wp-content\/uploads\/2025\/03\/Hero-Media-Enterteinment-768x826.webp 768w, https:\/\/imagebank.staging.mediasignal.dev\/wp-content\/uploads\/2025\/03\/Hero-Media-Enterteinment.webp 1109w\" alt=\"Media professionals managing video and image assets using a DAM platform.\" \/>\n    <\/div>\n    <\/div>\n\n<div style=\"height: 4rem;\"><\/div>\n\n\n<section id=\"Section\" class=\"content-wrap loose\">\n    \n\n<h2 class=\"wp-block-heading has-text-align-center\"><strong>Mediebank som st\u00f8tter medie- &amp; underholdningsverdenen<\/strong><\/h2>\n\n\n<\/section>\n\n<div style=\"height: 4rem;\"><\/div>\n\n\n\n\n<section >\n    <div\n        class=\"flex flex-col-reverse md:flex-row mx-auto gap-8 py-12\">\n        <div class=\"flex flex-col self-center lg:px-12 md:w-1\/2\">\n                        <h2 class=\"mb-6 font-bold text-center\">Sentralisering og organisering av mediebiblioteker<\/h2>\n                                    <p class=\"mb-6 text-center\">Media- og underholdningsbransjen produserer enorme mengder digitalt innhold &#8211; fra h\u00f8yoppl\u00f8selig video og spill til reklamemateriell og pressekit. Den moderne og skalerbare mediebank s\u00f8rger for at alle ressurser lagres p\u00e5 en sentralisert, s\u00f8kbar og strukturert m\u00e5te. Med metadatamerking og AI-basert s\u00f8k kan teamene finne og gjenbruke innhold raskt, noe som sparer verdifull tid og ressurser.<\/p>\n                                <\/div>\n        <div class=\"flex md:w-1\/2\">\n                    <\/div>\n    <\/div>\n<\/section>\n\n\n\n<section >\n    <div\n        class=\"flex flex-col-reverse md:flex-row-reverse mx-auto gap-8 py-12\">\n        <div class=\"flex flex-col self-center lg:px-12 md:w-1\/2\">\n                        <h2 class=\"mb-6 font-bold text-center\">Bedre samarbeid<\/h2>\n                                    <p class=\"mb-6 text-center\">Produksjonsteam, markedsavdelinger, kringkastere og sponsorer jobber ofte p\u00e5 forskjellige steder. DAM (Digital Asset Management) muliggj\u00f8r s\u00f8ml\u00f8st samarbeid ved at brukerne kan f\u00e5 tilgang til, redigere, godkjenne og dele innhold i sanntid. Det intuitive og brukervennlige grensesnittet s\u00f8rger for at teamene enkelt kan navigere og administrere digitale ressurser uten omfattende oppl\u00e6ring. I tillegg effektiviserer integrasjoner med eksisterende verkt\u00f8y arbeidsflyten.<\/p>\n                                <\/div>\n        <div class=\"flex md:w-1\/2\">\n                    <\/div>\n    <\/div>\n<\/section>\n\n\n\n<section >\n    <div\n        class=\"flex flex-col-reverse md:flex-row mx-auto gap-8 py-12\">\n        <div class=\"flex flex-col self-center lg:px-12 md:w-1\/2\">\n                        <h2 class=\"mb-6 font-bold text-center\">Beskyttelse av merkevarekonsistens og rettighetsforvaltning<\/h2>\n                                    <p class=\"mb-6 text-center\">Fra str\u00f8mmetjenester og sportsligaer til musikkselskaper &#8211; det er avgj\u00f8rende \u00e5 sikre at merkevaren er konsistent og at lover og regler overholdes. Mediebank bidrar til \u00e5 administrere tilgangsrettigheter, lisensavtaler og utl\u00f8psdatoer for innhold for \u00e5 forhindre uautorisert bruk. Det sikrer ogs\u00e5 at bare de nyeste, godkjente versjonene av innholdet brukes i kampanjer, sendinger og p\u00e5 digitale plattformer.<\/p>\n                                <\/div>\n        <div class=\"flex md:w-1\/2\">\n                    <\/div>\n    <\/div>\n<\/section>\n\n<section id=\"Section\" class=\"content-wrap \">\n    \n<div style=\"height: 4rem;\"><\/div>\n\n\n\n<h2 class=\"wp-block-heading has-text-align-center\"><strong>Hvordan drar medie- &amp; underholdningsbransjen nytte av DAM?<\/strong><\/h2>\n\n\n<\/section>\n\n\n<section class=\"pb-8 relative\" >\n        <div\n        class=\"-z-50 pointer-events-none absolute left-1\/2 w-screen -translate-x-1\/2 bg-gradient-to-b from-white to-tetriary top-0 bottom-0\">\n    <\/div>\n    <img decoding=\"async\" class=\"hidden md:block absolute max-w-96 top-0 -left-80 -z-10\"\n        src=\"\/wp-content\/themes\/imagebank\/assets\/images\/muoto.webp\" alt=\"Purple twisting shape\" \/>\n        <div class=\"grid gap-4 md:gap-6 lg:gap-12 sm:grid-cols-2 lg:grid-cols-4 pt-12 pb-8\">\n                <div class=\"transition ease-in-out hover:scale-105 duration-300\">\n            <div class=\"h-5 mb-4\">\n                            <\/div>\n            <p class=\"m-0 text-lg md:text-xl\"><b>Merkevarematerialer:<\/b> Logoer \u2022 Merkevarebilder \u2022 Skrifttyper og grafiske elementer \u2022 Hovedkunst og reklamebilder \u2022 Musikk \u2022 Andre medieelementer<\/p>\n        <\/div>\n                <div class=\"transition ease-in-out hover:scale-105 duration-300\">\n            <div class=\"h-5 mb-4\">\n                            <\/div>\n            <p class=\"m-0 text-lg md:text-xl\"><b>Markedsf\u00f8ringsmateriell:<\/b> Promosjonsmateriell for kampanjer og arrangementer \u2022 Grafikk og videoer for sosiale medier \u2022 Annonser<\/p>\n        <\/div>\n                <div class=\"transition ease-in-out hover:scale-105 duration-300\">\n            <div class=\"h-5 mb-4\">\n                            <\/div>\n            <p class=\"m-0 text-lg md:text-xl\"><b>Produksjon &#038; kreativt innhold:<\/b> Film- og TV-opptak \u2022 Ressurser til videospill \u2022 Musikkopptak og albumcover \u2022 Fotografier fra arrangementer og forestillinger<\/p>\n        <\/div>\n                <div class=\"transition ease-in-out hover:scale-105 duration-300\">\n            <div class=\"h-5 mb-4\">\n                            <\/div>\n            <p class=\"m-0 text-lg md:text-xl\"><b>Sportsmedier &#038; kringkasting:<\/b> Spillopptak \u2022 Spillerintervjuer og pressekonferansevideoer \u2022 Statistikk og infografikk for sendinger \u2022 Sponsor- og reklameinnhold<\/p>\n        <\/div>\n                <div class=\"transition ease-in-out hover:scale-105 duration-300\">\n            <div class=\"h-5 mb-4\">\n                            <\/div>\n            <p class=\"m-0 text-lg md:text-xl\"><b>Media &#038; PR:<\/b> Pressemeldinger \u2022 Mediekits \u2022 H\u00f8ykvalitetsbilder for journalister \u2022 Transkripsjoner av intervjuer<\/p>\n        <\/div>\n                <div class=\"transition ease-in-out hover:scale-105 duration-300\">\n            <div class=\"h-5 mb-4\">\n                            <\/div>\n            <p class=\"m-0 text-lg md:text-xl\"><b>Organisasjonsmateriell:<\/b> Arrangementstidsplaner og planleggingsdokumenter \u2022 Regler og forskrifter \u2022 Rapporter og ytelsesanalyser<\/p>\n        <\/div>\n            <\/div>\n    <\/section>\n\n\n\n<section \n    class=\"relative py-14\">\n            <div class=\"flex gap-6 justify-between flex-col md:flex-row bg-black text-white rounded-xl p-6 md:py-12 md:px-10\">\n        <div>\n            <h3 class=\"font-bold\">Se ImageBank i aksjon<\/h3>\n                        <div class=\"flex\">\n                <span class=\"min-w-5 min-h-5 mr-2 mt-1\">\n                    <svg xmlns=\"http:\/\/www.w3.org\/2000\/svg\" fill=\"none\" viewBox=\"0 0 24 24\" stroke-width=\"1.5\" stroke=\"currentColor\" class=\"size-6\">\n  <path stroke-linecap=\"round\" stroke-linejoin=\"round\" d=\"m4.5 12.75 6 6 9-13.5\" \/>\n<\/svg>\n\n                <\/span>\n                <p class=\"m-0\">Gratis konsultasjon, ingen forpliktelser<\/p>\n            <\/div>\n                    <\/div>\n        <a href=\"https:\/\/imagebank.staging.mediasignal.dev\/no\/bestill-en-gratis-demo\/\" target=\"\"\n            class=\"flex font-bold self-center h-fit w-fit p-4 rounded-lg bg-gradient-to-r from-primary to-secondary transition ease-in-out hover:scale-105 duration-300\">\n            Bestill en demo\n        <\/a>\n    <\/div>\n    <\/section>\n\n\n\n<div style=\"height: 4rem;\"><\/div>\n\n\n<section id=\"Section\" class=\"content-wrap \">\n    \n\n<h2 class=\"wp-block-heading has-text-align-center\"><strong>Oppdag hvordan medie- &amp; underholdningsmerkevarer forbedrer sin digitale hverdag med ImageBank X.<\/strong><\/h2>\n\n\n<\/section>\n\n\n<section >\n    <div class=\"flex flex-wrap gap-4 sm:gap-8 lg:gap-12 pt-12 pb-20\">\n        \n                        \n        <div class=\"flex-1 min-w-64 transition ease-in-out hover:scale-102 duration-300\">\n            <a href=\"https:\/\/imagebank.staging.mediasignal.dev\/no\/referanser\/stiftelsen-helsinki-events\/\" aria-label=\"Stiftelsen Helsinki Events\">\n                <img decoding=\"async\" class=\"h-60 w-full object-cover rounded-xl\" src=\"https:\/\/imagebank.staging.mediasignal.dev\/wp-content\/uploads\/2025\/03\/Lux_Helsinki_2025_c_Petri_Anttila_E3A1691-Enhanced-NR_print-kopio.webp\" alt=\"\" \/>\n                <div class=\"mt-6 p-4 sm:p-0\">\n                    <p class=\"text-lg font-bold mb-1\">Stiftelsen Helsinki Events<\/p>\n                    <p class=\"mb-2\">ImageBank X of Events Helsinki brukes til \u00e5 lagre, behandle, administrere og distribuere innhold fra ulike arrangementer<\/p>\n                    <p class=\"text-lg underline mb-0\">Les mer<\/p>\n                <\/div>\n            <\/a>\n        <\/div>\n            <\/div>\n<\/section>\n\n<section \n    class=\"relative pt-20 md:pt-32 pb-12 md:pb-20\">\n            <div\n        class=\"-z-50 pointer-events-none absolute left-1\/2 w-screen -translate-x-1\/2 bg-gradient-to-b from-white to-tetriary top-0 bottom-0\">\n    <\/div>\n            <div class=\"content-wrap\">\n        <h2 class=\"h1 font-bold text-center\">Kom i gang i dag!<\/h2>\n        <p class=\"text-center md:text-xl\">Hvis du er klar til \u00e5 ta h\u00e5ndteringen av digitale ressurser til neste niv\u00e5, er teamet v\u00e5rt her for \u00e5 hjelpe deg.<\/p>\n        <a href=\"https:\/\/imagebank.staging.mediasignal.dev\/no\/bestill-en-gratis-demo\/\" target=\"\"\n            class=\"flex text-white font-bold h-fit w-fit p-4 rounded-lg bg-gradient-to-r from-primary to-secondary transition ease-in-out hover:scale-105 duration-300 mx-auto\">\n            Bestill en gratis demo\n        <\/a>\n        <img decoding=\"async\" class=\"hidden md:block absolute max-w-96 top-0 -left-60 bottom-0 max-h-full\"\n            src=\"\/wp-content\/themes\/imagebank\/assets\/images\/muoto.webp\" alt=\"Purple twisting shape\" \/>\n    <\/div>\n    <\/section>\n\n","protected":false},"excerpt":{"rendered":"","protected":false},"author":1,"featured_media":7307,"parent":7284,"menu_order":0,"comment_status":"closed","ping_status":"closed","template":"","meta":{"_acf_changed":false,"_improvement_type_select":"improve_an_existing","_thumb_yes_seoaic":false,"_frame_yes_seoaic":false,"seoaic_generate_description":"","seoaic_improve_instructions_prompt":"","seoaic_rollback_content_improvement":"","seoaic_idea_thumbnail_generator":"","thumbnail_generated":false,"thumbnail_generate_prompt":"","seoaic_article_description":"","footnotes":""},"class_list":["post-7306","page","type-page","status-publish","has-post-thumbnail","hentry"],"acf":[],"yoast_head":"<!-- This site is optimized with the Yoast SEO plugin v25.2 - https:\/\/yoast.com\/wordpress\/plugins\/seo\/ -->\n<title>DAM for media &amp; underholdning - ImageBank X<\/title>\n<meta name=\"description\" content=\"Utforsk hvordan DAM for media og underholdning hjelper kreative team med \u00e5 sentralisere og organisere digitale ressurser.\" \/>\n<meta name=\"robots\" content=\"index, follow, max-snippet:-1, max-image-preview:large, max-video-preview:-1\" \/>\n<link rel=\"canonical\" href=\"https:\/\/imagebank.staging.mediasignal.dev\/no\/losninger\/dam-for-media-og-underholdning\/\" \/>\n<meta property=\"og:locale\" content=\"nb_NO\" \/>\n<meta property=\"og:type\" content=\"article\" \/>\n<meta property=\"og:title\" content=\"DAM for media &amp; underholdning - ImageBank X\" \/>\n<meta property=\"og:description\" content=\"Utforsk hvordan DAM for media og underholdning hjelper kreative team med \u00e5 sentralisere og organisere digitale ressurser.\" \/>\n<meta property=\"og:url\" content=\"https:\/\/imagebank.staging.mediasignal.dev\/no\/losninger\/dam-for-media-og-underholdning\/\" \/>\n<meta property=\"og:site_name\" content=\"ImageBank X DAM\" \/>\n<meta property=\"article:modified_time\" content=\"2025-06-09T08:30:22+00:00\" \/>\n<meta property=\"og:image\" content=\"https:\/\/imagebank.staging.mediasignal.dev\/app\/uploads\/2025\/03\/Hero-Media-Enterteinment.webp\" \/>\n\t<meta property=\"og:image:width\" content=\"1109\" \/>\n\t<meta property=\"og:image:height\" content=\"1193\" \/>\n\t<meta property=\"og:image:type\" content=\"image\/webp\" \/>\n<meta name=\"twitter:card\" content=\"summary_large_image\" \/>\n<meta name=\"twitter:label1\" content=\"Est. reading time\" \/>\n\t<meta name=\"twitter:data1\" content=\"1 minute\" \/>\n<script type=\"application\/ld+json\" class=\"yoast-schema-graph\">{\"@context\":\"https:\/\/schema.org\",\"@graph\":[{\"@type\":\"WebPage\",\"@id\":\"https:\/\/imagebank.staging.mediasignal.dev\/no\/losninger\/dam-for-media-og-underholdning\/\",\"url\":\"https:\/\/imagebank.staging.mediasignal.dev\/no\/losninger\/dam-for-media-og-underholdning\/\",\"name\":\"DAM for media & underholdning - ImageBank X\",\"isPartOf\":{\"@id\":\"https:\/\/imagebank.staging.mediasignal.dev\/no\/#website\"},\"primaryImageOfPage\":{\"@id\":\"https:\/\/imagebank.staging.mediasignal.dev\/no\/losninger\/dam-for-media-og-underholdning\/#primaryimage\"},\"image\":{\"@id\":\"https:\/\/imagebank.staging.mediasignal.dev\/no\/losninger\/dam-for-media-og-underholdning\/#primaryimage\"},\"thumbnailUrl\":\"https:\/\/imagebank.staging.mediasignal.dev\/wp-content\/uploads\/2025\/03\/Hero-Media-Enterteinment.webp\",\"datePublished\":\"2025-03-13T07:06:06+00:00\",\"dateModified\":\"2025-06-09T08:30:22+00:00\",\"description\":\"Utforsk hvordan DAM for media og underholdning hjelper kreative team med \u00e5 sentralisere og organisere digitale ressurser.\",\"breadcrumb\":{\"@id\":\"https:\/\/imagebank.staging.mediasignal.dev\/no\/losninger\/dam-for-media-og-underholdning\/#breadcrumb\"},\"inLanguage\":\"nb-NO\",\"potentialAction\":[{\"@type\":\"ReadAction\",\"target\":[\"https:\/\/imagebank.staging.mediasignal.dev\/no\/losninger\/dam-for-media-og-underholdning\/\"]}]},{\"@type\":\"ImageObject\",\"inLanguage\":\"nb-NO\",\"@id\":\"https:\/\/imagebank.staging.mediasignal.dev\/no\/losninger\/dam-for-media-og-underholdning\/#primaryimage\",\"url\":\"https:\/\/imagebank.staging.mediasignal.dev\/wp-content\/uploads\/2025\/03\/Hero-Media-Enterteinment.webp\",\"contentUrl\":\"https:\/\/imagebank.staging.mediasignal.dev\/wp-content\/uploads\/2025\/03\/Hero-Media-Enterteinment.webp\",\"width\":1109,\"height\":1193,\"caption\":\"DAM for media streamlines creative workflows and secures high-value content.\"},{\"@type\":\"BreadcrumbList\",\"@id\":\"https:\/\/imagebank.staging.mediasignal.dev\/no\/losninger\/dam-for-media-og-underholdning\/#breadcrumb\",\"itemListElement\":[{\"@type\":\"ListItem\",\"position\":1,\"name\":\"Home\",\"item\":\"https:\/\/imagebank.staging.mediasignal.dev\/no\/\"},{\"@type\":\"ListItem\",\"position\":2,\"name\":\"L\u00f8sninger\",\"item\":\"https:\/\/imagebank.staging.mediasignal.dev\/no\/losninger\/\"},{\"@type\":\"ListItem\",\"position\":3,\"name\":\"ImageBank X DAM for media &amp; underholdning\"}]},{\"@type\":\"WebSite\",\"@id\":\"https:\/\/imagebank.staging.mediasignal.dev\/no\/#website\",\"url\":\"https:\/\/imagebank.staging.mediasignal.dev\/no\/\",\"name\":\"ImageBank X\",\"description\":\"\",\"publisher\":{\"@id\":\"https:\/\/imagebank.staging.mediasignal.dev\/no\/#organization\"},\"potentialAction\":[{\"@type\":\"SearchAction\",\"target\":{\"@type\":\"EntryPoint\",\"urlTemplate\":\"https:\/\/imagebank.staging.mediasignal.dev\/no\/?s={search_term_string}\"},\"query-input\":{\"@type\":\"PropertyValueSpecification\",\"valueRequired\":true,\"valueName\":\"search_term_string\"}}],\"inLanguage\":\"nb-NO\"},{\"@type\":\"Organization\",\"@id\":\"https:\/\/imagebank.staging.mediasignal.dev\/no\/#organization\",\"name\":\"ImageBank X\",\"url\":\"https:\/\/imagebank.staging.mediasignal.dev\/no\/\",\"logo\":{\"@type\":\"ImageObject\",\"inLanguage\":\"nb-NO\",\"@id\":\"https:\/\/imagebank.staging.mediasignal.dev\/no\/#\/schema\/logo\/image\/\",\"url\":\"https:\/\/imagebank.staging.mediasignal.dev\/app\/uploads\/2025\/03\/cropped-favicon.png\",\"contentUrl\":\"https:\/\/imagebank.staging.mediasignal.dev\/app\/uploads\/2025\/03\/cropped-favicon.png\",\"width\":512,\"height\":512,\"caption\":\"ImageBank X\"},\"image\":{\"@id\":\"https:\/\/imagebank.staging.mediasignal.dev\/no\/#\/schema\/logo\/image\/\"},\"sameAs\":[\"https:\/\/linkedin.com\/imagebank-independent\"]}]}<\/script>\n<!-- \/ Yoast SEO plugin. -->","yoast_head_json":{"title":"DAM for media & underholdning - ImageBank X","description":"Utforsk hvordan DAM for media og underholdning hjelper kreative team med \u00e5 sentralisere og organisere digitale ressurser.","robots":{"index":"index","follow":"follow","max-snippet":"max-snippet:-1","max-image-preview":"max-image-preview:large","max-video-preview":"max-video-preview:-1"},"canonical":"https:\/\/imagebank.staging.mediasignal.dev\/no\/losninger\/dam-for-media-og-underholdning\/","og_locale":"nb_NO","og_type":"article","og_title":"DAM for media & underholdning - ImageBank X","og_description":"Utforsk hvordan DAM for media og underholdning hjelper kreative team med \u00e5 sentralisere og organisere digitale ressurser.","og_url":"https:\/\/imagebank.staging.mediasignal.dev\/no\/losninger\/dam-for-media-og-underholdning\/","og_site_name":"ImageBank X DAM","article_modified_time":"2025-06-09T08:30:22+00:00","og_image":[{"width":1109,"height":1193,"url":"https:\/\/imagebank.staging.mediasignal.dev\/app\/uploads\/2025\/03\/Hero-Media-Enterteinment.webp","type":"image\/webp"}],"twitter_card":"summary_large_image","twitter_misc":{"Est. reading time":"1 minute"},"schema":{"@context":"https:\/\/schema.org","@graph":[{"@type":"WebPage","@id":"https:\/\/imagebank.staging.mediasignal.dev\/no\/losninger\/dam-for-media-og-underholdning\/","url":"https:\/\/imagebank.staging.mediasignal.dev\/no\/losninger\/dam-for-media-og-underholdning\/","name":"DAM for media & underholdning - ImageBank X","isPartOf":{"@id":"https:\/\/imagebank.staging.mediasignal.dev\/no\/#website"},"primaryImageOfPage":{"@id":"https:\/\/imagebank.staging.mediasignal.dev\/no\/losninger\/dam-for-media-og-underholdning\/#primaryimage"},"image":{"@id":"https:\/\/imagebank.staging.mediasignal.dev\/no\/losninger\/dam-for-media-og-underholdning\/#primaryimage"},"thumbnailUrl":"https:\/\/imagebank.staging.mediasignal.dev\/wp-content\/uploads\/2025\/03\/Hero-Media-Enterteinment.webp","datePublished":"2025-03-13T07:06:06+00:00","dateModified":"2025-06-09T08:30:22+00:00","description":"Utforsk hvordan DAM for media og underholdning hjelper kreative team med \u00e5 sentralisere og organisere digitale ressurser.","breadcrumb":{"@id":"https:\/\/imagebank.staging.mediasignal.dev\/no\/losninger\/dam-for-media-og-underholdning\/#breadcrumb"},"inLanguage":"nb-NO","potentialAction":[{"@type":"ReadAction","target":["https:\/\/imagebank.staging.mediasignal.dev\/no\/losninger\/dam-for-media-og-underholdning\/"]}]},{"@type":"ImageObject","inLanguage":"nb-NO","@id":"https:\/\/imagebank.staging.mediasignal.dev\/no\/losninger\/dam-for-media-og-underholdning\/#primaryimage","url":"https:\/\/imagebank.staging.mediasignal.dev\/wp-content\/uploads\/2025\/03\/Hero-Media-Enterteinment.webp","contentUrl":"https:\/\/imagebank.staging.mediasignal.dev\/wp-content\/uploads\/2025\/03\/Hero-Media-Enterteinment.webp","width":1109,"height":1193,"caption":"DAM for media streamlines creative workflows and secures high-value content."},{"@type":"BreadcrumbList","@id":"https:\/\/imagebank.staging.mediasignal.dev\/no\/losninger\/dam-for-media-og-underholdning\/#breadcrumb","itemListElement":[{"@type":"ListItem","position":1,"name":"Home","item":"https:\/\/imagebank.staging.mediasignal.dev\/no\/"},{"@type":"ListItem","position":2,"name":"L\u00f8sninger","item":"https:\/\/imagebank.staging.mediasignal.dev\/no\/losninger\/"},{"@type":"ListItem","position":3,"name":"ImageBank X DAM for media &amp; underholdning"}]},{"@type":"WebSite","@id":"https:\/\/imagebank.staging.mediasignal.dev\/no\/#website","url":"https:\/\/imagebank.staging.mediasignal.dev\/no\/","name":"ImageBank X","description":"","publisher":{"@id":"https:\/\/imagebank.staging.mediasignal.dev\/no\/#organization"},"potentialAction":[{"@type":"SearchAction","target":{"@type":"EntryPoint","urlTemplate":"https:\/\/imagebank.staging.mediasignal.dev\/no\/?s={search_term_string}"},"query-input":{"@type":"PropertyValueSpecification","valueRequired":true,"valueName":"search_term_string"}}],"inLanguage":"nb-NO"},{"@type":"Organization","@id":"https:\/\/imagebank.staging.mediasignal.dev\/no\/#organization","name":"ImageBank X","url":"https:\/\/imagebank.staging.mediasignal.dev\/no\/","logo":{"@type":"ImageObject","inLanguage":"nb-NO","@id":"https:\/\/imagebank.staging.mediasignal.dev\/no\/#\/schema\/logo\/image\/","url":"https:\/\/imagebank.staging.mediasignal.dev\/app\/uploads\/2025\/03\/cropped-favicon.png","contentUrl":"https:\/\/imagebank.staging.mediasignal.dev\/app\/uploads\/2025\/03\/cropped-favicon.png","width":512,"height":512,"caption":"ImageBank X"},"image":{"@id":"https:\/\/imagebank.staging.mediasignal.dev\/no\/#\/schema\/logo\/image\/"},"sameAs":["https:\/\/linkedin.com\/imagebank-independent"]}]}},"_links":{"self":[{"href":"https:\/\/imagebank.staging.mediasignal.dev\/no\/wp-json\/wp\/v2\/pages\/7306","targetHints":{"allow":["GET"]}}],"collection":[{"href":"https:\/\/imagebank.staging.mediasignal.dev\/no\/wp-json\/wp\/v2\/pages"}],"about":[{"href":"https:\/\/imagebank.staging.mediasignal.dev\/no\/wp-json\/wp\/v2\/types\/page"}],"author":[{"embeddable":true,"href":"https:\/\/imagebank.staging.mediasignal.dev\/no\/wp-json\/wp\/v2\/users\/1"}],"replies":[{"embeddable":true,"href":"https:\/\/imagebank.staging.mediasignal.dev\/no\/wp-json\/wp\/v2\/comments?post=7306"}],"version-history":[{"count":2,"href":"https:\/\/imagebank.staging.mediasignal.dev\/no\/wp-json\/wp\/v2\/pages\/7306\/revisions"}],"predecessor-version":[{"id":8001,"href":"https:\/\/imagebank.staging.mediasignal.dev\/no\/wp-json\/wp\/v2\/pages\/7306\/revisions\/8001"}],"up":[{"embeddable":true,"href":"https:\/\/imagebank.staging.mediasignal.dev\/no\/wp-json\/wp\/v2\/pages\/7284"}],"wp:featuredmedia":[{"embeddable":true,"href":"https:\/\/imagebank.staging.mediasignal.dev\/no\/wp-json\/wp\/v2\/media\/7307"}],"wp:attachment":[{"href":"https:\/\/imagebank.staging.mediasignal.dev\/no\/wp-json\/wp\/v2\/media?parent=7306"}],"curies":[{"name":"wp","href":"https:\/\/api.w.org\/{rel}","templated":true}]}}