{"id":7281,"date":"2025-03-18T09:10:52","date_gmt":"2025-03-18T09:10:52","guid":{"rendered":"https:\/\/imagebank.staging.mediasignal.dev\/compare-the-service-levels-of-imagebank-x-to-find-the-best-fit-for-your-needs\/"},"modified":"2025-09-11T07:26:41","modified_gmt":"2025-09-11T07:26:41","slug":"sammenlign-tjenestenivaene-til-imagebank-x-dam-for-a-finne-det-som-passer-best-for-dine-behov","status":"publish","type":"page","link":"https:\/\/imagebank.staging.mediasignal.dev\/no\/ressurser\/guider\/sammenlign-tjenestenivaene-til-imagebank-x-dam-for-a-finne-det-som-passer-best-for-dine-behov\/","title":{"rendered":"Sammenlign tjenesteniv\u00e5ene til ImageBank X DAM for \u00e5 finne det som passer best for dine behov"},"content":{"rendered":"<div \n    class=\"relative flex flex-col xs:flex-row py-14\">\n        <div\n        class=\"-z-50 pointer-events-none absolute left-1\/2 w-screen -translate-x-1\/2  bg-gradient-to-t from-white to-tetriary -top-14 bottom-0\">\n    <\/div>\n    <div class=\"relative z-10 md:mt-10 lg:mt-20 xs:w-3\/5\">\n                <div class=\"border border-white text-white rounded-full w-fit px-4 py-2 mb-4\">\n            Funksjonsoversikt\n        <\/div>\n                <h1 class=\"z-10 mb-8 font-extrabold text-4xl sm:text-5xl md:text-7xl xl:text-8xl text-primary\">\n            Sammenlign tjenesteniv\u00e5ene\n        <\/h1>\n                <p class=\"mb-6\">\n            Usikker p\u00e5 hvilken ImageBank X-mediabank som passer best for deg? Vi har gjort det enkelt med en oversiktlig PDF som sammenligner \n            <span class=\"font-bold text-transparent bg-gradient-to-r from-primary to-secondary bg-clip-text\">\n                funksjoner, lagringsplass og mer.\n            <\/span>\n        <\/p>\n                    <\/div>\n        <div class=\"hidden xs:block relative -z-10 w-2\/5 -my-12\">\n        <img class=\"absolute bottom-0 left-0 -top-8 min-w-full max-w-none h-full object-contain\"\n            srcset=\"https:\/\/imagebank.staging.mediasignal.dev\/wp-content\/uploads\/2025\/03\/Download-Full-Feature-List-300x280.webp 300w, https:\/\/imagebank.staging.mediasignal.dev\/wp-content\/uploads\/2025\/03\/Download-Full-Feature-List.webp 526w\" alt=\"DAM service level comparison guide \u2013 choose the right ImageBank X plan\" \/>\n    <\/div>\n    <div class=\"block xs:hidden\">\n        <img srcset=\"https:\/\/imagebank.staging.mediasignal.dev\/wp-content\/uploads\/2025\/03\/Download-Full-Feature-List-300x280.webp 300w, https:\/\/imagebank.staging.mediasignal.dev\/wp-content\/uploads\/2025\/03\/Download-Full-Feature-List.webp 526w\" alt=\"DAM service level comparison guide \u2013 choose the right ImageBank X plan\" \/>\n    <\/div>\n    <\/div>\n\n<div style=\"height: 4rem;\"><\/div>\n\n\n\n<h2 class=\"wp-block-heading has-text-align-center\"><strong>Last ned den komplette funksjonsoversikten for ImageBank X-mediabanken<\/strong><\/h2>\n\n\n<div style=\"height: 4rem;\"><\/div>\n\n\n\n<div class=\"wp-block-columns is-layout-flex wp-container-core-columns-is-layout-9d6595d7 wp-block-columns-is-layout-flex\">\n<div class=\"wp-block-column is-layout-flow wp-block-column-is-layout-flow\">\n<p class=\"has-text-align-center\"><strong>F\u00e5 guiden rett i innboksen din.<\/strong><\/p>\n<\/div>\n\n\n\n<div class=\"wp-block-column is-layout-flow wp-block-column-is-layout-flow\">\n<script charset=\"utf-8\" type=\"text\/javascript\" src=\"\/\/js.hsforms.net\/forms\/embed\/v2.js\"><\/script>\n<script>\n  hbspt.forms.create({\n    portalId: \"20093147\",\n    formId: \"cac3f95a-e61c-4b9b-a2db-74e1df17015f\",\n    region: \"na1\"\n  });\n<\/script>\n<\/div>\n<\/div>\n\n\n<div style=\"height: 4rem;\"><\/div>\n\n\n<section \n    class=\"relative py-14\">\n            <div class=\"flex gap-6 justify-between flex-col md:flex-row bg-black text-white rounded-xl p-6 md:py-12 md:px-10\">\n        <div>\n            <h3 class=\"font-bold\">\u2705 Bonus: Start din 30-dagers gratis pr\u00f8veperiode<\/h3>\n                        <div class=\"flex\">\n                <span class=\"min-w-5 min-h-5 mr-2 mt-1\">\n                    <svg xmlns=\"http:\/\/www.w3.org\/2000\/svg\" fill=\"none\" viewBox=\"0 0 24 24\" stroke-width=\"1.5\" stroke=\"currentColor\" class=\"size-6\">\n  <path stroke-linecap=\"round\" stroke-linejoin=\"round\" d=\"m4.5 12.75 6 6 9-13.5\" \/>\n<\/svg>\n\n                <\/span>\n                <p class=\"m-0\">Pr\u00f8v ImageBank X gratis i 30 dager \u2013 smart, enkelt og helt uten forpliktelser.<\/p>\n            <\/div>\n                    <\/div>\n        <a href=\"https:\/\/imagebank.staging.mediasignal.dev\/no\/prov-30-dager-gratis\/\" target=\"\"\n            class=\"flex font-bold self-center h-fit w-fit p-4 rounded-lg bg-gradient-to-r from-primary to-secondary transition ease-in-out hover:scale-105 duration-300\">\n            Pr\u00f8v 30 dager gratis\n        <\/a>\n    <\/div>\n    <\/section>\n\n\n\n<div style=\"height: 4rem;\"><\/div>\n\n\n\n<h3 class=\"wp-block-heading has-text-align-center\"><strong><strong>Hvorfor er det viktig \u00e5 velge riktig tjenesteniv\u00e5 for mediabanken din?<\/strong><\/strong><\/h3>\n\n\n\n<p>\u00c5 velge riktig tjenesteniv\u00e5 for en mediabank handler ikke bare om funksjoner \u2013 det handler om \u00e5 finne det som passer best for hvordan organisasjonen din jobber. Derfor er <a href=\"https:\/\/imagebank.staging.mediasignal.dev\/no\/\">ImageBank X<\/a> utviklet med fleksibilitet i fokus \u2013 for \u00e5 m\u00f8te behovene til virksomheter i alle st\u00f8rrelser og bransjer.<\/p>\n\n\n\n<p>Enten du \u00f8nsker \u00e5 sentralisere digitale filer, styrke visuell merkevarekonsistens, samarbeide med eksterne partnere eller automatisere tidkrevende oppgaver, sikrer riktig tjenesteniv\u00e5 at du f\u00e5r mest mulig verdi ut av l\u00f8sningen. En skreddersydd mediabank kan l\u00f8se utfordringer som spredt filh\u00e5ndtering, trege godkjenningsprosesser og manglende kontroll over delte filer.<\/p>\n\n\n\n<p>Uansett om du er ny innen digital asset management eller \u00f8nsker \u00e5 effektivisere eksisterende arbeidsflyt, har ImageBank X en l\u00f8sning som passer dine behov.<\/p>\n\n\n<div style=\"height: 6rem;\"><\/div>\n\n\n<section id=\"Section\" class=\"content-wrap \">\n    \n\n<h2 class=\"wp-block-heading has-text-align-center\"><strong>Utforsk v\u00e5re siste tips og innsikter<\/strong><\/h2>\n\n\n<\/section>\n\n\n<section class=\"relative\" >\n        <div\n        class=\"-z-50 pointer-events-none absolute left-1\/2 w-screen -translate-x-1\/2 bg-gradient-to-b from-white to-tetriary top-0 bottom-0\">\n    <\/div>\n    <div class=\"flex flex-wrap gap-4 pt-12 pb-20\">\n        \n        <div class=\"flex-1 min-w-64 transition ease-in-out hover:scale-102 duration-300\">\n            <a href=\"https:\/\/imagebank.staging.mediasignal.dev\/no\/blogger\/10-viktige-fordeler-med-digital-asset-management-dam-for-a-skape-optimalisere-og-administrere-innhold\/\" aria-label=\"10 viktige fordeler med Digital Asset Management (DAM) - for \u00e5 skape, optimalisere og administrere innhold\">\n                <img decoding=\"async\" class=\"h-60 w-full object-cover\" src=\"https:\/\/imagebank.staging.mediasignal.dev\/wp-content\/uploads\/2025\/03\/10_key_benefits_of_Digital_Asset_Management_DAMwebp.webp\"\n                    alt=\"\" \/>\n                <div class=\"bg-white p-8 rounded-b-xl text-center\">\n                    <p class=\"text-black text-lg font-bold mb-12\">10 viktige fordeler med Digital Asset Management (DAM) &#8211; for \u00e5 skape, optimalisere og administrere innhold<\/p>\n                    <p class=\"text-lg underline mb-0\">Les mer<\/p>\n                <\/div>\n            <\/a>\n        <\/div>\n        \n        <div class=\"flex-1 min-w-64 transition ease-in-out hover:scale-102 duration-300\">\n            <a href=\"https:\/\/imagebank.staging.mediasignal.dev\/no\/blogger\/hvorfor-innholdsorganisering-er-viktig-4-tips-for-effektiv-innholdsorganisering\/\" aria-label=\"Hvorfor innholdsorganisering er viktig: 4 tips for effektiv innholdsorganisering\">\n                <img decoding=\"async\" class=\"h-60 w-full object-cover\" src=\"https:\/\/imagebank.staging.mediasignal.dev\/wp-content\/uploads\/2025\/03\/Why_Content_Organization_Matters.webp\"\n                    alt=\"\" \/>\n                <div class=\"bg-white p-8 rounded-b-xl text-center\">\n                    <p class=\"text-black text-lg font-bold mb-12\">Hvorfor innholdsorganisering er viktig: 4 tips for effektiv innholdsorganisering<\/p>\n                    <p class=\"text-lg underline mb-0\">Les mer<\/p>\n                <\/div>\n            <\/a>\n        <\/div>\n        \n        <div class=\"flex-1 min-w-64 transition ease-in-out hover:scale-102 duration-300\">\n            <a href=\"https:\/\/imagebank.staging.mediasignal.dev\/no\/blogger\/hvordan-kommer-man-i-gang-med-en-mediabank\/\" aria-label=\"Hvordan kommer man i gang med en mediabank?\">\n                <img decoding=\"async\" class=\"h-60 w-full object-cover\" src=\"https:\/\/imagebank.staging.mediasignal.dev\/wp-content\/uploads\/2025\/08\/How-to-Implement-a-DAM-System-\u2013-A-Fast-and-Easy-14-Day-Process-I-ImageBank-X.png\"\n                    alt=\"ImageBank X gj\u00f8r det enkelt \u00e5 komme i gang med mediabank. P\u00e5 kun to uker f\u00e5r du en fullstendig tilpasset l\u00f8sning.\" \/>\n                <div class=\"bg-white p-8 rounded-b-xl text-center\">\n                    <p class=\"text-black text-lg font-bold mb-12\">Hvordan kommer man i gang med en mediabank?<\/p>\n                    <p class=\"text-lg underline mb-0\">Les mer<\/p>\n                <\/div>\n            <\/a>\n        <\/div>\n        \n        <div class=\"flex-1 min-w-64 transition ease-in-out hover:scale-102 duration-300\">\n            <a href=\"https:\/\/imagebank.staging.mediasignal.dev\/no\/blogger\/hvor-mye-koster-en-mediabank-en-guide-til-a-velge-riktig-losning\/\" aria-label=\"Hvor mye koster en mediabank? En guide til \u00e5 velge riktig l\u00f8sning\">\n                <img decoding=\"async\" class=\"h-60 w-full object-cover\" src=\"https:\/\/imagebank.staging.mediasignal.dev\/wp-content\/uploads\/2025\/09\/dam-cost-1.png\"\n                    alt=\"How much does a DAM solution cost, and what do you actually get for that investment?\" \/>\n                <div class=\"bg-white p-8 rounded-b-xl text-center\">\n                    <p class=\"text-black text-lg font-bold mb-12\">Hvor mye koster en mediabank? En guide til \u00e5 velge riktig l\u00f8sning<\/p>\n                    <p class=\"text-lg underline mb-0\">Les mer<\/p>\n                <\/div>\n            <\/a>\n        <\/div>\n            <\/div>\n<\/section>\n\n<div style=\"height: 4rem;\"><\/div>\n\n\n<section \n    class=\"relative pt-20 md:pt-32 pb-12 md:pb-20\">\n            <div\n        class=\"-z-50 pointer-events-none absolute left-1\/2 w-screen -translate-x-1\/2 bg-gradient-to-b from-white to-tetriary top-0 bottom-0\">\n    <\/div>\n            <div class=\"content-wrap\">\n        <h2 class=\"h1 font-bold text-center\">Trenger du hjelp til \u00e5 velge riktig plan?<\/h2>\n        <p class=\"text-center md:text-xl\">Send oss en melding \u2013 vi hjelper deg gjerne eller setter opp en kort samtale for \u00e5 g\u00e5 gjennom alternativene dine.<\/p>\n        <a href=\"https:\/\/imagebank.staging.mediasignal.dev\/no\/kontakt\/\" target=\"\"\n            class=\"flex text-white font-bold h-fit w-fit p-4 rounded-lg bg-gradient-to-r from-primary to-secondary transition ease-in-out hover:scale-105 duration-300 mx-auto\">\n            Kontakt oss\n        <\/a>\n        <img decoding=\"async\" class=\"hidden md:block absolute max-w-96 top-0 -left-60 bottom-0 max-h-full\"\n            src=\"\/wp-content\/themes\/imagebank\/assets\/images\/muoto.webp\" alt=\"Purple twisting shape\" \/>\n    <\/div>\n    <\/section>\n\n","protected":false},"excerpt":{"rendered":"<p>Last ned den komplette funksjonsoversikten for ImageBank X-mediabanken F\u00e5 guiden rett i innboksen din. Hvorfor er det viktig \u00e5 velge riktig tjenesteniv\u00e5 for mediabanken din? \u00c5 velge riktig tjenesteniv\u00e5 for en mediabank handler ikke bare om funksjoner \u2013 det handler om \u00e5 finne det som passer best for hvordan organisasjonen din jobber. Derfor er ImageBank [&hellip;]<\/p>\n","protected":false},"author":1,"featured_media":7282,"parent":7371,"menu_order":0,"comment_status":"closed","ping_status":"closed","template":"","meta":{"_acf_changed":false,"_improvement_type_select":"improve_an_existing","_thumb_yes_seoaic":false,"_frame_yes_seoaic":false,"seoaic_generate_description":"","seoaic_improve_instructions_prompt":"","seoaic_rollback_content_improvement":"","seoaic_idea_thumbnail_generator":"","thumbnail_generated":false,"thumbnail_generate_prompt":"","seoaic_article_description":"","footnotes":""},"class_list":["post-7281","page","type-page","status-publish","has-post-thumbnail","hentry"],"acf":[],"yoast_head":"<!-- This site is optimized with the Yoast SEO plugin v25.2 - https:\/\/yoast.com\/wordpress\/plugins\/seo\/ -->\n<title>Mediabankens tjenesteniv\u00e5 \u2013 Finn riktig for dine behov<\/title>\n<meta name=\"description\" content=\"Sammenlign tjenesteniv\u00e5ene i mediabank og finn den l\u00f8sningen som passer best for dine behov. L\u00e4s mer.\" \/>\n<meta name=\"robots\" content=\"index, follow, max-snippet:-1, max-image-preview:large, max-video-preview:-1\" \/>\n<link rel=\"canonical\" href=\"https:\/\/imagebank.staging.mediasignal.dev\/no\/ressurser\/guider\/sammenlign-tjenestenivaene-til-imagebank-x-dam-for-a-finne-det-som-passer-best-for-dine-behov\/\" \/>\n<meta property=\"og:locale\" content=\"nb_NO\" \/>\n<meta property=\"og:type\" content=\"article\" \/>\n<meta property=\"og:title\" content=\"Mediabankens tjenesteniv\u00e5 \u2013 Finn riktig for dine behov\" \/>\n<meta property=\"og:description\" content=\"Sammenlign tjenesteniv\u00e5ene i mediabank og finn den l\u00f8sningen som passer best for dine behov. L\u00e4s mer.\" \/>\n<meta property=\"og:url\" content=\"https:\/\/imagebank.staging.mediasignal.dev\/no\/ressurser\/guider\/sammenlign-tjenestenivaene-til-imagebank-x-dam-for-a-finne-det-som-passer-best-for-dine-behov\/\" \/>\n<meta property=\"og:site_name\" content=\"ImageBank X DAM\" \/>\n<meta property=\"article:modified_time\" content=\"2025-09-11T07:26:41+00:00\" \/>\n<meta property=\"og:image\" content=\"https:\/\/imagebank.staging.mediasignal.dev\/app\/uploads\/2025\/03\/Download-Full-Feature-List.webp\" \/>\n\t<meta property=\"og:image:width\" content=\"526\" \/>\n\t<meta property=\"og:image:height\" content=\"491\" \/>\n\t<meta property=\"og:image:type\" content=\"image\/webp\" \/>\n<meta name=\"twitter:card\" content=\"summary_large_image\" \/>\n<meta name=\"twitter:label1\" content=\"Est. reading time\" \/>\n\t<meta name=\"twitter:data1\" content=\"1 minute\" \/>\n<script type=\"application\/ld+json\" class=\"yoast-schema-graph\">{\"@context\":\"https:\/\/schema.org\",\"@graph\":[{\"@type\":\"WebPage\",\"@id\":\"https:\/\/imagebank.staging.mediasignal.dev\/no\/ressurser\/guider\/sammenlign-tjenestenivaene-til-imagebank-x-dam-for-a-finne-det-som-passer-best-for-dine-behov\/\",\"url\":\"https:\/\/imagebank.staging.mediasignal.dev\/no\/ressurser\/guider\/sammenlign-tjenestenivaene-til-imagebank-x-dam-for-a-finne-det-som-passer-best-for-dine-behov\/\",\"name\":\"Mediabankens tjenesteniv\u00e5 \u2013 Finn riktig for dine behov\",\"isPartOf\":{\"@id\":\"https:\/\/imagebank.staging.mediasignal.dev\/no\/#website\"},\"primaryImageOfPage\":{\"@id\":\"https:\/\/imagebank.staging.mediasignal.dev\/no\/ressurser\/guider\/sammenlign-tjenestenivaene-til-imagebank-x-dam-for-a-finne-det-som-passer-best-for-dine-behov\/#primaryimage\"},\"image\":{\"@id\":\"https:\/\/imagebank.staging.mediasignal.dev\/no\/ressurser\/guider\/sammenlign-tjenestenivaene-til-imagebank-x-dam-for-a-finne-det-som-passer-best-for-dine-behov\/#primaryimage\"},\"thumbnailUrl\":\"https:\/\/imagebank.staging.mediasignal.dev\/wp-content\/uploads\/2025\/03\/Download-Full-Feature-List.webp\",\"datePublished\":\"2025-03-18T09:10:52+00:00\",\"dateModified\":\"2025-09-11T07:26:41+00:00\",\"description\":\"Sammenlign tjenesteniv\u00e5ene i mediabank og finn den l\u00f8sningen som passer best for dine behov. L\u00e4s mer.\",\"breadcrumb\":{\"@id\":\"https:\/\/imagebank.staging.mediasignal.dev\/no\/ressurser\/guider\/sammenlign-tjenestenivaene-til-imagebank-x-dam-for-a-finne-det-som-passer-best-for-dine-behov\/#breadcrumb\"},\"inLanguage\":\"nb-NO\",\"potentialAction\":[{\"@type\":\"ReadAction\",\"target\":[\"https:\/\/imagebank.staging.mediasignal.dev\/no\/ressurser\/guider\/sammenlign-tjenestenivaene-til-imagebank-x-dam-for-a-finne-det-som-passer-best-for-dine-behov\/\"]}]},{\"@type\":\"ImageObject\",\"inLanguage\":\"nb-NO\",\"@id\":\"https:\/\/imagebank.staging.mediasignal.dev\/no\/ressurser\/guider\/sammenlign-tjenestenivaene-til-imagebank-x-dam-for-a-finne-det-som-passer-best-for-dine-behov\/#primaryimage\",\"url\":\"https:\/\/imagebank.staging.mediasignal.dev\/wp-content\/uploads\/2025\/03\/Download-Full-Feature-List.webp\",\"contentUrl\":\"https:\/\/imagebank.staging.mediasignal.dev\/wp-content\/uploads\/2025\/03\/Download-Full-Feature-List.webp\",\"width\":526,\"height\":491,\"caption\":\"Download our free comparison guide to discover which DAM service level suits your needs. Explore features, storage, and more \u2013 plus get a 30-day free trial!\"},{\"@type\":\"BreadcrumbList\",\"@id\":\"https:\/\/imagebank.staging.mediasignal.dev\/no\/ressurser\/guider\/sammenlign-tjenestenivaene-til-imagebank-x-dam-for-a-finne-det-som-passer-best-for-dine-behov\/#breadcrumb\",\"itemListElement\":[{\"@type\":\"ListItem\",\"position\":1,\"name\":\"Home\",\"item\":\"https:\/\/imagebank.staging.mediasignal.dev\/no\/\"},{\"@type\":\"ListItem\",\"position\":2,\"name\":\"Ressurser\",\"item\":\"https:\/\/imagebank.staging.mediasignal.dev\/no\/ressurser\/\"},{\"@type\":\"ListItem\",\"position\":3,\"name\":\"Guider\",\"item\":\"https:\/\/imagebank.staging.mediasignal.dev\/no\/ressurser\/guider\/\"},{\"@type\":\"ListItem\",\"position\":4,\"name\":\"Sammenlign tjenesteniv\u00e5ene til ImageBank X DAM for \u00e5 finne det som passer best for dine behov\"}]},{\"@type\":\"WebSite\",\"@id\":\"https:\/\/imagebank.staging.mediasignal.dev\/no\/#website\",\"url\":\"https:\/\/imagebank.staging.mediasignal.dev\/no\/\",\"name\":\"ImageBank X\",\"description\":\"\",\"publisher\":{\"@id\":\"https:\/\/imagebank.staging.mediasignal.dev\/no\/#organization\"},\"potentialAction\":[{\"@type\":\"SearchAction\",\"target\":{\"@type\":\"EntryPoint\",\"urlTemplate\":\"https:\/\/imagebank.staging.mediasignal.dev\/no\/?s={search_term_string}\"},\"query-input\":{\"@type\":\"PropertyValueSpecification\",\"valueRequired\":true,\"valueName\":\"search_term_string\"}}],\"inLanguage\":\"nb-NO\"},{\"@type\":\"Organization\",\"@id\":\"https:\/\/imagebank.staging.mediasignal.dev\/no\/#organization\",\"name\":\"ImageBank X\",\"url\":\"https:\/\/imagebank.staging.mediasignal.dev\/no\/\",\"logo\":{\"@type\":\"ImageObject\",\"inLanguage\":\"nb-NO\",\"@id\":\"https:\/\/imagebank.staging.mediasignal.dev\/no\/#\/schema\/logo\/image\/\",\"url\":\"https:\/\/imagebank.staging.mediasignal.dev\/app\/uploads\/2025\/03\/cropped-favicon.png\",\"contentUrl\":\"https:\/\/imagebank.staging.mediasignal.dev\/app\/uploads\/2025\/03\/cropped-favicon.png\",\"width\":512,\"height\":512,\"caption\":\"ImageBank X\"},\"image\":{\"@id\":\"https:\/\/imagebank.staging.mediasignal.dev\/no\/#\/schema\/logo\/image\/\"},\"sameAs\":[\"https:\/\/linkedin.com\/imagebank-independent\"]}]}<\/script>\n<!-- \/ Yoast SEO plugin. -->","yoast_head_json":{"title":"Mediabankens tjenesteniv\u00e5 \u2013 Finn riktig for dine behov","description":"Sammenlign tjenesteniv\u00e5ene i mediabank og finn den l\u00f8sningen som passer best for dine behov. L\u00e4s mer.","robots":{"index":"index","follow":"follow","max-snippet":"max-snippet:-1","max-image-preview":"max-image-preview:large","max-video-preview":"max-video-preview:-1"},"canonical":"https:\/\/imagebank.staging.mediasignal.dev\/no\/ressurser\/guider\/sammenlign-tjenestenivaene-til-imagebank-x-dam-for-a-finne-det-som-passer-best-for-dine-behov\/","og_locale":"nb_NO","og_type":"article","og_title":"Mediabankens tjenesteniv\u00e5 \u2013 Finn riktig for dine behov","og_description":"Sammenlign tjenesteniv\u00e5ene i mediabank og finn den l\u00f8sningen som passer best for dine behov. L\u00e4s mer.","og_url":"https:\/\/imagebank.staging.mediasignal.dev\/no\/ressurser\/guider\/sammenlign-tjenestenivaene-til-imagebank-x-dam-for-a-finne-det-som-passer-best-for-dine-behov\/","og_site_name":"ImageBank X DAM","article_modified_time":"2025-09-11T07:26:41+00:00","og_image":[{"width":526,"height":491,"url":"https:\/\/imagebank.staging.mediasignal.dev\/app\/uploads\/2025\/03\/Download-Full-Feature-List.webp","type":"image\/webp"}],"twitter_card":"summary_large_image","twitter_misc":{"Est. reading time":"1 minute"},"schema":{"@context":"https:\/\/schema.org","@graph":[{"@type":"WebPage","@id":"https:\/\/imagebank.staging.mediasignal.dev\/no\/ressurser\/guider\/sammenlign-tjenestenivaene-til-imagebank-x-dam-for-a-finne-det-som-passer-best-for-dine-behov\/","url":"https:\/\/imagebank.staging.mediasignal.dev\/no\/ressurser\/guider\/sammenlign-tjenestenivaene-til-imagebank-x-dam-for-a-finne-det-som-passer-best-for-dine-behov\/","name":"Mediabankens tjenesteniv\u00e5 \u2013 Finn riktig for dine behov","isPartOf":{"@id":"https:\/\/imagebank.staging.mediasignal.dev\/no\/#website"},"primaryImageOfPage":{"@id":"https:\/\/imagebank.staging.mediasignal.dev\/no\/ressurser\/guider\/sammenlign-tjenestenivaene-til-imagebank-x-dam-for-a-finne-det-som-passer-best-for-dine-behov\/#primaryimage"},"image":{"@id":"https:\/\/imagebank.staging.mediasignal.dev\/no\/ressurser\/guider\/sammenlign-tjenestenivaene-til-imagebank-x-dam-for-a-finne-det-som-passer-best-for-dine-behov\/#primaryimage"},"thumbnailUrl":"https:\/\/imagebank.staging.mediasignal.dev\/wp-content\/uploads\/2025\/03\/Download-Full-Feature-List.webp","datePublished":"2025-03-18T09:10:52+00:00","dateModified":"2025-09-11T07:26:41+00:00","description":"Sammenlign tjenesteniv\u00e5ene i mediabank og finn den l\u00f8sningen som passer best for dine behov. L\u00e4s mer.","breadcrumb":{"@id":"https:\/\/imagebank.staging.mediasignal.dev\/no\/ressurser\/guider\/sammenlign-tjenestenivaene-til-imagebank-x-dam-for-a-finne-det-som-passer-best-for-dine-behov\/#breadcrumb"},"inLanguage":"nb-NO","potentialAction":[{"@type":"ReadAction","target":["https:\/\/imagebank.staging.mediasignal.dev\/no\/ressurser\/guider\/sammenlign-tjenestenivaene-til-imagebank-x-dam-for-a-finne-det-som-passer-best-for-dine-behov\/"]}]},{"@type":"ImageObject","inLanguage":"nb-NO","@id":"https:\/\/imagebank.staging.mediasignal.dev\/no\/ressurser\/guider\/sammenlign-tjenestenivaene-til-imagebank-x-dam-for-a-finne-det-som-passer-best-for-dine-behov\/#primaryimage","url":"https:\/\/imagebank.staging.mediasignal.dev\/wp-content\/uploads\/2025\/03\/Download-Full-Feature-List.webp","contentUrl":"https:\/\/imagebank.staging.mediasignal.dev\/wp-content\/uploads\/2025\/03\/Download-Full-Feature-List.webp","width":526,"height":491,"caption":"Download our free comparison guide to discover which DAM service level suits your needs. Explore features, storage, and more \u2013 plus get a 30-day free trial!"},{"@type":"BreadcrumbList","@id":"https:\/\/imagebank.staging.mediasignal.dev\/no\/ressurser\/guider\/sammenlign-tjenestenivaene-til-imagebank-x-dam-for-a-finne-det-som-passer-best-for-dine-behov\/#breadcrumb","itemListElement":[{"@type":"ListItem","position":1,"name":"Home","item":"https:\/\/imagebank.staging.mediasignal.dev\/no\/"},{"@type":"ListItem","position":2,"name":"Ressurser","item":"https:\/\/imagebank.staging.mediasignal.dev\/no\/ressurser\/"},{"@type":"ListItem","position":3,"name":"Guider","item":"https:\/\/imagebank.staging.mediasignal.dev\/no\/ressurser\/guider\/"},{"@type":"ListItem","position":4,"name":"Sammenlign tjenesteniv\u00e5ene til ImageBank X DAM for \u00e5 finne det som passer best for dine behov"}]},{"@type":"WebSite","@id":"https:\/\/imagebank.staging.mediasignal.dev\/no\/#website","url":"https:\/\/imagebank.staging.mediasignal.dev\/no\/","name":"ImageBank X","description":"","publisher":{"@id":"https:\/\/imagebank.staging.mediasignal.dev\/no\/#organization"},"potentialAction":[{"@type":"SearchAction","target":{"@type":"EntryPoint","urlTemplate":"https:\/\/imagebank.staging.mediasignal.dev\/no\/?s={search_term_string}"},"query-input":{"@type":"PropertyValueSpecification","valueRequired":true,"valueName":"search_term_string"}}],"inLanguage":"nb-NO"},{"@type":"Organization","@id":"https:\/\/imagebank.staging.mediasignal.dev\/no\/#organization","name":"ImageBank X","url":"https:\/\/imagebank.staging.mediasignal.dev\/no\/","logo":{"@type":"ImageObject","inLanguage":"nb-NO","@id":"https:\/\/imagebank.staging.mediasignal.dev\/no\/#\/schema\/logo\/image\/","url":"https:\/\/imagebank.staging.mediasignal.dev\/app\/uploads\/2025\/03\/cropped-favicon.png","contentUrl":"https:\/\/imagebank.staging.mediasignal.dev\/app\/uploads\/2025\/03\/cropped-favicon.png","width":512,"height":512,"caption":"ImageBank X"},"image":{"@id":"https:\/\/imagebank.staging.mediasignal.dev\/no\/#\/schema\/logo\/image\/"},"sameAs":["https:\/\/linkedin.com\/imagebank-independent"]}]}},"_links":{"self":[{"href":"https:\/\/imagebank.staging.mediasignal.dev\/no\/wp-json\/wp\/v2\/pages\/7281","targetHints":{"allow":["GET"]}}],"collection":[{"href":"https:\/\/imagebank.staging.mediasignal.dev\/no\/wp-json\/wp\/v2\/pages"}],"about":[{"href":"https:\/\/imagebank.staging.mediasignal.dev\/no\/wp-json\/wp\/v2\/types\/page"}],"author":[{"embeddable":true,"href":"https:\/\/imagebank.staging.mediasignal.dev\/no\/wp-json\/wp\/v2\/users\/1"}],"replies":[{"embeddable":true,"href":"https:\/\/imagebank.staging.mediasignal.dev\/no\/wp-json\/wp\/v2\/comments?post=7281"}],"version-history":[{"count":4,"href":"https:\/\/imagebank.staging.mediasignal.dev\/no\/wp-json\/wp\/v2\/pages\/7281\/revisions"}],"predecessor-version":[{"id":9644,"href":"https:\/\/imagebank.staging.mediasignal.dev\/no\/wp-json\/wp\/v2\/pages\/7281\/revisions\/9644"}],"up":[{"embeddable":true,"href":"https:\/\/imagebank.staging.mediasignal.dev\/no\/wp-json\/wp\/v2\/pages\/7371"}],"wp:featuredmedia":[{"embeddable":true,"href":"https:\/\/imagebank.staging.mediasignal.dev\/no\/wp-json\/wp\/v2\/media\/7282"}],"wp:attachment":[{"href":"https:\/\/imagebank.staging.mediasignal.dev\/no\/wp-json\/wp\/v2\/media?parent=7281"}],"curies":[{"name":"wp","href":"https:\/\/api.w.org\/{rel}","templated":true}]}}