{"id":7277,"date":"2025-03-18T13:47:31","date_gmt":"2025-03-18T13:47:31","guid":{"rendered":"https:\/\/imagebank.staging.mediasignal.dev\/partner\/"},"modified":"2025-06-18T12:04:11","modified_gmt":"2025-06-18T12:04:11","slug":"partner","status":"publish","type":"page","link":"https:\/\/imagebank.staging.mediasignal.dev\/no\/ressurser\/partner\/","title":{"rendered":"Partner"},"content":{"rendered":"<div \n    class=\"relative flex flex-col xs:flex-row py-14\">\n        <div\n        class=\"-z-50 pointer-events-none absolute left-1\/2 w-screen -translate-x-1\/2  bg-gradient-to-t from-white to-tetriary -top-14 bottom-0\">\n    <\/div>\n    <div class=\"relative z-10 md:mt-10 lg:mt-20 xs:w-3\/5\">\n                <div class=\"border border-white text-white rounded-full w-fit px-4 py-2 mb-4\">\n            Partner\n        <\/div>\n                <h1 class=\"z-10 mb-8 font-extrabold text-4xl sm:text-5xl md:text-7xl xl:text-8xl text-primary\">\n            Bli en partner\n        <\/h1>\n                <p class=\"mb-6\">\n            Skaler vikrsomhetens produktportef\u00f8lje\n            <span class=\"font-bold text-transparent bg-gradient-to-r from-primary to-secondary bg-clip-text\">\n                med v\u00e5r kraftige mediebank.\n            <\/span>\n        <\/p>\n                        <div class=\"flex flex-wrap gap-2 md:gap-4\">\n                        <a href=\"https:\/\/imagebank.staging.mediasignal.dev\/no\/kontakt\/\" target=\"\"\n                class=\"flex text-sm md:text-base w-fit text-white items-center pl-6 pr-4 py-3 rounded-lg bg-gradient-to-r from-primary to-secondary transition ease-in-out hover:scale-102 duration-300\">\n                Bli partner i dag\n                <span class=\"min-w-4 min-h-4 ml-2\">\n                    <svg xmlns=\"http:\/\/www.w3.org\/2000\/svg\" fill=\"none\" viewBox=\"0 0 24 24\" stroke-width=\"1.5\" stroke=\"currentColor\" class=\"size-6\">\n  <path stroke-linecap=\"round\" stroke-linejoin=\"round\" d=\"M13.5 4.5 21 12m0 0-7.5 7.5M21 12H3\" \/>\n<\/svg>\n\n                <\/span>\n            <\/a>\n                    <\/div>\n            <\/div>\n        <div class=\"hidden xs:block relative -z-10 w-2\/5 -my-12\">\n        <img class=\"absolute bottom-0 left-0 -top-8 min-w-full max-w-none h-full object-contain\"\n            srcset=\"https:\/\/imagebank.staging.mediasignal.dev\/wp-content\/uploads\/2025\/03\/Hero-10-243x300.webp 243w, https:\/\/imagebank.staging.mediasignal.dev\/wp-content\/uploads\/2025\/03\/Hero-10-830x1024.webp 830w, https:\/\/imagebank.staging.mediasignal.dev\/wp-content\/uploads\/2025\/03\/Hero-10-768x948.webp 768w, https:\/\/imagebank.staging.mediasignal.dev\/wp-content\/uploads\/2025\/03\/Hero-10.webp 978w\" alt=\"Business professionals collaborating through a DAM partner program\" \/>\n    <\/div>\n    <div class=\"block xs:hidden\">\n        <img srcset=\"https:\/\/imagebank.staging.mediasignal.dev\/wp-content\/uploads\/2025\/03\/Hero-10-243x300.webp 243w, https:\/\/imagebank.staging.mediasignal.dev\/wp-content\/uploads\/2025\/03\/Hero-10-830x1024.webp 830w, https:\/\/imagebank.staging.mediasignal.dev\/wp-content\/uploads\/2025\/03\/Hero-10-768x948.webp 768w, https:\/\/imagebank.staging.mediasignal.dev\/wp-content\/uploads\/2025\/03\/Hero-10.webp 978w\" alt=\"Business professionals collaborating through a DAM partner program\" \/>\n    <\/div>\n    <\/div>\n\n<div style=\"height: 3rem;\"><\/div>\n\n\n<section id=\"Section\" class=\"content-wrap loose\">\n    \n<\/section>\n\n<section id=\"Section\" class=\"content-wrap \">\n    \n\n<h2 class=\"wp-block-heading has-text-align-center\"><strong>Dine fordeler som partner<\/strong><\/h2>\n\n\n<\/section>\n\n<section id=\"Section\" class=\"content-wrap \">\n    \n\n<h5 class=\"wp-block-heading has-text-align-center has-medium-font-size\">Klar til \u00e5 utvide virksomheten din ved \u00e5 tilby en innovativ Digital Asset Management (DAM)-l\u00f8sning? Ved \u00e5 bli partner med v\u00e5r banebrytende DAM-plattform f\u00e5r du tilgang til et verkt\u00f8y som forenkler organisering, lagring og distribusjon av eiendeler. Bli med i et nettverk av fremtidsrettede bedrifter og tilby kundene dine en s\u00f8ml\u00f8s, skalerbar l\u00f8sning som forbedrer deres digitale arbeidsflyt. Sammen kan vi transformere hvordan selskaper h\u00e5ndterer sine digitale eiendeler.<\/h5>\n\n\n<\/section>\n\n<div style=\"height: 2rem;\"><\/div>\n\n\n\n\n<section >\n    <div\n        class=\"flex flex-col-reverse md:flex-row-reverse mx-auto gap-8 py-12\">\n        <div class=\"flex flex-col self-center lg:px-12 md:w-1\/2\">\n                        <h2 class=\"mb-6 font-bold text-center\">Inntektsvekst<\/h2>\n                                    <p class=\"mb-6 text-center\">Tapp inn i et voksende marked ved \u00e5 tilby en l\u00f8sning som er etterspurt. Som partner for DAM-l\u00f8sningen kan du \u00e5pne nye inntektsstr\u00f8mmer med tilbakevendende forretningsmuligheter og skreddersydde implementeringer.<\/p>\n                                <\/div>\n        <div class=\"flex md:w-1\/2\">\n                        <img decoding=\"async\" class=\"object-contain rounded-xl transition ease-in-out hover:scale-105 duration-300\"\n                src=\"https:\/\/imagebank.staging.mediasignal.dev\/wp-content\/uploads\/2025\/03\/Contact_Demo.webp\" alt=\"Contact_Demo\" \/>\n                    <\/div>\n    <\/div>\n<\/section>\n\n<div style=\"height: 4rem;\"><\/div>\n\n\n<section id=\"Section\" class=\"content-wrap \">\n    \n\n<h2 class=\"wp-block-heading has-text-align-center\"><strong>Omfattende st\u00f8tte<\/strong><\/h2>\n\n\n\n<p class=\"has-text-align-center\">Du blir ikke alene \u2013 fra oppl\u00e6ring til teknisk st\u00f8tte gir vi alle ressursene du trenger for \u00e5 lykkes. V\u00e5rt partnerprogram sikrer at du er godt rustet med kunnskap og verkt\u00f8y for \u00e5 selge, implementere og st\u00f8tte v\u00e5r plattform.<\/p>\n\n\n<\/section>\n\n<div style=\"height: 4rem;\"><\/div>\n\n\n\n\n<section >\n    <div\n        class=\"flex flex-col-reverse md:flex-row-reverse mx-auto gap-8 py-12\">\n        <div class=\"flex flex-col self-center lg:px-12 md:w-1\/2\">\n                        <h2 class=\"mb-6 font-bold text-center\">Tilgang til funksjoner<\/h2>\n                                    <p class=\"mb-6 text-center\">Som partner vil du f\u00e5 tidlig tilgang til produktoppdateringer og nye funksjoner som kan hjelpe deg med \u00e5 levere enda mer verdi til kundene dine.<\/p>\n                                <\/div>\n        <div class=\"flex md:w-1\/2\">\n                        <img decoding=\"async\" class=\"object-contain rounded-xl transition ease-in-out hover:scale-105 duration-300\"\n                src=\"https:\/\/imagebank.staging.mediasignal.dev\/wp-content\/uploads\/2025\/03\/Notification-Center.webp\" alt=\"Notification-Center\" \/>\n                    <\/div>\n    <\/div>\n<\/section>\n\n\n\n<section >\n    <div\n        class=\"flex flex-col-reverse md:flex-row mx-auto gap-8 py-12\">\n        <div class=\"flex flex-col self-center lg:px-12 md:w-1\/2\">\n                        <h2 class=\"mb-6 font-bold text-center\">Global rekkevidde<\/h2>\n                                    <p class=\"mb-6 text-center\">V\u00e5r DAM-l\u00f8sning er betrodd av organisasjoner over hele verden. Som partner vil du tilby en l\u00f8sning som fungerer s\u00f8ml\u00f8st p\u00e5 tvers av ulike land, bransjer og digitale \u00f8kosystemer.<\/p>\n                                <\/div>\n        <div class=\"flex md:w-1\/2\">\n                        <img decoding=\"async\" class=\"object-contain rounded-xl transition ease-in-out hover:scale-105 duration-300\"\n                src=\"https:\/\/imagebank.staging.mediasignal.dev\/wp-content\/uploads\/2025\/03\/ImageBankX-customize.webp\" alt=\"Three-step DAM system implementation: planning, installation, onboarding\" \/>\n                    <\/div>\n    <\/div>\n<\/section>\n\n<div style=\"height: 4rem;\"><\/div>\n\n\n<section id=\"Section\" class=\"content-wrap \">\n    \n\n<h2 class=\"wp-block-heading has-text-align-center\"><strong>Sterkt merkevarenavn<\/strong><\/h2>\n\n\n\n<p class=\"has-text-align-center\">\u00c5 samarbeide med et p\u00e5litelig og innovativt merke gir troverdighet til virksomheten din. V\u00e5r plattform er kjent for sin p\u00e5litelighet, skalerbarhet og brukervennlighet, noe som hjelper deg med \u00e5 bygge tillit hos kunder og potensielle kunder.<\/p>\n\n\n\n<p class=\"has-text-align-center\"><a href=\"https:\/\/imagebank.staging.mediasignal.dev\/no\/mediebank\/oversikt-over-imagebank-x-dam\/\">Les mer om ImageBank X<\/a><\/p>\n\n\n<\/section>\n\n<div style=\"height: 8rem;\"><\/div>\n\n\n\n<h2 class=\"wp-block-heading has-text-align-center\"><strong>Betrodd av bransjeledere \u2013 p\u00e5 tvers av sektorer og landegrenser<\/strong><\/h2>\n\n\n\n<p class=\"has-text-align-center\">ImageBank X er betrodd av over 150 organisasjoner p\u00e5 tvers av ulike bransjer \u2013 fra globale forbrukermerker og utdanningsinstitusjoner til kommuner, energiselskaper og ledende industribedrifter. V\u00e5r DAM-l\u00f8sning st\u00f8tter merker som Suunto, Vitamin Well, Kalevala og Bj\u00f6rn Ax\u00e9n i \u00e5 opprettholde en konsekvent merkevareidentitet og forbedre distribusjonen av innhold. Byer som Turku, Oulu og Tampere bruker ImageBank X for \u00e5 effektivisere offentlig kommunikasjon og sikre juridisk etterlevelse. Utdanningsinstitusjoner som Uniarts Helsinki og Metropolia benytter plattformen v\u00e5r for effektiv h\u00e5ndtering av undervisningsmateriell, markedsf\u00f8ringsressurser og studentkommunikasjon.<\/p>\n\n\n\n<p class=\"has-text-align-center\">I energi- og industrisektoren drar selskaper som Caruna nytte av sikker lagring, avansert brukeradgangskontroll og s\u00f8ml\u00f8s integrasjon med eksisterende systemer. Enten det handler om \u00e5 st\u00f8tte globalt samarbeid, forenkle arbeidsflyten for eiendeler eller muliggj\u00f8re rask og sikker tilgang til merkevarens materiell, gir ImageBank X hver kunde muligheten til \u00e5 lykkes.<\/p>\n\n\n\n<p class=\"has-text-align-center\"><a href=\"https:\/\/imagebank.staging.mediasignal.dev\/no\/kunder\/\">Utforsk v\u00e5re kundehistorier her.<\/a><\/p>\n\n\n<section \n    class=\"relative pt-20 md:pt-32 pb-12 md:pb-20\">\n            <div\n        class=\"-z-50 pointer-events-none absolute left-1\/2 w-screen -translate-x-1\/2 bg-gradient-to-b from-white to-tetriary top-0 bottom-0\">\n    <\/div>\n            <div class=\"content-wrap\">\n        <h2 class=\"h1 font-bold text-center\">Har du sp\u00f8rsm\u00e5l? Ta kontakt!<\/h2>\n        <p class=\"text-center md:text-xl\">Interessert i \u00e5 bli forhandler eller \u00f8nsker mer informasjon? Teamet v\u00e5rt er her for \u00e5 hjelpe deg gjennom hele prosessen. Enten du trenger flere detaljer eller vil diskutere partnerskapsmuligheter, er vi bare et klikk unna.<\/p>\n        <a href=\"https:\/\/imagebank.staging.mediasignal.dev\/no\/kontakt\/\" target=\"\"\n            class=\"flex text-white font-bold h-fit w-fit p-4 rounded-lg bg-gradient-to-r from-primary to-secondary transition ease-in-out hover:scale-105 duration-300 mx-auto\">\n            Kontakt oss\n        <\/a>\n        <img decoding=\"async\" class=\"hidden md:block absolute max-w-96 top-0 -left-60 bottom-0 max-h-full\"\n            src=\"\/wp-content\/themes\/imagebank\/assets\/images\/muoto.webp\" alt=\"Purple twisting shape\" \/>\n    <\/div>\n    <\/section>\n\n","protected":false},"excerpt":{"rendered":"<p>Betrodd av bransjeledere \u2013 p\u00e5 tvers av sektorer og landegrenser ImageBank X er betrodd av over 150 organisasjoner p\u00e5 tvers av ulike bransjer \u2013 fra globale forbrukermerker og utdanningsinstitusjoner til kommuner, energiselskaper og ledende industribedrifter. V\u00e5r DAM-l\u00f8sning st\u00f8tter merker som Suunto, Vitamin Well, Kalevala og Bj\u00f6rn Ax\u00e9n i \u00e5 opprettholde en konsekvent merkevareidentitet og forbedre [&hellip;]<\/p>\n","protected":false},"author":1,"featured_media":7278,"parent":7283,"menu_order":0,"comment_status":"closed","ping_status":"closed","template":"","meta":{"_acf_changed":false,"_improvement_type_select":"improve_an_existing","_thumb_yes_seoaic":false,"_frame_yes_seoaic":false,"seoaic_generate_description":"","seoaic_improve_instructions_prompt":"","seoaic_rollback_content_improvement":"","seoaic_idea_thumbnail_generator":"","thumbnail_generated":false,"thumbnail_generate_prompt":"","seoaic_article_description":"","footnotes":""},"class_list":["post-7277","page","type-page","status-publish","has-post-thumbnail","hentry"],"acf":[],"yoast_head":"<!-- This site is optimized with the Yoast SEO plugin v25.2 - https:\/\/yoast.com\/wordpress\/plugins\/seo\/ -->\n<title>Bli partner med ImageBank X | Tilby en skalerbar DAM-l\u00f8sning<\/title>\n<meta name=\"description\" content=\"Klar for \u00e5 utvide virksomheten med DAM-l\u00f8sning? Bli DAM-partner, s\u00e5 kan vi sammen forandre hvordan bedrifter h\u00e5ndterer digitale eiendeler.\" \/>\n<meta name=\"robots\" content=\"index, follow, max-snippet:-1, max-image-preview:large, max-video-preview:-1\" \/>\n<link rel=\"canonical\" href=\"https:\/\/imagebank.staging.mediasignal.dev\/no\/ressurser\/partner\/\" \/>\n<meta property=\"og:locale\" content=\"nb_NO\" \/>\n<meta property=\"og:type\" content=\"article\" \/>\n<meta property=\"og:title\" content=\"Bli partner med ImageBank X | Tilby en skalerbar DAM-l\u00f8sning\" \/>\n<meta property=\"og:description\" content=\"Klar for \u00e5 utvide virksomheten med DAM-l\u00f8sning? Bli DAM-partner, s\u00e5 kan vi sammen forandre hvordan bedrifter h\u00e5ndterer digitale eiendeler.\" \/>\n<meta property=\"og:url\" content=\"https:\/\/imagebank.staging.mediasignal.dev\/no\/ressurser\/partner\/\" \/>\n<meta property=\"og:site_name\" content=\"ImageBank X DAM\" \/>\n<meta property=\"article:modified_time\" content=\"2025-06-18T12:04:11+00:00\" \/>\n<meta property=\"og:image\" content=\"https:\/\/imagebank.staging.mediasignal.dev\/app\/uploads\/2025\/03\/Hero-10.webp\" \/>\n\t<meta property=\"og:image:width\" content=\"978\" \/>\n\t<meta property=\"og:image:height\" content=\"1207\" \/>\n\t<meta property=\"og:image:type\" content=\"image\/webp\" \/>\n<meta name=\"twitter:card\" content=\"summary_large_image\" \/>\n<meta name=\"twitter:label1\" content=\"Est. reading time\" \/>\n\t<meta name=\"twitter:data1\" content=\"2 minutes\" \/>\n<script type=\"application\/ld+json\" class=\"yoast-schema-graph\">{\"@context\":\"https:\/\/schema.org\",\"@graph\":[{\"@type\":\"WebPage\",\"@id\":\"https:\/\/imagebank.staging.mediasignal.dev\/no\/ressurser\/partner\/\",\"url\":\"https:\/\/imagebank.staging.mediasignal.dev\/no\/ressurser\/partner\/\",\"name\":\"Bli partner med ImageBank X | Tilby en skalerbar DAM-l\u00f8sning\",\"isPartOf\":{\"@id\":\"https:\/\/imagebank.staging.mediasignal.dev\/no\/#website\"},\"primaryImageOfPage\":{\"@id\":\"https:\/\/imagebank.staging.mediasignal.dev\/no\/ressurser\/partner\/#primaryimage\"},\"image\":{\"@id\":\"https:\/\/imagebank.staging.mediasignal.dev\/no\/ressurser\/partner\/#primaryimage\"},\"thumbnailUrl\":\"https:\/\/imagebank.staging.mediasignal.dev\/wp-content\/uploads\/2025\/03\/Hero-10.webp\",\"datePublished\":\"2025-03-18T13:47:31+00:00\",\"dateModified\":\"2025-06-18T12:04:11+00:00\",\"description\":\"Klar for \u00e5 utvide virksomheten med DAM-l\u00f8sning? Bli DAM-partner, s\u00e5 kan vi sammen forandre hvordan bedrifter h\u00e5ndterer digitale eiendeler.\",\"breadcrumb\":{\"@id\":\"https:\/\/imagebank.staging.mediasignal.dev\/no\/ressurser\/partner\/#breadcrumb\"},\"inLanguage\":\"nb-NO\",\"potentialAction\":[{\"@type\":\"ReadAction\",\"target\":[\"https:\/\/imagebank.staging.mediasignal.dev\/no\/ressurser\/partner\/\"]}]},{\"@type\":\"ImageObject\",\"inLanguage\":\"nb-NO\",\"@id\":\"https:\/\/imagebank.staging.mediasignal.dev\/no\/ressurser\/partner\/#primaryimage\",\"url\":\"https:\/\/imagebank.staging.mediasignal.dev\/wp-content\/uploads\/2025\/03\/Hero-10.webp\",\"contentUrl\":\"https:\/\/imagebank.staging.mediasignal.dev\/wp-content\/uploads\/2025\/03\/Hero-10.webp\",\"width\":978,\"height\":1207,\"caption\":\"ImageBank X offers a partner program to help businesses grow by providing DAM services.\"},{\"@type\":\"BreadcrumbList\",\"@id\":\"https:\/\/imagebank.staging.mediasignal.dev\/no\/ressurser\/partner\/#breadcrumb\",\"itemListElement\":[{\"@type\":\"ListItem\",\"position\":1,\"name\":\"Home\",\"item\":\"https:\/\/imagebank.staging.mediasignal.dev\/no\/\"},{\"@type\":\"ListItem\",\"position\":2,\"name\":\"Ressurser\",\"item\":\"https:\/\/imagebank.staging.mediasignal.dev\/no\/ressurser\/\"},{\"@type\":\"ListItem\",\"position\":3,\"name\":\"Partner\"}]},{\"@type\":\"WebSite\",\"@id\":\"https:\/\/imagebank.staging.mediasignal.dev\/no\/#website\",\"url\":\"https:\/\/imagebank.staging.mediasignal.dev\/no\/\",\"name\":\"ImageBank X\",\"description\":\"\",\"publisher\":{\"@id\":\"https:\/\/imagebank.staging.mediasignal.dev\/no\/#organization\"},\"potentialAction\":[{\"@type\":\"SearchAction\",\"target\":{\"@type\":\"EntryPoint\",\"urlTemplate\":\"https:\/\/imagebank.staging.mediasignal.dev\/no\/?s={search_term_string}\"},\"query-input\":{\"@type\":\"PropertyValueSpecification\",\"valueRequired\":true,\"valueName\":\"search_term_string\"}}],\"inLanguage\":\"nb-NO\"},{\"@type\":\"Organization\",\"@id\":\"https:\/\/imagebank.staging.mediasignal.dev\/no\/#organization\",\"name\":\"ImageBank X\",\"url\":\"https:\/\/imagebank.staging.mediasignal.dev\/no\/\",\"logo\":{\"@type\":\"ImageObject\",\"inLanguage\":\"nb-NO\",\"@id\":\"https:\/\/imagebank.staging.mediasignal.dev\/no\/#\/schema\/logo\/image\/\",\"url\":\"https:\/\/imagebank.staging.mediasignal.dev\/app\/uploads\/2025\/03\/cropped-favicon.png\",\"contentUrl\":\"https:\/\/imagebank.staging.mediasignal.dev\/app\/uploads\/2025\/03\/cropped-favicon.png\",\"width\":512,\"height\":512,\"caption\":\"ImageBank X\"},\"image\":{\"@id\":\"https:\/\/imagebank.staging.mediasignal.dev\/no\/#\/schema\/logo\/image\/\"},\"sameAs\":[\"https:\/\/linkedin.com\/imagebank-independent\"]}]}<\/script>\n<!-- \/ Yoast SEO plugin. -->","yoast_head_json":{"title":"Bli partner med ImageBank X | Tilby en skalerbar DAM-l\u00f8sning","description":"Klar for \u00e5 utvide virksomheten med DAM-l\u00f8sning? Bli DAM-partner, s\u00e5 kan vi sammen forandre hvordan bedrifter h\u00e5ndterer digitale eiendeler.","robots":{"index":"index","follow":"follow","max-snippet":"max-snippet:-1","max-image-preview":"max-image-preview:large","max-video-preview":"max-video-preview:-1"},"canonical":"https:\/\/imagebank.staging.mediasignal.dev\/no\/ressurser\/partner\/","og_locale":"nb_NO","og_type":"article","og_title":"Bli partner med ImageBank X | Tilby en skalerbar DAM-l\u00f8sning","og_description":"Klar for \u00e5 utvide virksomheten med DAM-l\u00f8sning? Bli DAM-partner, s\u00e5 kan vi sammen forandre hvordan bedrifter h\u00e5ndterer digitale eiendeler.","og_url":"https:\/\/imagebank.staging.mediasignal.dev\/no\/ressurser\/partner\/","og_site_name":"ImageBank X DAM","article_modified_time":"2025-06-18T12:04:11+00:00","og_image":[{"width":978,"height":1207,"url":"https:\/\/imagebank.staging.mediasignal.dev\/app\/uploads\/2025\/03\/Hero-10.webp","type":"image\/webp"}],"twitter_card":"summary_large_image","twitter_misc":{"Est. reading time":"2 minutes"},"schema":{"@context":"https:\/\/schema.org","@graph":[{"@type":"WebPage","@id":"https:\/\/imagebank.staging.mediasignal.dev\/no\/ressurser\/partner\/","url":"https:\/\/imagebank.staging.mediasignal.dev\/no\/ressurser\/partner\/","name":"Bli partner med ImageBank X | Tilby en skalerbar DAM-l\u00f8sning","isPartOf":{"@id":"https:\/\/imagebank.staging.mediasignal.dev\/no\/#website"},"primaryImageOfPage":{"@id":"https:\/\/imagebank.staging.mediasignal.dev\/no\/ressurser\/partner\/#primaryimage"},"image":{"@id":"https:\/\/imagebank.staging.mediasignal.dev\/no\/ressurser\/partner\/#primaryimage"},"thumbnailUrl":"https:\/\/imagebank.staging.mediasignal.dev\/wp-content\/uploads\/2025\/03\/Hero-10.webp","datePublished":"2025-03-18T13:47:31+00:00","dateModified":"2025-06-18T12:04:11+00:00","description":"Klar for \u00e5 utvide virksomheten med DAM-l\u00f8sning? Bli DAM-partner, s\u00e5 kan vi sammen forandre hvordan bedrifter h\u00e5ndterer digitale eiendeler.","breadcrumb":{"@id":"https:\/\/imagebank.staging.mediasignal.dev\/no\/ressurser\/partner\/#breadcrumb"},"inLanguage":"nb-NO","potentialAction":[{"@type":"ReadAction","target":["https:\/\/imagebank.staging.mediasignal.dev\/no\/ressurser\/partner\/"]}]},{"@type":"ImageObject","inLanguage":"nb-NO","@id":"https:\/\/imagebank.staging.mediasignal.dev\/no\/ressurser\/partner\/#primaryimage","url":"https:\/\/imagebank.staging.mediasignal.dev\/wp-content\/uploads\/2025\/03\/Hero-10.webp","contentUrl":"https:\/\/imagebank.staging.mediasignal.dev\/wp-content\/uploads\/2025\/03\/Hero-10.webp","width":978,"height":1207,"caption":"ImageBank X offers a partner program to help businesses grow by providing DAM services."},{"@type":"BreadcrumbList","@id":"https:\/\/imagebank.staging.mediasignal.dev\/no\/ressurser\/partner\/#breadcrumb","itemListElement":[{"@type":"ListItem","position":1,"name":"Home","item":"https:\/\/imagebank.staging.mediasignal.dev\/no\/"},{"@type":"ListItem","position":2,"name":"Ressurser","item":"https:\/\/imagebank.staging.mediasignal.dev\/no\/ressurser\/"},{"@type":"ListItem","position":3,"name":"Partner"}]},{"@type":"WebSite","@id":"https:\/\/imagebank.staging.mediasignal.dev\/no\/#website","url":"https:\/\/imagebank.staging.mediasignal.dev\/no\/","name":"ImageBank X","description":"","publisher":{"@id":"https:\/\/imagebank.staging.mediasignal.dev\/no\/#organization"},"potentialAction":[{"@type":"SearchAction","target":{"@type":"EntryPoint","urlTemplate":"https:\/\/imagebank.staging.mediasignal.dev\/no\/?s={search_term_string}"},"query-input":{"@type":"PropertyValueSpecification","valueRequired":true,"valueName":"search_term_string"}}],"inLanguage":"nb-NO"},{"@type":"Organization","@id":"https:\/\/imagebank.staging.mediasignal.dev\/no\/#organization","name":"ImageBank X","url":"https:\/\/imagebank.staging.mediasignal.dev\/no\/","logo":{"@type":"ImageObject","inLanguage":"nb-NO","@id":"https:\/\/imagebank.staging.mediasignal.dev\/no\/#\/schema\/logo\/image\/","url":"https:\/\/imagebank.staging.mediasignal.dev\/app\/uploads\/2025\/03\/cropped-favicon.png","contentUrl":"https:\/\/imagebank.staging.mediasignal.dev\/app\/uploads\/2025\/03\/cropped-favicon.png","width":512,"height":512,"caption":"ImageBank X"},"image":{"@id":"https:\/\/imagebank.staging.mediasignal.dev\/no\/#\/schema\/logo\/image\/"},"sameAs":["https:\/\/linkedin.com\/imagebank-independent"]}]}},"_links":{"self":[{"href":"https:\/\/imagebank.staging.mediasignal.dev\/no\/wp-json\/wp\/v2\/pages\/7277","targetHints":{"allow":["GET"]}}],"collection":[{"href":"https:\/\/imagebank.staging.mediasignal.dev\/no\/wp-json\/wp\/v2\/pages"}],"about":[{"href":"https:\/\/imagebank.staging.mediasignal.dev\/no\/wp-json\/wp\/v2\/types\/page"}],"author":[{"embeddable":true,"href":"https:\/\/imagebank.staging.mediasignal.dev\/no\/wp-json\/wp\/v2\/users\/1"}],"replies":[{"embeddable":true,"href":"https:\/\/imagebank.staging.mediasignal.dev\/no\/wp-json\/wp\/v2\/comments?post=7277"}],"version-history":[{"count":6,"href":"https:\/\/imagebank.staging.mediasignal.dev\/no\/wp-json\/wp\/v2\/pages\/7277\/revisions"}],"predecessor-version":[{"id":8463,"href":"https:\/\/imagebank.staging.mediasignal.dev\/no\/wp-json\/wp\/v2\/pages\/7277\/revisions\/8463"}],"up":[{"embeddable":true,"href":"https:\/\/imagebank.staging.mediasignal.dev\/no\/wp-json\/wp\/v2\/pages\/7283"}],"wp:featuredmedia":[{"embeddable":true,"href":"https:\/\/imagebank.staging.mediasignal.dev\/no\/wp-json\/wp\/v2\/media\/7278"}],"wp:attachment":[{"href":"https:\/\/imagebank.staging.mediasignal.dev\/no\/wp-json\/wp\/v2\/media?parent=7277"}],"curies":[{"name":"wp","href":"https:\/\/api.w.org\/{rel}","templated":true}]}}