{"id":9934,"date":"2025-09-26T09:25:49","date_gmt":"2025-09-26T09:25:49","guid":{"rendered":"https:\/\/imagebank.staging.mediasignal.dev\/?page_id=9934"},"modified":"2025-10-01T09:14:20","modified_gmt":"2025-10-01T09:14:20","slug":"testaa-onko-sisallonhallintanne-kunnossa","status":"publish","type":"page","link":"https:\/\/imagebank.staging.mediasignal.dev\/fi\/testaa-onko-sisallonhallintanne-kunnossa\/","title":{"rendered":"Testaa onko sis\u00e4ll\u00f6nhallintanne kunnossa!"},"content":{"rendered":"<div \n    class=\"relative flex flex-col xs:flex-row py-14\">\n        <div\n        class=\"-z-50 pointer-events-none absolute left-1\/2 w-screen -translate-x-1\/2  bg-gradient-to-t from-white to-tetriary -top-14 bottom-0\">\n    <\/div>\n    <div class=\"relative z-10 md:mt-10 lg:mt-20 xs:w-3\/5\">\n                <div class=\"border border-white text-white rounded-full w-fit px-4 py-2 mb-4\">\n            Checklist\n        <\/div>\n                <h1 class=\"z-10 mb-8 font-extrabold text-4xl sm:text-5xl md:text-7xl xl:text-8xl text-primary\">\n            Testaa onko sis\u00e4ll\u00f6nhallintanne kunnossa!\n        <\/h1>\n                <p class=\"mb-6\">\n            Tuntuuko, ett\u00e4 sis\u00e4ll\u00f6nhallinta vie liikaa aikaa ja aiheuttaa turhaa tuplaty\u00f6t\u00e4? Haluaisitteko l\u00e4hte\u00e4 rakentamaan tehokkaampia ja organisoidumpia sis\u00e4ll\u00f6nhallinnan prosesseja, mutta ette tied\u00e4, miten l\u00e4hte\u00e4 ratkomaan nykyisi\u00e4 pullonkauloja? Olemme koostaneet juuri t\u00e4h\u00e4n haasteeseen sis\u00e4ll\u00f6nhallinnan checklistin, jonka avulla\n            <span class=\"font-bold text-transparent bg-gradient-to-r from-primary to-secondary bg-clip-text\">\n                voit m\u00e4\u00e4ritt\u00e4\u00e4 nykyiset haasteet sek\u00e4 saat ratkaisun jokaiseen haasteeseen!\n            <\/span>\n        <\/p>\n                    <\/div>\n        <div class=\"hidden xs:block relative -z-10 w-2\/5 -my-12\">\n        <img class=\"absolute bottom-0 left-0 -top-8 min-w-full max-w-none h-full object-contain\"\n            srcset=\"https:\/\/imagebank.staging.mediasignal.dev\/wp-content\/uploads\/2025\/10\/ImageBankX-Checklist-300x280.webp 300w, https:\/\/imagebank.staging.mediasignal.dev\/wp-content\/uploads\/2025\/10\/ImageBankX-Checklist.webp 526w\" alt=\"Sis\u00e4ll\u00f6nhallinnan checklistin avulla voit testata mihin aineistonhallinnassa teid\u00e4n organisaatiossa kuluu aikaa\" \/>\n    <\/div>\n    <div class=\"block xs:hidden\">\n        <img srcset=\"https:\/\/imagebank.staging.mediasignal.dev\/wp-content\/uploads\/2025\/10\/ImageBankX-Checklist-300x280.webp 300w, https:\/\/imagebank.staging.mediasignal.dev\/wp-content\/uploads\/2025\/10\/ImageBankX-Checklist.webp 526w\" alt=\"Sis\u00e4ll\u00f6nhallinnan checklistin avulla voit testata mihin aineistonhallinnassa teid\u00e4n organisaatiossa kuluu aikaa\" \/>\n    <\/div>\n    <\/div>\n\n<div style=\"height: 4rem;\"><\/div>\n\n\n\n<div class=\"wp-block-columns is-layout-flex wp-container-core-columns-is-layout-9d6595d7 wp-block-columns-is-layout-flex\">\n<div class=\"wp-block-column is-layout-flow wp-block-column-is-layout-flow\">\n<script src=\"https:\/\/js.hsforms.net\/forms\/embed\/20093147.js\" defer><\/script>\n<div class=\"hs-form-frame\" data-region=\"na1\" data-form-id=\"874e6756-b71c-484c-abd1-0e0e2acefbad\" data-portal-id=\"20093147\"><\/div>\n<\/div>\n\n\n\n<div class=\"wp-block-column is-layout-flow wp-block-column-is-layout-flow\"><div style=\"height: 4rem;\"><\/div>\n\n\n\n<figure class=\"wp-block-video\"><video height=\"1080\" style=\"aspect-ratio: 1920 \/ 1080;\" width=\"1920\" controls src=\"https:\/\/imagebank.staging.mediasignal.dev\/app\/uploads\/2025\/09\/checklist-video.mp4\"><\/video><\/figure>\n<\/div>\n<\/div>\n\n\n<div style=\"height: 4rem;\"><\/div>\n\n\n\n<h2 class=\"wp-block-heading has-text-align-center\"><strong>Miksi sis\u00e4ll\u00f6nhallintaan kannattaa panostaa?<\/strong><\/h2>\n\n\n\n<p>Sis\u00e4ll\u00f6n m\u00e4\u00e4r\u00e4 kasvaa vauhdilla, esimerkiksi kuvat, videot, ohjeistukset ja kampanjamateriaalit liikkuvat p\u00e4ivitt\u00e4in eri kanavissa sek\u00e4 ulkoisten ja sis\u00e4isten tiimien v\u00e4lill\u00e4. Jos aineistojen hallinnassa ei k\u00e4ytet\u00e4 oikeita ty\u00f6v\u00e4lineit\u00e4, seurauksena on helposti:<\/p>\n\n\n\n<ul class=\"wp-block-list\">\n<li>Tuplaty\u00f6t\u00e4 ja hukattua aikaa<\/li>\n\n\n\n<li>Ep\u00e4selvyyksi\u00e4, mik\u00e4 versio materiaalista on uusin<\/li>\n\n\n\n<li>Vaikeuksia l\u00f6yt\u00e4\u00e4 tarvittavat aineistot<\/li>\n\n\n\n<li>Riskej\u00e4 tietoturvan ja br\u00e4ndin johdonmukaisuuden kanssa<\/li>\n<\/ul>\n\n\n\n<p>Kun panostat sis\u00e4ll\u00f6nhallintaan, hy\u00f6dyt n\u00e4kyv\u00e4t heti arjessa:<\/p>\n\n\n\n<ul class=\"wp-block-list\">\n<li><strong>Nopeampi ty\u00f6skentely: <\/strong>aineistot l\u00f6ytyv\u00e4t sekunneissa yhdest\u00e4 paikasta. <\/li>\n\n\n\n<li><strong>Yhten\u00e4inen br\u00e4ndi:<\/strong> kaikki tiimit ja kumppanit k\u00e4ytt\u00e4v\u00e4t samoja, ajantasaisia materiaaleja.<\/li>\n\n\n\n<li><strong>Parempi yhteisty\u00f6:<\/strong> sis\u00e4ll\u00f6t ovat helposti jaettavissa sis\u00e4isesti ja ulkoisesti.<\/li>\n\n\n\n<li><strong>Turvallisuus ja hallinta:<\/strong> p\u00e4\u00e4set itse m\u00e4\u00e4rittelem\u00e4\u00e4n kuka n\u00e4kee, muokkaa tai jakaa aineistoja.<\/li>\n<\/ul>\n\n\n\n<p>Hyvin organisoitu sis\u00e4ll\u00f6nhallinta ei siis ole vain markkinoinnin tuki, vaan koko organisaation tehokkuutta ja kilpailukyky\u00e4 vahvistava tekij\u00e4.<\/p>\n\n\n<div style=\"height: 4rem;\"><\/div>\n\n\n<section \n    class=\"relative py-14\">\n            <div class=\"flex gap-6 justify-between flex-col md:flex-row bg-black text-white rounded-xl p-6 md:py-12 md:px-10\">\n        <div>\n            <h3 class=\"font-bold\">Katso webinaarin tallenne: Miten sel\u00e4tt\u00e4\u00e4 sis\u00e4ll\u00f6nhallinnan kaaos?<\/h3>\n                        <div class=\"flex\">\n                <span class=\"min-w-5 min-h-5 mr-2 mt-1\">\n                    <svg xmlns=\"http:\/\/www.w3.org\/2000\/svg\" fill=\"none\" viewBox=\"0 0 24 24\" stroke-width=\"1.5\" stroke=\"currentColor\" class=\"size-6\">\n  <path stroke-linecap=\"round\" stroke-linejoin=\"round\" d=\"m4.5 12.75 6 6 9-13.5\" \/>\n<\/svg>\n\n                <\/span>\n                <p class=\"m-0\">Mitk\u00e4 ovat juuri syyt sis\u00e4ll\u00f6nhallinnan ongelmiin ja mit\u00e4 niist\u00e4 seuraa?<\/p>\n            <\/div>\n                        <div class=\"flex\">\n                <span class=\"min-w-5 min-h-5 mr-2 mt-1\">\n                    <svg xmlns=\"http:\/\/www.w3.org\/2000\/svg\" fill=\"none\" viewBox=\"0 0 24 24\" stroke-width=\"1.5\" stroke=\"currentColor\" class=\"size-6\">\n  <path stroke-linecap=\"round\" stroke-linejoin=\"round\" d=\"m4.5 12.75 6 6 9-13.5\" \/>\n<\/svg>\n\n                <\/span>\n                <p class=\"m-0\">Nappaa vinkit aineistojen organisointiin, jakeluun ja yhteisty\u00f6h\u00f6n kokeneilta asiantuntijoiltamme.<\/p>\n            <\/div>\n                    <\/div>\n        <a href=\"https:\/\/imagebank.staging.mediasignal.dev\/fi\/osallistu-webinaariin\/\" target=\"\"\n            class=\"flex font-bold self-center h-fit w-fit p-4 rounded-lg bg-gradient-to-r from-primary to-secondary transition ease-in-out hover:scale-105 duration-300\">\n            Katso tallenne\n        <\/a>\n    <\/div>\n    <\/section>\n\n\n\n<div style=\"height: 4rem;\"><\/div>\n\n\n\n<section class=\"relative\" >\n        <div\n        class=\"-z-50 pointer-events-none absolute left-1\/2 w-screen -translate-x-1\/2 bg-gradient-to-b from-white to-tetriary top-0 bottom-0\">\n    <\/div>\n    <div class=\"flex flex-wrap gap-4 pt-12 pb-20\">\n        \n        <div class=\"flex-1 min-w-64 transition ease-in-out hover:scale-102 duration-300\">\n            <a href=\"https:\/\/imagebank.staging.mediasignal.dev\/fi\/blogit\/miksi-sisallonhallinta-kannattaa-4-vinkkia-tehokkaaseen-sisallonhallintaan\/\" aria-label=\"Miksi sis\u00e4ll\u00f6nhallinta kannattaa? 4 vinkki\u00e4 tehokkaaseen sis\u00e4ll\u00f6nhallintaan\">\n                <img decoding=\"async\" class=\"h-60 w-full object-cover\" src=\"https:\/\/imagebank.staging.mediasignal.dev\/wp-content\/uploads\/2025\/03\/Why_Content_Organization_Matters.webp\"\n                    alt=\"Sis\u00e4ll\u00f6nhallintaty\u00f6kalu osana arkea ja suoraan mediapankissa\" \/>\n                <div class=\"bg-white p-8 rounded-b-xl text-center\">\n                    <p class=\"text-black text-lg font-bold mb-12\">Miksi sis\u00e4ll\u00f6nhallinta kannattaa? 4 vinkki\u00e4 tehokkaaseen sis\u00e4ll\u00f6nhallintaan<\/p>\n                    <p class=\"text-lg underline mb-0\">Lue lis\u00e4\u00e4<\/p>\n                <\/div>\n            <\/a>\n        <\/div>\n        \n        <div class=\"flex-1 min-w-64 transition ease-in-out hover:scale-102 duration-300\">\n            <a href=\"https:\/\/imagebank.staging.mediasignal.dev\/fi\/blogit\/tehokkaampi-tapa-jakaa-brandimateriaalia-uusi-brand-portal-mediapankissa\/\" aria-label=\"Tehokkaampi tapa jakaa br\u00e4ndimateriaalia - uusi Brand Portal mediapankissa\">\n                <img decoding=\"async\" class=\"h-60 w-full object-cover\" src=\"https:\/\/imagebank.staging.mediasignal.dev\/wp-content\/uploads\/2025\/03\/Why-DAM-is-important-in-an-increasingly-digital-world.webp\"\n                    alt=\"Why-DAM-is-important-in-an-increasingly-digital-world\" \/>\n                <div class=\"bg-white p-8 rounded-b-xl text-center\">\n                    <p class=\"text-black text-lg font-bold mb-12\">Tehokkaampi tapa jakaa br\u00e4ndimateriaalia &#8211; uusi Brand Portal mediapankissa<\/p>\n                    <p class=\"text-lg underline mb-0\">Lue lis\u00e4\u00e4<\/p>\n                <\/div>\n            <\/a>\n        <\/div>\n        \n        <div class=\"flex-1 min-w-64 transition ease-in-out hover:scale-102 duration-300\">\n            <a href=\"https:\/\/imagebank.staging.mediasignal.dev\/fi\/blogit\/kayttolupien-hallintatyokalu-nain-aineistojen-kayttoluvat-ovat-aina-ajan-tasalla\/\" aria-label=\"K\u00e4ytt\u00f6lupien hallintaty\u00f6kalu: N\u00e4in aineistojen k\u00e4ytt\u00f6luvat ovat aina ajan tasalla\">\n                <img decoding=\"async\" class=\"h-60 w-full object-cover\" src=\"https:\/\/imagebank.staging.mediasignal.dev\/wp-content\/uploads\/2025\/03\/Simplify_the_assets_access_process_with_the_permissions_management_tool.webp\"\n                    alt=\"Pid\u00e4 aineistot ajankohtaisina ja GDPR:n mukaisina k\u00e4ytt\u00f6lupien hallintaty\u00f6kalulla\" \/>\n                <div class=\"bg-white p-8 rounded-b-xl text-center\">\n                    <p class=\"text-black text-lg font-bold mb-12\">K\u00e4ytt\u00f6lupien hallintaty\u00f6kalu: N\u00e4in aineistojen k\u00e4ytt\u00f6luvat ovat aina ajan tasalla<\/p>\n                    <p class=\"text-lg underline mb-0\">Lue lis\u00e4\u00e4<\/p>\n                <\/div>\n            <\/a>\n        <\/div>\n            <\/div>\n<\/section>\n\n<div style=\"height: 4rem;\"><\/div>\n\n\n<section \n    class=\"relative pt-20 md:pt-32 pb-12 md:pb-20\">\n            <div\n        class=\"-z-50 pointer-events-none absolute left-1\/2 w-screen -translate-x-1\/2 bg-gradient-to-b from-white to-tetriary top-0 bottom-0\">\n    <\/div>\n            <div class=\"content-wrap\">\n        <h2 class=\"h1 font-bold text-center\">Jutellaanko?<\/h2>\n        <p class=\"text-center md:text-xl\">Haluatko tiet\u00e4\u00e4 lis\u00e4\u00e4, miten ImageBank X tukee juuri teid\u00e4n organisaation aineistonhallinnan tarpeita? Autamme mielell\u00e4mme.<\/p>\n        <a href=\"https:\/\/imagebank.staging.mediasignal.dev\/fi\/ota-yhteytta\/\" target=\"\"\n            class=\"flex text-white font-bold h-fit w-fit p-4 rounded-lg bg-gradient-to-r from-primary to-secondary transition ease-in-out hover:scale-105 duration-300 mx-auto\">\n            Laita meille viesti\u00e4\n        <\/a>\n        <img decoding=\"async\" class=\"hidden md:block absolute max-w-96 top-0 -left-60 bottom-0 max-h-full\"\n            src=\"\/wp-content\/themes\/imagebank\/assets\/images\/muoto.webp\" alt=\"Purple twisting shape\" \/>\n    <\/div>\n    <\/section>\n\n","protected":false},"excerpt":{"rendered":"<p>Miksi sis\u00e4ll\u00f6nhallintaan kannattaa panostaa? Sis\u00e4ll\u00f6n m\u00e4\u00e4r\u00e4 kasvaa vauhdilla, esimerkiksi kuvat, videot, ohjeistukset ja kampanjamateriaalit liikkuvat p\u00e4ivitt\u00e4in eri kanavissa sek\u00e4 ulkoisten ja sis\u00e4isten tiimien v\u00e4lill\u00e4. Jos aineistojen hallinnassa ei k\u00e4ytet\u00e4 oikeita ty\u00f6v\u00e4lineit\u00e4, seurauksena on helposti: Kun panostat sis\u00e4ll\u00f6nhallintaan, hy\u00f6dyt n\u00e4kyv\u00e4t heti arjessa: Hyvin organisoitu sis\u00e4ll\u00f6nhallinta ei siis ole vain markkinoinnin tuki, vaan koko organisaation tehokkuutta ja [&hellip;]<\/p>\n","protected":false},"author":1,"featured_media":10069,"parent":0,"menu_order":0,"comment_status":"closed","ping_status":"closed","template":"","meta":{"_acf_changed":false,"_improvement_type_select":"improve_an_existing","_thumb_yes_seoaic":false,"_frame_yes_seoaic":false,"seoaic_generate_description":"","seoaic_improve_instructions_prompt":"","seoaic_rollback_content_improvement":"","seoaic_idea_thumbnail_generator":"","thumbnail_generated":false,"thumbnail_generate_prompt":"","seoaic_article_description":"","footnotes":""},"class_list":["post-9934","page","type-page","status-publish","has-post-thumbnail","hentry"],"acf":[],"yoast_head":"<!-- This site is optimized with the Yoast SEO plugin v25.2 - https:\/\/yoast.com\/wordpress\/plugins\/seo\/ -->\n<title>Sis\u00e4ll\u00f6nhallinta kuntoon: lataa k\u00e4yt\u00e4nn\u00f6nl\u00e4heinen checklist I ImageBank X<\/title>\n<meta name=\"description\" content=\"Testaa onko organisaationne sis\u00e4ll\u00f6nhallinta kunnossa. M\u00e4\u00e4rit\u00e4 eniten aikaa viev\u00e4t pullonkaulat ja toimivat ratkaisut. Lataa checklist!\" \/>\n<meta name=\"robots\" content=\"index, follow, max-snippet:-1, max-image-preview:large, max-video-preview:-1\" \/>\n<link rel=\"canonical\" href=\"https:\/\/imagebank.staging.mediasignal.dev\/fi\/testaa-onko-sisallonhallintanne-kunnossa\/\" \/>\n<meta property=\"og:locale\" content=\"fi_FI\" \/>\n<meta property=\"og:type\" content=\"article\" \/>\n<meta property=\"og:title\" content=\"Sis\u00e4ll\u00f6nhallinta kuntoon: lataa k\u00e4yt\u00e4nn\u00f6nl\u00e4heinen checklist I ImageBank X\" \/>\n<meta property=\"og:description\" content=\"Testaa onko organisaationne sis\u00e4ll\u00f6nhallinta kunnossa. M\u00e4\u00e4rit\u00e4 eniten aikaa viev\u00e4t pullonkaulat ja toimivat ratkaisut. Lataa checklist!\" \/>\n<meta property=\"og:url\" content=\"https:\/\/imagebank.staging.mediasignal.dev\/fi\/testaa-onko-sisallonhallintanne-kunnossa\/\" \/>\n<meta property=\"og:site_name\" content=\"ImageBank X DAM\" \/>\n<meta property=\"article:modified_time\" content=\"2025-10-01T09:14:20+00:00\" \/>\n<meta property=\"og:image\" content=\"https:\/\/imagebank.staging.mediasignal.dev\/app\/uploads\/2025\/10\/ImageBankX-Checklist.webp\" \/>\n\t<meta property=\"og:image:width\" content=\"526\" \/>\n\t<meta property=\"og:image:height\" content=\"491\" \/>\n\t<meta property=\"og:image:type\" content=\"image\/webp\" \/>\n<meta name=\"twitter:card\" content=\"summary_large_image\" \/>\n<meta name=\"twitter:label1\" content=\"Est. reading time\" \/>\n\t<meta name=\"twitter:data1\" content=\"1 minute\" \/>\n<script type=\"application\/ld+json\" class=\"yoast-schema-graph\">{\"@context\":\"https:\/\/schema.org\",\"@graph\":[{\"@type\":\"WebPage\",\"@id\":\"https:\/\/imagebank.staging.mediasignal.dev\/fi\/testaa-onko-sisallonhallintanne-kunnossa\/\",\"url\":\"https:\/\/imagebank.staging.mediasignal.dev\/fi\/testaa-onko-sisallonhallintanne-kunnossa\/\",\"name\":\"Sis\u00e4ll\u00f6nhallinta kuntoon: lataa k\u00e4yt\u00e4nn\u00f6nl\u00e4heinen checklist I ImageBank X\",\"isPartOf\":{\"@id\":\"https:\/\/imagebank.staging.mediasignal.dev\/fi\/#website\"},\"primaryImageOfPage\":{\"@id\":\"https:\/\/imagebank.staging.mediasignal.dev\/fi\/testaa-onko-sisallonhallintanne-kunnossa\/#primaryimage\"},\"image\":{\"@id\":\"https:\/\/imagebank.staging.mediasignal.dev\/fi\/testaa-onko-sisallonhallintanne-kunnossa\/#primaryimage\"},\"thumbnailUrl\":\"https:\/\/imagebank.staging.mediasignal.dev\/wp-content\/uploads\/2025\/10\/ImageBankX-Checklist.webp\",\"datePublished\":\"2025-09-26T09:25:49+00:00\",\"dateModified\":\"2025-10-01T09:14:20+00:00\",\"description\":\"Testaa onko organisaationne sis\u00e4ll\u00f6nhallinta kunnossa. M\u00e4\u00e4rit\u00e4 eniten aikaa viev\u00e4t pullonkaulat ja toimivat ratkaisut. Lataa checklist!\",\"breadcrumb\":{\"@id\":\"https:\/\/imagebank.staging.mediasignal.dev\/fi\/testaa-onko-sisallonhallintanne-kunnossa\/#breadcrumb\"},\"inLanguage\":\"fi\",\"potentialAction\":[{\"@type\":\"ReadAction\",\"target\":[\"https:\/\/imagebank.staging.mediasignal.dev\/fi\/testaa-onko-sisallonhallintanne-kunnossa\/\"]}]},{\"@type\":\"ImageObject\",\"inLanguage\":\"fi\",\"@id\":\"https:\/\/imagebank.staging.mediasignal.dev\/fi\/testaa-onko-sisallonhallintanne-kunnossa\/#primaryimage\",\"url\":\"https:\/\/imagebank.staging.mediasignal.dev\/wp-content\/uploads\/2025\/10\/ImageBankX-Checklist.webp\",\"contentUrl\":\"https:\/\/imagebank.staging.mediasignal.dev\/wp-content\/uploads\/2025\/10\/ImageBankX-Checklist.webp\",\"width\":526,\"height\":491,\"caption\":\"Sis\u00e4ll\u00f6nhallinnan checklistin avulla voit testata mihin aineistonhallinnassa teid\u00e4n organisaatiossa kuluu aikaa\"},{\"@type\":\"BreadcrumbList\",\"@id\":\"https:\/\/imagebank.staging.mediasignal.dev\/fi\/testaa-onko-sisallonhallintanne-kunnossa\/#breadcrumb\",\"itemListElement\":[{\"@type\":\"ListItem\",\"position\":1,\"name\":\"Home\",\"item\":\"https:\/\/imagebank.staging.mediasignal.dev\/fi\/\"},{\"@type\":\"ListItem\",\"position\":2,\"name\":\"Testaa onko sis\u00e4ll\u00f6nhallintanne kunnossa!\"}]},{\"@type\":\"WebSite\",\"@id\":\"https:\/\/imagebank.staging.mediasignal.dev\/fi\/#website\",\"url\":\"https:\/\/imagebank.staging.mediasignal.dev\/fi\/\",\"name\":\"ImageBank X\",\"description\":\"\",\"publisher\":{\"@id\":\"https:\/\/imagebank.staging.mediasignal.dev\/fi\/#organization\"},\"potentialAction\":[{\"@type\":\"SearchAction\",\"target\":{\"@type\":\"EntryPoint\",\"urlTemplate\":\"https:\/\/imagebank.staging.mediasignal.dev\/fi\/?s={search_term_string}\"},\"query-input\":{\"@type\":\"PropertyValueSpecification\",\"valueRequired\":true,\"valueName\":\"search_term_string\"}}],\"inLanguage\":\"fi\"},{\"@type\":\"Organization\",\"@id\":\"https:\/\/imagebank.staging.mediasignal.dev\/fi\/#organization\",\"name\":\"ImageBank X\",\"url\":\"https:\/\/imagebank.staging.mediasignal.dev\/fi\/\",\"logo\":{\"@type\":\"ImageObject\",\"inLanguage\":\"fi\",\"@id\":\"https:\/\/imagebank.staging.mediasignal.dev\/fi\/#\/schema\/logo\/image\/\",\"url\":\"https:\/\/imagebank.staging.mediasignal.dev\/app\/uploads\/2025\/03\/cropped-favicon.png\",\"contentUrl\":\"https:\/\/imagebank.staging.mediasignal.dev\/app\/uploads\/2025\/03\/cropped-favicon.png\",\"width\":512,\"height\":512,\"caption\":\"ImageBank X\"},\"image\":{\"@id\":\"https:\/\/imagebank.staging.mediasignal.dev\/fi\/#\/schema\/logo\/image\/\"},\"sameAs\":[\"https:\/\/linkedin.com\/imagebank-independent\"]}]}<\/script>\n<!-- \/ Yoast SEO plugin. -->","yoast_head_json":{"title":"Sis\u00e4ll\u00f6nhallinta kuntoon: lataa k\u00e4yt\u00e4nn\u00f6nl\u00e4heinen checklist I ImageBank X","description":"Testaa onko organisaationne sis\u00e4ll\u00f6nhallinta kunnossa. M\u00e4\u00e4rit\u00e4 eniten aikaa viev\u00e4t pullonkaulat ja toimivat ratkaisut. Lataa checklist!","robots":{"index":"index","follow":"follow","max-snippet":"max-snippet:-1","max-image-preview":"max-image-preview:large","max-video-preview":"max-video-preview:-1"},"canonical":"https:\/\/imagebank.staging.mediasignal.dev\/fi\/testaa-onko-sisallonhallintanne-kunnossa\/","og_locale":"fi_FI","og_type":"article","og_title":"Sis\u00e4ll\u00f6nhallinta kuntoon: lataa k\u00e4yt\u00e4nn\u00f6nl\u00e4heinen checklist I ImageBank X","og_description":"Testaa onko organisaationne sis\u00e4ll\u00f6nhallinta kunnossa. M\u00e4\u00e4rit\u00e4 eniten aikaa viev\u00e4t pullonkaulat ja toimivat ratkaisut. Lataa checklist!","og_url":"https:\/\/imagebank.staging.mediasignal.dev\/fi\/testaa-onko-sisallonhallintanne-kunnossa\/","og_site_name":"ImageBank X DAM","article_modified_time":"2025-10-01T09:14:20+00:00","og_image":[{"width":526,"height":491,"url":"https:\/\/imagebank.staging.mediasignal.dev\/app\/uploads\/2025\/10\/ImageBankX-Checklist.webp","type":"image\/webp"}],"twitter_card":"summary_large_image","twitter_misc":{"Est. reading time":"1 minute"},"schema":{"@context":"https:\/\/schema.org","@graph":[{"@type":"WebPage","@id":"https:\/\/imagebank.staging.mediasignal.dev\/fi\/testaa-onko-sisallonhallintanne-kunnossa\/","url":"https:\/\/imagebank.staging.mediasignal.dev\/fi\/testaa-onko-sisallonhallintanne-kunnossa\/","name":"Sis\u00e4ll\u00f6nhallinta kuntoon: lataa k\u00e4yt\u00e4nn\u00f6nl\u00e4heinen checklist I ImageBank X","isPartOf":{"@id":"https:\/\/imagebank.staging.mediasignal.dev\/fi\/#website"},"primaryImageOfPage":{"@id":"https:\/\/imagebank.staging.mediasignal.dev\/fi\/testaa-onko-sisallonhallintanne-kunnossa\/#primaryimage"},"image":{"@id":"https:\/\/imagebank.staging.mediasignal.dev\/fi\/testaa-onko-sisallonhallintanne-kunnossa\/#primaryimage"},"thumbnailUrl":"https:\/\/imagebank.staging.mediasignal.dev\/wp-content\/uploads\/2025\/10\/ImageBankX-Checklist.webp","datePublished":"2025-09-26T09:25:49+00:00","dateModified":"2025-10-01T09:14:20+00:00","description":"Testaa onko organisaationne sis\u00e4ll\u00f6nhallinta kunnossa. M\u00e4\u00e4rit\u00e4 eniten aikaa viev\u00e4t pullonkaulat ja toimivat ratkaisut. Lataa checklist!","breadcrumb":{"@id":"https:\/\/imagebank.staging.mediasignal.dev\/fi\/testaa-onko-sisallonhallintanne-kunnossa\/#breadcrumb"},"inLanguage":"fi","potentialAction":[{"@type":"ReadAction","target":["https:\/\/imagebank.staging.mediasignal.dev\/fi\/testaa-onko-sisallonhallintanne-kunnossa\/"]}]},{"@type":"ImageObject","inLanguage":"fi","@id":"https:\/\/imagebank.staging.mediasignal.dev\/fi\/testaa-onko-sisallonhallintanne-kunnossa\/#primaryimage","url":"https:\/\/imagebank.staging.mediasignal.dev\/wp-content\/uploads\/2025\/10\/ImageBankX-Checklist.webp","contentUrl":"https:\/\/imagebank.staging.mediasignal.dev\/wp-content\/uploads\/2025\/10\/ImageBankX-Checklist.webp","width":526,"height":491,"caption":"Sis\u00e4ll\u00f6nhallinnan checklistin avulla voit testata mihin aineistonhallinnassa teid\u00e4n organisaatiossa kuluu aikaa"},{"@type":"BreadcrumbList","@id":"https:\/\/imagebank.staging.mediasignal.dev\/fi\/testaa-onko-sisallonhallintanne-kunnossa\/#breadcrumb","itemListElement":[{"@type":"ListItem","position":1,"name":"Home","item":"https:\/\/imagebank.staging.mediasignal.dev\/fi\/"},{"@type":"ListItem","position":2,"name":"Testaa onko sis\u00e4ll\u00f6nhallintanne kunnossa!"}]},{"@type":"WebSite","@id":"https:\/\/imagebank.staging.mediasignal.dev\/fi\/#website","url":"https:\/\/imagebank.staging.mediasignal.dev\/fi\/","name":"ImageBank X","description":"","publisher":{"@id":"https:\/\/imagebank.staging.mediasignal.dev\/fi\/#organization"},"potentialAction":[{"@type":"SearchAction","target":{"@type":"EntryPoint","urlTemplate":"https:\/\/imagebank.staging.mediasignal.dev\/fi\/?s={search_term_string}"},"query-input":{"@type":"PropertyValueSpecification","valueRequired":true,"valueName":"search_term_string"}}],"inLanguage":"fi"},{"@type":"Organization","@id":"https:\/\/imagebank.staging.mediasignal.dev\/fi\/#organization","name":"ImageBank X","url":"https:\/\/imagebank.staging.mediasignal.dev\/fi\/","logo":{"@type":"ImageObject","inLanguage":"fi","@id":"https:\/\/imagebank.staging.mediasignal.dev\/fi\/#\/schema\/logo\/image\/","url":"https:\/\/imagebank.staging.mediasignal.dev\/app\/uploads\/2025\/03\/cropped-favicon.png","contentUrl":"https:\/\/imagebank.staging.mediasignal.dev\/app\/uploads\/2025\/03\/cropped-favicon.png","width":512,"height":512,"caption":"ImageBank X"},"image":{"@id":"https:\/\/imagebank.staging.mediasignal.dev\/fi\/#\/schema\/logo\/image\/"},"sameAs":["https:\/\/linkedin.com\/imagebank-independent"]}]}},"_links":{"self":[{"href":"https:\/\/imagebank.staging.mediasignal.dev\/fi\/wp-json\/wp\/v2\/pages\/9934","targetHints":{"allow":["GET"]}}],"collection":[{"href":"https:\/\/imagebank.staging.mediasignal.dev\/fi\/wp-json\/wp\/v2\/pages"}],"about":[{"href":"https:\/\/imagebank.staging.mediasignal.dev\/fi\/wp-json\/wp\/v2\/types\/page"}],"author":[{"embeddable":true,"href":"https:\/\/imagebank.staging.mediasignal.dev\/fi\/wp-json\/wp\/v2\/users\/1"}],"replies":[{"embeddable":true,"href":"https:\/\/imagebank.staging.mediasignal.dev\/fi\/wp-json\/wp\/v2\/comments?post=9934"}],"version-history":[{"count":10,"href":"https:\/\/imagebank.staging.mediasignal.dev\/fi\/wp-json\/wp\/v2\/pages\/9934\/revisions"}],"predecessor-version":[{"id":10074,"href":"https:\/\/imagebank.staging.mediasignal.dev\/fi\/wp-json\/wp\/v2\/pages\/9934\/revisions\/10074"}],"wp:featuredmedia":[{"embeddable":true,"href":"https:\/\/imagebank.staging.mediasignal.dev\/fi\/wp-json\/wp\/v2\/media\/10069"}],"wp:attachment":[{"href":"https:\/\/imagebank.staging.mediasignal.dev\/fi\/wp-json\/wp\/v2\/media?parent=9934"}],"curies":[{"name":"wp","href":"https:\/\/api.w.org\/{rel}","templated":true}]}}