{"id":9004,"date":"2025-07-21T13:51:49","date_gmt":"2025-07-21T13:51:49","guid":{"rendered":"https:\/\/imagebank.staging.mediasignal.dev\/?page_id=9004"},"modified":"2025-09-02T09:39:42","modified_gmt":"2025-09-02T09:39:42","slug":"imagebank-x-uutiskirje","status":"publish","type":"page","link":"https:\/\/imagebank.staging.mediasignal.dev\/fi\/imagebank-x-uutiskirje\/","title":{"rendered":"ImageBank X uutiskirje"},"content":{"rendered":"<div \n    class=\"relative flex flex-col xs:flex-row py-14\">\n        <div\n        class=\"-z-50 pointer-events-none absolute left-1\/2 w-screen -translate-x-1\/2  bg-gradient-to-t from-white to-tetriary -top-14 bottom-0\">\n    <\/div>\n    <div class=\"relative z-10 md:mt-10 lg:mt-20 xs:w-3\/5\">\n                <div class=\"border border-white text-white rounded-full w-fit px-4 py-2 mb-4\">\n            Kasvata osaamistasi &#038; oivalla uutta\n        <\/div>\n                <h1 class=\"z-10 mb-8 font-extrabold text-4xl sm:text-5xl md:text-7xl xl:text-8xl text-primary\">\n            Ajankohtaisimmat vinkit suoraan asiantuntijoilta\n        <\/h1>\n                <p class=\"mb-6\">\n            Tilaa aineistonhallinnan asiantuntijoidemme kirjoittama uutiskirje s\u00e4hk\u00f6postiisi ja saat ajankohtaisimpia vinkkej\u00e4 tehokkaaseen aineistonhallintaan sek\u00e4 kuulet ensimm\u00e4isen\u00e4 ImageBank X tapahtumista.\n            <span class=\"font-bold text-transparent bg-gradient-to-r from-primary to-secondary bg-clip-text\">\n                \n            <\/span>\n        <\/p>\n                    <\/div>\n        <div class=\"hidden xs:block relative -z-10 w-2\/5 -my-12\">\n        <img class=\"absolute bottom-0 left-0 -top-8 min-w-full max-w-none h-full object-contain\"\n            srcset=\"https:\/\/imagebank.staging.mediasignal.dev\/wp-content\/uploads\/2025\/03\/Hero-5-245x300.webp 245w, https:\/\/imagebank.staging.mediasignal.dev\/wp-content\/uploads\/2025\/03\/Hero-5-836x1024.webp 836w, https:\/\/imagebank.staging.mediasignal.dev\/wp-content\/uploads\/2025\/03\/Hero-5-768x941.webp 768w, https:\/\/imagebank.staging.mediasignal.dev\/wp-content\/uploads\/2025\/03\/Hero-5.webp 997w\" alt=\"Team collaborate on brand digital assets using ImageBank X DAM software\" \/>\n    <\/div>\n    <div class=\"block xs:hidden\">\n        <img srcset=\"https:\/\/imagebank.staging.mediasignal.dev\/wp-content\/uploads\/2025\/03\/Hero-5-245x300.webp 245w, https:\/\/imagebank.staging.mediasignal.dev\/wp-content\/uploads\/2025\/03\/Hero-5-836x1024.webp 836w, https:\/\/imagebank.staging.mediasignal.dev\/wp-content\/uploads\/2025\/03\/Hero-5-768x941.webp 768w, https:\/\/imagebank.staging.mediasignal.dev\/wp-content\/uploads\/2025\/03\/Hero-5.webp 997w\" alt=\"Team collaborate on brand digital assets using ImageBank X DAM software\" \/>\n    <\/div>\n    <\/div>\n\n<div style=\"height: 4rem;\"><\/div>\n\n\n<section id=\"Section\" class=\"content-wrap \">\n    \n\n<h2 class=\"wp-block-heading has-text-align-center\"><strong>Tilaa uutiskirje itsellesi<\/strong><\/h2>\n\n\n<div style=\"height: 4rem;\"><\/div>\n\n\n\n<script src=\"https:\/\/js.hsforms.net\/forms\/embed\/20093147.js\" defer><\/script>\n<div class=\"hs-form-frame\" data-region=\"na1\" data-form-id=\"2098eb3a-7e08-40fa-8778-9fb5c425ffad\" data-portal-id=\"20093147\"><\/div>\n\n\n<\/section>\n\n<div style=\"height: 4rem;\"><\/div>\n\n\n<section \n    class=\"relative py-14\">\n            <div class=\"flex gap-6 justify-between flex-col md:flex-row bg-black text-white rounded-xl p-6 md:py-12 md:px-10\">\n        <div>\n            <h3 class=\"font-bold\">Katso: Liikaa kanavia ja liian v\u00e4h\u00e4n aikaa \u2013 kuinka hallita sis\u00e4lt\u00f6kaaos?<\/h3>\n                        <div class=\"flex\">\n                <span class=\"min-w-5 min-h-5 mr-2 mt-1\">\n                    <svg xmlns=\"http:\/\/www.w3.org\/2000\/svg\" fill=\"none\" viewBox=\"0 0 24 24\" stroke-width=\"1.5\" stroke=\"currentColor\" class=\"size-6\">\n  <path stroke-linecap=\"round\" stroke-linejoin=\"round\" d=\"m4.5 12.75 6 6 9-13.5\" \/>\n<\/svg>\n\n                <\/span>\n                <p class=\"m-0\">Katso webinaarin tallenne ja ymm\u00e4rr\u00e4t juurisyyt sis\u00e4ll\u00f6nhallinnan kaaokseen ja saat konkreettisia vinkkej\u00e4, miten tehd\u00e4 aineistonhallinnasta j\u00e4rjestelm\u00e4llisemp\u00e4\u00e4.<\/p>\n            <\/div>\n                        <div class=\"flex\">\n                <span class=\"min-w-5 min-h-5 mr-2 mt-1\">\n                    <svg xmlns=\"http:\/\/www.w3.org\/2000\/svg\" fill=\"none\" viewBox=\"0 0 24 24\" stroke-width=\"1.5\" stroke=\"currentColor\" class=\"size-6\">\n  <path stroke-linecap=\"round\" stroke-linejoin=\"round\" d=\"m4.5 12.75 6 6 9-13.5\" \/>\n<\/svg>\n\n                <\/span>\n                <p class=\"m-0\">Opit, miten pystyt s\u00e4\u00e4st\u00e4m\u00e4\u00e4n aikaa sis\u00e4ll\u00f6nhallinnasta ja kuulet organisaatioiden esimerkkej\u00e4 onnistuneesta sis\u00e4ll\u00f6nhallinnasta.<\/p>\n            <\/div>\n                    <\/div>\n        <a href=\"https:\/\/imagebank.staging.mediasignal.dev\/fi\/osallistu-webinaariin\/\" target=\"\"\n            class=\"flex font-bold self-center h-fit w-fit p-4 rounded-lg bg-gradient-to-r from-primary to-secondary transition ease-in-out hover:scale-105 duration-300\">\n            Katso tallenne\n        <\/a>\n    <\/div>\n    <\/section>\n\n\n\n<div style=\"height: 4rem;\"><\/div>\n\n\n<section id=\"Section\" class=\"content-wrap \">\n    \n\n<h2 class=\"wp-block-heading has-text-align-center\"><strong>Nappaa my\u00f6s vinkit blogistamme<\/strong><\/h2>\n\n\n\n<p class=\"has-text-align-center\">Tutustu blogiimme ja tehosta aineistojen hallintaa organisaatiossanne vinkkiemme ja arjen esimerkkien avulla.<\/p>\n\n\n<\/section>\n\n<div style=\"height: 4rem;\"><\/div>\n\n\n\n<section class=\"relative\" >\n        <div\n        class=\"-z-50 pointer-events-none absolute left-1\/2 w-screen -translate-x-1\/2 bg-gradient-to-b from-white to-tetriary top-0 bottom-0\">\n    <\/div>\n    <div class=\"flex flex-wrap gap-4 pt-12 pb-20\">\n        \n        <div class=\"flex-1 min-w-64 transition ease-in-out hover:scale-102 duration-300\">\n            <a href=\"https:\/\/imagebank.staging.mediasignal.dev\/fi\/blogit\/miten-hyodyntaa-tekoalya-ai-mediapankissa\/\" aria-label=\"Miten hy\u00f6dynt\u00e4\u00e4 teko\u00e4ly\u00e4 (AI) mediapankissa\">\n                <img decoding=\"async\" class=\"h-60 w-full object-cover\" src=\"https:\/\/imagebank.staging.mediasignal.dev\/wp-content\/uploads\/2025\/05\/pexels-divinetechygirl-1181248-scaled.jpg\"\n                    alt=\"\" \/>\n                <div class=\"bg-white p-8 rounded-b-xl text-center\">\n                    <p class=\"text-black text-lg font-bold mb-12\">Miten hy\u00f6dynt\u00e4\u00e4 teko\u00e4ly\u00e4 (AI) mediapankissa<\/p>\n                    <p class=\"text-lg underline mb-0\">Lue lis\u00e4\u00e4<\/p>\n                <\/div>\n            <\/a>\n        <\/div>\n        \n        <div class=\"flex-1 min-w-64 transition ease-in-out hover:scale-102 duration-300\">\n            <a href=\"https:\/\/imagebank.staging.mediasignal.dev\/fi\/blogit\/miksi-sisallonhallinta-kannattaa-4-vinkkia-tehokkaaseen-sisallonhallintaan\/\" aria-label=\"Miksi sis\u00e4ll\u00f6nhallinta kannattaa? 4 vinkki\u00e4 tehokkaaseen sis\u00e4ll\u00f6nhallintaan\">\n                <img decoding=\"async\" class=\"h-60 w-full object-cover\" src=\"https:\/\/imagebank.staging.mediasignal.dev\/wp-content\/uploads\/2025\/03\/Why_Content_Organization_Matters.webp\"\n                    alt=\"Sis\u00e4ll\u00f6nhallintaty\u00f6kalu osana arkea ja suoraan mediapankissa\" \/>\n                <div class=\"bg-white p-8 rounded-b-xl text-center\">\n                    <p class=\"text-black text-lg font-bold mb-12\">Miksi sis\u00e4ll\u00f6nhallinta kannattaa? 4 vinkki\u00e4 tehokkaaseen sis\u00e4ll\u00f6nhallintaan<\/p>\n                    <p class=\"text-lg underline mb-0\">Lue lis\u00e4\u00e4<\/p>\n                <\/div>\n            <\/a>\n        <\/div>\n        \n        <div class=\"flex-1 min-w-64 transition ease-in-out hover:scale-102 duration-300\">\n            <a href=\"https:\/\/imagebank.staging.mediasignal.dev\/fi\/blogit\/mitka-ovat-vuoden-2025-tarkeimmat-trendit-digitaalisen-aineiston-hallinnassa-dam\/\" aria-label=\"Mitk\u00e4 ovat vuoden 2025 t\u00e4rkeimm\u00e4t trendit digitaalisen aineiston hallinnassa (DAM)?\">\n                <img decoding=\"async\" class=\"h-60 w-full object-cover\" src=\"https:\/\/imagebank.staging.mediasignal.dev\/wp-content\/uploads\/2025\/03\/2025-DAM-trends.webp\"\n                    alt=\"Digitaalinen aineistonhallinta on muuttunut vuonna 2025\" \/>\n                <div class=\"bg-white p-8 rounded-b-xl text-center\">\n                    <p class=\"text-black text-lg font-bold mb-12\">Mitk\u00e4 ovat vuoden 2025 t\u00e4rkeimm\u00e4t trendit digitaalisen aineiston hallinnassa (DAM)?<\/p>\n                    <p class=\"text-lg underline mb-0\">Lue lis\u00e4\u00e4<\/p>\n                <\/div>\n            <\/a>\n        <\/div>\n        \n        <div class=\"flex-1 min-w-64 transition ease-in-out hover:scale-102 duration-300\">\n            <a href=\"https:\/\/imagebank.staging.mediasignal.dev\/fi\/blogit\/metadata-ja-taksonomia-nain-hallitset-digitaalista-sisaltoa-tehokkaasti\/\" aria-label=\"Metadata ja taksonomia: N\u00e4in hallitset digitaalista sis\u00e4lt\u00f6\u00e4 tehokkaasti\">\n                <img decoding=\"async\" class=\"h-60 w-full object-cover\" src=\"https:\/\/imagebank.staging.mediasignal.dev\/wp-content\/uploads\/2025\/03\/Unlock_the_Power_of_Metadata_and_Taxonomy_for_Better_Digital_Asset_Management.webp\"\n                    alt=\"Metadatan ja taksonomian k\u00e4ytt\u00e4minen on t\u00e4rke\u00e4\u00e4 digitaalisen aineistonhallinnan kannalta\" \/>\n                <div class=\"bg-white p-8 rounded-b-xl text-center\">\n                    <p class=\"text-black text-lg font-bold mb-12\">Metadata ja taksonomia: N\u00e4in hallitset digitaalista sis\u00e4lt\u00f6\u00e4 tehokkaasti<\/p>\n                    <p class=\"text-lg underline mb-0\">Lue lis\u00e4\u00e4<\/p>\n                <\/div>\n            <\/a>\n        <\/div>\n            <\/div>\n<\/section>\n\n<div style=\"height: 4rem;\"><\/div>\n\n\n\n<p><\/p>\n","protected":false},"excerpt":{"rendered":"","protected":false},"author":1,"featured_media":866,"parent":0,"menu_order":0,"comment_status":"closed","ping_status":"closed","template":"","meta":{"_acf_changed":false,"_improvement_type_select":"improve_an_existing","_thumb_yes_seoaic":false,"_frame_yes_seoaic":false,"seoaic_generate_description":"","seoaic_improve_instructions_prompt":"","seoaic_rollback_content_improvement":"","seoaic_idea_thumbnail_generator":"","thumbnail_generated":false,"thumbnail_generate_prompt":"","seoaic_article_description":"","footnotes":""},"class_list":["post-9004","page","type-page","status-publish","has-post-thumbnail","hentry"],"acf":[],"yoast_head":"<!-- This site is optimized with the Yoast SEO plugin v25.2 - https:\/\/yoast.com\/wordpress\/plugins\/seo\/ -->\n<title>Tilaa ImageBank X uutiskirje ja tehosta aineistonhallintaa I ImageBank X DAM<\/title>\n<meta name=\"description\" content=\"Asiantuntijoimme vinkit suoraan s\u00e4hk\u00f6postiisi. Paranna aineistonhallinnan tehokkuutta ja arjen opeilla. Tilaa uutiskirje itsellesi nyt.\" \/>\n<meta name=\"robots\" content=\"index, follow, max-snippet:-1, max-image-preview:large, max-video-preview:-1\" \/>\n<link rel=\"canonical\" href=\"https:\/\/imagebank.staging.mediasignal.dev\/fi\/imagebank-x-uutiskirje\/\" \/>\n<meta property=\"og:locale\" content=\"fi_FI\" \/>\n<meta property=\"og:type\" content=\"article\" \/>\n<meta property=\"og:title\" content=\"Tilaa ImageBank X uutiskirje ja tehosta aineistonhallintaa I ImageBank X DAM\" \/>\n<meta property=\"og:description\" content=\"Asiantuntijoimme vinkit suoraan s\u00e4hk\u00f6postiisi. Paranna aineistonhallinnan tehokkuutta ja arjen opeilla. Tilaa uutiskirje itsellesi nyt.\" \/>\n<meta property=\"og:url\" content=\"https:\/\/imagebank.staging.mediasignal.dev\/fi\/imagebank-x-uutiskirje\/\" \/>\n<meta property=\"og:site_name\" content=\"ImageBank X DAM\" \/>\n<meta property=\"article:modified_time\" content=\"2025-09-02T09:39:42+00:00\" \/>\n<meta property=\"og:image\" content=\"https:\/\/imagebank.staging.mediasignal.dev\/app\/uploads\/2025\/03\/Why-is-it-important-to-use-metadata-in-ImageBank.webp\" \/>\n\t<meta property=\"og:image:width\" content=\"2000\" \/>\n\t<meta property=\"og:image:height\" content=\"1125\" \/>\n\t<meta property=\"og:image:type\" content=\"image\/webp\" \/>\n<meta name=\"twitter:card\" content=\"summary_large_image\" \/>\n<meta name=\"twitter:label1\" content=\"Est. reading time\" \/>\n\t<meta name=\"twitter:data1\" content=\"1 minute\" \/>\n<script type=\"application\/ld+json\" class=\"yoast-schema-graph\">{\"@context\":\"https:\/\/schema.org\",\"@graph\":[{\"@type\":\"WebPage\",\"@id\":\"https:\/\/imagebank.staging.mediasignal.dev\/fi\/imagebank-x-uutiskirje\/\",\"url\":\"https:\/\/imagebank.staging.mediasignal.dev\/fi\/imagebank-x-uutiskirje\/\",\"name\":\"Tilaa ImageBank X uutiskirje ja tehosta aineistonhallintaa I ImageBank X DAM\",\"isPartOf\":{\"@id\":\"https:\/\/imagebank.staging.mediasignal.dev\/fi\/#website\"},\"primaryImageOfPage\":{\"@id\":\"https:\/\/imagebank.staging.mediasignal.dev\/fi\/imagebank-x-uutiskirje\/#primaryimage\"},\"image\":{\"@id\":\"https:\/\/imagebank.staging.mediasignal.dev\/fi\/imagebank-x-uutiskirje\/#primaryimage\"},\"thumbnailUrl\":\"https:\/\/imagebank.staging.mediasignal.dev\/wp-content\/uploads\/2025\/03\/Why-is-it-important-to-use-metadata-in-ImageBank.webp\",\"datePublished\":\"2025-07-21T13:51:49+00:00\",\"dateModified\":\"2025-09-02T09:39:42+00:00\",\"description\":\"Asiantuntijoimme vinkit suoraan s\u00e4hk\u00f6postiisi. Paranna aineistonhallinnan tehokkuutta ja arjen opeilla. Tilaa uutiskirje itsellesi nyt.\",\"breadcrumb\":{\"@id\":\"https:\/\/imagebank.staging.mediasignal.dev\/fi\/imagebank-x-uutiskirje\/#breadcrumb\"},\"inLanguage\":\"fi\",\"potentialAction\":[{\"@type\":\"ReadAction\",\"target\":[\"https:\/\/imagebank.staging.mediasignal.dev\/fi\/imagebank-x-uutiskirje\/\"]}]},{\"@type\":\"ImageObject\",\"inLanguage\":\"fi\",\"@id\":\"https:\/\/imagebank.staging.mediasignal.dev\/fi\/imagebank-x-uutiskirje\/#primaryimage\",\"url\":\"https:\/\/imagebank.staging.mediasignal.dev\/wp-content\/uploads\/2025\/03\/Why-is-it-important-to-use-metadata-in-ImageBank.webp\",\"contentUrl\":\"https:\/\/imagebank.staging.mediasignal.dev\/wp-content\/uploads\/2025\/03\/Why-is-it-important-to-use-metadata-in-ImageBank.webp\",\"width\":2000,\"height\":1125,\"caption\":\"Why-is-it-important-to-use-metadata-in-ImageBank\"},{\"@type\":\"BreadcrumbList\",\"@id\":\"https:\/\/imagebank.staging.mediasignal.dev\/fi\/imagebank-x-uutiskirje\/#breadcrumb\",\"itemListElement\":[{\"@type\":\"ListItem\",\"position\":1,\"name\":\"Home\",\"item\":\"https:\/\/imagebank.staging.mediasignal.dev\/fi\/\"},{\"@type\":\"ListItem\",\"position\":2,\"name\":\"ImageBank X uutiskirje\"}]},{\"@type\":\"WebSite\",\"@id\":\"https:\/\/imagebank.staging.mediasignal.dev\/fi\/#website\",\"url\":\"https:\/\/imagebank.staging.mediasignal.dev\/fi\/\",\"name\":\"ImageBank X\",\"description\":\"\",\"publisher\":{\"@id\":\"https:\/\/imagebank.staging.mediasignal.dev\/fi\/#organization\"},\"potentialAction\":[{\"@type\":\"SearchAction\",\"target\":{\"@type\":\"EntryPoint\",\"urlTemplate\":\"https:\/\/imagebank.staging.mediasignal.dev\/fi\/?s={search_term_string}\"},\"query-input\":{\"@type\":\"PropertyValueSpecification\",\"valueRequired\":true,\"valueName\":\"search_term_string\"}}],\"inLanguage\":\"fi\"},{\"@type\":\"Organization\",\"@id\":\"https:\/\/imagebank.staging.mediasignal.dev\/fi\/#organization\",\"name\":\"ImageBank X\",\"url\":\"https:\/\/imagebank.staging.mediasignal.dev\/fi\/\",\"logo\":{\"@type\":\"ImageObject\",\"inLanguage\":\"fi\",\"@id\":\"https:\/\/imagebank.staging.mediasignal.dev\/fi\/#\/schema\/logo\/image\/\",\"url\":\"https:\/\/imagebank.staging.mediasignal.dev\/app\/uploads\/2025\/03\/cropped-favicon.png\",\"contentUrl\":\"https:\/\/imagebank.staging.mediasignal.dev\/app\/uploads\/2025\/03\/cropped-favicon.png\",\"width\":512,\"height\":512,\"caption\":\"ImageBank X\"},\"image\":{\"@id\":\"https:\/\/imagebank.staging.mediasignal.dev\/fi\/#\/schema\/logo\/image\/\"},\"sameAs\":[\"https:\/\/linkedin.com\/imagebank-independent\"]}]}<\/script>\n<!-- \/ Yoast SEO plugin. -->","yoast_head_json":{"title":"Tilaa ImageBank X uutiskirje ja tehosta aineistonhallintaa I ImageBank X DAM","description":"Asiantuntijoimme vinkit suoraan s\u00e4hk\u00f6postiisi. Paranna aineistonhallinnan tehokkuutta ja arjen opeilla. Tilaa uutiskirje itsellesi nyt.","robots":{"index":"index","follow":"follow","max-snippet":"max-snippet:-1","max-image-preview":"max-image-preview:large","max-video-preview":"max-video-preview:-1"},"canonical":"https:\/\/imagebank.staging.mediasignal.dev\/fi\/imagebank-x-uutiskirje\/","og_locale":"fi_FI","og_type":"article","og_title":"Tilaa ImageBank X uutiskirje ja tehosta aineistonhallintaa I ImageBank X DAM","og_description":"Asiantuntijoimme vinkit suoraan s\u00e4hk\u00f6postiisi. Paranna aineistonhallinnan tehokkuutta ja arjen opeilla. Tilaa uutiskirje itsellesi nyt.","og_url":"https:\/\/imagebank.staging.mediasignal.dev\/fi\/imagebank-x-uutiskirje\/","og_site_name":"ImageBank X DAM","article_modified_time":"2025-09-02T09:39:42+00:00","og_image":[{"width":2000,"height":1125,"url":"https:\/\/imagebank.staging.mediasignal.dev\/app\/uploads\/2025\/03\/Why-is-it-important-to-use-metadata-in-ImageBank.webp","type":"image\/webp"}],"twitter_card":"summary_large_image","twitter_misc":{"Est. reading time":"1 minute"},"schema":{"@context":"https:\/\/schema.org","@graph":[{"@type":"WebPage","@id":"https:\/\/imagebank.staging.mediasignal.dev\/fi\/imagebank-x-uutiskirje\/","url":"https:\/\/imagebank.staging.mediasignal.dev\/fi\/imagebank-x-uutiskirje\/","name":"Tilaa ImageBank X uutiskirje ja tehosta aineistonhallintaa I ImageBank X DAM","isPartOf":{"@id":"https:\/\/imagebank.staging.mediasignal.dev\/fi\/#website"},"primaryImageOfPage":{"@id":"https:\/\/imagebank.staging.mediasignal.dev\/fi\/imagebank-x-uutiskirje\/#primaryimage"},"image":{"@id":"https:\/\/imagebank.staging.mediasignal.dev\/fi\/imagebank-x-uutiskirje\/#primaryimage"},"thumbnailUrl":"https:\/\/imagebank.staging.mediasignal.dev\/wp-content\/uploads\/2025\/03\/Why-is-it-important-to-use-metadata-in-ImageBank.webp","datePublished":"2025-07-21T13:51:49+00:00","dateModified":"2025-09-02T09:39:42+00:00","description":"Asiantuntijoimme vinkit suoraan s\u00e4hk\u00f6postiisi. Paranna aineistonhallinnan tehokkuutta ja arjen opeilla. Tilaa uutiskirje itsellesi nyt.","breadcrumb":{"@id":"https:\/\/imagebank.staging.mediasignal.dev\/fi\/imagebank-x-uutiskirje\/#breadcrumb"},"inLanguage":"fi","potentialAction":[{"@type":"ReadAction","target":["https:\/\/imagebank.staging.mediasignal.dev\/fi\/imagebank-x-uutiskirje\/"]}]},{"@type":"ImageObject","inLanguage":"fi","@id":"https:\/\/imagebank.staging.mediasignal.dev\/fi\/imagebank-x-uutiskirje\/#primaryimage","url":"https:\/\/imagebank.staging.mediasignal.dev\/wp-content\/uploads\/2025\/03\/Why-is-it-important-to-use-metadata-in-ImageBank.webp","contentUrl":"https:\/\/imagebank.staging.mediasignal.dev\/wp-content\/uploads\/2025\/03\/Why-is-it-important-to-use-metadata-in-ImageBank.webp","width":2000,"height":1125,"caption":"Why-is-it-important-to-use-metadata-in-ImageBank"},{"@type":"BreadcrumbList","@id":"https:\/\/imagebank.staging.mediasignal.dev\/fi\/imagebank-x-uutiskirje\/#breadcrumb","itemListElement":[{"@type":"ListItem","position":1,"name":"Home","item":"https:\/\/imagebank.staging.mediasignal.dev\/fi\/"},{"@type":"ListItem","position":2,"name":"ImageBank X uutiskirje"}]},{"@type":"WebSite","@id":"https:\/\/imagebank.staging.mediasignal.dev\/fi\/#website","url":"https:\/\/imagebank.staging.mediasignal.dev\/fi\/","name":"ImageBank X","description":"","publisher":{"@id":"https:\/\/imagebank.staging.mediasignal.dev\/fi\/#organization"},"potentialAction":[{"@type":"SearchAction","target":{"@type":"EntryPoint","urlTemplate":"https:\/\/imagebank.staging.mediasignal.dev\/fi\/?s={search_term_string}"},"query-input":{"@type":"PropertyValueSpecification","valueRequired":true,"valueName":"search_term_string"}}],"inLanguage":"fi"},{"@type":"Organization","@id":"https:\/\/imagebank.staging.mediasignal.dev\/fi\/#organization","name":"ImageBank X","url":"https:\/\/imagebank.staging.mediasignal.dev\/fi\/","logo":{"@type":"ImageObject","inLanguage":"fi","@id":"https:\/\/imagebank.staging.mediasignal.dev\/fi\/#\/schema\/logo\/image\/","url":"https:\/\/imagebank.staging.mediasignal.dev\/app\/uploads\/2025\/03\/cropped-favicon.png","contentUrl":"https:\/\/imagebank.staging.mediasignal.dev\/app\/uploads\/2025\/03\/cropped-favicon.png","width":512,"height":512,"caption":"ImageBank X"},"image":{"@id":"https:\/\/imagebank.staging.mediasignal.dev\/fi\/#\/schema\/logo\/image\/"},"sameAs":["https:\/\/linkedin.com\/imagebank-independent"]}]}},"_links":{"self":[{"href":"https:\/\/imagebank.staging.mediasignal.dev\/fi\/wp-json\/wp\/v2\/pages\/9004","targetHints":{"allow":["GET"]}}],"collection":[{"href":"https:\/\/imagebank.staging.mediasignal.dev\/fi\/wp-json\/wp\/v2\/pages"}],"about":[{"href":"https:\/\/imagebank.staging.mediasignal.dev\/fi\/wp-json\/wp\/v2\/types\/page"}],"author":[{"embeddable":true,"href":"https:\/\/imagebank.staging.mediasignal.dev\/fi\/wp-json\/wp\/v2\/users\/1"}],"replies":[{"embeddable":true,"href":"https:\/\/imagebank.staging.mediasignal.dev\/fi\/wp-json\/wp\/v2\/comments?post=9004"}],"version-history":[{"count":4,"href":"https:\/\/imagebank.staging.mediasignal.dev\/fi\/wp-json\/wp\/v2\/pages\/9004\/revisions"}],"predecessor-version":[{"id":9513,"href":"https:\/\/imagebank.staging.mediasignal.dev\/fi\/wp-json\/wp\/v2\/pages\/9004\/revisions\/9513"}],"wp:featuredmedia":[{"embeddable":true,"href":"https:\/\/imagebank.staging.mediasignal.dev\/fi\/wp-json\/wp\/v2\/media\/866"}],"wp:attachment":[{"href":"https:\/\/imagebank.staging.mediasignal.dev\/fi\/wp-json\/wp\/v2\/media?parent=9004"}],"curies":[{"name":"wp","href":"https:\/\/api.w.org\/{rel}","templated":true}]}}