{"id":5251,"date":"2025-05-02T06:40:24","date_gmt":"2025-05-02T06:40:24","guid":{"rendered":"https:\/\/imagebank.staging.mediasignal.dev\/?page_id=5251"},"modified":"2025-05-13T12:30:47","modified_gmt":"2025-05-13T12:30:47","slug":"saavutettavuus","status":"publish","type":"page","link":"https:\/\/imagebank.staging.mediasignal.dev\/fi\/saavutettavuus\/","title":{"rendered":"Saavutettavuus"},"content":{"rendered":"<div style=\"height: 10rem;\"><\/div>\n\n\n\n<h1 class=\"wp-block-heading\"><strong>Mediapankin saavutettavuus\u00adseloste<\/strong><\/h1>\n\n\n\n<p><em>Seloste p\u00e4ivitetty 13.5.2025<\/em><\/p>\n\n\n\n<p>T\u00e4m\u00e4 saavutettavuusseloste kertoo, miten ImageBank X -mediapankkipalvelussa noudatetaan lakia digitaalisten palvelujen tarjoamisesta ja mit\u00e4 puutteita saavutettavuudessa on.<\/p>\n\n\n\n<p>T\u00e4m\u00e4n digipalvelun saavutettavuuden on arvioinut palvelun tekninen toteuttaja Mediasignal Communications Oy.<br><\/p>\n\n\n<div style=\"height: 2rem;\"><\/div>\n\n\n\n<h2 class=\"wp-block-heading\"><strong>Digipalvelun saavutet\u00adta\u00advuuden tila<\/strong><\/h2>\n\n\n\n<p>ImageBank t\u00e4ytt\u00e4\u00e4 kriittiset digipalvelulaissa m\u00e4\u00e4ritellyt saavutettavuusvaatimukset WCAG 2.1 AA-tason mukaisesti.<br><br>Havaitut puutteet ja korjauskohteet on lueteltu alla.<\/p>\n\n\n\n<ul class=\"wp-block-list\">\n<li>Avatareilta puuttuu kuvaava teksti<\/li>\n\n\n\n<li>Avainsanojen poiston\u00e4pp\u00e4imelt\u00e4 puuttuu saavutettava nimi<\/li>\n<\/ul>\n\n\n\n<h2 class=\"wp-block-heading\"><strong><br>Yhteydenotot<\/strong><\/h2>\n\n\n\n<p>Huomasitko saavutettavuuspuutteen ImageBankissa? Kerro se meille ja teemme parhaamme puutteen korjaamiseksi.&nbsp;<\/p>\n\n\n\n<p>Voit l\u00e4hett\u00e4\u00e4 saavutettavuuspalautetta tukeemme osoitteessa\u00a0<a href=\"mailto:support@imagebank.staging.mediasignal.dev\">support@imagebank.staging.mediasignal.dev<\/a>.\u00a0<\/p>\n\n\n<div style=\"height: 4rem;\"><\/div>\n","protected":false},"excerpt":{"rendered":"<p>Mediapankin saavutettavuus\u00adseloste Seloste p\u00e4ivitetty 13.5.2025 T\u00e4m\u00e4 saavutettavuusseloste kertoo, miten ImageBank X -mediapankkipalvelussa noudatetaan lakia digitaalisten palvelujen tarjoamisesta ja mit\u00e4 puutteita saavutettavuudessa on. T\u00e4m\u00e4n digipalvelun saavutettavuuden on arvioinut palvelun tekninen toteuttaja Mediasignal Communications Oy. Digipalvelun saavutet\u00adta\u00advuuden tila ImageBank t\u00e4ytt\u00e4\u00e4 kriittiset digipalvelulaissa m\u00e4\u00e4ritellyt saavutettavuusvaatimukset WCAG 2.1 AA-tason mukaisesti. Havaitut puutteet ja korjauskohteet on lueteltu alla. Yhteydenotot Huomasitko [&hellip;]<\/p>\n","protected":false},"author":1,"featured_media":0,"parent":0,"menu_order":0,"comment_status":"closed","ping_status":"closed","template":"","meta":{"_acf_changed":false,"_improvement_type_select":"improve_an_existing","_thumb_yes_seoaic":false,"_frame_yes_seoaic":false,"seoaic_generate_description":"","seoaic_improve_instructions_prompt":"","seoaic_rollback_content_improvement":"","seoaic_idea_thumbnail_generator":"","thumbnail_generated":false,"thumbnail_generate_prompt":"","seoaic_article_description":"","footnotes":""},"class_list":["post-5251","page","type-page","status-publish","hentry"],"acf":[],"yoast_head":"<!-- This site is optimized with the Yoast SEO plugin v25.2 - https:\/\/yoast.com\/wordpress\/plugins\/seo\/ -->\n<title>Saavutettavuus - ImageBank X DAM<\/title>\n<meta name=\"description\" content=\"T\u00e4m\u00e4 saavutettavuusseloste kertoo, miten ImageBank X -palvelussa noudatetaan lakia digitaalisten palvelujen tarjoamisesta.\" \/>\n<meta name=\"robots\" content=\"index, follow, max-snippet:-1, max-image-preview:large, max-video-preview:-1\" \/>\n<link rel=\"canonical\" href=\"https:\/\/imagebank.staging.mediasignal.dev\/fi\/saavutettavuus\/\" \/>\n<meta property=\"og:locale\" content=\"fi_FI\" \/>\n<meta property=\"og:type\" content=\"article\" \/>\n<meta property=\"og:title\" content=\"Saavutettavuus - ImageBank X DAM\" \/>\n<meta property=\"og:description\" content=\"T\u00e4m\u00e4 saavutettavuusseloste kertoo, miten ImageBank X -palvelussa noudatetaan lakia digitaalisten palvelujen tarjoamisesta.\" \/>\n<meta property=\"og:url\" content=\"https:\/\/imagebank.staging.mediasignal.dev\/fi\/saavutettavuus\/\" \/>\n<meta property=\"og:site_name\" content=\"ImageBank X DAM\" \/>\n<meta property=\"article:modified_time\" content=\"2025-05-13T12:30:47+00:00\" \/>\n<meta name=\"twitter:card\" content=\"summary_large_image\" \/>\n<meta name=\"twitter:label1\" content=\"Est. reading time\" \/>\n\t<meta name=\"twitter:data1\" content=\"1 minute\" \/>\n<script type=\"application\/ld+json\" class=\"yoast-schema-graph\">{\"@context\":\"https:\/\/schema.org\",\"@graph\":[{\"@type\":\"WebPage\",\"@id\":\"https:\/\/imagebank.staging.mediasignal.dev\/fi\/saavutettavuus\/\",\"url\":\"https:\/\/imagebank.staging.mediasignal.dev\/fi\/saavutettavuus\/\",\"name\":\"Saavutettavuus - ImageBank X DAM\",\"isPartOf\":{\"@id\":\"https:\/\/imagebank.staging.mediasignal.dev\/fi\/#website\"},\"datePublished\":\"2025-05-02T06:40:24+00:00\",\"dateModified\":\"2025-05-13T12:30:47+00:00\",\"description\":\"T\u00e4m\u00e4 saavutettavuusseloste kertoo, miten ImageBank X -palvelussa noudatetaan lakia digitaalisten palvelujen tarjoamisesta.\",\"breadcrumb\":{\"@id\":\"https:\/\/imagebank.staging.mediasignal.dev\/fi\/saavutettavuus\/#breadcrumb\"},\"inLanguage\":\"fi\",\"potentialAction\":[{\"@type\":\"ReadAction\",\"target\":[\"https:\/\/imagebank.staging.mediasignal.dev\/fi\/saavutettavuus\/\"]}]},{\"@type\":\"BreadcrumbList\",\"@id\":\"https:\/\/imagebank.staging.mediasignal.dev\/fi\/saavutettavuus\/#breadcrumb\",\"itemListElement\":[{\"@type\":\"ListItem\",\"position\":1,\"name\":\"Home\",\"item\":\"https:\/\/imagebank.staging.mediasignal.dev\/fi\/\"},{\"@type\":\"ListItem\",\"position\":2,\"name\":\"Saavutettavuus\"}]},{\"@type\":\"WebSite\",\"@id\":\"https:\/\/imagebank.staging.mediasignal.dev\/fi\/#website\",\"url\":\"https:\/\/imagebank.staging.mediasignal.dev\/fi\/\",\"name\":\"ImageBank X\",\"description\":\"\",\"publisher\":{\"@id\":\"https:\/\/imagebank.staging.mediasignal.dev\/fi\/#organization\"},\"potentialAction\":[{\"@type\":\"SearchAction\",\"target\":{\"@type\":\"EntryPoint\",\"urlTemplate\":\"https:\/\/imagebank.staging.mediasignal.dev\/fi\/?s={search_term_string}\"},\"query-input\":{\"@type\":\"PropertyValueSpecification\",\"valueRequired\":true,\"valueName\":\"search_term_string\"}}],\"inLanguage\":\"fi\"},{\"@type\":\"Organization\",\"@id\":\"https:\/\/imagebank.staging.mediasignal.dev\/fi\/#organization\",\"name\":\"ImageBank X\",\"url\":\"https:\/\/imagebank.staging.mediasignal.dev\/fi\/\",\"logo\":{\"@type\":\"ImageObject\",\"inLanguage\":\"fi\",\"@id\":\"https:\/\/imagebank.staging.mediasignal.dev\/fi\/#\/schema\/logo\/image\/\",\"url\":\"https:\/\/imagebank.staging.mediasignal.dev\/app\/uploads\/2025\/03\/cropped-favicon.png\",\"contentUrl\":\"https:\/\/imagebank.staging.mediasignal.dev\/app\/uploads\/2025\/03\/cropped-favicon.png\",\"width\":512,\"height\":512,\"caption\":\"ImageBank X\"},\"image\":{\"@id\":\"https:\/\/imagebank.staging.mediasignal.dev\/fi\/#\/schema\/logo\/image\/\"},\"sameAs\":[\"https:\/\/linkedin.com\/imagebank-independent\"]}]}<\/script>\n<!-- \/ Yoast SEO plugin. -->","yoast_head_json":{"title":"Saavutettavuus - ImageBank X DAM","description":"T\u00e4m\u00e4 saavutettavuusseloste kertoo, miten ImageBank X -palvelussa noudatetaan lakia digitaalisten palvelujen tarjoamisesta.","robots":{"index":"index","follow":"follow","max-snippet":"max-snippet:-1","max-image-preview":"max-image-preview:large","max-video-preview":"max-video-preview:-1"},"canonical":"https:\/\/imagebank.staging.mediasignal.dev\/fi\/saavutettavuus\/","og_locale":"fi_FI","og_type":"article","og_title":"Saavutettavuus - ImageBank X DAM","og_description":"T\u00e4m\u00e4 saavutettavuusseloste kertoo, miten ImageBank X -palvelussa noudatetaan lakia digitaalisten palvelujen tarjoamisesta.","og_url":"https:\/\/imagebank.staging.mediasignal.dev\/fi\/saavutettavuus\/","og_site_name":"ImageBank X DAM","article_modified_time":"2025-05-13T12:30:47+00:00","twitter_card":"summary_large_image","twitter_misc":{"Est. reading time":"1 minute"},"schema":{"@context":"https:\/\/schema.org","@graph":[{"@type":"WebPage","@id":"https:\/\/imagebank.staging.mediasignal.dev\/fi\/saavutettavuus\/","url":"https:\/\/imagebank.staging.mediasignal.dev\/fi\/saavutettavuus\/","name":"Saavutettavuus - ImageBank X DAM","isPartOf":{"@id":"https:\/\/imagebank.staging.mediasignal.dev\/fi\/#website"},"datePublished":"2025-05-02T06:40:24+00:00","dateModified":"2025-05-13T12:30:47+00:00","description":"T\u00e4m\u00e4 saavutettavuusseloste kertoo, miten ImageBank X -palvelussa noudatetaan lakia digitaalisten palvelujen tarjoamisesta.","breadcrumb":{"@id":"https:\/\/imagebank.staging.mediasignal.dev\/fi\/saavutettavuus\/#breadcrumb"},"inLanguage":"fi","potentialAction":[{"@type":"ReadAction","target":["https:\/\/imagebank.staging.mediasignal.dev\/fi\/saavutettavuus\/"]}]},{"@type":"BreadcrumbList","@id":"https:\/\/imagebank.staging.mediasignal.dev\/fi\/saavutettavuus\/#breadcrumb","itemListElement":[{"@type":"ListItem","position":1,"name":"Home","item":"https:\/\/imagebank.staging.mediasignal.dev\/fi\/"},{"@type":"ListItem","position":2,"name":"Saavutettavuus"}]},{"@type":"WebSite","@id":"https:\/\/imagebank.staging.mediasignal.dev\/fi\/#website","url":"https:\/\/imagebank.staging.mediasignal.dev\/fi\/","name":"ImageBank X","description":"","publisher":{"@id":"https:\/\/imagebank.staging.mediasignal.dev\/fi\/#organization"},"potentialAction":[{"@type":"SearchAction","target":{"@type":"EntryPoint","urlTemplate":"https:\/\/imagebank.staging.mediasignal.dev\/fi\/?s={search_term_string}"},"query-input":{"@type":"PropertyValueSpecification","valueRequired":true,"valueName":"search_term_string"}}],"inLanguage":"fi"},{"@type":"Organization","@id":"https:\/\/imagebank.staging.mediasignal.dev\/fi\/#organization","name":"ImageBank X","url":"https:\/\/imagebank.staging.mediasignal.dev\/fi\/","logo":{"@type":"ImageObject","inLanguage":"fi","@id":"https:\/\/imagebank.staging.mediasignal.dev\/fi\/#\/schema\/logo\/image\/","url":"https:\/\/imagebank.staging.mediasignal.dev\/app\/uploads\/2025\/03\/cropped-favicon.png","contentUrl":"https:\/\/imagebank.staging.mediasignal.dev\/app\/uploads\/2025\/03\/cropped-favicon.png","width":512,"height":512,"caption":"ImageBank X"},"image":{"@id":"https:\/\/imagebank.staging.mediasignal.dev\/fi\/#\/schema\/logo\/image\/"},"sameAs":["https:\/\/linkedin.com\/imagebank-independent"]}]}},"_links":{"self":[{"href":"https:\/\/imagebank.staging.mediasignal.dev\/fi\/wp-json\/wp\/v2\/pages\/5251","targetHints":{"allow":["GET"]}}],"collection":[{"href":"https:\/\/imagebank.staging.mediasignal.dev\/fi\/wp-json\/wp\/v2\/pages"}],"about":[{"href":"https:\/\/imagebank.staging.mediasignal.dev\/fi\/wp-json\/wp\/v2\/types\/page"}],"author":[{"embeddable":true,"href":"https:\/\/imagebank.staging.mediasignal.dev\/fi\/wp-json\/wp\/v2\/users\/1"}],"replies":[{"embeddable":true,"href":"https:\/\/imagebank.staging.mediasignal.dev\/fi\/wp-json\/wp\/v2\/comments?post=5251"}],"version-history":[{"count":7,"href":"https:\/\/imagebank.staging.mediasignal.dev\/fi\/wp-json\/wp\/v2\/pages\/5251\/revisions"}],"predecessor-version":[{"id":6811,"href":"https:\/\/imagebank.staging.mediasignal.dev\/fi\/wp-json\/wp\/v2\/pages\/5251\/revisions\/6811"}],"wp:attachment":[{"href":"https:\/\/imagebank.staging.mediasignal.dev\/fi\/wp-json\/wp\/v2\/media?parent=5251"}],"curies":[{"name":"wp","href":"https:\/\/api.w.org\/{rel}","templated":true}]}}