{"id":5156,"date":"2025-04-30T06:43:42","date_gmt":"2025-04-30T06:43:42","guid":{"rendered":"https:\/\/imagebank.staging.mediasignal.dev\/?page_id=5156"},"modified":"2025-05-05T07:34:03","modified_gmt":"2025-05-05T07:34:03","slug":"hanke","status":"publish","type":"page","link":"https:\/\/imagebank.staging.mediasignal.dev\/fi\/hanke\/","title":{"rendered":"ImageBank X Independent, DAM intelligent development project\u200b"},"content":{"rendered":"<div style=\"height: 10rem;\"><\/div>\n\n\n\n<div class=\"wp-block-columns is-layout-flex wp-container-core-columns-is-layout-9d6595d7 wp-block-columns-is-layout-flex\">\n<div class=\"wp-block-column is-layout-flow wp-block-column-is-layout-flow\">\n<figure class=\"wp-block-image size-full\"><img loading=\"lazy\" decoding=\"async\" width=\"300\" height=\"71\" src=\"https:\/\/imagebank.staging.mediasignal.dev\/app\/uploads\/2025\/04\/EUn_osarahoittama.png\" alt=\"EUn_osarahoittama\" class=\"wp-image-5157\"\/><\/figure>\n<\/div>\n\n\n\n<div class=\"wp-block-column is-layout-flow wp-block-column-is-layout-flow\"><\/div>\n<\/div>\n\n\n\n<h4 class=\"wp-block-heading\"><strong>Hankkeen julkinen tiivistelm\u00e4\u00a0<\/strong><\/h4>\n\n\n\n<p>Hankkeen tavoite on edelleen kehitt\u00e4\u00e4 uusilla ja innovatiivisilla ominaisuuksilla yrityksille ja yhteis\u00f6ille suunnattua ImageBank X Independent, mediapankkiratkaisuamme. Ratkaisua tarjotaan valituille kansainv\u00e4lisille markkinoille suunnattuna Euroopassa ja USA:ssa. Digital Asset Management \u2013 ratkaisumme palvelee erilaisia yhteis\u00f6j\u00e4 parhaalla k\u00e4ytt\u00e4j\u00e4kokemuksella ja \u00e4lykk\u00e4\u00e4ll\u00e4 (AI) digitaalisten aineistojen hallinnalla. Se tarjoaa nopean ROI:n yhteis\u00f6ille joilla on paljon erilaisia digitaalisia aineistoja erilaisilla k\u00e4ytt\u00e4j\u00e4ryhmill\u00e4. Palvelulla voidaan jakaa, hallinnoida ja muokata kuvia sek\u00e4 muuta dokumentaatiota tehokkaasti yhteis\u00f6n br\u00e4ndin mukaisesti. Palvelu voidaan integroida osaksi isoja palvelukokonaisuuksia.<strong><\/strong><\/p>\n\n\n\n<h4 class=\"wp-block-heading\"><strong><br>Hankkeen nimi\u00a0<\/strong><\/h4>\n\n\n\n<p>ImageBank X Independent, DAM intelligent development project<\/p>\n\n\n<div style=\"height: 4rem;\"><\/div>\n","protected":false},"excerpt":{"rendered":"<p>Hankkeen julkinen tiivistelm\u00e4\u00a0 Hankkeen tavoite on edelleen kehitt\u00e4\u00e4 uusilla ja innovatiivisilla ominaisuuksilla yrityksille ja yhteis\u00f6ille suunnattua ImageBank X Independent, mediapankkiratkaisuamme. Ratkaisua tarjotaan valituille kansainv\u00e4lisille markkinoille suunnattuna Euroopassa ja USA:ssa. Digital Asset Management \u2013 ratkaisumme palvelee erilaisia yhteis\u00f6j\u00e4 parhaalla k\u00e4ytt\u00e4j\u00e4kokemuksella ja \u00e4lykk\u00e4\u00e4ll\u00e4 (AI) digitaalisten aineistojen hallinnalla. Se tarjoaa nopean ROI:n yhteis\u00f6ille joilla on paljon erilaisia digitaalisia [&hellip;]<\/p>\n","protected":false},"author":1,"featured_media":0,"parent":0,"menu_order":0,"comment_status":"closed","ping_status":"closed","template":"","meta":{"_acf_changed":false,"_improvement_type_select":"improve_an_existing","_thumb_yes_seoaic":false,"_frame_yes_seoaic":false,"seoaic_generate_description":"","seoaic_improve_instructions_prompt":"","seoaic_rollback_content_improvement":"","seoaic_idea_thumbnail_generator":"","thumbnail_generated":false,"thumbnail_generate_prompt":"","seoaic_article_description":"","footnotes":""},"class_list":["post-5156","page","type-page","status-publish","hentry"],"acf":[],"yoast_head":"<!-- This site is optimized with the Yoast SEO plugin v25.2 - https:\/\/yoast.com\/wordpress\/plugins\/seo\/ -->\n<title>ImageBank X development project\u200b<\/title>\n<meta name=\"description\" content=\"ImageBank X development project\u200b on EU:n osa-rahoittama. Voit lukea projektin yhteenvedon t\u00e4st\u00e4.\" \/>\n<meta name=\"robots\" content=\"index, follow, max-snippet:-1, max-image-preview:large, max-video-preview:-1\" \/>\n<link rel=\"canonical\" href=\"https:\/\/imagebank.staging.mediasignal.dev\/fi\/hanke\/\" \/>\n<meta property=\"og:locale\" content=\"fi_FI\" \/>\n<meta property=\"og:type\" content=\"article\" \/>\n<meta property=\"og:title\" content=\"ImageBank X development project\u200b\" \/>\n<meta property=\"og:description\" content=\"ImageBank X development project\u200b on EU:n osa-rahoittama. Voit lukea projektin yhteenvedon t\u00e4st\u00e4.\" \/>\n<meta property=\"og:url\" content=\"https:\/\/imagebank.staging.mediasignal.dev\/fi\/hanke\/\" \/>\n<meta property=\"og:site_name\" content=\"ImageBank X DAM\" \/>\n<meta property=\"article:modified_time\" content=\"2025-05-05T07:34:03+00:00\" \/>\n<meta property=\"og:image\" content=\"https:\/\/imagebank.staging.mediasignal.dev\/wp-content\/uploads\/2025\/04\/EUn_osarahoittama.png\" \/>\n\t<meta property=\"og:image:width\" content=\"300\" \/>\n\t<meta property=\"og:image:height\" content=\"71\" \/>\n\t<meta property=\"og:image:type\" content=\"image\/png\" \/>\n<meta name=\"twitter:card\" content=\"summary_large_image\" \/>\n<meta name=\"twitter:label1\" content=\"Est. reading time\" \/>\n\t<meta name=\"twitter:data1\" content=\"1 minute\" \/>\n<script type=\"application\/ld+json\" class=\"yoast-schema-graph\">{\"@context\":\"https:\/\/schema.org\",\"@graph\":[{\"@type\":\"WebPage\",\"@id\":\"https:\/\/imagebank.staging.mediasignal.dev\/fi\/hanke\/\",\"url\":\"https:\/\/imagebank.staging.mediasignal.dev\/fi\/hanke\/\",\"name\":\"ImageBank X development project\u200b\",\"isPartOf\":{\"@id\":\"https:\/\/imagebank.staging.mediasignal.dev\/fi\/#website\"},\"primaryImageOfPage\":{\"@id\":\"https:\/\/imagebank.staging.mediasignal.dev\/fi\/hanke\/#primaryimage\"},\"image\":{\"@id\":\"https:\/\/imagebank.staging.mediasignal.dev\/fi\/hanke\/#primaryimage\"},\"thumbnailUrl\":\"https:\/\/imagebank.staging.mediasignal.dev\/app\/uploads\/2025\/04\/EUn_osarahoittama.png\",\"datePublished\":\"2025-04-30T06:43:42+00:00\",\"dateModified\":\"2025-05-05T07:34:03+00:00\",\"description\":\"ImageBank X development project\u200b on EU:n osa-rahoittama. Voit lukea projektin yhteenvedon t\u00e4st\u00e4.\",\"breadcrumb\":{\"@id\":\"https:\/\/imagebank.staging.mediasignal.dev\/fi\/hanke\/#breadcrumb\"},\"inLanguage\":\"fi\",\"potentialAction\":[{\"@type\":\"ReadAction\",\"target\":[\"https:\/\/imagebank.staging.mediasignal.dev\/fi\/hanke\/\"]}]},{\"@type\":\"ImageObject\",\"inLanguage\":\"fi\",\"@id\":\"https:\/\/imagebank.staging.mediasignal.dev\/fi\/hanke\/#primaryimage\",\"url\":\"https:\/\/imagebank.staging.mediasignal.dev\/app\/uploads\/2025\/04\/EUn_osarahoittama.png\",\"contentUrl\":\"https:\/\/imagebank.staging.mediasignal.dev\/app\/uploads\/2025\/04\/EUn_osarahoittama.png\"},{\"@type\":\"BreadcrumbList\",\"@id\":\"https:\/\/imagebank.staging.mediasignal.dev\/fi\/hanke\/#breadcrumb\",\"itemListElement\":[{\"@type\":\"ListItem\",\"position\":1,\"name\":\"Home\",\"item\":\"https:\/\/imagebank.staging.mediasignal.dev\/fi\/\"},{\"@type\":\"ListItem\",\"position\":2,\"name\":\"ImageBank X Independent, DAM intelligent development project\u200b\"}]},{\"@type\":\"WebSite\",\"@id\":\"https:\/\/imagebank.staging.mediasignal.dev\/fi\/#website\",\"url\":\"https:\/\/imagebank.staging.mediasignal.dev\/fi\/\",\"name\":\"ImageBank X\",\"description\":\"\",\"publisher\":{\"@id\":\"https:\/\/imagebank.staging.mediasignal.dev\/fi\/#organization\"},\"potentialAction\":[{\"@type\":\"SearchAction\",\"target\":{\"@type\":\"EntryPoint\",\"urlTemplate\":\"https:\/\/imagebank.staging.mediasignal.dev\/fi\/?s={search_term_string}\"},\"query-input\":{\"@type\":\"PropertyValueSpecification\",\"valueRequired\":true,\"valueName\":\"search_term_string\"}}],\"inLanguage\":\"fi\"},{\"@type\":\"Organization\",\"@id\":\"https:\/\/imagebank.staging.mediasignal.dev\/fi\/#organization\",\"name\":\"ImageBank X\",\"url\":\"https:\/\/imagebank.staging.mediasignal.dev\/fi\/\",\"logo\":{\"@type\":\"ImageObject\",\"inLanguage\":\"fi\",\"@id\":\"https:\/\/imagebank.staging.mediasignal.dev\/fi\/#\/schema\/logo\/image\/\",\"url\":\"https:\/\/imagebank.staging.mediasignal.dev\/app\/uploads\/2025\/03\/cropped-favicon.png\",\"contentUrl\":\"https:\/\/imagebank.staging.mediasignal.dev\/app\/uploads\/2025\/03\/cropped-favicon.png\",\"width\":512,\"height\":512,\"caption\":\"ImageBank X\"},\"image\":{\"@id\":\"https:\/\/imagebank.staging.mediasignal.dev\/fi\/#\/schema\/logo\/image\/\"},\"sameAs\":[\"https:\/\/linkedin.com\/imagebank-independent\"]}]}<\/script>\n<!-- \/ Yoast SEO plugin. -->","yoast_head_json":{"title":"ImageBank X development project\u200b","description":"ImageBank X development project\u200b on EU:n osa-rahoittama. Voit lukea projektin yhteenvedon t\u00e4st\u00e4.","robots":{"index":"index","follow":"follow","max-snippet":"max-snippet:-1","max-image-preview":"max-image-preview:large","max-video-preview":"max-video-preview:-1"},"canonical":"https:\/\/imagebank.staging.mediasignal.dev\/fi\/hanke\/","og_locale":"fi_FI","og_type":"article","og_title":"ImageBank X development project\u200b","og_description":"ImageBank X development project\u200b on EU:n osa-rahoittama. Voit lukea projektin yhteenvedon t\u00e4st\u00e4.","og_url":"https:\/\/imagebank.staging.mediasignal.dev\/fi\/hanke\/","og_site_name":"ImageBank X DAM","article_modified_time":"2025-05-05T07:34:03+00:00","og_image":[{"width":300,"height":71,"url":"https:\/\/imagebank.staging.mediasignal.dev\/wp-content\/uploads\/2025\/04\/EUn_osarahoittama.png","type":"image\/png"}],"twitter_card":"summary_large_image","twitter_misc":{"Est. reading time":"1 minute"},"schema":{"@context":"https:\/\/schema.org","@graph":[{"@type":"WebPage","@id":"https:\/\/imagebank.staging.mediasignal.dev\/fi\/hanke\/","url":"https:\/\/imagebank.staging.mediasignal.dev\/fi\/hanke\/","name":"ImageBank X development project\u200b","isPartOf":{"@id":"https:\/\/imagebank.staging.mediasignal.dev\/fi\/#website"},"primaryImageOfPage":{"@id":"https:\/\/imagebank.staging.mediasignal.dev\/fi\/hanke\/#primaryimage"},"image":{"@id":"https:\/\/imagebank.staging.mediasignal.dev\/fi\/hanke\/#primaryimage"},"thumbnailUrl":"https:\/\/imagebank.staging.mediasignal.dev\/app\/uploads\/2025\/04\/EUn_osarahoittama.png","datePublished":"2025-04-30T06:43:42+00:00","dateModified":"2025-05-05T07:34:03+00:00","description":"ImageBank X development project\u200b on EU:n osa-rahoittama. Voit lukea projektin yhteenvedon t\u00e4st\u00e4.","breadcrumb":{"@id":"https:\/\/imagebank.staging.mediasignal.dev\/fi\/hanke\/#breadcrumb"},"inLanguage":"fi","potentialAction":[{"@type":"ReadAction","target":["https:\/\/imagebank.staging.mediasignal.dev\/fi\/hanke\/"]}]},{"@type":"ImageObject","inLanguage":"fi","@id":"https:\/\/imagebank.staging.mediasignal.dev\/fi\/hanke\/#primaryimage","url":"https:\/\/imagebank.staging.mediasignal.dev\/app\/uploads\/2025\/04\/EUn_osarahoittama.png","contentUrl":"https:\/\/imagebank.staging.mediasignal.dev\/app\/uploads\/2025\/04\/EUn_osarahoittama.png"},{"@type":"BreadcrumbList","@id":"https:\/\/imagebank.staging.mediasignal.dev\/fi\/hanke\/#breadcrumb","itemListElement":[{"@type":"ListItem","position":1,"name":"Home","item":"https:\/\/imagebank.staging.mediasignal.dev\/fi\/"},{"@type":"ListItem","position":2,"name":"ImageBank X Independent, DAM intelligent development project\u200b"}]},{"@type":"WebSite","@id":"https:\/\/imagebank.staging.mediasignal.dev\/fi\/#website","url":"https:\/\/imagebank.staging.mediasignal.dev\/fi\/","name":"ImageBank X","description":"","publisher":{"@id":"https:\/\/imagebank.staging.mediasignal.dev\/fi\/#organization"},"potentialAction":[{"@type":"SearchAction","target":{"@type":"EntryPoint","urlTemplate":"https:\/\/imagebank.staging.mediasignal.dev\/fi\/?s={search_term_string}"},"query-input":{"@type":"PropertyValueSpecification","valueRequired":true,"valueName":"search_term_string"}}],"inLanguage":"fi"},{"@type":"Organization","@id":"https:\/\/imagebank.staging.mediasignal.dev\/fi\/#organization","name":"ImageBank X","url":"https:\/\/imagebank.staging.mediasignal.dev\/fi\/","logo":{"@type":"ImageObject","inLanguage":"fi","@id":"https:\/\/imagebank.staging.mediasignal.dev\/fi\/#\/schema\/logo\/image\/","url":"https:\/\/imagebank.staging.mediasignal.dev\/app\/uploads\/2025\/03\/cropped-favicon.png","contentUrl":"https:\/\/imagebank.staging.mediasignal.dev\/app\/uploads\/2025\/03\/cropped-favicon.png","width":512,"height":512,"caption":"ImageBank X"},"image":{"@id":"https:\/\/imagebank.staging.mediasignal.dev\/fi\/#\/schema\/logo\/image\/"},"sameAs":["https:\/\/linkedin.com\/imagebank-independent"]}]}},"_links":{"self":[{"href":"https:\/\/imagebank.staging.mediasignal.dev\/fi\/wp-json\/wp\/v2\/pages\/5156","targetHints":{"allow":["GET"]}}],"collection":[{"href":"https:\/\/imagebank.staging.mediasignal.dev\/fi\/wp-json\/wp\/v2\/pages"}],"about":[{"href":"https:\/\/imagebank.staging.mediasignal.dev\/fi\/wp-json\/wp\/v2\/types\/page"}],"author":[{"embeddable":true,"href":"https:\/\/imagebank.staging.mediasignal.dev\/fi\/wp-json\/wp\/v2\/users\/1"}],"replies":[{"embeddable":true,"href":"https:\/\/imagebank.staging.mediasignal.dev\/fi\/wp-json\/wp\/v2\/comments?post=5156"}],"version-history":[{"count":4,"href":"https:\/\/imagebank.staging.mediasignal.dev\/fi\/wp-json\/wp\/v2\/pages\/5156\/revisions"}],"predecessor-version":[{"id":5171,"href":"https:\/\/imagebank.staging.mediasignal.dev\/fi\/wp-json\/wp\/v2\/pages\/5156\/revisions\/5171"}],"wp:attachment":[{"href":"https:\/\/imagebank.staging.mediasignal.dev\/fi\/wp-json\/wp\/v2\/media?parent=5156"}],"curies":[{"name":"wp","href":"https:\/\/api.w.org\/{rel}","templated":true}]}}