{"id":4263,"date":"2025-03-06T12:58:56","date_gmt":"2025-03-06T12:58:56","guid":{"rendered":"https:\/\/imagebank.staging.mediasignal.dev\/?page_id=4263"},"modified":"2025-11-07T22:16:43","modified_gmt":"2025-11-07T22:16:43","slug":"pyyda-tarjous","status":"publish","type":"page","link":"https:\/\/imagebank.staging.mediasignal.dev\/fi\/pyyda-tarjous\/","title":{"rendered":"Pyyd\u00e4 tarjous"},"content":{"rendered":"<div \n    class=\"relative flex flex-col md:flex-row gap-12 py-14\">\n        <div\n        class=\"-z-50 pointer-events-none absolute left-1\/2 w-screen -translate-x-1\/2  bg-gradient-to-t from-white to-tetriary -top-14 bottom-0\">\n    <\/div>\n    <div class=\"relative z-10 md:mt-10 lg:mt-20 md:w-3\/5\">\n                <h1 class=\"z-10 mb-8 font-extrabold text-4xl sm:text-5xl md:text-7xl xl:text-8xl text-primary\">\n            Pyyd\u00e4 tarjous\n        <\/h1>\n                <p class=\"mb-6\">\n            Sy\u00f6t\u00e4 s\u00e4hk\u00f6postiosoitteesi, niin l\u00e4het\u00e4mme sinulle tarkemman tarjouksen. Saat my\u00f6s demo-tunnukset, joiden avulla voit testata palvelua omaan tahtiisi.\n            <span class=\"font-bold text-transparent bg-gradient-to-r from-primary to-secondary bg-clip-text\">\n                \n            <\/span>\n        <\/p>\n                    <\/div>\n        <div class=\"hidden md:block relative w-2\/5 content-center\">\n        \n    <\/div>\n    <div class=\"block md:hidden\">\n        \n    <\/div>\n    <\/div>\n\n<div style=\"height: 4rem;\"><\/div>\n\n\n<section id=\"Section\" class=\"content-wrap \">\n    \n\n<script charset=\"utf-8\" type=\"text\/javascript\" src=\"\/\/js.hsforms.net\/forms\/embed\/v2.js\"><\/script>\n<script>\n  hbspt.forms.create({\n    portalId: \"20093147\",\n    formId: \"86d316ad-e39a-482e-b066-af360c1a5059\",\n    region: \"na1\"\n  });\n<\/script>\n\n\n<\/section>\n\n<div style=\"height: 4rem;\"><\/div>\n\n\n\n<h2 class=\"wp-block-heading has-text-align-center\"><strong>Mit\u00e4 asiakkaamme sanovat ImageBank X:st\u00e4?<\/strong><\/h2>\n\n\n\n<section class=\"py-12\" >\n    <div class=\"relative swiper h-fit\">\n        <div\n            class=\"absolute pointer-events-none z-10 inset-0 bg-gradient-to-r from-white via-transparent to-white opacity-80 opacity\">\n        <\/div>\n        <div class=\"swiper-wrapper !h-[unset]\">\n                        <div class=\"swiper-slide !flex justify-center\">\n                                <a class=\"block w-fit\" href=\"https:\/\/imagebank.staging.mediasignal.dev\/fi\/referenssit\/vitamin-well\/\"\n                    aria-label=\"Lue lis\u00e4\u00e4 referenssist\u00e4 Vitamin Well tarjoaa laajan valikoiman vitamiinirikkaita juomia ja proteiinituotteita yli 40 markkinalla.\">\n                    <img decoding=\"async\" class=\"h-10 w-full max-w-52 object-contain\" src=\"https:\/\/imagebank.staging.mediasignal.dev\/wp-content\/uploads\/2025\/03\/VitaminWell-logo-2.webp\"\n                        alt=\"VitaminWell logo\" \/>\n                <\/a>\n                            <\/div>\n                        <div class=\"swiper-slide !flex justify-center\">\n                                <a class=\"block w-fit\" href=\"https:\/\/imagebank.staging.mediasignal.dev\/fi\/referenssit\/oras\/\"\n                    aria-label=\"Lue lis\u00e4\u00e4 referenssist\u00e4 Oras \u2013 korkealaatuiset ja innovatiiviset \u00a0hana- ja\u00a0suihkuratkaisut niin yksityiseen kuin julkiseen k\u00e4ytt\u00f6\u00f6n\">\n                    <img decoding=\"async\" class=\"h-10 w-full max-w-52 object-contain\" src=\"https:\/\/imagebank.staging.mediasignal.dev\/wp-content\/uploads\/2025\/03\/Logo-Oras.webp\"\n                        alt=\"Logo Oras\" \/>\n                <\/a>\n                            <\/div>\n                        <div class=\"swiper-slide !flex justify-center\">\n                                <a class=\"block w-fit\" href=\"https:\/\/imagebank.staging.mediasignal.dev\/fi\/referenssit\/nilorn\/\"\n                    aria-label=\"Lue lis\u00e4\u00e4 referenssist\u00e4 Nil\u00f6rn on ainutlaatuinen globaali yritys, joka tuo lis\u00e4arvoa br\u00e4ndeille etikettien, pakkauksien ja tarvikkeiden avulla\">\n                    <img decoding=\"async\" class=\"h-10 w-full max-w-52 object-contain\" src=\"https:\/\/imagebank.staging.mediasignal.dev\/wp-content\/uploads\/2025\/03\/Logo_Nilorn.webp\"\n                        alt=\"Logo_Nilorn\" \/>\n                <\/a>\n                            <\/div>\n                        <div class=\"swiper-slide !flex justify-center\">\n                                <a class=\"block w-fit\" href=\"https:\/\/imagebank.staging.mediasignal.dev\/fi\/referenssit\/suunto\/\"\n                    aria-label=\"Lue lis\u00e4\u00e4 referenssist\u00e4 Suunto \u2013 urheilukellojen, sukellustietokoneiden ja mittarien muotoilun ja innovaation eturintamassa\">\n                    <img decoding=\"async\" class=\"h-10 w-full max-w-52 object-contain\" src=\"https:\/\/imagebank.staging.mediasignal.dev\/wp-content\/uploads\/2025\/02\/Suunto-Logo.webp\"\n                        alt=\"Suunto-Logo\" \/>\n                <\/a>\n                            <\/div>\n                        <div class=\"swiper-slide !flex justify-center\">\n                                <a class=\"block w-fit\" href=\"https:\/\/imagebank.staging.mediasignal.dev\/fi\/referenssit\/helvar\/\"\n                    aria-label=\"Lue lis\u00e4\u00e4 referenssist\u00e4 Helvar luo innovatiivisia, energiaa s\u00e4\u00e4st\u00e4vi\u00e4 valaistusratkaisuja sek\u00e4 tietoon perustuvaa \u00e4lykkyytt\u00e4\">\n                    <img decoding=\"async\" class=\"h-10 w-full max-w-52 object-contain\" src=\"https:\/\/imagebank.staging.mediasignal.dev\/wp-content\/uploads\/2025\/02\/Helvar-logo-1.webp\"\n                        alt=\"Helvar-logo\" \/>\n                <\/a>\n                            <\/div>\n                        <div class=\"swiper-slide !flex justify-center\">\n                                <a class=\"block w-fit\" href=\"https:\/\/imagebank.staging.mediasignal.dev\/fi\/referenssit\/levi-hotel-spa\/\"\n                    aria-label=\"Lue lis\u00e4\u00e4 referenssist\u00e4 Levi Hotel Spa tarjoaa ylellisen kylpyl\u00e4kokemuksen Lapin upeassa ymp\u00e4rist\u00f6ss\u00e4.\">\n                    <img decoding=\"async\" class=\"h-10 w-full max-w-52 object-contain\" src=\"https:\/\/imagebank.staging.mediasignal.dev\/wp-content\/uploads\/2025\/03\/Logo-Levi-Hotel-Spa.webp\"\n                        alt=\"Logo-Levi-Hotel-Spa\" \/>\n                <\/a>\n                            <\/div>\n                        <div class=\"swiper-slide !flex justify-center\">\n                                <a class=\"block w-fit\" href=\"https:\/\/imagebank.staging.mediasignal.dev\/fi\/referenssit\/katepal\/\"\n                    aria-label=\"Lue lis\u00e4\u00e4 referenssist\u00e4 Katepal &#8211; bitumikattomateriaalien ja bitumituotteiden valmistaja\">\n                    <img decoding=\"async\" class=\"h-10 w-full max-w-52 object-contain\" src=\"https:\/\/imagebank.staging.mediasignal.dev\/wp-content\/uploads\/2025\/03\/Logo-Katepal.webp\"\n                        alt=\"Logo-Katepal\" \/>\n                <\/a>\n                            <\/div>\n                        <div class=\"swiper-slide !flex justify-center\">\n                                <a class=\"block w-fit\" href=\"https:\/\/imagebank.staging.mediasignal.dev\/fi\/referenssit\/molok\/\"\n                    aria-label=\"Lue lis\u00e4\u00e4 referenssist\u00e4 Molok \u2013 syv\u00e4ker\u00e4ysratkaisu j\u00e4tteiden tehokkaaseen ja siistiin ker\u00e4\u00e4miseen.\">\n                    <img decoding=\"async\" class=\"h-10 w-full max-w-52 object-contain\" src=\"https:\/\/imagebank.staging.mediasignal.dev\/wp-content\/uploads\/2025\/03\/Logo-Molok.webp\"\n                        alt=\"Logo-Molok\" \/>\n                <\/a>\n                            <\/div>\n                    <\/div>\n    <\/div>\n<\/section>\n\n\n<section >\n    <div class=\"grid grid-cols-1 sm:grid-cols-2 lg:grid-cols-3 py-12 gap-4 sm:gap-6 xl:gap-10\">\n                <div\n            class=\"flex flex-col justify-between px-4 py-6 sm:px-8 sm:py-10 rounded-xl shadow-lg shadow-gray border border-gray transition ease-in-out hover:scale-102 duration-300\">\n            <p class=\"text-sm\">\n                &#8220;ImageBank X:n valintaan vaikuttivat mm. kotimaisuus ja helppok\u00e4ytt\u00f6isyys sek\u00e4 Mediasignalin aktiivisuus ja palvelualttius. On loistavaa, ett\u00e4 kaikki materiaali l\u00f6ytyy nyt samasta sijainnista. Mediapankkia on helppo k\u00e4ytt\u00e4\u00e4 ja kuvien ja tiedostojen jakaminen kolmansille osapuolille on vaivatonta ja nopeaa.&#8221;\n            <\/p>\n            <div class=\"flex flex-col lg:flex-row lg:items-center gap-4 mt-6\">\n                <img decoding=\"async\" class=\"h-6 max-w-32 w-fit object-contain\" src=\"https:\/\/imagebank.staging.mediasignal.dev\/wp-content\/uploads\/2025\/03\/Logo-Eezy-300x300.webp\"\n                    alt=\"Logo Eezy\" \/>\n                <div>\n                    <p class=\"text-xs m-0\">Maria Malila<\/p>\n                    <p class=\"text-xs m-0\">Asiakasmarkkinointijohtaja<\/p>\n                <\/div>\n            <\/div>\n        <\/div>\n                <div\n            class=\"flex flex-col justify-between px-4 py-6 sm:px-8 sm:py-10 rounded-xl shadow-lg shadow-gray border border-gray transition ease-in-out hover:scale-102 duration-300\">\n            <p class=\"text-sm\">\n                &#8220;S\u00e4\u00e4styy aikaa, kun esimerkiksi j\u00e4lleenmyyj\u00e4t voivat noutaa logot, markkinointimateriaalin, uusimmat sertifikaatit ym. itsen\u00e4isesti yhdest\u00e4 paikasta. Kaikki voivat luottaa siihen, ett\u00e4 mediapankista l\u00f6ytyy uusin versio. Mediapankin t\u00e4rkeimpi\u00e4 ominaisuuksia ovat helppo jaettavuus (esim. ker\u00e4ilykorit) sek\u00e4 isojen tiedostojen linkit (videot, painoaineistot). Tallennustilaa on riitt\u00e4v\u00e4sti videoille ja painoaineistoille, joilla on suuri tiedostokoko.&#8221;\n            <\/p>\n            <div class=\"flex flex-col lg:flex-row lg:items-center gap-4 mt-6\">\n                <img decoding=\"async\" class=\"h-6 max-w-32 w-fit object-contain\" src=\"https:\/\/imagebank.staging.mediasignal.dev\/wp-content\/uploads\/2025\/03\/Logo-Molok-300x115.webp\"\n                    alt=\"Logo-Molok\" \/>\n                <div>\n                    <p class=\"text-xs m-0\">Anne Huhtala<\/p>\n                    <p class=\"text-xs m-0\">Markkinoinnin suunnittelija<\/p>\n                <\/div>\n            <\/div>\n        <\/div>\n                <div\n            class=\"flex flex-col justify-between px-4 py-6 sm:px-8 sm:py-10 rounded-xl shadow-lg shadow-gray border border-gray transition ease-in-out hover:scale-102 duration-300\">\n            <p class=\"text-sm\">\n                &#8220;ImageBank X on osoittautunut eritt\u00e4in tehokkaaksi ja k\u00e4ytt\u00e4j\u00e4yst\u00e4v\u00e4lliseksi ty\u00f6kaluksi markkinoinnin tueksi. Alustan selke\u00e4 ja yksinkertainen rakenne tekee kuvien hallinnasta ja jakamisesta, esimerkiksi j\u00e4lleenmyyjille, vaivatonta ja sujuvaa. Kolme kielivaihtoehtoa on meille merkitt\u00e4v\u00e4 etu, sill\u00e4 palvelemme asiakkaita ymp\u00e4ri maailmaa. Arvostamme sit\u00e4, kuinka helposti k\u00e4ytt\u00e4j\u00e4t voivat l\u00f6yt\u00e4\u00e4 tarvitsemansa materiaalin, joka s\u00e4\u00e4st\u00e4\u00e4 aikaa ja tehostaa p\u00e4ivitt\u00e4ist\u00e4 tekemist\u00e4mme niin meill\u00e4 Keslalla, kuin asiakkaidemmekin keskuudessa.&#8221;\n            <\/p>\n            <div class=\"flex flex-col lg:flex-row lg:items-center gap-4 mt-6\">\n                <img decoding=\"async\" class=\"h-6 max-w-32 w-fit object-contain\" src=\"https:\/\/imagebank.staging.mediasignal.dev\/wp-content\/uploads\/2025\/03\/Logo-Kesla.webp\"\n                    alt=\"Logo Kesla\" \/>\n                <div>\n                    <p class=\"text-xs m-0\">Aleksandra Ihno<\/p>\n                    <p class=\"text-xs m-0\">Markkinointiasiantuntija<\/p>\n                <\/div>\n            <\/div>\n        <\/div>\n            <\/div>\n<\/section>\n\n\n<div style=\"height: 4rem;\"><\/div>\n\n\n\n<h2 class=\"wp-block-heading has-text-align-center\"><strong>ImageBank X \u2013 keskitetty digitaalisen aineistonhallinnan ratkaisu<\/strong><\/h2>\n\n\n\n<p class=\"has-text-align-center\">ImageBank X on moderni digitaalisen aineistonhallinnan (DAM) ratkaisu, joka auttaa organisaatioita tallentamaan, hallitsemaan ja jakamaan tiedostojaan \u2013 kaikki yhdelt\u00e4 turvalliselta ja helppok\u00e4ytt\u00f6iselt\u00e4 alustalta. Katso video ja n\u00e4e, miten ImageBank X tehostaa p\u00e4ivitt\u00e4isi\u00e4 markkinointi- ja viestint\u00e4prosesseja, parantaa br\u00e4ndin johdonmukaisuutta ja s\u00e4\u00e4st\u00e4\u00e4 arvokasta aikaa kaikenkokoisille tiimeille.<\/p>\n\n\n\n<p class=\"has-text-align-center\"><a href=\"https:\/\/imagebank.staging.mediasignal.dev\/fi\/mediapankki\/imagebank-x-esittely\/\">Lue lis\u00e4\u00e4!<\/a><\/p>\n\n\n\n<div style=\"position: relative; overflow: hidden; padding-top: 56.25%;\"><iframe src=\"https:\/\/share.synthesia.io\/embeds\/videos\/6a995e74-0638-445b-a9a4-50ca3bff6bd7\" loading=\"lazy\" title=\"Synthesia video player - ImageBank X Demo 2025\" allowfullscreen allow=\"encrypted-media; fullscreen;\" style=\"position: absolute; width: 100%; height: 100%; top: 0; left: 0; border: none; padding: 0; margin: 0; overflow:hidden;\"><\/iframe><\/div>\n\n\n<div style=\"height: 4rem;\"><\/div>\n\n\n<section \n    class=\"relative pt-20 md:pt-32 pb-12 md:pb-20\">\n            <div\n        class=\"-z-50 pointer-events-none absolute left-1\/2 w-screen -translate-x-1\/2 bg-gradient-to-b from-white to-tetriary top-0 bottom-0\">\n    <\/div>\n            <div class=\"content-wrap\">\n        <h2 class=\"h1 font-bold text-center\">Ota yhteytt\u00e4!<\/h2>\n        <p class=\"text-center md:text-xl\"><\/p>\n        <a href=\"https:\/\/imagebank.staging.mediasignal.dev\/fi\/ota-yhteytta\/\" target=\"\"\n            class=\"flex text-white font-bold h-fit w-fit p-4 rounded-lg bg-gradient-to-r from-primary to-secondary transition ease-in-out hover:scale-105 duration-300 mx-auto\">\n            L\u00e4het\u00e4 meille viesti\n        <\/a>\n        <img decoding=\"async\" class=\"hidden md:block absolute max-w-96 top-0 -left-60 bottom-0 max-h-full\"\n            src=\"\/wp-content\/themes\/imagebank\/assets\/images\/muoto.webp\" alt=\"Purple twisting shape\" \/>\n    <\/div>\n    <\/section>\n\n","protected":false},"excerpt":{"rendered":"<p>Mit\u00e4 asiakkaamme sanovat ImageBank X:st\u00e4? ImageBank X \u2013 keskitetty digitaalisen aineistonhallinnan ratkaisu ImageBank X on moderni digitaalisen aineistonhallinnan (DAM) ratkaisu, joka auttaa organisaatioita tallentamaan, hallitsemaan ja jakamaan tiedostojaan \u2013 kaikki yhdelt\u00e4 turvalliselta ja helppok\u00e4ytt\u00f6iselt\u00e4 alustalta. Katso video ja n\u00e4e, miten ImageBank X tehostaa p\u00e4ivitt\u00e4isi\u00e4 markkinointi- ja viestint\u00e4prosesseja, parantaa br\u00e4ndin johdonmukaisuutta ja s\u00e4\u00e4st\u00e4\u00e4 arvokasta aikaa kaikenkokoisille [&hellip;]<\/p>\n","protected":false},"author":1,"featured_media":1861,"parent":0,"menu_order":0,"comment_status":"closed","ping_status":"closed","template":"","meta":{"_acf_changed":false,"_improvement_type_select":"improve_an_existing","_thumb_yes_seoaic":false,"_frame_yes_seoaic":false,"seoaic_generate_description":"","seoaic_improve_instructions_prompt":"","seoaic_rollback_content_improvement":"","seoaic_idea_thumbnail_generator":"","thumbnail_generated":false,"thumbnail_generate_prompt":"","seoaic_article_description":"","footnotes":""},"class_list":["post-4263","page","type-page","status-publish","has-post-thumbnail","hentry"],"acf":[],"yoast_head":"<!-- This site is optimized with the Yoast SEO plugin v25.2 - https:\/\/yoast.com\/wordpress\/plugins\/seo\/ -->\n<title>Pyyd\u00e4 tarjous kotimaisesta mediapankista I ImageBank X DAM<\/title>\n<meta name=\"description\" content=\"ImageBank X on kokonaisvaltainen mediapankkiratkaisu tehokkaaseen aineiston hallintaan. Pyyd\u00e4 tarjous ja kokeile ratkaisua itse!\" \/>\n<meta name=\"robots\" content=\"index, follow, max-snippet:-1, max-image-preview:large, max-video-preview:-1\" \/>\n<link rel=\"canonical\" href=\"https:\/\/imagebank.staging.mediasignal.dev\/fi\/pyyda-tarjous\/\" \/>\n<meta property=\"og:locale\" content=\"fi_FI\" \/>\n<meta property=\"og:type\" content=\"article\" \/>\n<meta property=\"og:title\" content=\"Pyyd\u00e4 tarjous kotimaisesta mediapankista I ImageBank X DAM\" \/>\n<meta property=\"og:description\" content=\"ImageBank X on kokonaisvaltainen mediapankkiratkaisu tehokkaaseen aineiston hallintaan. Pyyd\u00e4 tarjous ja kokeile ratkaisua itse!\" \/>\n<meta property=\"og:url\" content=\"https:\/\/imagebank.staging.mediasignal.dev\/fi\/pyyda-tarjous\/\" \/>\n<meta property=\"og:site_name\" content=\"ImageBank X DAM\" \/>\n<meta property=\"article:modified_time\" content=\"2025-11-07T22:16:43+00:00\" \/>\n<meta property=\"og:image\" content=\"https:\/\/imagebank.staging.mediasignal.dev\/app\/uploads\/2025\/03\/ImageBankX-2.webp\" \/>\n\t<meta property=\"og:image:width\" content=\"1200\" \/>\n\t<meta property=\"og:image:height\" content=\"800\" \/>\n\t<meta property=\"og:image:type\" content=\"image\/webp\" \/>\n<meta name=\"twitter:card\" content=\"summary_large_image\" \/>\n<meta name=\"twitter:label1\" content=\"Est. reading time\" \/>\n\t<meta name=\"twitter:data1\" content=\"1 minute\" \/>\n<script type=\"application\/ld+json\" class=\"yoast-schema-graph\">{\"@context\":\"https:\/\/schema.org\",\"@graph\":[{\"@type\":\"WebPage\",\"@id\":\"https:\/\/imagebank.staging.mediasignal.dev\/fi\/pyyda-tarjous\/\",\"url\":\"https:\/\/imagebank.staging.mediasignal.dev\/fi\/pyyda-tarjous\/\",\"name\":\"Pyyd\u00e4 tarjous kotimaisesta mediapankista I ImageBank X DAM\",\"isPartOf\":{\"@id\":\"https:\/\/imagebank.staging.mediasignal.dev\/fi\/#website\"},\"primaryImageOfPage\":{\"@id\":\"https:\/\/imagebank.staging.mediasignal.dev\/fi\/pyyda-tarjous\/#primaryimage\"},\"image\":{\"@id\":\"https:\/\/imagebank.staging.mediasignal.dev\/fi\/pyyda-tarjous\/#primaryimage\"},\"thumbnailUrl\":\"https:\/\/imagebank.staging.mediasignal.dev\/wp-content\/uploads\/2025\/03\/ImageBankX-2.webp\",\"datePublished\":\"2025-03-06T12:58:56+00:00\",\"dateModified\":\"2025-11-07T22:16:43+00:00\",\"description\":\"ImageBank X on kokonaisvaltainen mediapankkiratkaisu tehokkaaseen aineiston hallintaan. Pyyd\u00e4 tarjous ja kokeile ratkaisua itse!\",\"breadcrumb\":{\"@id\":\"https:\/\/imagebank.staging.mediasignal.dev\/fi\/pyyda-tarjous\/#breadcrumb\"},\"inLanguage\":\"fi\",\"potentialAction\":[{\"@type\":\"ReadAction\",\"target\":[\"https:\/\/imagebank.staging.mediasignal.dev\/fi\/pyyda-tarjous\/\"]}]},{\"@type\":\"ImageObject\",\"inLanguage\":\"fi\",\"@id\":\"https:\/\/imagebank.staging.mediasignal.dev\/fi\/pyyda-tarjous\/#primaryimage\",\"url\":\"https:\/\/imagebank.staging.mediasignal.dev\/wp-content\/uploads\/2025\/03\/ImageBankX-2.webp\",\"contentUrl\":\"https:\/\/imagebank.staging.mediasignal.dev\/wp-content\/uploads\/2025\/03\/ImageBankX-2.webp\",\"width\":1200,\"height\":800,\"caption\":\"ImageBank X on kotimainen mediapankki, jonka palvelimet sijaitsevat Haminassa. Tutustu kokonaisvaltaiseen mediapankki ratkaisuun ja pyyd\u00e4 tarjous.\"},{\"@type\":\"BreadcrumbList\",\"@id\":\"https:\/\/imagebank.staging.mediasignal.dev\/fi\/pyyda-tarjous\/#breadcrumb\",\"itemListElement\":[{\"@type\":\"ListItem\",\"position\":1,\"name\":\"Home\",\"item\":\"https:\/\/imagebank.staging.mediasignal.dev\/fi\/\"},{\"@type\":\"ListItem\",\"position\":2,\"name\":\"Pyyd\u00e4 tarjous\"}]},{\"@type\":\"WebSite\",\"@id\":\"https:\/\/imagebank.staging.mediasignal.dev\/fi\/#website\",\"url\":\"https:\/\/imagebank.staging.mediasignal.dev\/fi\/\",\"name\":\"ImageBank X\",\"description\":\"\",\"publisher\":{\"@id\":\"https:\/\/imagebank.staging.mediasignal.dev\/fi\/#organization\"},\"potentialAction\":[{\"@type\":\"SearchAction\",\"target\":{\"@type\":\"EntryPoint\",\"urlTemplate\":\"https:\/\/imagebank.staging.mediasignal.dev\/fi\/?s={search_term_string}\"},\"query-input\":{\"@type\":\"PropertyValueSpecification\",\"valueRequired\":true,\"valueName\":\"search_term_string\"}}],\"inLanguage\":\"fi\"},{\"@type\":\"Organization\",\"@id\":\"https:\/\/imagebank.staging.mediasignal.dev\/fi\/#organization\",\"name\":\"ImageBank X\",\"url\":\"https:\/\/imagebank.staging.mediasignal.dev\/fi\/\",\"logo\":{\"@type\":\"ImageObject\",\"inLanguage\":\"fi\",\"@id\":\"https:\/\/imagebank.staging.mediasignal.dev\/fi\/#\/schema\/logo\/image\/\",\"url\":\"https:\/\/imagebank.staging.mediasignal.dev\/app\/uploads\/2025\/03\/cropped-favicon.png\",\"contentUrl\":\"https:\/\/imagebank.staging.mediasignal.dev\/app\/uploads\/2025\/03\/cropped-favicon.png\",\"width\":512,\"height\":512,\"caption\":\"ImageBank X\"},\"image\":{\"@id\":\"https:\/\/imagebank.staging.mediasignal.dev\/fi\/#\/schema\/logo\/image\/\"},\"sameAs\":[\"https:\/\/linkedin.com\/imagebank-independent\"]}]}<\/script>\n<!-- \/ Yoast SEO plugin. -->","yoast_head_json":{"title":"Pyyd\u00e4 tarjous kotimaisesta mediapankista I ImageBank X DAM","description":"ImageBank X on kokonaisvaltainen mediapankkiratkaisu tehokkaaseen aineiston hallintaan. Pyyd\u00e4 tarjous ja kokeile ratkaisua itse!","robots":{"index":"index","follow":"follow","max-snippet":"max-snippet:-1","max-image-preview":"max-image-preview:large","max-video-preview":"max-video-preview:-1"},"canonical":"https:\/\/imagebank.staging.mediasignal.dev\/fi\/pyyda-tarjous\/","og_locale":"fi_FI","og_type":"article","og_title":"Pyyd\u00e4 tarjous kotimaisesta mediapankista I ImageBank X DAM","og_description":"ImageBank X on kokonaisvaltainen mediapankkiratkaisu tehokkaaseen aineiston hallintaan. Pyyd\u00e4 tarjous ja kokeile ratkaisua itse!","og_url":"https:\/\/imagebank.staging.mediasignal.dev\/fi\/pyyda-tarjous\/","og_site_name":"ImageBank X DAM","article_modified_time":"2025-11-07T22:16:43+00:00","og_image":[{"width":1200,"height":800,"url":"https:\/\/imagebank.staging.mediasignal.dev\/app\/uploads\/2025\/03\/ImageBankX-2.webp","type":"image\/webp"}],"twitter_card":"summary_large_image","twitter_misc":{"Est. reading time":"1 minute"},"schema":{"@context":"https:\/\/schema.org","@graph":[{"@type":"WebPage","@id":"https:\/\/imagebank.staging.mediasignal.dev\/fi\/pyyda-tarjous\/","url":"https:\/\/imagebank.staging.mediasignal.dev\/fi\/pyyda-tarjous\/","name":"Pyyd\u00e4 tarjous kotimaisesta mediapankista I ImageBank X DAM","isPartOf":{"@id":"https:\/\/imagebank.staging.mediasignal.dev\/fi\/#website"},"primaryImageOfPage":{"@id":"https:\/\/imagebank.staging.mediasignal.dev\/fi\/pyyda-tarjous\/#primaryimage"},"image":{"@id":"https:\/\/imagebank.staging.mediasignal.dev\/fi\/pyyda-tarjous\/#primaryimage"},"thumbnailUrl":"https:\/\/imagebank.staging.mediasignal.dev\/wp-content\/uploads\/2025\/03\/ImageBankX-2.webp","datePublished":"2025-03-06T12:58:56+00:00","dateModified":"2025-11-07T22:16:43+00:00","description":"ImageBank X on kokonaisvaltainen mediapankkiratkaisu tehokkaaseen aineiston hallintaan. Pyyd\u00e4 tarjous ja kokeile ratkaisua itse!","breadcrumb":{"@id":"https:\/\/imagebank.staging.mediasignal.dev\/fi\/pyyda-tarjous\/#breadcrumb"},"inLanguage":"fi","potentialAction":[{"@type":"ReadAction","target":["https:\/\/imagebank.staging.mediasignal.dev\/fi\/pyyda-tarjous\/"]}]},{"@type":"ImageObject","inLanguage":"fi","@id":"https:\/\/imagebank.staging.mediasignal.dev\/fi\/pyyda-tarjous\/#primaryimage","url":"https:\/\/imagebank.staging.mediasignal.dev\/wp-content\/uploads\/2025\/03\/ImageBankX-2.webp","contentUrl":"https:\/\/imagebank.staging.mediasignal.dev\/wp-content\/uploads\/2025\/03\/ImageBankX-2.webp","width":1200,"height":800,"caption":"ImageBank X on kotimainen mediapankki, jonka palvelimet sijaitsevat Haminassa. Tutustu kokonaisvaltaiseen mediapankki ratkaisuun ja pyyd\u00e4 tarjous."},{"@type":"BreadcrumbList","@id":"https:\/\/imagebank.staging.mediasignal.dev\/fi\/pyyda-tarjous\/#breadcrumb","itemListElement":[{"@type":"ListItem","position":1,"name":"Home","item":"https:\/\/imagebank.staging.mediasignal.dev\/fi\/"},{"@type":"ListItem","position":2,"name":"Pyyd\u00e4 tarjous"}]},{"@type":"WebSite","@id":"https:\/\/imagebank.staging.mediasignal.dev\/fi\/#website","url":"https:\/\/imagebank.staging.mediasignal.dev\/fi\/","name":"ImageBank X","description":"","publisher":{"@id":"https:\/\/imagebank.staging.mediasignal.dev\/fi\/#organization"},"potentialAction":[{"@type":"SearchAction","target":{"@type":"EntryPoint","urlTemplate":"https:\/\/imagebank.staging.mediasignal.dev\/fi\/?s={search_term_string}"},"query-input":{"@type":"PropertyValueSpecification","valueRequired":true,"valueName":"search_term_string"}}],"inLanguage":"fi"},{"@type":"Organization","@id":"https:\/\/imagebank.staging.mediasignal.dev\/fi\/#organization","name":"ImageBank X","url":"https:\/\/imagebank.staging.mediasignal.dev\/fi\/","logo":{"@type":"ImageObject","inLanguage":"fi","@id":"https:\/\/imagebank.staging.mediasignal.dev\/fi\/#\/schema\/logo\/image\/","url":"https:\/\/imagebank.staging.mediasignal.dev\/app\/uploads\/2025\/03\/cropped-favicon.png","contentUrl":"https:\/\/imagebank.staging.mediasignal.dev\/app\/uploads\/2025\/03\/cropped-favicon.png","width":512,"height":512,"caption":"ImageBank X"},"image":{"@id":"https:\/\/imagebank.staging.mediasignal.dev\/fi\/#\/schema\/logo\/image\/"},"sameAs":["https:\/\/linkedin.com\/imagebank-independent"]}]}},"_links":{"self":[{"href":"https:\/\/imagebank.staging.mediasignal.dev\/fi\/wp-json\/wp\/v2\/pages\/4263","targetHints":{"allow":["GET"]}}],"collection":[{"href":"https:\/\/imagebank.staging.mediasignal.dev\/fi\/wp-json\/wp\/v2\/pages"}],"about":[{"href":"https:\/\/imagebank.staging.mediasignal.dev\/fi\/wp-json\/wp\/v2\/types\/page"}],"author":[{"embeddable":true,"href":"https:\/\/imagebank.staging.mediasignal.dev\/fi\/wp-json\/wp\/v2\/users\/1"}],"replies":[{"embeddable":true,"href":"https:\/\/imagebank.staging.mediasignal.dev\/fi\/wp-json\/wp\/v2\/comments?post=4263"}],"version-history":[{"count":6,"href":"https:\/\/imagebank.staging.mediasignal.dev\/fi\/wp-json\/wp\/v2\/pages\/4263\/revisions"}],"predecessor-version":[{"id":11330,"href":"https:\/\/imagebank.staging.mediasignal.dev\/fi\/wp-json\/wp\/v2\/pages\/4263\/revisions\/11330"}],"wp:featuredmedia":[{"embeddable":true,"href":"https:\/\/imagebank.staging.mediasignal.dev\/fi\/wp-json\/wp\/v2\/media\/1861"}],"wp:attachment":[{"href":"https:\/\/imagebank.staging.mediasignal.dev\/fi\/wp-json\/wp\/v2\/media?parent=4263"}],"curies":[{"name":"wp","href":"https:\/\/api.w.org\/{rel}","templated":true}]}}