{"id":4250,"date":"2025-03-07T11:12:19","date_gmt":"2025-03-07T11:12:19","guid":{"rendered":"https:\/\/imagebank.staging.mediasignal.dev\/?page_id=4250"},"modified":"2025-11-07T22:22:17","modified_gmt":"2025-11-07T22:22:17","slug":"varaa-maksuton-demo","status":"publish","type":"page","link":"https:\/\/imagebank.staging.mediasignal.dev\/fi\/varaa-maksuton-demo\/","title":{"rendered":"Varaa maksuton demo"},"content":{"rendered":"<div \n    class=\"relative flex flex-col xs:flex-row py-14\">\n        <div\n        class=\"-z-50 pointer-events-none absolute left-1\/2 w-screen -translate-x-1\/2  bg-gradient-to-t from-white to-tetriary -top-14 bottom-0\">\n    <\/div>\n    <div class=\"relative z-10 md:mt-10 lg:mt-20 xs:w-3\/5\">\n                <div class=\"border border-white text-white rounded-full w-fit px-4 py-2 mb-4\">\n            Varaa maksuton demo-esittely\n        <\/div>\n                <h1 class=\"z-10 mb-8 font-extrabold text-4xl sm:text-5xl md:text-7xl xl:text-8xl text-primary\">\n            N\u00e4e miten ImageBank X mediapankki toimii\n        <\/h1>\n                <p class=\"mb-6\">\n            Varaa ilmainen esittely ja n\u00e4e, kuinka ImageBank X voi auttaa sinua hallitsemaan ja jakamaan br\u00e4ndisi digitaaliset aineistot sek\u00e4 tehostamaan ty\u00f6skentelyprosessiasi. Esittelyn aikana asiantuntijamme opastaa sinua ImageBank X:n keskeisiss\u00e4 ominaisuuksissa ja tehokkaimmissa toiminnoissa. Esittely pidet\u00e4\u00e4n Teamsissa ja se on t\u00e4ysin ilmainen, ilman sitoutumista. Esittelyn j\u00e4lkeen saat tunnukset, joiden avulla voit tutustua alustaan itse.\n            <span class=\"font-bold text-transparent bg-gradient-to-r from-primary to-secondary bg-clip-text\">\n                \n            <\/span>\n        <\/p>\n                    <\/div>\n        <div class=\"hidden xs:block relative -z-10 w-2\/5 -my-12\">\n        <img class=\"absolute bottom-0 left-0 -top-8 min-w-full max-w-none h-full object-contain\"\n            srcset=\"https:\/\/imagebank.staging.mediasignal.dev\/wp-content\/uploads\/2025\/03\/Hero-7-1-300x300.webp 300w, https:\/\/imagebank.staging.mediasignal.dev\/wp-content\/uploads\/2025\/03\/Hero-7-1-1021x1024.webp 1021w, https:\/\/imagebank.staging.mediasignal.dev\/wp-content\/uploads\/2025\/03\/Hero-7-1-150x150.webp 150w, https:\/\/imagebank.staging.mediasignal.dev\/wp-content\/uploads\/2025\/03\/Hero-7-1-768x771.webp 768w, https:\/\/imagebank.staging.mediasignal.dev\/wp-content\/uploads\/2025\/03\/Hero-7-1.webp 1203w\" alt=\"User-friendly Digital Asset Management (DAM) software dashboard displaying organized digital assets\" \/>\n    <\/div>\n    <div class=\"block xs:hidden\">\n        <img srcset=\"https:\/\/imagebank.staging.mediasignal.dev\/wp-content\/uploads\/2025\/03\/Hero-7-1-300x300.webp 300w, https:\/\/imagebank.staging.mediasignal.dev\/wp-content\/uploads\/2025\/03\/Hero-7-1-1021x1024.webp 1021w, https:\/\/imagebank.staging.mediasignal.dev\/wp-content\/uploads\/2025\/03\/Hero-7-1-150x150.webp 150w, https:\/\/imagebank.staging.mediasignal.dev\/wp-content\/uploads\/2025\/03\/Hero-7-1-768x771.webp 768w, https:\/\/imagebank.staging.mediasignal.dev\/wp-content\/uploads\/2025\/03\/Hero-7-1.webp 1203w\" alt=\"User-friendly Digital Asset Management (DAM) software dashboard displaying organized digital assets\" \/>\n    <\/div>\n    <\/div>\n\n\n<!-- Start of Meetings Embed Script -->\n    <div class=\"meetings-iframe-container\" data-src=\"https:\/\/meetings.hubspot.com\/joni-heinonen?embed=true\"><\/div>\n    <script type=\"text\/javascript\" src=\"https:\/\/static.hsappstatic.net\/MeetingsEmbed\/ex\/MeetingsEmbedCode.js\"><\/script>\n  <!-- End of Meetings Embed Script -->\n\n\n<div style=\"height: 4rem;\"><\/div>\n\n\n<section id=\"Section\" class=\"content-wrap \">\n    \n\n<h2 class=\"wp-block-heading has-text-align-center\"><strong>Asiakkaidemme kommentteja ImageBank X -mediapankista<\/strong><\/h2>\n\n\n<\/section>\n\n\n<section >\n    <div class=\"grid grid-cols-1 sm:grid-cols-2 lg:grid-cols-3 py-12 gap-4 sm:gap-6 xl:gap-10\">\n                <div\n            class=\"flex flex-col justify-between px-4 py-6 sm:px-8 sm:py-10 rounded-xl shadow-lg shadow-gray border border-gray transition ease-in-out hover:scale-102 duration-300\">\n            <p class=\"text-sm\">\n                &#8220;ImageBank X on virtaviivaistanut digitaalisen aineistomme hallintaa pit\u00e4m\u00e4ll\u00e4 kuvat, videot ja markkinointimateriaalit kaikki yhdess\u00e4 paikassa. On helppoa ladata tarvittavat tiedostot tai jakaa niit\u00e4 muiden kanssa. Eritt\u00e4in toimiva ja jatkuvasti kehittyv\u00e4 ratkaisu.&#8221;\n            <\/p>\n            <div class=\"flex flex-col lg:flex-row lg:items-center gap-4 mt-6\">\n                <img decoding=\"async\" class=\"h-6 max-w-32 w-fit object-contain\" src=\"https:\/\/imagebank.staging.mediasignal.dev\/wp-content\/uploads\/2025\/03\/Logo-Steveco.webp\"\n                    alt=\"Logo-Steveco\" \/>\n                <div>\n                    <p class=\"text-xs m-0\">Elina Harjama<\/p>\n                    <p class=\"text-xs m-0\">Viestint\u00e4virkailija<\/p>\n                <\/div>\n            <\/div>\n        <\/div>\n                <div\n            class=\"flex flex-col justify-between px-4 py-6 sm:px-8 sm:py-10 rounded-xl shadow-lg shadow-gray border border-gray transition ease-in-out hover:scale-102 duration-300\">\n            <p class=\"text-sm\">\n                &#8220;Suurin haaste vanhassa j\u00e4rjestelm\u00e4ss\u00e4 oli sen vanhentunut ja k\u00f6mpel\u00f6 k\u00e4ytt\u00f6liittym\u00e4 sek\u00e4 asiakastuki. Nyt, kun ImageBank X on otettu k\u00e4ytt\u00f6\u00f6n, k\u00e4ytt\u00f6kokemus on todella sujuva. Selainpohjainen hallinta on joustavaa ja vaivatonta. Asiakaspalvelu on erinomaista: tukipyynt\u00f6ihin vastataan nopeasti, ongelmat ratkeavat, ja jopa k\u00e4ytt\u00f6\u00f6noton aikana yhteisty\u00f6 sujui erityisen mutkattomasti ja helposti!&#8221;\n            <\/p>\n            <div class=\"flex flex-col lg:flex-row lg:items-center gap-4 mt-6\">\n                <img decoding=\"async\" class=\"h-6 max-w-32 w-fit object-contain\" src=\"https:\/\/imagebank.staging.mediasignal.dev\/wp-content\/uploads\/2025\/02\/Helvar-logo-1.webp\"\n                    alt=\"Helvar-logo\" \/>\n                <div>\n                    <p class=\"text-xs m-0\">Toni Ajo<\/p>\n                    <p class=\"text-xs m-0\">Tekninen tuote- ja markkinointijohtaja<\/p>\n                <\/div>\n            <\/div>\n        <\/div>\n                <div\n            class=\"flex flex-col justify-between px-4 py-6 sm:px-8 sm:py-10 rounded-xl shadow-lg shadow-gray border border-gray transition ease-in-out hover:scale-102 duration-300\">\n            <p class=\"text-sm\">\n                &#8220;ImageBank X:n valintaan vaikuttivat mm. kotimaisuus ja helppok\u00e4ytt\u00f6isyys sek\u00e4 Mediasignalin aktiivisuus ja palvelualttius. On loistavaa, ett\u00e4 kaikki materiaali l\u00f6ytyy nyt samasta sijainnista. Mediapankkia on helppo k\u00e4ytt\u00e4\u00e4 ja kuvien ja tiedostojen jakaminen kolmansille osapuolille on vaivatonta ja nopeaa.&#8221;\n            <\/p>\n            <div class=\"flex flex-col lg:flex-row lg:items-center gap-4 mt-6\">\n                <img decoding=\"async\" class=\"h-6 max-w-32 w-fit object-contain\" src=\"https:\/\/imagebank.staging.mediasignal.dev\/wp-content\/uploads\/2025\/03\/Logo-Eezy-300x300.webp\"\n                    alt=\"Logo Eezy\" \/>\n                <div>\n                    <p class=\"text-xs m-0\">Maria Malila<\/p>\n                    <p class=\"text-xs m-0\">Asiakasmarkkinointijohtaja<\/p>\n                <\/div>\n            <\/div>\n        <\/div>\n            <\/div>\n<\/section>\n\n\n<section \n    class=\"relative pt-20 md:pt-32 pb-12 md:pb-20\">\n            <div\n        class=\"-z-50 pointer-events-none absolute left-1\/2 w-screen -translate-x-1\/2 bg-gradient-to-b from-white to-tetriary top-0 bottom-0\">\n    <\/div>\n            <div class=\"content-wrap\">\n        <h2 class=\"h1 font-bold text-center\">Ota yhteytt\u00e4!<\/h2>\n        <p class=\"text-center md:text-xl\"><\/p>\n        <a href=\"https:\/\/imagebank.staging.mediasignal.dev\/fi\/ota-yhteytta\/\" target=\"\"\n            class=\"flex text-white font-bold h-fit w-fit p-4 rounded-lg bg-gradient-to-r from-primary to-secondary transition ease-in-out hover:scale-105 duration-300 mx-auto\">\n            L\u00e4het\u00e4 meille viesti\n        <\/a>\n        <img decoding=\"async\" class=\"hidden md:block absolute max-w-96 top-0 -left-60 bottom-0 max-h-full\"\n            src=\"\/wp-content\/themes\/imagebank\/assets\/images\/muoto.webp\" alt=\"Purple twisting shape\" \/>\n    <\/div>\n    <\/section>\n\n","protected":false},"excerpt":{"rendered":"","protected":false},"author":1,"featured_media":1857,"parent":0,"menu_order":0,"comment_status":"closed","ping_status":"closed","template":"","meta":{"_acf_changed":false,"_improvement_type_select":"improve_an_existing","_thumb_yes_seoaic":false,"_frame_yes_seoaic":false,"seoaic_generate_description":"","seoaic_improve_instructions_prompt":"","seoaic_rollback_content_improvement":"","seoaic_idea_thumbnail_generator":"","thumbnail_generated":false,"thumbnail_generate_prompt":"","seoaic_article_description":"","footnotes":""},"class_list":["post-4250","page","type-page","status-publish","has-post-thumbnail","hentry"],"acf":[],"yoast_head":"<!-- This site is optimized with the Yoast SEO plugin v25.2 - https:\/\/yoast.com\/wordpress\/plugins\/seo\/ -->\n<title>Varaa maksuton demo - Mediapankki (DAM) - ImageBank X DAM<\/title>\n<meta name=\"description\" content=\"N\u00e4e, miten ImageBank X helpottaa br\u00e4ndisi digitaalisten aineistojen hallintaa, jakamista ja ty\u00f6skentelyn tehostamista.\" \/>\n<meta name=\"robots\" content=\"index, follow, max-snippet:-1, max-image-preview:large, max-video-preview:-1\" \/>\n<link rel=\"canonical\" href=\"https:\/\/imagebank.staging.mediasignal.dev\/fi\/varaa-maksuton-demo\/\" \/>\n<meta property=\"og:locale\" content=\"fi_FI\" \/>\n<meta property=\"og:type\" content=\"article\" \/>\n<meta property=\"og:title\" content=\"Varaa maksuton demo - Mediapankki (DAM) - ImageBank X DAM\" \/>\n<meta property=\"og:description\" content=\"N\u00e4e, miten ImageBank X helpottaa br\u00e4ndisi digitaalisten aineistojen hallintaa, jakamista ja ty\u00f6skentelyn tehostamista.\" \/>\n<meta property=\"og:url\" content=\"https:\/\/imagebank.staging.mediasignal.dev\/fi\/varaa-maksuton-demo\/\" \/>\n<meta property=\"og:site_name\" content=\"ImageBank X DAM\" \/>\n<meta property=\"article:modified_time\" content=\"2025-11-07T22:22:17+00:00\" \/>\n<meta property=\"og:image\" content=\"https:\/\/imagebank.staging.mediasignal.dev\/app\/uploads\/2025\/03\/ImageBankX-3.webp\" \/>\n\t<meta property=\"og:image:width\" content=\"1200\" \/>\n\t<meta property=\"og:image:height\" content=\"800\" \/>\n\t<meta property=\"og:image:type\" content=\"image\/webp\" \/>\n<meta name=\"twitter:card\" content=\"summary_large_image\" \/>\n<meta name=\"twitter:label1\" content=\"Est. reading time\" \/>\n\t<meta name=\"twitter:data1\" content=\"1 minute\" \/>\n<script type=\"application\/ld+json\" class=\"yoast-schema-graph\">{\"@context\":\"https:\/\/schema.org\",\"@graph\":[{\"@type\":\"WebPage\",\"@id\":\"https:\/\/imagebank.staging.mediasignal.dev\/fi\/varaa-maksuton-demo\/\",\"url\":\"https:\/\/imagebank.staging.mediasignal.dev\/fi\/varaa-maksuton-demo\/\",\"name\":\"Varaa maksuton demo - Mediapankki (DAM) - ImageBank X DAM\",\"isPartOf\":{\"@id\":\"https:\/\/imagebank.staging.mediasignal.dev\/fi\/#website\"},\"primaryImageOfPage\":{\"@id\":\"https:\/\/imagebank.staging.mediasignal.dev\/fi\/varaa-maksuton-demo\/#primaryimage\"},\"image\":{\"@id\":\"https:\/\/imagebank.staging.mediasignal.dev\/fi\/varaa-maksuton-demo\/#primaryimage\"},\"thumbnailUrl\":\"https:\/\/imagebank.staging.mediasignal.dev\/wp-content\/uploads\/2025\/03\/ImageBankX-3.webp\",\"datePublished\":\"2025-03-07T11:12:19+00:00\",\"dateModified\":\"2025-11-07T22:22:17+00:00\",\"description\":\"N\u00e4e, miten ImageBank X helpottaa br\u00e4ndisi digitaalisten aineistojen hallintaa, jakamista ja ty\u00f6skentelyn tehostamista.\",\"breadcrumb\":{\"@id\":\"https:\/\/imagebank.staging.mediasignal.dev\/fi\/varaa-maksuton-demo\/#breadcrumb\"},\"inLanguage\":\"fi\",\"potentialAction\":[{\"@type\":\"ReadAction\",\"target\":[\"https:\/\/imagebank.staging.mediasignal.dev\/fi\/varaa-maksuton-demo\/\"]}]},{\"@type\":\"ImageObject\",\"inLanguage\":\"fi\",\"@id\":\"https:\/\/imagebank.staging.mediasignal.dev\/fi\/varaa-maksuton-demo\/#primaryimage\",\"url\":\"https:\/\/imagebank.staging.mediasignal.dev\/wp-content\/uploads\/2025\/03\/ImageBankX-3.webp\",\"contentUrl\":\"https:\/\/imagebank.staging.mediasignal.dev\/wp-content\/uploads\/2025\/03\/ImageBankX-3.webp\",\"width\":1200,\"height\":800,\"caption\":\"Experience seamless digital asset management\u2014schedule your free ImageBank X DAM demo now.\"},{\"@type\":\"BreadcrumbList\",\"@id\":\"https:\/\/imagebank.staging.mediasignal.dev\/fi\/varaa-maksuton-demo\/#breadcrumb\",\"itemListElement\":[{\"@type\":\"ListItem\",\"position\":1,\"name\":\"Home\",\"item\":\"https:\/\/imagebank.staging.mediasignal.dev\/fi\/\"},{\"@type\":\"ListItem\",\"position\":2,\"name\":\"Varaa maksuton demo\"}]},{\"@type\":\"WebSite\",\"@id\":\"https:\/\/imagebank.staging.mediasignal.dev\/fi\/#website\",\"url\":\"https:\/\/imagebank.staging.mediasignal.dev\/fi\/\",\"name\":\"ImageBank X\",\"description\":\"\",\"publisher\":{\"@id\":\"https:\/\/imagebank.staging.mediasignal.dev\/fi\/#organization\"},\"potentialAction\":[{\"@type\":\"SearchAction\",\"target\":{\"@type\":\"EntryPoint\",\"urlTemplate\":\"https:\/\/imagebank.staging.mediasignal.dev\/fi\/?s={search_term_string}\"},\"query-input\":{\"@type\":\"PropertyValueSpecification\",\"valueRequired\":true,\"valueName\":\"search_term_string\"}}],\"inLanguage\":\"fi\"},{\"@type\":\"Organization\",\"@id\":\"https:\/\/imagebank.staging.mediasignal.dev\/fi\/#organization\",\"name\":\"ImageBank X\",\"url\":\"https:\/\/imagebank.staging.mediasignal.dev\/fi\/\",\"logo\":{\"@type\":\"ImageObject\",\"inLanguage\":\"fi\",\"@id\":\"https:\/\/imagebank.staging.mediasignal.dev\/fi\/#\/schema\/logo\/image\/\",\"url\":\"https:\/\/imagebank.staging.mediasignal.dev\/app\/uploads\/2025\/03\/cropped-favicon.png\",\"contentUrl\":\"https:\/\/imagebank.staging.mediasignal.dev\/app\/uploads\/2025\/03\/cropped-favicon.png\",\"width\":512,\"height\":512,\"caption\":\"ImageBank X\"},\"image\":{\"@id\":\"https:\/\/imagebank.staging.mediasignal.dev\/fi\/#\/schema\/logo\/image\/\"},\"sameAs\":[\"https:\/\/linkedin.com\/imagebank-independent\"]}]}<\/script>\n<!-- \/ Yoast SEO plugin. -->","yoast_head_json":{"title":"Varaa maksuton demo - Mediapankki (DAM) - ImageBank X DAM","description":"N\u00e4e, miten ImageBank X helpottaa br\u00e4ndisi digitaalisten aineistojen hallintaa, jakamista ja ty\u00f6skentelyn tehostamista.","robots":{"index":"index","follow":"follow","max-snippet":"max-snippet:-1","max-image-preview":"max-image-preview:large","max-video-preview":"max-video-preview:-1"},"canonical":"https:\/\/imagebank.staging.mediasignal.dev\/fi\/varaa-maksuton-demo\/","og_locale":"fi_FI","og_type":"article","og_title":"Varaa maksuton demo - Mediapankki (DAM) - ImageBank X DAM","og_description":"N\u00e4e, miten ImageBank X helpottaa br\u00e4ndisi digitaalisten aineistojen hallintaa, jakamista ja ty\u00f6skentelyn tehostamista.","og_url":"https:\/\/imagebank.staging.mediasignal.dev\/fi\/varaa-maksuton-demo\/","og_site_name":"ImageBank X DAM","article_modified_time":"2025-11-07T22:22:17+00:00","og_image":[{"width":1200,"height":800,"url":"https:\/\/imagebank.staging.mediasignal.dev\/app\/uploads\/2025\/03\/ImageBankX-3.webp","type":"image\/webp"}],"twitter_card":"summary_large_image","twitter_misc":{"Est. reading time":"1 minute"},"schema":{"@context":"https:\/\/schema.org","@graph":[{"@type":"WebPage","@id":"https:\/\/imagebank.staging.mediasignal.dev\/fi\/varaa-maksuton-demo\/","url":"https:\/\/imagebank.staging.mediasignal.dev\/fi\/varaa-maksuton-demo\/","name":"Varaa maksuton demo - Mediapankki (DAM) - ImageBank X DAM","isPartOf":{"@id":"https:\/\/imagebank.staging.mediasignal.dev\/fi\/#website"},"primaryImageOfPage":{"@id":"https:\/\/imagebank.staging.mediasignal.dev\/fi\/varaa-maksuton-demo\/#primaryimage"},"image":{"@id":"https:\/\/imagebank.staging.mediasignal.dev\/fi\/varaa-maksuton-demo\/#primaryimage"},"thumbnailUrl":"https:\/\/imagebank.staging.mediasignal.dev\/wp-content\/uploads\/2025\/03\/ImageBankX-3.webp","datePublished":"2025-03-07T11:12:19+00:00","dateModified":"2025-11-07T22:22:17+00:00","description":"N\u00e4e, miten ImageBank X helpottaa br\u00e4ndisi digitaalisten aineistojen hallintaa, jakamista ja ty\u00f6skentelyn tehostamista.","breadcrumb":{"@id":"https:\/\/imagebank.staging.mediasignal.dev\/fi\/varaa-maksuton-demo\/#breadcrumb"},"inLanguage":"fi","potentialAction":[{"@type":"ReadAction","target":["https:\/\/imagebank.staging.mediasignal.dev\/fi\/varaa-maksuton-demo\/"]}]},{"@type":"ImageObject","inLanguage":"fi","@id":"https:\/\/imagebank.staging.mediasignal.dev\/fi\/varaa-maksuton-demo\/#primaryimage","url":"https:\/\/imagebank.staging.mediasignal.dev\/wp-content\/uploads\/2025\/03\/ImageBankX-3.webp","contentUrl":"https:\/\/imagebank.staging.mediasignal.dev\/wp-content\/uploads\/2025\/03\/ImageBankX-3.webp","width":1200,"height":800,"caption":"Experience seamless digital asset management\u2014schedule your free ImageBank X DAM demo now."},{"@type":"BreadcrumbList","@id":"https:\/\/imagebank.staging.mediasignal.dev\/fi\/varaa-maksuton-demo\/#breadcrumb","itemListElement":[{"@type":"ListItem","position":1,"name":"Home","item":"https:\/\/imagebank.staging.mediasignal.dev\/fi\/"},{"@type":"ListItem","position":2,"name":"Varaa maksuton demo"}]},{"@type":"WebSite","@id":"https:\/\/imagebank.staging.mediasignal.dev\/fi\/#website","url":"https:\/\/imagebank.staging.mediasignal.dev\/fi\/","name":"ImageBank X","description":"","publisher":{"@id":"https:\/\/imagebank.staging.mediasignal.dev\/fi\/#organization"},"potentialAction":[{"@type":"SearchAction","target":{"@type":"EntryPoint","urlTemplate":"https:\/\/imagebank.staging.mediasignal.dev\/fi\/?s={search_term_string}"},"query-input":{"@type":"PropertyValueSpecification","valueRequired":true,"valueName":"search_term_string"}}],"inLanguage":"fi"},{"@type":"Organization","@id":"https:\/\/imagebank.staging.mediasignal.dev\/fi\/#organization","name":"ImageBank X","url":"https:\/\/imagebank.staging.mediasignal.dev\/fi\/","logo":{"@type":"ImageObject","inLanguage":"fi","@id":"https:\/\/imagebank.staging.mediasignal.dev\/fi\/#\/schema\/logo\/image\/","url":"https:\/\/imagebank.staging.mediasignal.dev\/app\/uploads\/2025\/03\/cropped-favicon.png","contentUrl":"https:\/\/imagebank.staging.mediasignal.dev\/app\/uploads\/2025\/03\/cropped-favicon.png","width":512,"height":512,"caption":"ImageBank X"},"image":{"@id":"https:\/\/imagebank.staging.mediasignal.dev\/fi\/#\/schema\/logo\/image\/"},"sameAs":["https:\/\/linkedin.com\/imagebank-independent"]}]}},"_links":{"self":[{"href":"https:\/\/imagebank.staging.mediasignal.dev\/fi\/wp-json\/wp\/v2\/pages\/4250","targetHints":{"allow":["GET"]}}],"collection":[{"href":"https:\/\/imagebank.staging.mediasignal.dev\/fi\/wp-json\/wp\/v2\/pages"}],"about":[{"href":"https:\/\/imagebank.staging.mediasignal.dev\/fi\/wp-json\/wp\/v2\/types\/page"}],"author":[{"embeddable":true,"href":"https:\/\/imagebank.staging.mediasignal.dev\/fi\/wp-json\/wp\/v2\/users\/1"}],"replies":[{"embeddable":true,"href":"https:\/\/imagebank.staging.mediasignal.dev\/fi\/wp-json\/wp\/v2\/comments?post=4250"}],"version-history":[{"count":11,"href":"https:\/\/imagebank.staging.mediasignal.dev\/fi\/wp-json\/wp\/v2\/pages\/4250\/revisions"}],"predecessor-version":[{"id":11336,"href":"https:\/\/imagebank.staging.mediasignal.dev\/fi\/wp-json\/wp\/v2\/pages\/4250\/revisions\/11336"}],"wp:featuredmedia":[{"embeddable":true,"href":"https:\/\/imagebank.staging.mediasignal.dev\/fi\/wp-json\/wp\/v2\/media\/1857"}],"wp:attachment":[{"href":"https:\/\/imagebank.staging.mediasignal.dev\/fi\/wp-json\/wp\/v2\/media?parent=4250"}],"curies":[{"name":"wp","href":"https:\/\/api.w.org\/{rel}","templated":true}]}}