{"id":4164,"date":"2025-03-04T08:52:56","date_gmt":"2025-03-04T08:52:56","guid":{"rendered":"https:\/\/imagebank.staging.mediasignal.dev\/?page_id=4164"},"modified":"2025-10-02T07:57:10","modified_gmt":"2025-10-02T07:57:10","slug":"ota-yhteytta","status":"publish","type":"page","link":"https:\/\/imagebank.staging.mediasignal.dev\/fi\/ota-yhteytta\/","title":{"rendered":"Ota yhteytt\u00e4"},"content":{"rendered":"<div \n    class=\"relative flex flex-col xs:flex-row py-14\">\n        <div\n        class=\"-z-50 pointer-events-none absolute left-1\/2 w-screen -translate-x-1\/2  bg-gradient-to-t from-white to-tetriary -top-14 bottom-0\">\n    <\/div>\n    <div class=\"relative z-10 md:mt-10 lg:mt-20 xs:w-3\/5\">\n                <div class=\"border border-white text-white rounded-full w-fit px-4 py-2 mb-4\">\n            Yhteystiedot\n        <\/div>\n                <h1 class=\"z-10 mb-8 font-extrabold text-4xl sm:text-5xl md:text-7xl xl:text-8xl text-primary\">\n            Ota yhteytt\u00e4\n        <\/h1>\n                <p class=\"mb-6\">\n            Autamme mielellemme kaikissa aineistonhallintaan liittyviss\u00e4 kysymyksiss\u00e4! Jos sinulla on kysytt\u00e4v\u00e4\u00e4, ota yhteytt\u00e4 yhteydenottolomakkeemme kautta, niin palaamme pian asiaan. Asiakkaamme voivat ottaa yhteytt\u00e4 suoraan asiakaspalvelup\u00e4\u00e4llikk\u00f6\u00f6ns\u00e4 tai l\u00e4hett\u00e4\u00e4 tukipyynn\u00f6n suoraan ImageBank X:n kautta. Voit my\u00f6s ottaa meihin yhteytt\u00e4 milloin tahansa osoitteessa\n            <span class=\"font-bold text-transparent bg-gradient-to-r from-primary to-secondary bg-clip-text\">\n                 sales@imagebank.staging.mediasignal.dev.\n            <\/span>\n        <\/p>\n                    <\/div>\n        <div class=\"hidden xs:block relative -z-10 w-2\/5 -my-12\">\n        <img class=\"absolute bottom-0 left-0 -top-8 min-w-full max-w-none h-full object-contain\"\n            srcset=\"https:\/\/imagebank.staging.mediasignal.dev\/wp-content\/uploads\/2025\/03\/Hero-10-243x300.webp 243w, https:\/\/imagebank.staging.mediasignal.dev\/wp-content\/uploads\/2025\/03\/Hero-10-830x1024.webp 830w, https:\/\/imagebank.staging.mediasignal.dev\/wp-content\/uploads\/2025\/03\/Hero-10-768x948.webp 768w, https:\/\/imagebank.staging.mediasignal.dev\/wp-content\/uploads\/2025\/03\/Hero-10.webp 978w\" alt=\"Hero-10\" \/>\n    <\/div>\n    <div class=\"block xs:hidden\">\n        <img srcset=\"https:\/\/imagebank.staging.mediasignal.dev\/wp-content\/uploads\/2025\/03\/Hero-10-243x300.webp 243w, https:\/\/imagebank.staging.mediasignal.dev\/wp-content\/uploads\/2025\/03\/Hero-10-830x1024.webp 830w, https:\/\/imagebank.staging.mediasignal.dev\/wp-content\/uploads\/2025\/03\/Hero-10-768x948.webp 768w, https:\/\/imagebank.staging.mediasignal.dev\/wp-content\/uploads\/2025\/03\/Hero-10.webp 978w\" alt=\"Hero-10\" \/>\n    <\/div>\n    <\/div>\n\n<section  class=\"content-wrap \">\n    \n\n<h2 class=\"wp-block-heading has-text-align-center\"><strong>Pyyd\u00e4 tarjous tai kysy lis\u00e4tietoa<\/strong><\/h2>\n\n\n<div style=\"height: 2rem;\"><\/div>\n\n\n\n<script charset=\"utf-8\" type=\"text\/javascript\" src=\"\/\/js.hsforms.net\/forms\/embed\/v2.js\"><\/script>\n<script>\n  hbspt.forms.create({\n    portalId: \"20093147\",\n    formId: \"868ebf01-50a4-441a-a1c9-148c16350c55\",\n    region: \"na1\"\n  });\n<\/script>\n\n\n<\/section>\n\n\n\n<section >\n    <div\n        class=\"flex flex-col-reverse md:flex-row-reverse mx-auto gap-8 py-12\">\n        <div class=\"flex flex-col self-center lg:px-12 md:w-1\/2\">\n                        <h2 class=\"mb-6 font-bold text-center\">ImageBank X Suomi<\/h2>\n                                    <p class=\"mb-6 text-center\">ImageBank X on 100% suomalainen ohjelmistotuote. Kehitys- ja tukitiimimme toimii Suomessa, tuoden mukanaan huippuluokan asiantuntemusta ja moderneja teknologiaratkaisuja. Kehit\u00e4mme palvelua jatkuvasti, jotta se vastaa nykyaikaisten yritysten ja organisaatioiden tarpeisiin aineistonhallinnassa.<br \/>\r\n<br \/>\r\nJoni Heinonen<br \/>\r\nSales Director<\/p>\n                                    <a class=\"flex self-center items-center underline\" href=mailto:joni@imagebank.staging.mediasignal.dev target=>\n                joni@imagebank.staging.mediasignal.dev\n                <span class=\"min-w-4 min-h-4 ml-1\">\n                    <svg xmlns=\"http:\/\/www.w3.org\/2000\/svg\" fill=\"none\" viewBox=\"0 0 24 24\" stroke-width=\"1.5\" stroke=\"currentColor\" class=\"size-6\">\n  <path stroke-linecap=\"round\" stroke-linejoin=\"round\" d=\"M13.5 4.5 21 12m0 0-7.5 7.5M21 12H3\" \/>\n<\/svg>\n\n                <\/span>\n            <\/a>\n                    <\/div>\n        <div class=\"flex md:w-1\/2\">\n                        <img decoding=\"async\" class=\"object-contain rounded-xl transition ease-in-out hover:scale-105 duration-300\"\n                src=\"https:\/\/imagebank.staging.mediasignal.dev\/wp-content\/uploads\/2025\/03\/ImageBankX-3.webp\" alt=\"Schedule your free demo of ImageBank X digital asset management system\" \/>\n                    <\/div>\n    <\/div>\n<\/section>\n\n\n\n<section >\n    <div\n        class=\"flex flex-col-reverse md:flex-row-reverse mx-auto gap-8 py-12\">\n        <div class=\"flex flex-col self-center lg:px-12 md:w-1\/2\">\n                        <h2 class=\"mb-6 font-bold text-center\">ImageBank X Ruotsi<\/h2>\n                                    <p class=\"mb-6 text-center\">Tukholmassa sijaitseva myyntitiimimme on sitoutunut tarjoamaan erinomaista palvelua ja paikallistuntemusta. He auttavat ruotsalaisia yrityksi\u00e4 maksimoimaan menestyksens\u00e4 ImageBank X:n avulla.<br \/>\r\n<br \/>\r\nAntti Vuori<br \/>\r\nAccount Manager<\/p>\n                                    <a class=\"flex self-center items-center underline\" href=mailto:antti.vuori@mediasignal.fi target=>\n                antti.vuori@mediasignal.fi\n                <span class=\"min-w-4 min-h-4 ml-1\">\n                    <svg xmlns=\"http:\/\/www.w3.org\/2000\/svg\" fill=\"none\" viewBox=\"0 0 24 24\" stroke-width=\"1.5\" stroke=\"currentColor\" class=\"size-6\">\n  <path stroke-linecap=\"round\" stroke-linejoin=\"round\" d=\"M13.5 4.5 21 12m0 0-7.5 7.5M21 12H3\" \/>\n<\/svg>\n\n                <\/span>\n            <\/a>\n                    <\/div>\n        <div class=\"flex md:w-1\/2\">\n                        <img decoding=\"async\" class=\"object-contain rounded-xl transition ease-in-out hover:scale-105 duration-300\"\n                src=\"https:\/\/imagebank.staging.mediasignal.dev\/wp-content\/uploads\/2025\/03\/ImageBankX-1.webp\" alt=\"Contact ImageBank X sales team\" \/>\n                    <\/div>\n    <\/div>\n<\/section>\n\n\n\n<section >\n    <div\n        class=\"flex flex-col-reverse md:flex-row-reverse mx-auto gap-8 py-12\">\n        <div class=\"flex flex-col self-center lg:px-12 md:w-1\/2\">\n                        <h2 class=\"mb-6 font-bold text-center\">ImageBank X Norja<\/h2>\n                                    <p class=\"mb-6 text-center\">Oslossa, Norjassa sijaitseva myyntitiimimme tarjoaa r\u00e4\u00e4t\u00e4l\u00f6ity\u00e4 tukea ja asiantuntevaa neuvontaa alueen yrityksille. Vahvan paikallisen l\u00e4sn\u00e4olon avulla olemme sitoutuneet auttamaan yrityst\u00e4si hy\u00f6dynt\u00e4m\u00e4\u00e4n ImageBank X:n t\u00e4yden potentiaalin.<br \/>\r\n<br \/>\r\n\u00d8ystein Bekkevold<br \/>\r\nAccount Manager<\/p>\n                                    <a class=\"flex self-center items-center underline\" href=mailto:oystein@imagebankx.no target=>\n                oystein@imagebankx.no\n                <span class=\"min-w-4 min-h-4 ml-1\">\n                    <svg xmlns=\"http:\/\/www.w3.org\/2000\/svg\" fill=\"none\" viewBox=\"0 0 24 24\" stroke-width=\"1.5\" stroke=\"currentColor\" class=\"size-6\">\n  <path stroke-linecap=\"round\" stroke-linejoin=\"round\" d=\"M13.5 4.5 21 12m0 0-7.5 7.5M21 12H3\" \/>\n<\/svg>\n\n                <\/span>\n            <\/a>\n                    <\/div>\n        <div class=\"flex md:w-1\/2\">\n                        <img decoding=\"async\" class=\"object-contain rounded-xl transition ease-in-out hover:scale-105 duration-300\"\n                src=\"https:\/\/imagebank.staging.mediasignal.dev\/wp-content\/uploads\/2025\/03\/ImageBankX-4.webp\" alt=\"ImageBank X DAM pricing comparison showcasing different digital asset management plans\" \/>\n                    <\/div>\n    <\/div>\n<\/section>\n\n\n\n<section >\n    <div\n        class=\"flex flex-col-reverse md:flex-row-reverse mx-auto gap-8 py-12\">\n        <div class=\"flex flex-col self-center lg:px-12 md:w-1\/2\">\n                        <h2 class=\"mb-6 font-bold text-center\">ImageBank X Eurooppa<\/h2>\n                                    <p class=\"mb-6 text-center\">Omistautunut myyntitiimimme tarjoaa r\u00e4\u00e4t\u00e4l\u00f6ity\u00e4 tukea sek\u00e4 asiantuntevaa neuvontaa asiakkaillemme koko Euroopan alueella. Laajan markkinatuntemuksen ja asiakastyytyv\u00e4isyyteen keskittymisen avulla he ovat intohimoisia auttamaan yrityksi\u00e4 maksimoimaan ImageBank X:n potentiaalin.<br \/>\r\n<br \/>\r\nJoni Heinonen<br \/>\r\nSales Director<\/p>\n                                    <a class=\"flex self-center items-center underline\" href=mailto:joni@imagebank.staging.mediasignal.dev target=>\n                joni@imagebank.staging.mediasignal.dev\n                <span class=\"min-w-4 min-h-4 ml-1\">\n                    <svg xmlns=\"http:\/\/www.w3.org\/2000\/svg\" fill=\"none\" viewBox=\"0 0 24 24\" stroke-width=\"1.5\" stroke=\"currentColor\" class=\"size-6\">\n  <path stroke-linecap=\"round\" stroke-linejoin=\"round\" d=\"M13.5 4.5 21 12m0 0-7.5 7.5M21 12H3\" \/>\n<\/svg>\n\n                <\/span>\n            <\/a>\n                    <\/div>\n        <div class=\"flex md:w-1\/2\">\n                        <img decoding=\"async\" class=\"object-contain rounded-xl transition ease-in-out hover:scale-105 duration-300\"\n                src=\"https:\/\/imagebank.staging.mediasignal.dev\/wp-content\/uploads\/2025\/03\/ImageBankX-2.webp\" alt=\"New video editing tool and AI assistant features in ImageBank X DAM platform\" \/>\n                    <\/div>\n    <\/div>\n<\/section>\n\n\n\n<section >\n    <div\n        class=\"flex flex-col-reverse md:flex-row-reverse mx-auto gap-8 py-12\">\n        <div class=\"flex flex-col self-center lg:px-12 md:w-1\/2\">\n                        <h2 class=\"mb-6 font-bold text-center\">ImageBank X USA<\/h2>\n                                    <p class=\"mb-6 text-center\">USA:n myyntitiimimme sijaitsee Raleighissa, Pohjois-Carolinassa, ja tarjoaa henkil\u00f6kohtaista tukea sek\u00e4 asiantuntevaa opastusta asiakkaillemme ymp\u00e4ri Yhdysvaltoja. Tiimill\u00e4mme on syv\u00e4llinen markkinatuntemus ja asiakasl\u00e4ht\u00f6inen l\u00e4hestymistapa, ja he ovat sitoutuneet auttamaan yrityksi\u00e4 saamaan aineistonhallinnan t\u00e4yden potentiaalin k\u00e4ytt\u00f6\u00f6ns\u00e4.<br \/>\r\n<br \/>\r\nJordan Hogge<br \/>\r\nAccount Executive<\/p>\n                                    <a class=\"flex self-center items-center underline\" href=mailto:jordan@imagebank.staging.mediasignal.dev target=>\n                jordan@imagebank.staging.mediasignal.dev\n                <span class=\"min-w-4 min-h-4 ml-1\">\n                    <svg xmlns=\"http:\/\/www.w3.org\/2000\/svg\" fill=\"none\" viewBox=\"0 0 24 24\" stroke-width=\"1.5\" stroke=\"currentColor\" class=\"size-6\">\n  <path stroke-linecap=\"round\" stroke-linejoin=\"round\" d=\"M13.5 4.5 21 12m0 0-7.5 7.5M21 12H3\" \/>\n<\/svg>\n\n                <\/span>\n            <\/a>\n                    <\/div>\n        <div class=\"flex md:w-1\/2\">\n                        <img decoding=\"async\" class=\"object-contain rounded-xl transition ease-in-out hover:scale-105 duration-300\"\n                src=\"https:\/\/imagebank.staging.mediasignal.dev\/wp-content\/uploads\/2025\/03\/ImageBankX-1.webp\" alt=\"Contact ImageBank X sales team\" \/>\n                    <\/div>\n    <\/div>\n<\/section>\n\n<div style=\"height: 4rem;\"><\/div>\n\n\n<section id=\"Section\" class=\"content-wrap \">\n    \n\n<h2 class=\"wp-block-heading\"><strong>ImageBank X mediapankkiratkaisu &#8211; kehitt\u00e4j\u00e4n\u00e4 pitk\u00e4n linjan ohjelmistoyritys Mediasignal<\/strong><\/h2>\n\n\n\n<p>Me <a href=\"https:\/\/mediasignal.fi\/\">Mediasignalilla<\/a> olemme kehitt\u00e4neet tuotettamme ImageBank X:\u00e4\u00e4 yli 20 vuoden ajan selke\u00e4ll\u00e4 fokuksella: kuuntelemalla asiakkaitamme ja muuttamalla heid\u00e4n tarpeensa ratkaisuiksi.<\/p>\n\n\n\n<p><a href=\"http:\/\/www.imagebank.staging.mediasignal.dev\/fi\">ImageBank X<\/a> on enemm\u00e4n kuin pelkk\u00e4 aineistonhallinnan ty\u00f6kalu \u2014 se on t\u00e4yden palvelun mediapankkiratkaisu, joka on suunniteltu auttamaan sinua keskittym\u00e4\u00e4n siihen, mik\u00e4 on todella t\u00e4rke\u00e4\u00e4. Me hoidamme loput: alustan p\u00e4ivityksist\u00e4 ja huipputeknologian turvallisuudesta aina suorituskyvyn ja k\u00e4ytett\u00e4vyyden optimointiin. Jatkuvan palvelun asiakkaana sinulla on aina p\u00e4\u00e4sy uusimpaan ja kehittyneimp\u00e4\u00e4n ImageBank X -versioon.<\/p>\n\n\n<div style=\"height: 2rem;\"><\/div>\n\n\n\n<h2 class=\"wp-block-heading\"><strong>Vahvistamme br\u00e4ndej\u00e4 j\u00e4rjest\u00e4m\u00e4\u00e4n, hallitsemaan ja jakamaan digitaalisia aineistojaan vaivattomasti<\/strong><\/h2>\n\n\n\n<p>Haluamme auttaa yrityksi\u00e4 tehostamaan ty\u00f6skentelyprosessejaan, luomaan johdonmukaisia br\u00e4ndikokemuksia ja hy\u00f6dynt\u00e4m\u00e4\u00e4n digitaalisen sis\u00e4ll\u00f6n t\u00e4yden potentiaalin. Tarjoamme keskitetyn aineistonhallintaratkaisun, jonka avulla voit tallentaa, hallita ja jakaa arvokkaimmat digitaaliset aineistosi.<\/p>\n\n\n\n<p>Teht\u00e4v\u00e4mme on yksinkertainen: tehd\u00e4 digitaalisten aineistojen hallinnasta vaivatonta. Maailmassa, jossa sis\u00e4lt\u00f6 on kuningas, on entist\u00e4 t\u00e4rke\u00e4mp\u00e4\u00e4, miten yritykset hallitsevat, tekev\u00e4t yhteisty\u00f6t\u00e4 ja jakavat digitaalisia aineistojaan. ImageBank X tarjoaa k\u00e4ytt\u00e4j\u00e4yst\u00e4v\u00e4llisen ja intuitiivisen alustan, joka edist\u00e4\u00e4 luovuutta ja tehokkuutta tiimien v\u00e4lill\u00e4. Autamme br\u00e4ndej\u00e4 varmistamaan, ett\u00e4 heid\u00e4n digitaaliset aineistonsa on aina j\u00e4rjestyksess\u00e4, saatavilla ja br\u00e4ndin mukaisia. Ota yhteytt\u00e4 &#8211; kerromme mielell\u00e4mme lis\u00e4\u00e4!<\/p>\n\n\n<\/section>\n\n<section \n    class=\"relative pt-20 md:pt-32 pb-12 md:pb-20\">\n            <div\n        class=\"-z-50 pointer-events-none absolute left-1\/2 w-screen -translate-x-1\/2 bg-gradient-to-b from-white to-tetriary top-0 bottom-0\">\n    <\/div>\n            <div class=\"content-wrap\">\n        <h2 class=\"h1 font-bold text-center\">Ota askel kohti parempaa aineistonhallintaa jo t\u00e4n\u00e4\u00e4n<\/h2>\n        <p class=\"text-center md:text-xl\">Jos olet valmis viem\u00e4\u00e4n digitaalisen aineistonhallintasi uudelle tasolle, tiimimme on t\u00e4\u00e4ll\u00e4 auttamassa.<\/p>\n        <a href=\"https:\/\/imagebank.staging.mediasignal.dev\/fi\/varaa-maksuton-demo\/\" target=\"\"\n            class=\"flex text-white font-bold h-fit w-fit p-4 rounded-lg bg-gradient-to-r from-primary to-secondary transition ease-in-out hover:scale-105 duration-300 mx-auto\">\n            Varaa maksuton demo\n        <\/a>\n        <img decoding=\"async\" class=\"hidden md:block absolute max-w-96 top-0 -left-60 bottom-0 max-h-full\"\n            src=\"\/wp-content\/themes\/imagebank\/assets\/images\/muoto.webp\" alt=\"Purple twisting shape\" \/>\n    <\/div>\n    <\/section>\n\n","protected":false},"excerpt":{"rendered":"","protected":false},"author":1,"featured_media":1855,"parent":0,"menu_order":0,"comment_status":"closed","ping_status":"closed","template":"","meta":{"_acf_changed":false,"_improvement_type_select":"improve_an_existing","_thumb_yes_seoaic":false,"_frame_yes_seoaic":false,"seoaic_generate_description":"","seoaic_improve_instructions_prompt":"","seoaic_rollback_content_improvement":"","seoaic_idea_thumbnail_generator":"","thumbnail_generated":false,"thumbnail_generate_prompt":"","seoaic_article_description":"","footnotes":""},"class_list":["post-4164","page","type-page","status-publish","has-post-thumbnail","hentry"],"acf":[],"yoast_head":"<!-- This site is optimized with the Yoast SEO plugin v25.2 - https:\/\/yoast.com\/wordpress\/plugins\/seo\/ -->\n<title>Ota yhteytt\u00e4 DAM-asiantuntijoihin I ImageBank X DAM<\/title>\n<meta name=\"description\" content=\"Onko sinulla kysytt\u00e4v\u00e4\u00e4 mediapankin k\u00e4ytt\u00f6\u00f6notosta tai ominaisuuksista? Olemme t\u00e4\u00e4ll\u00e4 auttamassa. Ota yhteytt\u00e4 ja l\u00f6ydet\u00e4\u00e4n paras ratkaisu.\" \/>\n<meta name=\"robots\" content=\"index, follow, max-snippet:-1, max-image-preview:large, max-video-preview:-1\" \/>\n<link rel=\"canonical\" href=\"https:\/\/imagebank.staging.mediasignal.dev\/fi\/ota-yhteytta\/\" \/>\n<meta property=\"og:locale\" content=\"fi_FI\" \/>\n<meta property=\"og:type\" content=\"article\" \/>\n<meta property=\"og:title\" content=\"Ota yhteytt\u00e4 DAM-asiantuntijoihin I ImageBank X DAM\" \/>\n<meta property=\"og:description\" content=\"Onko sinulla kysytt\u00e4v\u00e4\u00e4 mediapankin k\u00e4ytt\u00f6\u00f6notosta tai ominaisuuksista? Olemme t\u00e4\u00e4ll\u00e4 auttamassa. Ota yhteytt\u00e4 ja l\u00f6ydet\u00e4\u00e4n paras ratkaisu.\" \/>\n<meta property=\"og:url\" content=\"https:\/\/imagebank.staging.mediasignal.dev\/fi\/ota-yhteytta\/\" \/>\n<meta property=\"og:site_name\" content=\"ImageBank X DAM\" \/>\n<meta property=\"article:modified_time\" content=\"2025-10-02T07:57:10+00:00\" \/>\n<meta property=\"og:image\" content=\"https:\/\/imagebank.staging.mediasignal.dev\/app\/uploads\/2025\/03\/ImageBankX-1.webp\" \/>\n\t<meta property=\"og:image:width\" content=\"1200\" \/>\n\t<meta property=\"og:image:height\" content=\"800\" \/>\n\t<meta property=\"og:image:type\" content=\"image\/webp\" \/>\n<meta name=\"twitter:card\" content=\"summary_large_image\" \/>\n<meta name=\"twitter:label1\" content=\"Est. reading time\" \/>\n\t<meta name=\"twitter:data1\" content=\"1 minute\" \/>\n<script type=\"application\/ld+json\" class=\"yoast-schema-graph\">{\"@context\":\"https:\/\/schema.org\",\"@graph\":[{\"@type\":\"WebPage\",\"@id\":\"https:\/\/imagebank.staging.mediasignal.dev\/fi\/ota-yhteytta\/\",\"url\":\"https:\/\/imagebank.staging.mediasignal.dev\/fi\/ota-yhteytta\/\",\"name\":\"Ota yhteytt\u00e4 DAM-asiantuntijoihin I ImageBank X DAM\",\"isPartOf\":{\"@id\":\"https:\/\/imagebank.staging.mediasignal.dev\/fi\/#website\"},\"primaryImageOfPage\":{\"@id\":\"https:\/\/imagebank.staging.mediasignal.dev\/fi\/ota-yhteytta\/#primaryimage\"},\"image\":{\"@id\":\"https:\/\/imagebank.staging.mediasignal.dev\/fi\/ota-yhteytta\/#primaryimage\"},\"thumbnailUrl\":\"https:\/\/imagebank.staging.mediasignal.dev\/wp-content\/uploads\/2025\/03\/ImageBankX-1.webp\",\"datePublished\":\"2025-03-04T08:52:56+00:00\",\"dateModified\":\"2025-10-02T07:57:10+00:00\",\"description\":\"Onko sinulla kysytt\u00e4v\u00e4\u00e4 mediapankin k\u00e4ytt\u00f6\u00f6notosta tai ominaisuuksista? Olemme t\u00e4\u00e4ll\u00e4 auttamassa. Ota yhteytt\u00e4 ja l\u00f6ydet\u00e4\u00e4n paras ratkaisu.\",\"breadcrumb\":{\"@id\":\"https:\/\/imagebank.staging.mediasignal.dev\/fi\/ota-yhteytta\/#breadcrumb\"},\"inLanguage\":\"fi\",\"potentialAction\":[{\"@type\":\"ReadAction\",\"target\":[\"https:\/\/imagebank.staging.mediasignal.dev\/fi\/ota-yhteytta\/\"]}]},{\"@type\":\"ImageObject\",\"inLanguage\":\"fi\",\"@id\":\"https:\/\/imagebank.staging.mediasignal.dev\/fi\/ota-yhteytta\/#primaryimage\",\"url\":\"https:\/\/imagebank.staging.mediasignal.dev\/wp-content\/uploads\/2025\/03\/ImageBankX-1.webp\",\"contentUrl\":\"https:\/\/imagebank.staging.mediasignal.dev\/wp-content\/uploads\/2025\/03\/ImageBankX-1.webp\",\"width\":1200,\"height\":800,\"caption\":\"Autamme mielell\u00e4mme liittyen kysymyksiisi mediapankista. Ota yhteytt\u00e4 tai varaa ilmainen demo.\"},{\"@type\":\"BreadcrumbList\",\"@id\":\"https:\/\/imagebank.staging.mediasignal.dev\/fi\/ota-yhteytta\/#breadcrumb\",\"itemListElement\":[{\"@type\":\"ListItem\",\"position\":1,\"name\":\"Home\",\"item\":\"https:\/\/imagebank.staging.mediasignal.dev\/fi\/\"},{\"@type\":\"ListItem\",\"position\":2,\"name\":\"Ota yhteytt\u00e4\"}]},{\"@type\":\"WebSite\",\"@id\":\"https:\/\/imagebank.staging.mediasignal.dev\/fi\/#website\",\"url\":\"https:\/\/imagebank.staging.mediasignal.dev\/fi\/\",\"name\":\"ImageBank X\",\"description\":\"\",\"publisher\":{\"@id\":\"https:\/\/imagebank.staging.mediasignal.dev\/fi\/#organization\"},\"potentialAction\":[{\"@type\":\"SearchAction\",\"target\":{\"@type\":\"EntryPoint\",\"urlTemplate\":\"https:\/\/imagebank.staging.mediasignal.dev\/fi\/?s={search_term_string}\"},\"query-input\":{\"@type\":\"PropertyValueSpecification\",\"valueRequired\":true,\"valueName\":\"search_term_string\"}}],\"inLanguage\":\"fi\"},{\"@type\":\"Organization\",\"@id\":\"https:\/\/imagebank.staging.mediasignal.dev\/fi\/#organization\",\"name\":\"ImageBank X\",\"url\":\"https:\/\/imagebank.staging.mediasignal.dev\/fi\/\",\"logo\":{\"@type\":\"ImageObject\",\"inLanguage\":\"fi\",\"@id\":\"https:\/\/imagebank.staging.mediasignal.dev\/fi\/#\/schema\/logo\/image\/\",\"url\":\"https:\/\/imagebank.staging.mediasignal.dev\/app\/uploads\/2025\/03\/cropped-favicon.png\",\"contentUrl\":\"https:\/\/imagebank.staging.mediasignal.dev\/app\/uploads\/2025\/03\/cropped-favicon.png\",\"width\":512,\"height\":512,\"caption\":\"ImageBank X\"},\"image\":{\"@id\":\"https:\/\/imagebank.staging.mediasignal.dev\/fi\/#\/schema\/logo\/image\/\"},\"sameAs\":[\"https:\/\/linkedin.com\/imagebank-independent\"]}]}<\/script>\n<!-- \/ Yoast SEO plugin. -->","yoast_head_json":{"title":"Ota yhteytt\u00e4 DAM-asiantuntijoihin I ImageBank X DAM","description":"Onko sinulla kysytt\u00e4v\u00e4\u00e4 mediapankin k\u00e4ytt\u00f6\u00f6notosta tai ominaisuuksista? Olemme t\u00e4\u00e4ll\u00e4 auttamassa. Ota yhteytt\u00e4 ja l\u00f6ydet\u00e4\u00e4n paras ratkaisu.","robots":{"index":"index","follow":"follow","max-snippet":"max-snippet:-1","max-image-preview":"max-image-preview:large","max-video-preview":"max-video-preview:-1"},"canonical":"https:\/\/imagebank.staging.mediasignal.dev\/fi\/ota-yhteytta\/","og_locale":"fi_FI","og_type":"article","og_title":"Ota yhteytt\u00e4 DAM-asiantuntijoihin I ImageBank X DAM","og_description":"Onko sinulla kysytt\u00e4v\u00e4\u00e4 mediapankin k\u00e4ytt\u00f6\u00f6notosta tai ominaisuuksista? Olemme t\u00e4\u00e4ll\u00e4 auttamassa. Ota yhteytt\u00e4 ja l\u00f6ydet\u00e4\u00e4n paras ratkaisu.","og_url":"https:\/\/imagebank.staging.mediasignal.dev\/fi\/ota-yhteytta\/","og_site_name":"ImageBank X DAM","article_modified_time":"2025-10-02T07:57:10+00:00","og_image":[{"width":1200,"height":800,"url":"https:\/\/imagebank.staging.mediasignal.dev\/app\/uploads\/2025\/03\/ImageBankX-1.webp","type":"image\/webp"}],"twitter_card":"summary_large_image","twitter_misc":{"Est. reading time":"1 minute"},"schema":{"@context":"https:\/\/schema.org","@graph":[{"@type":"WebPage","@id":"https:\/\/imagebank.staging.mediasignal.dev\/fi\/ota-yhteytta\/","url":"https:\/\/imagebank.staging.mediasignal.dev\/fi\/ota-yhteytta\/","name":"Ota yhteytt\u00e4 DAM-asiantuntijoihin I ImageBank X DAM","isPartOf":{"@id":"https:\/\/imagebank.staging.mediasignal.dev\/fi\/#website"},"primaryImageOfPage":{"@id":"https:\/\/imagebank.staging.mediasignal.dev\/fi\/ota-yhteytta\/#primaryimage"},"image":{"@id":"https:\/\/imagebank.staging.mediasignal.dev\/fi\/ota-yhteytta\/#primaryimage"},"thumbnailUrl":"https:\/\/imagebank.staging.mediasignal.dev\/wp-content\/uploads\/2025\/03\/ImageBankX-1.webp","datePublished":"2025-03-04T08:52:56+00:00","dateModified":"2025-10-02T07:57:10+00:00","description":"Onko sinulla kysytt\u00e4v\u00e4\u00e4 mediapankin k\u00e4ytt\u00f6\u00f6notosta tai ominaisuuksista? Olemme t\u00e4\u00e4ll\u00e4 auttamassa. Ota yhteytt\u00e4 ja l\u00f6ydet\u00e4\u00e4n paras ratkaisu.","breadcrumb":{"@id":"https:\/\/imagebank.staging.mediasignal.dev\/fi\/ota-yhteytta\/#breadcrumb"},"inLanguage":"fi","potentialAction":[{"@type":"ReadAction","target":["https:\/\/imagebank.staging.mediasignal.dev\/fi\/ota-yhteytta\/"]}]},{"@type":"ImageObject","inLanguage":"fi","@id":"https:\/\/imagebank.staging.mediasignal.dev\/fi\/ota-yhteytta\/#primaryimage","url":"https:\/\/imagebank.staging.mediasignal.dev\/wp-content\/uploads\/2025\/03\/ImageBankX-1.webp","contentUrl":"https:\/\/imagebank.staging.mediasignal.dev\/wp-content\/uploads\/2025\/03\/ImageBankX-1.webp","width":1200,"height":800,"caption":"Autamme mielell\u00e4mme liittyen kysymyksiisi mediapankista. Ota yhteytt\u00e4 tai varaa ilmainen demo."},{"@type":"BreadcrumbList","@id":"https:\/\/imagebank.staging.mediasignal.dev\/fi\/ota-yhteytta\/#breadcrumb","itemListElement":[{"@type":"ListItem","position":1,"name":"Home","item":"https:\/\/imagebank.staging.mediasignal.dev\/fi\/"},{"@type":"ListItem","position":2,"name":"Ota yhteytt\u00e4"}]},{"@type":"WebSite","@id":"https:\/\/imagebank.staging.mediasignal.dev\/fi\/#website","url":"https:\/\/imagebank.staging.mediasignal.dev\/fi\/","name":"ImageBank X","description":"","publisher":{"@id":"https:\/\/imagebank.staging.mediasignal.dev\/fi\/#organization"},"potentialAction":[{"@type":"SearchAction","target":{"@type":"EntryPoint","urlTemplate":"https:\/\/imagebank.staging.mediasignal.dev\/fi\/?s={search_term_string}"},"query-input":{"@type":"PropertyValueSpecification","valueRequired":true,"valueName":"search_term_string"}}],"inLanguage":"fi"},{"@type":"Organization","@id":"https:\/\/imagebank.staging.mediasignal.dev\/fi\/#organization","name":"ImageBank X","url":"https:\/\/imagebank.staging.mediasignal.dev\/fi\/","logo":{"@type":"ImageObject","inLanguage":"fi","@id":"https:\/\/imagebank.staging.mediasignal.dev\/fi\/#\/schema\/logo\/image\/","url":"https:\/\/imagebank.staging.mediasignal.dev\/app\/uploads\/2025\/03\/cropped-favicon.png","contentUrl":"https:\/\/imagebank.staging.mediasignal.dev\/app\/uploads\/2025\/03\/cropped-favicon.png","width":512,"height":512,"caption":"ImageBank X"},"image":{"@id":"https:\/\/imagebank.staging.mediasignal.dev\/fi\/#\/schema\/logo\/image\/"},"sameAs":["https:\/\/linkedin.com\/imagebank-independent"]}]}},"_links":{"self":[{"href":"https:\/\/imagebank.staging.mediasignal.dev\/fi\/wp-json\/wp\/v2\/pages\/4164","targetHints":{"allow":["GET"]}}],"collection":[{"href":"https:\/\/imagebank.staging.mediasignal.dev\/fi\/wp-json\/wp\/v2\/pages"}],"about":[{"href":"https:\/\/imagebank.staging.mediasignal.dev\/fi\/wp-json\/wp\/v2\/types\/page"}],"author":[{"embeddable":true,"href":"https:\/\/imagebank.staging.mediasignal.dev\/fi\/wp-json\/wp\/v2\/users\/1"}],"replies":[{"embeddable":true,"href":"https:\/\/imagebank.staging.mediasignal.dev\/fi\/wp-json\/wp\/v2\/comments?post=4164"}],"version-history":[{"count":36,"href":"https:\/\/imagebank.staging.mediasignal.dev\/fi\/wp-json\/wp\/v2\/pages\/4164\/revisions"}],"predecessor-version":[{"id":10128,"href":"https:\/\/imagebank.staging.mediasignal.dev\/fi\/wp-json\/wp\/v2\/pages\/4164\/revisions\/10128"}],"wp:featuredmedia":[{"embeddable":true,"href":"https:\/\/imagebank.staging.mediasignal.dev\/fi\/wp-json\/wp\/v2\/media\/1855"}],"wp:attachment":[{"href":"https:\/\/imagebank.staging.mediasignal.dev\/fi\/wp-json\/wp\/v2\/media?parent=4164"}],"curies":[{"name":"wp","href":"https:\/\/api.w.org\/{rel}","templated":true}]}}