{"id":11044,"date":"2025-10-29T11:43:13","date_gmt":"2025-10-29T11:43:13","guid":{"rendered":"https:\/\/imagebank.staging.mediasignal.dev\/join-us-for-a-webinar-unboxing-new-features\/"},"modified":"2025-10-29T12:41:52","modified_gmt":"2025-10-29T12:41:52","slug":"osallistu-webinaariin-uudet-ominaisuudet","status":"publish","type":"page","link":"https:\/\/imagebank.staging.mediasignal.dev\/fi\/osallistu-webinaariin-uudet-ominaisuudet\/","title":{"rendered":"Osallistu webinaariin: Uudet ominaisuudet: N\u00e4in hy\u00f6dynn\u00e4t mediapankkia entist\u00e4 tehokkaammin"},"content":{"rendered":"<div \n    class=\"relative flex flex-col xs:flex-row py-14\">\n        <div\n        class=\"-z-50 pointer-events-none absolute left-1\/2 w-screen -translate-x-1\/2  bg-gradient-to-t from-white to-tetriary -top-14 bottom-0\">\n    <\/div>\n    <div class=\"relative z-10 md:mt-10 lg:mt-20 xs:w-3\/5\">\n                <div class=\"border border-white text-white rounded-full w-fit px-4 py-2 mb-4\">\n            Webinaarit\n        <\/div>\n                <h1 class=\"z-10 mb-8 font-extrabold text-4xl sm:text-5xl md:text-7xl xl:text-8xl text-primary\">\n            Hy\u00f6dynn\u00e4 aineistojasi tehokkaammin uusien ominaisuuksien avulla\n        <\/h1>\n                <p class=\"mb-6\">\n            Tutustu uusimpiin ominaisuuksiin ja katso, miten ne muuttavat ty\u00f6nkulkujasi. Hallitse, muokkaa ja jaa aineistojasi entist\u00e4 nopeammin\n            <span class=\"font-bold text-transparent bg-gradient-to-r from-primary to-secondary bg-clip-text\">\n                Brand Portalin, Brand Studion, Videoeditorin, AMIE AI Assistantin ja muiden uusien ominaisuuksien avulla.\n            <\/span>\n        <\/p>\n                    <\/div>\n        <div class=\"hidden xs:block relative -z-10 w-2\/5 -my-12\">\n        <img class=\"absolute bottom-0 left-0 -top-8 min-w-full max-w-none h-full object-contain\"\n            srcset=\"https:\/\/imagebank.staging.mediasignal.dev\/wp-content\/uploads\/2025\/10\/Webinar-26110225-251x300.webp 251w, https:\/\/imagebank.staging.mediasignal.dev\/wp-content\/uploads\/2025\/10\/Webinar-26110225-856x1024.webp 856w, https:\/\/imagebank.staging.mediasignal.dev\/wp-content\/uploads\/2025\/10\/Webinar-26110225-768x919.webp 768w, https:\/\/imagebank.staging.mediasignal.dev\/wp-content\/uploads\/2025\/10\/Webinar-26110225.webp 1009w\" alt=\"\" \/>\n    <\/div>\n    <div class=\"block xs:hidden\">\n        <img srcset=\"https:\/\/imagebank.staging.mediasignal.dev\/wp-content\/uploads\/2025\/10\/Webinar-26110225-251x300.webp 251w, https:\/\/imagebank.staging.mediasignal.dev\/wp-content\/uploads\/2025\/10\/Webinar-26110225-856x1024.webp 856w, https:\/\/imagebank.staging.mediasignal.dev\/wp-content\/uploads\/2025\/10\/Webinar-26110225-768x919.webp 768w, https:\/\/imagebank.staging.mediasignal.dev\/wp-content\/uploads\/2025\/10\/Webinar-26110225.webp 1009w\" alt=\"\" \/>\n    <\/div>\n    <\/div>\n\n<div style=\"height: 8rem;\"><\/div>\n\n\n<section id=\"Section\" class=\"content-wrap \">\n    \n\n<h2 class=\"wp-block-heading has-text-align-center\"><strong>Liity mukaan webinaariin: &#8220;Uudet ominaisuudet: N\u00e4in hy\u00f6dynn\u00e4t mediapankkia entist\u00e4 tehokkaammin<\/strong>&#8220;<\/h2>\n\n\n\n<p class=\"has-text-align-center\">Webinaarin puhujana toimii sis\u00e4ll\u00f6nhallinnan ammattilaisemme \u00d8ystein Bekkevold. <strong>Webinaari j\u00e4rjestet\u00e4\u00e4n Teamsissa 26.11.2025 klo 14.00 (EET).<\/strong><\/p>\n\n\n\n<p class=\"has-text-align-center\"><\/p>\n\n\n<\/section>\n\n\n<p class=\"has-text-align-left\"><\/p>\n\n\n\n<div class=\"wp-block-columns is-layout-flex wp-container-core-columns-is-layout-9d6595d7 wp-block-columns-is-layout-flex\">\n<div class=\"wp-block-column is-layout-flow wp-block-column-is-layout-flow\"><div style=\"height: 5rem;\"><\/div>\n\n\n\n<script src=\"https:\/\/js.hsforms.net\/forms\/embed\/20093147.js\" defer><\/script>\n<div class=\"hs-form-frame\" data-region=\"na1\" data-form-id=\"5499c34c-7a76-4910-ab37-9c8576a5506f\" data-portal-id=\"20093147\"><\/div>\n<\/div>\n\n\n\n<div class=\"wp-block-column is-layout-flow wp-block-column-is-layout-flow\"><div style=\"height: 10rem;\"><\/div>\n\n\n\n<p><strong>Webinaarin j\u00e4lkeen osaat:<\/strong><\/p>\n\n\n\n<ul class=\"wp-block-list\">\n<li>Jakaa br\u00e4ndiaineistoja vaivattomasti kumppaneiden ja sidosryhmien kanssa uuden <strong>Brand Portalin<\/strong> avulla.<\/li>\n\n\n\n<li>Muokata ja r\u00e4\u00e4t\u00e4l\u00f6id\u00e4 materiaaleja helposti <strong>Brand Studion<\/strong> ja <strong>videoeditorin<\/strong> avulla.<\/li>\n\n\n\n<li>L\u00f6yt\u00e4\u00e4 tiedostoja nopeammin <strong>metatietojen<\/strong> ja <strong>edistyneiden hakutoimintojen<\/strong> avulla.<\/li>\n\n\n\n<li>Saada kaikki hy\u00f6ty irti ImageBank X:st\u00e4 <strong>Shopify-integraation, AMIE AI Assistantin ja Support Portalin<\/strong> avulla.<\/li>\n<\/ul>\n<\/div>\n<\/div>\n\n\n<section \n    class=\"relative py-14\">\n            <div class=\"flex gap-6 justify-between flex-col md:flex-row bg-black text-white rounded-xl p-6 md:py-12 md:px-10\">\n        <div>\n            <h3 class=\"font-bold\">Tehokkaampi tapa jakaa br\u00e4ndimateriaalia &#8211; uusi Brand Portal mediapankissa<\/h3>\n                        <div class=\"flex\">\n                <span class=\"min-w-5 min-h-5 mr-2 mt-1\">\n                    <svg xmlns=\"http:\/\/www.w3.org\/2000\/svg\" fill=\"none\" viewBox=\"0 0 24 24\" stroke-width=\"1.5\" stroke=\"currentColor\" class=\"size-6\">\n  <path stroke-linecap=\"round\" stroke-linejoin=\"round\" d=\"m4.5 12.75 6 6 9-13.5\" \/>\n<\/svg>\n\n                <\/span>\n                <p class=\"m-0\">Tutustu uuteen Brand Portaliin etuk\u00e4teen blogistamme<\/p>\n            <\/div>\n                    <\/div>\n        <a href=\"https:\/\/imagebank.staging.mediasignal.dev\/fi\/blogit\/tehokkaampi-tapa-jakaa-brandimateriaalia-uusi-brand-portal-mediapankissa\/\" target=\"\"\n            class=\"flex font-bold self-center h-fit w-fit p-4 rounded-lg bg-gradient-to-r from-primary to-secondary transition ease-in-out hover:scale-105 duration-300\">\n            Lue lis\u00e4\u00e4\n        <\/a>\n    <\/div>\n    <\/section>\n\n\n\n<div style=\"height: 4rem;\"><\/div>\n\n\n<section id=\"Section\" class=\"content-wrap \">\n    \n\n<h2 class=\"wp-block-heading has-text-align-center\"><strong>Tilaa uutiskirjeemme s\u00e4hk\u00f6postiisi, niin pysyt ajan tasalla ImageBank X:n tapahtumista ja nappaat asiantuntijoidemme ajankohtaiset vinkit tehokkaaseen aineistonhallintaan.<\/strong><\/h2>\n\n\n<div style=\"height: 4rem;\"><\/div>\n\n\n\n<script src=\"https:\/\/js.hsforms.net\/forms\/embed\/20093147.js\" defer><\/script>\n<div class=\"hs-form-frame\" data-region=\"na1\" data-form-id=\"353e9ab2-48a9-4a72-8546-24a30662cfde\" data-portal-id=\"20093147\"><\/div>\n\n\n<\/section>","protected":false},"excerpt":{"rendered":"<p>Webinaarin j\u00e4lkeen osaat:<\/p>\n","protected":false},"author":3,"featured_media":11222,"parent":0,"menu_order":0,"comment_status":"closed","ping_status":"closed","template":"","meta":{"_acf_changed":false,"_improvement_type_select":"improve_an_existing","_thumb_yes_seoaic":false,"_frame_yes_seoaic":false,"seoaic_generate_description":"","seoaic_improve_instructions_prompt":"","seoaic_rollback_content_improvement":"","seoaic_idea_thumbnail_generator":"","thumbnail_generated":false,"thumbnail_generate_prompt":"","seoaic_article_description":"","footnotes":""},"class_list":["post-11044","page","type-page","status-publish","has-post-thumbnail","hentry"],"acf":[],"yoast_head":"<!-- This site is optimized with the Yoast SEO plugin v25.2 - https:\/\/yoast.com\/wordpress\/plugins\/seo\/ -->\n<title>ImageBank X:n uudet ominaisuudet I Webinaari I ImageBank X DAM<\/title>\n<meta name=\"description\" content=\"Liity mukaan webinaariin! ImageBank X -tiimin j\u00e4rjest\u00e4miss\u00e4 webinaareissa saat t\u00e4rkeit\u00e4 vinkkej\u00e4, joiden avulla voit tehostaa toimintaasi.\" \/>\n<meta name=\"robots\" content=\"index, follow, max-snippet:-1, max-image-preview:large, max-video-preview:-1\" \/>\n<link rel=\"canonical\" href=\"https:\/\/imagebank.staging.mediasignal.dev\/fi\/osallistu-webinaariin-uudet-ominaisuudet\/\" \/>\n<meta property=\"og:locale\" content=\"fi_FI\" \/>\n<meta property=\"og:type\" content=\"article\" \/>\n<meta property=\"og:title\" content=\"ImageBank X:n uudet ominaisuudet I Webinaari I ImageBank X DAM\" \/>\n<meta property=\"og:description\" content=\"Liity mukaan webinaariin! ImageBank X -tiimin j\u00e4rjest\u00e4miss\u00e4 webinaareissa saat t\u00e4rkeit\u00e4 vinkkej\u00e4, joiden avulla voit tehostaa toimintaasi.\" \/>\n<meta property=\"og:url\" content=\"https:\/\/imagebank.staging.mediasignal.dev\/fi\/osallistu-webinaariin-uudet-ominaisuudet\/\" \/>\n<meta property=\"og:site_name\" content=\"ImageBank X DAM\" \/>\n<meta property=\"article:modified_time\" content=\"2025-10-29T12:41:52+00:00\" \/>\n<meta property=\"og:image\" content=\"https:\/\/imagebank.staging.mediasignal.dev\/app\/uploads\/2025\/05\/pexels-divinetechygirl-1181248-scaled.jpg\" \/>\n\t<meta property=\"og:image:width\" content=\"2560\" \/>\n\t<meta property=\"og:image:height\" content=\"1709\" \/>\n\t<meta property=\"og:image:type\" content=\"image\/jpeg\" \/>\n<meta name=\"twitter:card\" content=\"summary_large_image\" \/>\n<meta name=\"twitter:label1\" content=\"Est. reading time\" \/>\n\t<meta name=\"twitter:data1\" content=\"1 minute\" \/>\n<script type=\"application\/ld+json\" class=\"yoast-schema-graph\">{\"@context\":\"https:\/\/schema.org\",\"@graph\":[{\"@type\":\"WebPage\",\"@id\":\"https:\/\/imagebank.staging.mediasignal.dev\/fi\/osallistu-webinaariin-uudet-ominaisuudet\/\",\"url\":\"https:\/\/imagebank.staging.mediasignal.dev\/fi\/osallistu-webinaariin-uudet-ominaisuudet\/\",\"name\":\"ImageBank X:n uudet ominaisuudet I Webinaari I ImageBank X DAM\",\"isPartOf\":{\"@id\":\"https:\/\/imagebank.staging.mediasignal.dev\/fi\/#website\"},\"primaryImageOfPage\":{\"@id\":\"https:\/\/imagebank.staging.mediasignal.dev\/fi\/osallistu-webinaariin-uudet-ominaisuudet\/#primaryimage\"},\"image\":{\"@id\":\"https:\/\/imagebank.staging.mediasignal.dev\/fi\/osallistu-webinaariin-uudet-ominaisuudet\/#primaryimage\"},\"thumbnailUrl\":\"https:\/\/imagebank.staging.mediasignal.dev\/wp-content\/uploads\/2025\/10\/WEBINAR-26112025-2.jpg\",\"datePublished\":\"2025-10-29T11:43:13+00:00\",\"dateModified\":\"2025-10-29T12:41:52+00:00\",\"description\":\"Liity mukaan webinaariin! ImageBank X -tiimin j\u00e4rjest\u00e4miss\u00e4 webinaareissa saat t\u00e4rkeit\u00e4 vinkkej\u00e4, joiden avulla voit tehostaa toimintaasi.\",\"breadcrumb\":{\"@id\":\"https:\/\/imagebank.staging.mediasignal.dev\/fi\/osallistu-webinaariin-uudet-ominaisuudet\/#breadcrumb\"},\"inLanguage\":\"fi\",\"potentialAction\":[{\"@type\":\"ReadAction\",\"target\":[\"https:\/\/imagebank.staging.mediasignal.dev\/fi\/osallistu-webinaariin-uudet-ominaisuudet\/\"]}]},{\"@type\":\"ImageObject\",\"inLanguage\":\"fi\",\"@id\":\"https:\/\/imagebank.staging.mediasignal.dev\/fi\/osallistu-webinaariin-uudet-ominaisuudet\/#primaryimage\",\"url\":\"https:\/\/imagebank.staging.mediasignal.dev\/wp-content\/uploads\/2025\/10\/WEBINAR-26112025-2.jpg\",\"contentUrl\":\"https:\/\/imagebank.staging.mediasignal.dev\/wp-content\/uploads\/2025\/10\/WEBINAR-26112025-2.jpg\",\"width\":1920,\"height\":1080},{\"@type\":\"BreadcrumbList\",\"@id\":\"https:\/\/imagebank.staging.mediasignal.dev\/fi\/osallistu-webinaariin-uudet-ominaisuudet\/#breadcrumb\",\"itemListElement\":[{\"@type\":\"ListItem\",\"position\":1,\"name\":\"Home\",\"item\":\"https:\/\/imagebank.staging.mediasignal.dev\/fi\/\"},{\"@type\":\"ListItem\",\"position\":2,\"name\":\"Osallistu webinaariin: Uudet ominaisuudet: N\u00e4in hy\u00f6dynn\u00e4t mediapankkia entist\u00e4 tehokkaammin\"}]},{\"@type\":\"WebSite\",\"@id\":\"https:\/\/imagebank.staging.mediasignal.dev\/fi\/#website\",\"url\":\"https:\/\/imagebank.staging.mediasignal.dev\/fi\/\",\"name\":\"ImageBank X\",\"description\":\"\",\"publisher\":{\"@id\":\"https:\/\/imagebank.staging.mediasignal.dev\/fi\/#organization\"},\"potentialAction\":[{\"@type\":\"SearchAction\",\"target\":{\"@type\":\"EntryPoint\",\"urlTemplate\":\"https:\/\/imagebank.staging.mediasignal.dev\/fi\/?s={search_term_string}\"},\"query-input\":{\"@type\":\"PropertyValueSpecification\",\"valueRequired\":true,\"valueName\":\"search_term_string\"}}],\"inLanguage\":\"fi\"},{\"@type\":\"Organization\",\"@id\":\"https:\/\/imagebank.staging.mediasignal.dev\/fi\/#organization\",\"name\":\"ImageBank X\",\"url\":\"https:\/\/imagebank.staging.mediasignal.dev\/fi\/\",\"logo\":{\"@type\":\"ImageObject\",\"inLanguage\":\"fi\",\"@id\":\"https:\/\/imagebank.staging.mediasignal.dev\/fi\/#\/schema\/logo\/image\/\",\"url\":\"https:\/\/imagebank.staging.mediasignal.dev\/app\/uploads\/2025\/03\/cropped-favicon.png\",\"contentUrl\":\"https:\/\/imagebank.staging.mediasignal.dev\/app\/uploads\/2025\/03\/cropped-favicon.png\",\"width\":512,\"height\":512,\"caption\":\"ImageBank X\"},\"image\":{\"@id\":\"https:\/\/imagebank.staging.mediasignal.dev\/fi\/#\/schema\/logo\/image\/\"},\"sameAs\":[\"https:\/\/linkedin.com\/imagebank-independent\"]}]}<\/script>\n<!-- \/ Yoast SEO plugin. -->","yoast_head_json":{"title":"ImageBank X:n uudet ominaisuudet I Webinaari I ImageBank X DAM","description":"Liity mukaan webinaariin! ImageBank X -tiimin j\u00e4rjest\u00e4miss\u00e4 webinaareissa saat t\u00e4rkeit\u00e4 vinkkej\u00e4, joiden avulla voit tehostaa toimintaasi.","robots":{"index":"index","follow":"follow","max-snippet":"max-snippet:-1","max-image-preview":"max-image-preview:large","max-video-preview":"max-video-preview:-1"},"canonical":"https:\/\/imagebank.staging.mediasignal.dev\/fi\/osallistu-webinaariin-uudet-ominaisuudet\/","og_locale":"fi_FI","og_type":"article","og_title":"ImageBank X:n uudet ominaisuudet I Webinaari I ImageBank X DAM","og_description":"Liity mukaan webinaariin! ImageBank X -tiimin j\u00e4rjest\u00e4miss\u00e4 webinaareissa saat t\u00e4rkeit\u00e4 vinkkej\u00e4, joiden avulla voit tehostaa toimintaasi.","og_url":"https:\/\/imagebank.staging.mediasignal.dev\/fi\/osallistu-webinaariin-uudet-ominaisuudet\/","og_site_name":"ImageBank X DAM","article_modified_time":"2025-10-29T12:41:52+00:00","og_image":[{"width":2560,"height":1709,"url":"https:\/\/imagebank.staging.mediasignal.dev\/app\/uploads\/2025\/05\/pexels-divinetechygirl-1181248-scaled.jpg","type":"image\/jpeg"}],"twitter_card":"summary_large_image","twitter_misc":{"Est. reading time":"1 minute"},"schema":{"@context":"https:\/\/schema.org","@graph":[{"@type":"WebPage","@id":"https:\/\/imagebank.staging.mediasignal.dev\/fi\/osallistu-webinaariin-uudet-ominaisuudet\/","url":"https:\/\/imagebank.staging.mediasignal.dev\/fi\/osallistu-webinaariin-uudet-ominaisuudet\/","name":"ImageBank X:n uudet ominaisuudet I Webinaari I ImageBank X DAM","isPartOf":{"@id":"https:\/\/imagebank.staging.mediasignal.dev\/fi\/#website"},"primaryImageOfPage":{"@id":"https:\/\/imagebank.staging.mediasignal.dev\/fi\/osallistu-webinaariin-uudet-ominaisuudet\/#primaryimage"},"image":{"@id":"https:\/\/imagebank.staging.mediasignal.dev\/fi\/osallistu-webinaariin-uudet-ominaisuudet\/#primaryimage"},"thumbnailUrl":"https:\/\/imagebank.staging.mediasignal.dev\/wp-content\/uploads\/2025\/10\/WEBINAR-26112025-2.jpg","datePublished":"2025-10-29T11:43:13+00:00","dateModified":"2025-10-29T12:41:52+00:00","description":"Liity mukaan webinaariin! ImageBank X -tiimin j\u00e4rjest\u00e4miss\u00e4 webinaareissa saat t\u00e4rkeit\u00e4 vinkkej\u00e4, joiden avulla voit tehostaa toimintaasi.","breadcrumb":{"@id":"https:\/\/imagebank.staging.mediasignal.dev\/fi\/osallistu-webinaariin-uudet-ominaisuudet\/#breadcrumb"},"inLanguage":"fi","potentialAction":[{"@type":"ReadAction","target":["https:\/\/imagebank.staging.mediasignal.dev\/fi\/osallistu-webinaariin-uudet-ominaisuudet\/"]}]},{"@type":"ImageObject","inLanguage":"fi","@id":"https:\/\/imagebank.staging.mediasignal.dev\/fi\/osallistu-webinaariin-uudet-ominaisuudet\/#primaryimage","url":"https:\/\/imagebank.staging.mediasignal.dev\/wp-content\/uploads\/2025\/10\/WEBINAR-26112025-2.jpg","contentUrl":"https:\/\/imagebank.staging.mediasignal.dev\/wp-content\/uploads\/2025\/10\/WEBINAR-26112025-2.jpg","width":1920,"height":1080},{"@type":"BreadcrumbList","@id":"https:\/\/imagebank.staging.mediasignal.dev\/fi\/osallistu-webinaariin-uudet-ominaisuudet\/#breadcrumb","itemListElement":[{"@type":"ListItem","position":1,"name":"Home","item":"https:\/\/imagebank.staging.mediasignal.dev\/fi\/"},{"@type":"ListItem","position":2,"name":"Osallistu webinaariin: Uudet ominaisuudet: N\u00e4in hy\u00f6dynn\u00e4t mediapankkia entist\u00e4 tehokkaammin"}]},{"@type":"WebSite","@id":"https:\/\/imagebank.staging.mediasignal.dev\/fi\/#website","url":"https:\/\/imagebank.staging.mediasignal.dev\/fi\/","name":"ImageBank X","description":"","publisher":{"@id":"https:\/\/imagebank.staging.mediasignal.dev\/fi\/#organization"},"potentialAction":[{"@type":"SearchAction","target":{"@type":"EntryPoint","urlTemplate":"https:\/\/imagebank.staging.mediasignal.dev\/fi\/?s={search_term_string}"},"query-input":{"@type":"PropertyValueSpecification","valueRequired":true,"valueName":"search_term_string"}}],"inLanguage":"fi"},{"@type":"Organization","@id":"https:\/\/imagebank.staging.mediasignal.dev\/fi\/#organization","name":"ImageBank X","url":"https:\/\/imagebank.staging.mediasignal.dev\/fi\/","logo":{"@type":"ImageObject","inLanguage":"fi","@id":"https:\/\/imagebank.staging.mediasignal.dev\/fi\/#\/schema\/logo\/image\/","url":"https:\/\/imagebank.staging.mediasignal.dev\/app\/uploads\/2025\/03\/cropped-favicon.png","contentUrl":"https:\/\/imagebank.staging.mediasignal.dev\/app\/uploads\/2025\/03\/cropped-favicon.png","width":512,"height":512,"caption":"ImageBank X"},"image":{"@id":"https:\/\/imagebank.staging.mediasignal.dev\/fi\/#\/schema\/logo\/image\/"},"sameAs":["https:\/\/linkedin.com\/imagebank-independent"]}]}},"_links":{"self":[{"href":"https:\/\/imagebank.staging.mediasignal.dev\/fi\/wp-json\/wp\/v2\/pages\/11044","targetHints":{"allow":["GET"]}}],"collection":[{"href":"https:\/\/imagebank.staging.mediasignal.dev\/fi\/wp-json\/wp\/v2\/pages"}],"about":[{"href":"https:\/\/imagebank.staging.mediasignal.dev\/fi\/wp-json\/wp\/v2\/types\/page"}],"author":[{"embeddable":true,"href":"https:\/\/imagebank.staging.mediasignal.dev\/fi\/wp-json\/wp\/v2\/users\/3"}],"replies":[{"embeddable":true,"href":"https:\/\/imagebank.staging.mediasignal.dev\/fi\/wp-json\/wp\/v2\/comments?post=11044"}],"version-history":[{"count":3,"href":"https:\/\/imagebank.staging.mediasignal.dev\/fi\/wp-json\/wp\/v2\/pages\/11044\/revisions"}],"predecessor-version":[{"id":11049,"href":"https:\/\/imagebank.staging.mediasignal.dev\/fi\/wp-json\/wp\/v2\/pages\/11044\/revisions\/11049"}],"wp:featuredmedia":[{"embeddable":true,"href":"https:\/\/imagebank.staging.mediasignal.dev\/fi\/wp-json\/wp\/v2\/media\/11222"}],"wp:attachment":[{"href":"https:\/\/imagebank.staging.mediasignal.dev\/fi\/wp-json\/wp\/v2\/media?parent=11044"}],"curies":[{"name":"wp","href":"https:\/\/api.w.org\/{rel}","templated":true}]}}